{"id":303,"date":"2016-05-03T20:16:23","date_gmt":"2016-05-03T20:16:23","guid":{"rendered":"http:\/\/moverdb.com\/?page_id=303"},"modified":"2026-01-08T13:18:30","modified_gmt":"2026-01-08T13:18:30","slug":"harrow-green","status":"publish","type":"page","link":"https:\/\/moverdb.com\/ro\/harrow-green\/","title":{"rendered":"Harrow Green International Moving &amp; Removals Recenzii"},"content":{"rendered":"<p>Harrow Green este specializat\u0103 \u00een principal \u00een mut\u0103ri de afaceri, at\u00e2t pe plan intern, c\u00e2t \u0219i interna\u021bional. Mai jos sunt prezentate serviciile lor de baz\u0103, \u00eempreun\u0103 cu recenzii despre companie.<\/p>\n<h2>Harrow Green Servicii de mutare<\/h2>\n<p><strong>Mutarea interna\u021bional\u0103<\/strong><\/p>\n<ul>\n<li> Servicii de ambalare<\/li>\n<li> Transport<\/li>\n<li> Servicii de depozitare<\/li>\n<li> Pachet destina\u021bie<\/li>\n<li> Asigurare<\/li>\n<li> Servicii de destina\u021bie, cum ar fi serviciile de lucru manual, c\u0103utarea unei case \u0219i mutarea animalelor de companie<\/li>\n<\/ul>\n<p><strong>Muta\u021bii de afaceri<\/strong><\/p>\n<ul>\n<li> Planificarea spa\u021biului<\/li>\n<li> Furnizare de mobilier nou<\/li>\n<li> Demontarea \u0219i reasamblarea mobilierului existent<\/li>\n<li> Eliminarea ecologic\u0103 a echipamentelor nedorite<\/li>\n<li> Programe de reciclare \u0219i reutilizare<\/li>\n<li> Solu\u021bii de depozitare off-site<\/li>\n<li> \u00cenchiriere lad\u0103<\/li>\n<\/ul>\n<p><strong>Relocarea tehnologiei<\/strong><\/p>\n<ul>\n<li> Serviciul de baz\u0103 include PC-uri, sta\u021bii de lucru \u0219i toate perifericele (cum ar fi imprimantele \u0219i scannerele), precum \u0219i echipamente de voce \u0219i date de birou.<\/li>\n<li> Audit detaliat \u00eenainte de mutare<\/li>\n<li> Actualiz\u0103ri de sistem<\/li>\n<\/ul>\n<p><strong>Reciclare \u0219i reutilizare<\/strong><\/p>\n<ul>\n<li> Dona\u021bie caritabil\u0103<\/li>\n<li> Rev\u00e2nzare<\/li>\n<li> Reabilitare<\/li>\n<li> Reciclare<\/li>\n<li> Birou Clearance<\/li>\n<\/ul>\n<p><strong>Servicii de depozitare<\/strong><\/p>\n<ul>\n<li> Depozitarea mobilei<\/li>\n<li> Controlul \u0219i gestionarea stocurilor<\/li>\n<li> Patrimoniu \u0219i depozitare specializat\u0103<\/li>\n<\/ul>\n<p><strong>Managementul \u00eenregistr\u0103rilor<\/strong><\/p>\n<ul>\n<li> Stocarea documentelor<\/li>\n<li> Urm\u0103rirea online a documentelor<\/li>\n<li> Scanare la cerere<\/li>\n<li> Securitatea depozit\u0103rii documentelor<\/li>\n<li> Securitatea patrimoniului<\/li>\n<li> Stocarea \u00een cloud<\/li>\n<li> Stocarea pe band\u0103<\/li>\n<li> Birou acas\u0103 \u0219i personal<\/li>\n<\/ul>\n<h2>Profilul companiei Harrow Green<\/h2>\n<p>Harrow Green are trei decenii de experien\u021b\u0103 \u00een relocarea afacerilor \u0219i \u0219i-a extins serviciile de-a lungul anilor pentru a satisface nevoile clien\u021bilor \u0219i ale organiza\u021biilor lor \u00een cre\u0219tere. <\/p>\n<p>Ei se descriu ca fiind num\u0103rul unu \u00een materie de transport comercial. Harrow Green este un partener de furnizare de servicii complet integrat al UBS de 20 de ani.<\/p>\n<p>Afacerea a \u00eenceput \u00een anii 1980, gestion\u00e2nd mut\u0103ri IT, ad\u0103ug\u00e2nd o divizie de gestionare a documentelor \u0219i mut\u0103ri interna\u021bionale \u00een anii 1990. Harrow Green se concentreaz\u0103 \u00een primul r\u00e2nd pe mut\u0103rile de afaceri, \u00een special organiza\u021bii corporative, publice \u0219i IMM-uri. <\/p>\n<p>Cu toate acestea, ofer\u0103 servicii personale limitate. <\/p>\n<p>Harrow Green face parte din Restore plc din februarie 2012, o afacere care \u00ee\u0219i propune s\u0103 fie un lider de pia\u021b\u0103. <a href=\"https:\/\/moverdb.com\/ro\/moving-to-the-uk\/\" data-internallinksmanager029f6b8e52c=\"93\" title=\"V\u0103 muta\u021bi \u00een Regatul Unit? 2026 Costurile vie\u021bii \u0219i sfaturi de relocare\">MAREA BRITANIE<\/a> grupul de servicii de birou. Restore plc este o companie de servicii de asisten\u021b\u0103 cotat\u0103 la AIM, care a intrat la burs\u0103 \u00een 2004.<\/p>\n<p><strong>Premii<\/strong><\/p>\n<ul>\n<li> Finalist al premiilor PFM Partnership Awards<\/li>\n<li> Transportatorul comercial al anului 2014<\/li>\n<li> Premiul pentru cea mai bun\u0103 inova\u021bie \u00een domeniul serviciilor FM<\/li>\n<li> Premiul BIFM pentru cel mai bun sus\u021bin\u0103tor corporativ<\/li>\n<li> Numit ca fiind \"de urm\u0103rit\" de c\u0103tre Best Companies<\/li>\n<li> Preselec\u021bionat pentru un premiu EMMA \u00een cadrul <a href=\"https:\/\/moverdb.com\/ro\/moving-companies\/\" data-internallinksmanager029f6b8e52c=\"79\" title=\"Top 25 Companii interna\u021bionale de mutare online\">Companie interna\u021bional\u0103 de mutare<\/a> a anului<\/li>\n<li> Finalist \u00een categoria \"Learning and Career Development\" a Premiilor BIFM 2015<\/li>\n<li> Finalist East London Chamber of Commerce\/Docklands Business Awards<\/li>\n<li> Furnizorul UBS al anului<\/li>\n<li> Finali\u0219ti pentru excelen\u021b\u0103 \u00een servicii pentru clien\u021bi la <a href=\"\" data-internallinksmanager029f6b8e52c=\"34\" title=\"Birmingham\">Birmingham<\/a> Premiile Camerei de Comer\u021b pentru afaceri.<\/li>\n<\/ul>\n<p><strong>Calitatea de membru \u0219i certificatele<\/strong> <\/p>\n<ul>\n<li> Standardul de excelen\u021b\u0103 \u00een servicii pentru clien\u021bi SGS<\/li>\n<li> Certificat BS 8522<\/li>\n<li> Sisteme de management al calit\u0103\u021bii ISO 9001 - Cert FS 34113<\/li>\n<li> <a href=\"https:\/\/moverdb.com\/ro\/fidi-faim\/\">Certificat FIDI FAIMPlus<\/a><\/li>\n<li> Aprobat de JAUPT pentru a oferi formare<\/li>\n<li> Certificat Achilles\/UVDB (categoria B2)<\/li>\n<li> Certificat\u0103 ca fiind conform\u0103 cu schema de conformitate a sectorului contractorilor \u00een condi\u021bii de siguran\u021b\u0103<\/li>\n<li> Certificat\u0103 ca fiind conform\u0103 cu schema de conformitate a sectorului CHAS<\/li>\n<li> Certificat\u0103 ca fiind conform\u0103 cu schema de conformitate a sectorului de linie de construc\u021bii<\/li>\n<li> Membru corporativ al Institutului Britanic de Facilities Management<\/li>\n<li> O'Neil Partener strategic pentru sisteme de management al documentelor<\/li>\n<li> Membru al <a href=\"https:\/\/moverdb.com\/ro\/asociatia-britanica-a-demolatorilor\/\">BAR, Asocia\u021bia Britanic\u0103 a Transportatorilor<\/a><\/li>\n<li> <a href=\"https:\/\/moverdb.com\/ro\/bar-overseas\/\">Grupul BAR Overseas<\/a><\/li>\n<li> <a href=\"https:\/\/moverdb.com\/ro\/fidi-faim\/\">Membru al FIDI<\/a>, organiza\u021bia care \u00eei reprezint\u0103 pe cei care se deplaseaz\u0103 la nivel mondial<\/li>\n<li> Membru al RoSPA - Societatea Regal\u0103 pentru Prevenirea Accidentelor (The Royal Society for the Prevention of Accidents)<\/li>\n<li> <a href=\"https:\/\/moverdb.com\/ro\/sunt\/\">Membru al IAM - Asocia\u021bia Interna\u021bional\u0103 a Transportatorilor<\/a><\/li>\n<li> Membru \u0219i agent autorizat al The <a href=\"https:\/\/moverdb.com\/ro\/british-association-of-removers\/\" data-internallinksmanager029f6b8e52c=\"9\" title=\"Asocia\u021bia Britanic\u0103 a Transportatorilor (BAR) Explica\u021bii\">Asocia\u021bia Britanic\u0103 a Transportatorilor<\/a> DBA the <a href=\"https:\/\/moverdb.com\/ro\/mtc\/\">Clubul de tranzac\u021bionare Movers<\/a> (<a href=\"https:\/\/moverdb.com\/ro\/mtc\/\" data-internallinksmanager029f6b8e52c=\"30\" title=\"Explica\u021bii despre Movers Trading Club (MTC)\">MTC<\/a>)<\/li>\n<\/ul>\n<h2>Recenzii Harrow Green Removals<\/h2>\n<div itemprop=\"review\" itemscope itemtype=\"http:\/\/schema.org\/Review\">\n<span itemprop=\"author\" itemscope=\"\" itemtype=\"http:\/\/schema.org\/Organization\"><span itemprop=\"name\">MoverDB.com<\/span><\/span> Revizuirea online a site-ului pentru <span itemprop=\"itemreviewed\" itemscope=\"\" itemtype=\"http:\/\/schema.org\/Brand\"><span itemprop=\"name\">Harrow Green<\/span><\/span>:<\/p>\n<ol>\n<li> Detalii de contact clare pe site-ul web (inclusiv num\u0103rul de telefon)? <strong>Da<\/strong><\/li>\n<li> U\u0219or de ob\u021binut <a href=\"https:\/\/moverdb.com\/ro\/citate\/\">citate de mut\u0103ri interna\u021bionale<\/a>? (Formular de solicitare a unui deviz online): <strong>Par\u021bial<\/strong>, exist\u0103 un formular de e-mail, dar nu \u0219i un formular de ofert\u0103 propriu-zis.<\/li>\n<li> Informa\u021bii clare pe site-ul web: <strong>Da<\/strong>, Site-ul web este bine structurat \u0219i u\u0219or de \u00een\u021beles \u0219i de utilizat. Tot ceea ce lipse\u0219te este stabilirea pre\u021burilor\/formularul de ofert\u0103.<\/li>\n<li> Apartenen\u021ba la organiza\u021bii interna\u021bionale recunoscute \u00een domeniul mut\u0103rii: <strong>Da<\/strong><\/li>\n<li> Lista de clien\u021bi \u0219i\/sau m\u0103rturii ale clien\u021bilor anteriori: <strong>Da<\/strong><\/li>\n<\/ol>\n<div itemprop=\"reviewRating\" itemscope itemtype=\"http:\/\/schema.org\/Rating\"><meta itemprop=\"worstRating\" content = \"0\" \/><meta itemprop=\"bestRating\" content=\"5\" \/><meta itemprop=\"ratingValue\" content=\"4.5\"><\/div>\n<p><strong>Scor general: 4.5\/5<\/strong><br \/>\n<strong>Data revizuirii:<\/strong> <span itemprop=\"datePublished\" content=\"2018-01-15\">15\/01\/2018<\/span>\n<\/div>\n<p>Mai multe despre <a href=\"https:\/\/moverdb.com\/ro\/mutari-internationale\/\">Companii de mut\u0103ri din Marea Britanie<\/a> \u0219i a noastr\u0103 <a href=\"https:\/\/moverdb.com\/ro\/comentarii\/\">procesul de revizuire explicat<\/a>.<\/p>\n<p><strong>Site web:<\/strong> <a href=\"https:\/\/www.harrowgreeninternational.com\/\" target=\"_blank\" rel=\"noopener noreferrer\">https:\/\/www.harrowgreeninternational.com\/<\/a><\/p>","protected":false},"excerpt":{"rendered":"<p>Harrow Green specialise primarily in business removals, both domestic and international. Below are their core services along with reviews about the company. Harrow Green Removals Services International moving Packing services Transportation Storage services Destination package Insurance Destination services, such as handyman, home search and pet relocation Business removals Space planning New furniture supply Dismantling and [&hellip;]<\/p>\n","protected":false},"author":1,"featured_media":0,"parent":0,"menu_order":0,"comment_status":"closed","ping_status":"closed","template":"","meta":{"_genesis_hide_title":false,"_genesis_hide_breadcrumbs":false,"_genesis_hide_singular_image":false,"_genesis_hide_footer_widgets":false,"_genesis_custom_body_class":"","_genesis_custom_post_class":"","_genesis_layout":"","footnotes":""},"class_list":{"0":"post-303","1":"page","2":"type-page","3":"status-publish","5":"entry"},"_links":{"self":[{"href":"https:\/\/moverdb.com\/ro\/wp-json\/wp\/v2\/pages\/303","targetHints":{"allow":["GET"]}}],"collection":[{"href":"https:\/\/moverdb.com\/ro\/wp-json\/wp\/v2\/pages"}],"about":[{"href":"https:\/\/moverdb.com\/ro\/wp-json\/wp\/v2\/types\/page"}],"author":[{"embeddable":true,"href":"https:\/\/moverdb.com\/ro\/wp-json\/wp\/v2\/users\/1"}],"replies":[{"embeddable":true,"href":"https:\/\/moverdb.com\/ro\/wp-json\/wp\/v2\/comments?post=303"}],"version-history":[{"count":13,"href":"https:\/\/moverdb.com\/ro\/wp-json\/wp\/v2\/pages\/303\/revisions"}],"predecessor-version":[{"id":3300,"href":"https:\/\/moverdb.com\/ro\/wp-json\/wp\/v2\/pages\/303\/revisions\/3300"}],"wp:attachment":[{"href":"https:\/\/moverdb.com\/ro\/wp-json\/wp\/v2\/media?parent=303"}],"curies":[{"name":"wp","href":"https:\/\/api.w.org\/{rel}","templated":true}]}}