{"id":2804,"date":"2018-05-18T20:05:25","date_gmt":"2018-05-18T20:05:25","guid":{"rendered":"https:\/\/moverdb.com\/?page_id=2804"},"modified":"2026-01-08T14:48:10","modified_gmt":"2026-01-08T14:48:10","slug":"politica-de-procesare-a-datelor","status":"publish","type":"page","link":"https:\/\/moverdb.com\/ro\/data-processing-policy\/","title":{"rendered":"Politica de prelucrare a datelor"},"content":{"rendered":"<p>Aceast\u0103 Politic\u0103 de prelucrare a datelor explic\u0103 \u00eentr-o englez\u0103 simpl\u0103 modul \u00een care MoverDB.com proceseaz\u0103 datele, astfel \u00eenc\u00e2t s\u0103 pute\u021bi alege \u00een cuno\u0219tin\u021b\u0103 de cauz\u0103 dac\u0103 dori\u021bi sau nu s\u0103 utiliza\u021bi serviciile noastre. Am creat-o ca r\u0103spuns la GDPR. Este o completare \u00een limba englez\u0103 simpl\u0103, detaliat\u0103, la pagina noastr\u0103 de <a href=\"https:\/\/moverdb.com\/ro\/politica-de-confidentialitate\/\">Politica de confiden\u021bialitate<\/a> \u0219i <a href=\"https:\/\/moverdb.com\/ro\/conditii-de-utilizare\/\">Termeni \u0219i condi\u021bii<\/a>.<\/p>\n<p>MoverDB.com este un site gratuit \u0219i nu exist\u0103 nicio obliga\u021bie de a v\u0103 \u00eenregistra \u0219i\/sau de a introduce detalii personale pentru a-l utiliza. Toate informa\u021biile sunt oferite gratuit pentru a fi accesate de oricine.<\/p>\n<p>Cu toate acestea, colect\u0103m \u0219i prelucr\u0103m \u00een mod activ \u0219i pasiv date despre care consider\u0103m c\u0103 ar trebui s\u0103 fi\u021bi la curent. Toate paginile \u0219i datele de pe site-ul web sunt trimise utiliz\u00e2nd tehnologia SSL securizat\u0103.<\/p>\n<p>Toate activit\u0103\u021bile noastre active de procesare a datelor (a se vedea mai jos) sunt efectuate pe o <strong>baza consim\u021b\u0103m\u00e2ntului<\/strong> \u0219i activit\u0103\u021bile noastre pasive de prelucrare a datelor (a se vedea mai jos) sunt efectuate pe o <strong>baza interesului legitim<\/strong>. <\/p>\n<p>MoverDB.com proceseaz\u0103 mai multe tipuri de date \u00een mai multe scopuri diferite, folosind mai mul\u021bi parteneri \u0219i platforme ter\u021be.<\/p>\n<p><strong>Activit\u0103\u021bi active de prelucrare a datelor <\/strong><\/p>\n<p>Principala noastr\u0103 activitate de procesare a datelor este de a ajuta oamenii s\u0103 ob\u021bin\u0103 oferte de pre\u021b pentru a se muta la nivel interna\u021bional prin intermediul unui serviciu de oferte de pre\u021b gratuit, f\u0103r\u0103 obliga\u021bii. Acesta este destinat s\u0103 fie utilizat de persoane fizice at\u00e2t \u00een interiorul, c\u00e2t \u0219i \u00een afara UE.<\/p>\n<p>V\u0103 rug\u0103m s\u0103 re\u021bine\u021bi, de asemenea, c\u0103 MoverDB.com nu ofer\u0103 ea \u00eens\u0103\u0219i cota\u021bii, ci a \u00eencheiat un parteneriat cu <a href=\"https:\/\/moverdb.com\/ro\/international-removals\/\" data-internallinksmanager029f6b8e52c=\"27\" title=\"36 Cele mai bune companii de mut\u0103ri interna\u021bionale din Marea Britanie\">Muta\u021bii interna\u021bionale<\/a> Direct, TriGlobal B.V. \u0219i MyMovingLoads pentru a furniza ofertele. Fiecare dintre acestea lucreaz\u0103, la r\u00e2ndul s\u0103u, direct cu propriul set de <a href=\"https:\/\/moverdb.com\/ro\/moving-companies\/\" data-internallinksmanager029f6b8e52c=\"79\" title=\"Top 25 Companii interna\u021bionale de mutare online\">companii de mutare<\/a>. <\/p>\n<p>Prin urmare, ac\u021bion\u0103m at\u00e2t \u00een calitate de controlor de date (deoarece noi le trimitem datele), c\u00e2t \u0219i \u00een calitate de operator de date (deoarece ei ne informeaz\u0103 despre datele de care au nevoie \u0219i decid cum s\u0103 le prelucreze). Toate datele pe care le colect\u0103m \u00een numele lor (lor) sunt necesare pentru a ajuta la filtrarea furnizorilor care ar putea fi potrivi\u021bi pentru dumneavoastr\u0103. Dac\u0103 prefera\u021bi s\u0103 nu \u00eemp\u0103rt\u0103\u0219i\u021bi anumite informa\u021bii, sunte\u021bi liber s\u0103 face\u021bi acest lucru \u0219i pute\u021bi g\u0103si \u00een continuare genericul <a href=\"https:\/\/moverdb.com\/ro\/transport-maritim-de-containere\/\">informa\u021bii despre pre\u021buri aici<\/a>.<\/p>\n<p>Compania cu care v\u0103 ocupa\u021bi de modul \u00een care sunt prelucrate datele dumneavoastr\u0103 va depinde at\u00e2t de forma pe care o utiliza\u021bi, c\u00e2t \u0219i de locul de unde v\u0103 muta\u021bi.  <\/p>\n<p><strong>Formularul principal (\u00een partea de sus a paginii)<\/strong><\/p>\n<p>Formularul nostru principal arat\u0103 astfel:<\/p>\n<p><img loading=\"lazy\" decoding=\"async\" width=\"833\" height=\"365\" src=\"https:\/\/moverdb.com\/wp-content\/uploads\/Top-page-form.png\" alt=\"\" class=\"aligncenter size-full wp-image-3236\" srcset=\"https:\/\/moverdb.com\/wp-content\/uploads\/Top-page-form.png 833w, https:\/\/moverdb.com\/wp-content\/uploads\/Top-page-form-300x131.png 300w\" sizes=\"auto, (max-width: 833px) 100vw, 833px\" \/><\/p>\n<p>Noi \u00een\u0219ine colect\u0103m datele din acest formular \u0219i apoi decidem unde sunt trimise.  <\/p>\n<p>Iat\u0103 care sunt datele colectate \u0219i care este motivul pentru care sunt colectate:<\/p>\n<ul>\n<li> Unde v\u0103 muta\u021bi: Acest lucru ajut\u0103 la ob\u021binerea unor oferte exacte \u0219i filtreaz\u0103 poten\u021bialele companii de mutare.<\/li>\n<li> Adresa actual\u0103\/Codul po\u0219tal\/Codul po\u0219tal\/ora\u0219ul po\u0219tal\/localitatea\/\u021bara: Acest lucru ajut\u0103 la ob\u021binerea unor oferte exacte \u0219i filtreaz\u0103 poten\u021bialele companii de mutare.<\/li>\n<li> \u00cen ce ora\u0219 v\u0103 muta\u021bi: Acest lucru ajut\u0103 la ob\u021binerea unor oferte exacte \u0219i filtreaz\u0103 poten\u021bialele companii de mutare.<\/li>\n<li> Dimensiunea estimat\u0103 a mut\u0103rii: Acest lucru ajut\u0103 la ob\u021binerea unor oferte exacte \u0219i filtreaz\u0103 poten\u021bialele companii de mutare.<\/li>\n<li> Articolele care urmeaz\u0103 s\u0103 fie expediate: Acest lucru ajut\u0103 la ob\u021binerea unor cota\u021bii exacte, filtreaz\u0103 poten\u021bialele companii de mutare \u0219i v\u0103 asigur\u0103 c\u0103 nu \u00eencerca\u021bi s\u0103 transporta\u021bi nimic ilegal.<\/li>\n<li> Data estimat\u0103 a mut\u0103rii: Acest lucru ajut\u0103 la ob\u021binerea unor cota\u021bii exacte, de asemenea, trebuie s\u0103 \u0219ti\u021bi c\u0103 majoritatea companiilor nu pot oferi cota\u021bii pentru mut\u0103ri cu mai mult de 3 luni \u00eenainte.<\/li>\n<li> Numele dumneavoastr\u0103: Pentru ca firmele s\u0103 \u0219tie cu cine au de-a face.<\/li>\n<li> Adresa dumneavoastr\u0103 de e-mail: Unde pot fi trimise oferte de pre\u021b \u0219i o modalitate de a v\u0103 contacta \u00een leg\u0103tur\u0103 cu cererea dumneavoastr\u0103.<\/li>\n<li> Num\u0103rul dumneavoastr\u0103 de telefon: Este necesar pentru ca societ\u0103\u021bile s\u0103 v\u0103 poat\u0103 contacta \u00een leg\u0103tur\u0103 cu oferta dumneavoastr\u0103.<\/li>\n<\/ul>\n<p>Dup\u0103 ce toate datele sunt introduse \u0219i trimite\u021bi formularul, vor avea loc urm\u0103toarele ac\u021biuni:<\/p>\n<ul>\n<li> Ve\u021bi vedea mesajul nostru de mul\u021bumire, care include \u0219i o unealt\u0103 de la <a href=\"https:\/\/moverdb.com\/ro\/international-money-transfer-services\/currencies-direct-review\/\" data-internallinksmanager029f6b8e52c=\"237\" title=\"Currencies Direct International Money Transfer Review 2026\">Monedele directe<\/a> care v\u0103 poate ajuta s\u0103 v\u0103 da\u021bi seama cum s\u0103 schimba\u021bi moneda str\u0103in\u0103.<\/li>\n<li> Datele din formular sunt apoi trimise prin intermediul unui webhook SSL securizat c\u0103tre Zapier.com, care ajut\u0103 la <a href=\"https:\/\/moverdb.com\/ro\/moving-to-the-united-states\/\" data-internallinksmanager029f6b8e52c=\"94\" title=\"V\u0103 muta\u021bi \u00een Statele Unite? 2026 Costurile vie\u021bii \u0219i sfaturi de relocare\">us<\/a> pentru a procesa datele prin intermediul a ceea ce ei numesc Zap.<\/li>\n<li> Odat\u0103 ce datele sunt primite de c\u0103tre Zapier.com, Zap filtreaz\u0103 toate datele colectate fie c\u0103tre International Removals Direct (mutarea de la <a href=\"https:\/\/moverdb.com\/ro\/moving-to-the-uk\/\" data-internallinksmanager029f6b8e52c=\"93\" title=\"V\u0103 muta\u021bi \u00een Regatul Unit? 2026 Costurile vie\u021bii \u0219i sfaturi de relocare\">MAREA BRITANIE<\/a>) sau TriGlobal B.V. (care se deplaseaz\u0103 din orice alt\u0103 parte a lumii) prin intermediul unui webhook SSL securizat. Ace\u0219tia v\u0103 vor verifica datele, apoi vor trimite cererea dvs. la p\u00e2n\u0103 la 6 companii de mut\u0103ri relevante care, la r\u00e2ndul lor, v\u0103 pot contacta prin telefon \u0219i\/sau e-mail. Nu sunte\u021bi obligat s\u0103 achizi\u021biona\u021bi nimic \u0219i pute\u021bi s\u0103 le informa\u021bi c\u0103 nu dori\u021bi s\u0103 continua\u021bi. \u00cen plus, pute\u021bi, de asemenea, s\u0103 ne cere\u021bi s\u0103 v\u0103 anul\u0103m cererea prin intermediul site-ului nostru <a href=\"https:\/\/moverdb.com\/ro\/contact-us\/\">formular de contact<\/a>.<\/li>\n<li> Dup\u0103 ce datele sunt trimise, Zap va trimite adresa de e-mail introdus\u0103 \u00een formular c\u0103tre Mailchimp prin intermediul unei integr\u0103ri Zapier. Aceasta va declan\u0219a apoi un e-mail automat care confirm\u0103 cererea \u0219i explic\u0103 din nou la ce s\u0103 v\u0103 a\u0219tepta\u021bi. Apoi va trimite 1 e-mail de urm\u0103rire la aproximativ 5 zile de la solicitare, oferindu-v\u0103 mai multe informa\u021bii despre mutarea banilor \u00een str\u0103in\u0103tate \u00eempreun\u0103 cu bunurile dumneavoastr\u0103. Acest lucru este trimis deoarece am constatat c\u0103 mul\u021bi oameni sunt confuzi cu privire la diferitele op\u021biuni pe care le au atunci c\u00e2nd vine vorba de trimiterea de bani \u00een str\u0103in\u0103tate. V\u0103 pute\u021bi dezabona cu u\u0219urin\u021b\u0103 de la toate e-mailurile, f\u0103c\u00e2nd clic pe linkul de dezabonare din partea de sus sau de jos a fiec\u0103rui e-mail, care va anula toate e-mailurile viitoare. De asemenea, \u0219tergem \u00een mod obi\u0219nuit e-mailurile cel pu\u021bin o dat\u0103 pe an.<\/li>\n<li> \u00cen aceast\u0103 etap\u0103, Zap este finalizat, iar Zapier va \u0219terge automat toate datele \u00een termen de 90 de zile. Acest lucru ne ofer\u0103 timp pentru a ne ajuta s\u0103 rezolv\u0103m orice problem\u0103, dar \u00eenseamn\u0103 c\u0103 datele nu sunt stocate mai mult dec\u00e2t este necesar.<\/li>\n<li> Vom p\u0103stra adresa dvs. de e-mail (\u0219i nimic altceva) p\u00e2n\u0103 la 1 an prin Mailchimp.<\/li>\n<li> International Removals Direct \u0219i TriGlobal B.V. vor p\u0103stra informa\u021biile at\u00e2ta timp c\u00e2t politicile lor interne o justific\u0103. Dac\u0103 ave\u021bi preocup\u0103ri cu privire la datele pe care le pot de\u021bine, v\u0103 rug\u0103m s\u0103 ne contacta\u021bi \u0219i vom face tot posibilul s\u0103 v\u0103 ajut\u0103m.<\/li>\n<\/ul>\n<p><strong>Formular secundar #1 (mijlocul paginii)<\/strong><\/p>\n<p>Forma noastr\u0103 secundar\u0103 #1 arat\u0103 astfel.<\/p>\n<p><img loading=\"lazy\" decoding=\"async\" width=\"907\" height=\"512\" src=\"https:\/\/moverdb.com\/wp-content\/uploads\/bottom-page-form.png\" alt=\"\" class=\"aligncenter size-full wp-image-3235\" srcset=\"https:\/\/moverdb.com\/wp-content\/uploads\/bottom-page-form.png 907w, https:\/\/moverdb.com\/wp-content\/uploads\/bottom-page-form-300x169.png 300w\" sizes=\"auto, (max-width: 907px) 100vw, 907px\" \/><\/p>\n<p>Acest formular este furnizat de MyMovingLoads \u0219i nu control\u0103m modul \u00een care este trimis sau procesat. <\/p>\n<p>Iat\u0103 datele pe care le colecteaz\u0103:<\/p>\n<ul>\n<li> \u021aara\/ora\u0219ul de origine \u0219i \u021bara \u0219i ora\u0219ul de livrare: Acest lucru ajut\u0103 la ob\u021binerea unor oferte exacte \u0219i filtreaz\u0103 poten\u021bialele companii de mutare.<\/li>\n<li> Data mut\u0103rii: Acest lucru ajut\u0103 la ob\u021binerea unor cota\u021bii exacte, de asemenea, trebuie s\u0103 \u0219ti\u021bi c\u0103 majoritatea companiilor nu pot oferi cota\u021bii pentru mut\u0103ri cu mai mult de 3 luni \u00eenainte.<\/li>\n<li> Selecta\u021bi dimensiunea casei: Acest lucru ajut\u0103 la ob\u021binerea unor cota\u021bii precise \u0219i filtreaz\u0103 poten\u021bialele companii de mutare.<<\/li>\n<li> Numele \u0219i prenumele: Pentru ca firmele s\u0103 \u0219tie cu cine au de-a face.<\/li>\n<li> Telefonul dumneavoastr\u0103: Este necesar pentru ca societ\u0103\u021bile s\u0103 v\u0103 poat\u0103 contacta \u00een leg\u0103tur\u0103 cu oferta dumneavoastr\u0103.<\/li>\n<li> Email-ul dumneavoastr\u0103: \u00cen cazul \u00een care pot fi trimise oferte de pre\u021b \u0219i o modalitate de a v\u0103 contacta \u00een leg\u0103tur\u0103 cu cererea dumneavoastr\u0103.<\/li>\n<\/ul>\n<p>Dup\u0103 ce toate datele sunt introduse \u0219i trimite\u021bi formularul, vor avea loc urm\u0103toarele ac\u021biuni:<\/p>\n<ul>\n<li> Ve\u021bi vedea un mesaj de mul\u021bumire.<\/li>\n<li> Datele vor fi trimise c\u0103tre MyMovingLoads, care le va prelucra \u00een conformitate cu termenii de serviciu pe care trebuie s\u0103 \u00eei accepta\u021bi atunci c\u00e2nd trimite\u021bi formularul.<\/li>\n<\/ul>\n<p><strong>Formular secundar #2 (partea de jos a paginii)<\/strong><\/p>\n<p>Forma noastr\u0103 secundar\u0103 #2 arat\u0103 astfel:<\/p>\n<p><img loading=\"lazy\" decoding=\"async\" src=\"https:\/\/moverdb.com\/wp-content\/uploads\/Triglobal-form.png\" alt=\"\" width=\"597\" height=\"795\" class=\"aligncenter size-full wp-image-3269\" srcset=\"https:\/\/moverdb.com\/wp-content\/uploads\/Triglobal-form.png 597w, https:\/\/moverdb.com\/wp-content\/uploads\/Triglobal-form-225x300.png 225w\" sizes=\"auto, (max-width: 597px) 100vw, 597px\" \/><\/p>\n<p>Acest formular este furnizat de TriGlobal B.V. \u0219i nu control\u0103m modul \u00een care este trimis sau procesat.<\/p>\n<p>Iat\u0103 datele pe care le colecteaz\u0103:<\/p>\n<ul>\n<li> Detalii referitoare la adresa actual\u0103 \u0219i la adresa de livrare (strada, codul po\u0219tal, ora\u0219ul \u0219i \u021bara): Acest lucru ajut\u0103 la ob\u021binerea unor oferte exacte \u0219i filtreaz\u0103 poten\u021bialele companii de mutare.<\/li>\n<li> M\u0103rime \u00een mi\u0219care: Ajut\u0103 la generarea unor cota\u021bii precise<\/li>\n<li> Data mut\u0103rii: Acest lucru ajut\u0103 la ob\u021binerea unor cota\u021bii exacte, de asemenea, trebuie s\u0103 \u0219ti\u021bi c\u0103 majoritatea companiilor nu pot oferi cota\u021bii pentru mut\u0103ri cu mai mult de 3 luni \u00eenainte.<\/li>\n<li> Volum estimat \u00een ft3 (op\u021bional): Ajut\u0103 la generarea unei oferte mai precise.<\/li>\n<li> Ambalare\/Asamblare (op\u021bional): Ajut\u0103 la ob\u021binerea unei oferte mai precise.<\/li>\n<li> Observa\u021bii (op\u021bional): Aici pute\u021bi ad\u0103uga cereri speciale, \u00eentreb\u0103ri etc.<\/li>\n<li> Tipul de mutare: Acest lucru ajut\u0103 la trimiterea ofertei dvs. c\u0103tre departamentul potrivit la companiile de mut\u0103ri.<\/li>\n<li> Prenume \u0219i nume de familie: Pentru ca firmele s\u0103 \u0219tie cu cine au de-a face.<\/li>\n<li> Telefon #1: Necesar pentru ca firmele s\u0103 v\u0103 poat\u0103 contacta \u00een leg\u0103tur\u0103 cu oferta dumneavoastr\u0103.<\/li>\n<li> Email: \u00cen cazul \u00een care pot fi trimise oferte de pre\u021b \u0219i o modalitate de a v\u0103 contacta \u00een leg\u0103tur\u0103 cu cererea dumneavoastr\u0103.<\/li>\n<\/ul>\n<p>Dup\u0103 ce toate datele sunt introduse \u0219i trimite\u021bi formularul, vor avea loc urm\u0103toarele ac\u021biuni:<\/p>\n<ul>\n<li> Ve\u021bi vedea un mesaj de mul\u021bumire.<\/li>\n<li> Datele vor fi trimise c\u0103tre TriGlobal B.V., care le va prelucra \u00een conformitate cu termenii de serviciu.<\/li>\n<\/ul>\n<p><strong>Activit\u0103\u021bi pasive de prelucrare a datelor <\/strong><\/p>\n<p>Utiliz\u0103m urm\u0103toarele instrumente ter\u021be pentru a ne ajuta s\u0103 administr\u0103m un site web utilizabil. Ace\u0219tia nu \u00eemp\u0103rt\u0103\u0219esc cu noi nicio informa\u021bie personal\u0103 despre dvs., dar pot totu\u0219i s\u0103 colecteze informa\u021bii despre dvs. \u0219i\/sau despre computerul dvs. care pot fi considerate informa\u021bii personale.<\/p>\n<p>Mai jos v\u0103 prezent\u0103m ce folosim pentru fiecare dintre ele \u0219i unde pute\u021bi afla mai multe despre modul \u00een care acestea pot colecta \u0219i utiliza datele cu caracter personal:<\/p>\n<p><strong>Google Analytics:<\/strong> Folosim aceste date pentru a urm\u0103ri modul \u00een care oamenii utilizeaz\u0103 site-ul nostru web \u00een ansamblu. Nu \u00eel folosim pentru a urm\u0103ri utilizatorii individuali. Iat\u0103 care sunt set\u0103rile cheie pe care le folosim \u00een prezent:<\/p>\n<ul>\n<li>Remarketing: OFF<\/li>\n<li>Caracteristicile de raportare a publicit\u0103\u021bii: OFF<\/li>\n<li>P\u0103strarea datelor despre utilizatori \u0219i evenimente: Seta\u021bi s\u0103 expire dup\u0103 14 luni (cea mai scurt\u0103 op\u021biune oferit\u0103)<\/li>\n<li>Resetare la o nou\u0103 activitate: ON<\/li>\n<li>ID utilizator: OFF<\/li>\n<li>Amendament acceptat de GDPR privind prelucrarea datelor<\/li>\n<\/ul>\n<p>Google ofer\u0103 \u00een prezent o op\u021biune de excludere din Analytics <a href=\"https:\/\/support.google.com\/analytics\/answer\/181881?hl=en\" rel=\"noopener\" target=\"_blank\">aici<\/a> sau pute\u021bi utiliza un instrument ter\u021b, cum ar fi <a href=\"https:\/\/www.ghostery.com\/\" rel=\"noopener\" target=\"_blank\">Ghostery<\/a>.<\/p>\n<p><strong>Facebook Social Graph:<\/strong> Acest lucru este folosit pentru a facilita partajarea con\u021binutului de pe site-ul nostru \u0219i de pe blogul nostru pe Facebook \u0219i pentru ca oamenii s\u0103 vad\u0103 c\u00e2t de des con\u021binutul a fost distrus. Nu o folosim pentru niciun fel de remarketing sau retargeting. Consulta\u021bi pagina de Facebook <a href=\"https:\/\/www.facebook.com\/help\/1701730696756992\/?helpref=hc_fnav\" rel=\"noopener\" target=\"_blank\">Pagina de date<\/a> pentru mai multe informa\u021bii despre modul \u00een care acestea utilizeaz\u0103 datele dumneavoastr\u0103.<\/p>\n<p><strong>Partajarea \u00een social media:<\/strong> \u00cen plus fa\u021b\u0103 de Facebook Social Graph, avem butoane de partajare G+, Twitter \u0219i LinkedIn pe site-ul nostru pentru a facilita partajarea con\u021binutului nostru pe aceste platforme. Pute\u021bi vedea <a href=\"https:\/\/policies.google.com\/privacy\" rel=\"noopener\" target=\"_blank\">Politica de confiden\u021bialitate G+ aici<\/a>, Twitter's <a href=\"https:\/\/twitter.com\/en\/privacy\" rel=\"noopener\" target=\"_blank\">Politica de confiden\u021bialitate<\/a> aici \u0219i <a href=\"https:\/\/www.linkedin.com\/legal\/privacy-policy\" rel=\"noopener\" target=\"_blank\">Politica de confiden\u021bialitate a LinkedIn aici<\/a>.<\/p>\n<p><strong>Link-uri externe \/ afiliate:<\/strong> Uneori urm\u0103rim linkurile externe fie prin intermediul Google Analytics \u0219i\/sau prin intermediul platformelor de urm\u0103rire ale ter\u021bilor afilia\u021bi. Orice fel de urm\u0103rire are loc numai dac\u0103 face\u021bi clic pe un link extern. \u00cen partea de jos a fiec\u0103rei pagini \u00een care se \u00eent\u00e2mpl\u0103 acest lucru, dezv\u0103luim ce linkuri sunt linkuri de afiliere, dar dac\u0103 v\u0103 \u00eengrijoreaz\u0103 acest lucru, cea mai simpl\u0103 op\u021biune este s\u0103 nu face\u021bi clic pe linkurile externe de pe site-ul nostru.<\/p>\n<p><strong>Webhosting:<\/strong> Folosim StudioPress Sites pentru a g\u0103zdui site-ul nostru web. La fel ca majoritatea companiilor de g\u0103zduire web, acestea p\u0103streaz\u0103 jurnalele site-ului web, de\u0219i noi nu avem acces direct la acestea. Pute\u021bi afla mai multe despre datele pe care le pot avea pe site-ul lor <a href=\"https:\/\/www.studiopress.com\/privacy-policy\/\" rel=\"noopener\" target=\"_blank\">politica de confiden\u021bialitate<\/a>.<\/p>","protected":false},"excerpt":{"rendered":"<p>This Data Processing Policy explains in plain English how MoverDB.com processes data so you can make an informed choice about whether or not you&#8217;d like to use our services. We&#8217;ve created it as a response to GDPR. It is a plain English, detailed, addition to our Privacy Policy and Terms and Conditions. MoverDB.com is a [&hellip;]<\/p>\n","protected":false},"author":1,"featured_media":0,"parent":0,"menu_order":0,"comment_status":"closed","ping_status":"closed","template":"","meta":{"_genesis_hide_title":false,"_genesis_hide_breadcrumbs":false,"_genesis_hide_singular_image":false,"_genesis_hide_footer_widgets":false,"_genesis_custom_body_class":"","_genesis_custom_post_class":"","_genesis_layout":"","footnotes":""},"class_list":{"0":"post-2804","1":"page","2":"type-page","3":"status-publish","5":"entry","6":"has-post-thumbnail"},"_links":{"self":[{"href":"https:\/\/moverdb.com\/ro\/wp-json\/wp\/v2\/pages\/2804","targetHints":{"allow":["GET"]}}],"collection":[{"href":"https:\/\/moverdb.com\/ro\/wp-json\/wp\/v2\/pages"}],"about":[{"href":"https:\/\/moverdb.com\/ro\/wp-json\/wp\/v2\/types\/page"}],"author":[{"embeddable":true,"href":"https:\/\/moverdb.com\/ro\/wp-json\/wp\/v2\/users\/1"}],"replies":[{"embeddable":true,"href":"https:\/\/moverdb.com\/ro\/wp-json\/wp\/v2\/comments?post=2804"}],"version-history":[{"count":16,"href":"https:\/\/moverdb.com\/ro\/wp-json\/wp\/v2\/pages\/2804\/revisions"}],"predecessor-version":[{"id":3270,"href":"https:\/\/moverdb.com\/ro\/wp-json\/wp\/v2\/pages\/2804\/revisions\/3270"}],"wp:attachment":[{"href":"https:\/\/moverdb.com\/ro\/wp-json\/wp\/v2\/media?parent=2804"}],"curies":[{"name":"wp","href":"https:\/\/api.w.org\/{rel}","templated":true}]}}