{"id":2752,"date":"2017-05-09T16:25:21","date_gmt":"2017-05-09T16:25:21","guid":{"rendered":"https:\/\/moverdb.com\/?page_id=2752"},"modified":"2026-01-08T14:47:12","modified_gmt":"2026-01-08T14:47:12","slug":"auto-transport-expediere","status":"publish","type":"page","link":"https:\/\/moverdb.com\/ro\/car-transport-shipping\/","title":{"rendered":"2026 Transport auto interna\u021bional \u0219i oferte de transport maritim de vehicule"},"content":{"rendered":"<p>Sunte\u021bi \u00een c\u0103utarea unui transport interna\u021bional de ma\u0219ini sau de vehicule, dar nu \u0219ti\u021bi de unde s\u0103 \u00eencepe\u021bi? V\u0103 putem ajuta cu totul, de la companii la costuri \u0219i oferte. <\/p>\n<p>Pute\u021bi \u00eencepe imediat folosind formularul nostru de ofert\u0103 de mai sus sau pute\u021bi continua s\u0103 citi\u021bi ghidul nostru de mai jos pentru mai multe informa\u021bii.<\/p>\n<p><img loading=\"lazy\" decoding=\"async\" width=\"720\" height=\"480\" src=\"https:\/\/moverdb.com\/wp-content\/uploads\/car-transport-shipping.jpg\" alt=\"2019 Transport interna\u021bional de ma\u0219ini \u0219i transport de vehicule\" class=\"aligncenter size-full wp-image-2753\" srcset=\"https:\/\/moverdb.com\/wp-content\/uploads\/car-transport-shipping.jpg 720w, https:\/\/moverdb.com\/wp-content\/uploads\/car-transport-shipping-300x200.jpg 300w, https:\/\/moverdb.com\/wp-content\/uploads\/car-transport-shipping-600x400.jpg 600w\" sizes=\"auto, (max-width: 720px) 100vw, 720px\" \/><\/p>\n<div id=\"ez-toc-container\" class=\"ez-toc-v2_0_82_2 ez-toc-wrap-left counter-hierarchy ez-toc-counter ez-toc-transparent ez-toc-container-direction\">\n<div class=\"ez-toc-title-container\">\n<p class=\"ez-toc-title\" style=\"cursor:inherit\">Sec\u021biuni<\/p>\n<span class=\"ez-toc-title-toggle\"><a href=\"#\" class=\"ez-toc-pull-right ez-toc-btn ez-toc-btn-xs ez-toc-btn-default ez-toc-toggle\" aria-label=\"Comuta\u021bi tabelul de con\u021binut\"><span class=\"ez-toc-js-icon-con\"><span class=\"\"><span class=\"eztoc-hide\" style=\"display:none;\">Toggle<\/span><span class=\"ez-toc-icon-toggle-span\"><svg style=\"fill: #999;color:#999\" xmlns=\"http:\/\/www.w3.org\/2000\/svg\" class=\"list-377408\" width=\"20px\" height=\"20px\" viewbox=\"0 0 24 24\" fill=\"none\"><path d=\"M6 6H4v2h2V6zm14 0H8v2h12V6zM4 11h2v2H4v-2zm16 0H8v2h12v-2zM4 16h2v2H4v-2zm16 0H8v2h12v-2z\" fill=\"currentColor\"><\/path><\/svg><svg style=\"fill: #999;color:#999\" class=\"arrow-unsorted-368013\" xmlns=\"http:\/\/www.w3.org\/2000\/svg\" width=\"10px\" height=\"10px\" viewbox=\"0 0 24 24\" version=\"1.2\" baseprofile=\"tiny\"><path d=\"M18.2 9.3l-6.2-6.3-6.2 6.3c-.2.2-.3.4-.3.7s.1.5.3.7c.2.2.4.3.7.3h11c.3 0 .5-.1.7-.3.2-.2.3-.5.3-.7s-.1-.5-.3-.7zM5.8 14.7l6.2 6.3 6.2-6.3c.2-.2.3-.5.3-.7s-.1-.5-.3-.7c-.2-.2-.4-.3-.7-.3h-11c-.3 0-.5.1-.7.3-.2.2-.3.5-.3.7s.1.5.3.7z\"\/><\/svg><\/span><\/span><\/span><\/a><\/span><\/div>\n<nav><ul class='ez-toc-list ez-toc-list-level-1 eztoc-toggle-hide-by-default' ><li class='ez-toc-page-1 ez-toc-heading-level-2'><a class=\"ez-toc-link ez-toc-heading-1\" href=\"https:\/\/moverdb.com\/ro\/car-transport-shipping\/#Auto_Transport_Companies\" >Companii de transport auto<\/a><ul class='ez-toc-list-level-3' ><li class='ez-toc-heading-level-3'><a class=\"ez-toc-link ez-toc-heading-2\" href=\"https:\/\/moverdb.com\/ro\/car-transport-shipping\/#US_Canadian_Auto_Transport_Companies\" >Companii de transport auto din SUA \u0219i Canada<\/a><\/li><li class='ez-toc-page-1 ez-toc-heading-level-3'><a class=\"ez-toc-link ez-toc-heading-3\" href=\"https:\/\/moverdb.com\/ro\/car-transport-shipping\/#UK_Car_Transport_Companies\" >Companii de transport auto din Marea Britanie<\/a><\/li><li class='ez-toc-page-1 ez-toc-heading-level-3'><a class=\"ez-toc-link ez-toc-heading-4\" href=\"https:\/\/moverdb.com\/ro\/car-transport-shipping\/#Australian_Car_Transport_Companies\" >Companii de transport auto din Australia<\/a><\/li><\/ul><\/li><li class='ez-toc-page-1 ez-toc-heading-level-2'><a class=\"ez-toc-link ez-toc-heading-5\" href=\"https:\/\/moverdb.com\/ro\/car-transport-shipping\/#International_Car_Transport_Costs\" >Costurile transportului interna\u021bional de ma\u0219ini<\/a><ul class='ez-toc-list-level-3' ><li class='ez-toc-heading-level-3'><a class=\"ez-toc-link ez-toc-heading-6\" href=\"https:\/\/moverdb.com\/ro\/car-transport-shipping\/#Car_Transport_Taxes\" >Taxe de transport auto<\/a><\/li><\/ul><\/li><li class='ez-toc-page-1 ez-toc-heading-level-2'><a class=\"ez-toc-link ez-toc-heading-7\" href=\"https:\/\/moverdb.com\/ro\/car-transport-shipping\/#International_Vehicle_Shipping_Documentation\" >Documenta\u021bia de expediere interna\u021bional\u0103 a vehiculelor<\/a><\/li><li class='ez-toc-page-1 ez-toc-heading-level-2'><a class=\"ez-toc-link ez-toc-heading-8\" href=\"https:\/\/moverdb.com\/ro\/car-transport-shipping\/#Other_Car_Transport_Tips\" >Alte sfaturi de transport auto<\/a><\/li><li class='ez-toc-page-1 ez-toc-heading-level-2'><a class=\"ez-toc-link ez-toc-heading-9\" href=\"https:\/\/moverdb.com\/ro\/car-transport-shipping\/#Car_Transport_Quotes\" >Citate de transport auto<\/a><\/li><\/ul><\/nav><\/div>\n<h2><span class=\"ez-toc-section\" id=\"Auto_Transport_Companies\"><\/span>Companii de transport auto<span class=\"ez-toc-section-end\"><\/span><\/h2>\n<p>Pia\u021ba interna\u021bional\u0103 de transport auto este extrem de fragmentat\u0103, cu sute sau poate mii de companii mici care opereaz\u0103 la nivel global. Mai jos am enumerat c\u00e2teva dintre cele mai populare companii specializate \u00een transportul auto. <\/p>\n<p>Cu toate acestea, ar trebui s\u0103 v\u0103 asigura\u021bi, de asemenea, c\u0103 ob\u021bine\u021bi oferte de la <a href=\"https:\/\/moverdb.com\/ro\/moving-companies\/\">companii interna\u021bionale de top \u00een mi\u0219care<\/a> \u0219i <a href=\"https:\/\/moverdb.com\/ro\/expeditor-de-marfuri\/\">expeditori de m\u0103rfuri<\/a> pentru a v\u0103 asigura c\u0103 ob\u021bine\u021bi o afacere corect\u0103.<\/p>\n<p>Alternativ, pute\u021bi merge \u00een partea de sus a paginii \u0219i completa\u021bi formularul nostru de ofert\u0103 pentru a g\u0103si rapid companii. <\/p>\n<h3><span class=\"ez-toc-section\" id=\"US_Canadian_Auto_Transport_Companies\"><\/span>Companii de transport auto din SUA \u0219i Canada<span class=\"ez-toc-section-end\"><\/span><\/h3>\n<ul>\n<li> A-1 Auto Transport<\/li>\n<li> American Auto Shipping<\/li>\n<li> AmeriFreight<\/li>\n<li> C.A.R. Transport<\/li>\n<li> Expeditori auto de \u00eencredere (DAS)<\/li>\n<li> eShip<\/li>\n<li> Executive Auto Shippers<\/li>\n<li> Fisher Shipping<\/li>\n<li> Regele transportului rutier<\/li>\n<li> Transport auto Montway<\/li>\n<li> Prostar Automotive Transport<\/li>\n<li> Trimite\u021bi o ma\u0219in\u0103 direct<\/li>\n<li> Expedierea ma\u0219inii dvs. acum<\/li>\n<li> Stateway Auto Transport<\/li>\n<li> Thrifty Auto Shipping<\/li>\n<li> \u00cel vom transporta<\/li>\n<\/ul>\n<h3><span class=\"ez-toc-section\" id=\"UK_Car_Transport_Companies\"><\/span>Companii de transport auto din Marea Britanie<span class=\"ez-toc-section-end\"><\/span><\/h3>\n<ul>\n<li> Acumen Automotive Logistics<\/li>\n<li> AutoShippers<\/li>\n<li> Transport auto Quoter<\/li>\n<li> Servicii de relocare a automobilelor clasice<\/li>\n<li> Quinns Car Transport<\/li>\n<li> Schimb\u0103 o ma\u0219in\u0103<\/li>\n<li> Transportul de vehicule White's<\/li>\n<li> Woodside Motorfreight<\/li>\n<\/ul>\n<p>De asemenea, verifica\u021bi \u0219i <a href=\"https:\/\/moverdb.com\/ro\/mutari-internationale\/\">mut\u0103ri interna\u021bionale<\/a> pagina.<\/p>\n<h3><span class=\"ez-toc-section\" id=\"Australian_Car_Transport_Companies\"><\/span>Companii de transport auto din Australia<span class=\"ez-toc-section-end\"><\/span><\/h3>\n<ul>\n<li> ACR <a href=\"https:\/\/moverdb.com\/ro\/moving-to-australia\/living-in-australia\/\" data-internallinksmanager029f6b8e52c=\"240\" title=\"21 Secretele despre via\u021ba \u00een Australia pe care trebuie s\u0103 le \u0219tii \u00eenainte de a te muta\">Australia<\/a><\/li>\n<li> Transport auto australian<\/li>\n<li> Auto-Logistic\u0103<\/li>\n<li> Transport auto Express<\/li>\n<li> Transportarea din u\u0219\u0103 \u00een u\u0219\u0103<\/li>\n<li> CEVA Carrying<\/li>\n<li> Ma\u0219ini \u00een mi\u0219care<\/li>\n<li> PrixCar Transport<\/li>\n<li> SMB Australia Transport auto<\/li>\n<li> Tax\u0103<\/li>\n<\/ul>\n<h2><span class=\"ez-toc-section\" id=\"International_Car_Transport_Costs\"><\/span>Costurile transportului interna\u021bional de ma\u0219ini<span class=\"ez-toc-section-end\"><\/span><\/h2>\n<p>Costurile de transport auto \u0219i de expediere variaz\u0103 foarte mult \u00een func\u021bie de rapiditatea cu care ave\u021bi nevoie de vehiculul dvs. \u0219i de metoda de expediere. \u00cen cazul transportului maritim prin intermediul unui container, costurile pot fi de c\u00e2teva sute de dolari, dar pot dura mai mult de o lun\u0103. <\/p>\n<p>Pute\u021bi economisi \u0219i mai mul\u021bi bani dac\u0103 nu ave\u021bi nevoie de servicii door-to-door \u0219i opta\u021bi pentru a v\u0103 ridica ma\u0219ina de la cel mai apropiat <a href=\"https:\/\/moverdb.com\/ro\/top-49-container-ports\/\" data-internallinksmanager029f6b8e52c=\"80\" title=\"Top 49 cele mai mari \u0219i mai aglomerate porturi de containere \u00een 2026\">port<\/a> \u00een cazul transportului maritim prin intermediul unui transport RoRo (Roll on Roll off).<\/p>\n<p>Pute\u021bi afla mai multe citind ghidul nostru: <a href=\"https:\/\/moverdb.com\/ro\/transport-maritim-de-containere\/\">Tarife \u0219i costuri de expediere a containerelor interna\u021bionale<\/a><\/p>\n<p>Pentru deplas\u0103rile \u00een interiorul unui continent (de ex. <a href=\"https:\/\/moverdb.com\/ro\/moving-to-the-united-states\/\" data-internallinksmanager029f6b8e52c=\"94\" title=\"V\u0103 muta\u021bi \u00een Statele Unite? 2026 Costurile vie\u021bii \u0219i sfaturi de relocare\">SUA<\/a> la <a href=\"https:\/\/moverdb.com\/ro\/moving-to-canada\/\" data-internallinksmanager029f6b8e52c=\"265\" title=\"Mutarea \u00een Canada? 2026 Costurile de trai \u0219i sfaturi de relocare\">Canada<\/a>, <a href=\"https:\/\/moverdb.com\/ro\/moving-to-the-uk\/\" data-internallinksmanager029f6b8e52c=\"93\" title=\"V\u0103 muta\u021bi \u00een Regatul Unit? 2026 Costurile vie\u021bii \u0219i sfaturi de relocare\">MAREA BRITANIE<\/a> la <a href=\"https:\/\/moverdb.com\/ro\/moving-to-spain\/\" data-internallinksmanager029f6b8e52c=\"266\" title=\"V\u0103 muta\u021bi \u00een Spania? 2026 Costurile vie\u021bii \u0219i sfaturi de relocare\">Spania<\/a>etc.) pute\u021bi angaja un transportator de ma\u0219ini care s\u0103 v\u0103 conduc\u0103 ma\u0219ina, presupun\u00e2nd c\u0103 aceasta este \u00een stare de func\u021bionare. Acest lucru va costa adesea substan\u021bial mai mult (p\u00e2n\u0103 la c\u00e2teva mii de dolari, lire sau euro), dar \u00eenseamn\u0103 c\u0103 v\u0103 pute\u021bi lua ma\u0219ina \u00een c\u00e2teva zile, \u00een loc de s\u0103pt\u0103m\u00e2ni. <\/p>\n<p>Dac\u0103 ma\u0219ina dvs. nu este \u00een stare de func\u021bionare, atunci va trebui s\u0103 o transporta\u021bi cu o remorc\u0103 sau cu un camion specializat \u00een mut\u0103ri. <\/p>\n<p>Cea mai costisitoare op\u021biune este transportul aerian, dar, \u00een general, acest lucru nu este recomandat, deoarece costurile sunt prohibitive.<\/p>\n<p><strong>Alte lucruri care influen\u021beaz\u0103 costul:<\/strong><\/p>\n<ul>\n<li> <strong>Distan\u021ba:<\/strong> Cu c\u00e2t transporta\u021bi mai departe, cu at\u00e2t mai scump va fi costul total, de\u0219i ar trebui s\u0103 pl\u0103ti\u021bi mult mai pu\u021bin pe kilometru.<\/li>\n<li> <strong>Perioada din an:<\/strong> Anumite perioade ale anului sunt mai scumpe dec\u00e2t altele pentru anumite rute.<\/li>\n<li> <strong>Timp de livrare:<\/strong> Cu c\u00e2t pute\u021bi \u00eencepe s\u0103 ob\u021bine\u021bi oferte de pre\u021b cu at\u00e2t mai bine, deoarece pre\u021burile cresc substan\u021bial \u00een cazul \u00een care se lucreaz\u0103 mai repede.<\/li>\n<li> <strong>Camion deschis vs camion \u00eenchis:<\/strong> Camioanele deschise sunt mai ieftine, dar, \u00een general, prezint\u0103 un risc mai mare de deteriorare dec\u00e2t cele \u00eenchise. <\/li>\n<\/ul>\n<h3><span class=\"ez-toc-section\" id=\"Car_Transport_Taxes\"><\/span>Taxe de transport auto<span class=\"ez-toc-section-end\"><\/span><\/h3>\n<p>\u00cen func\u021bie de locul \u00een care v\u0103 expedia\u021bi ma\u0219ina, este posibil s\u0103 trebuiasc\u0103 s\u0103 pl\u0103ti\u021bi taxe substan\u021biale. De exemplu, ma\u0219inile <a href=\"https:\/\/moverdb.com\/ro\/expediere-catre-singapore\/\">expediat \u00een Singapore<\/a> va suporta o tax\u0103 de import de 20% asupra valorii \u00een vam\u0103 a ma\u0219inii. <\/p>\n<p>Multe \u021b\u0103ri europene percep taxe de import de aproximativ 10%, dar pot percepe \u0219i TVA, care poate ad\u0103uga \u00eenc\u0103 20%, \u00een func\u021bie de modul \u00een care va fi utilizat\u0103 ma\u0219ina. <\/p>\n<p>A\u0219adar, asigura\u021bi-v\u0103 c\u0103 ave\u021bi \u00een vedere acest aspect atunci c\u00e2nd ob\u021bine\u021bi ofertele \u0219i \u00eenainte de a v\u0103 expedia ma\u0219ina. \u00cen unele cazuri, poate fi mai ieftin \u0219i mai simplu s\u0103 cump\u0103ra\u021bi o ma\u0219in\u0103 nou\u0103 dec\u00e2t s\u0103 o expedia\u021bi pe cea veche.  <\/p>\n<h2><span class=\"ez-toc-section\" id=\"International_Vehicle_Shipping_Documentation\"><\/span>Documenta\u021bia de expediere interna\u021bional\u0103 a vehiculelor<span class=\"ez-toc-section-end\"><\/span><\/h2>\n<p>Pentru a v\u0103 expedia ma\u0219ina sau alte vehicule la nivel interna\u021bional, va trebui s\u0103 ave\u021bi o cantitate decent\u0103 de documente. Cerin\u021bele variaz\u0103 \u00een func\u021bie de \u021bar\u0103, a\u0219a c\u0103 verifica\u021bi \u00eentotdeauna \u00eenainte de expediere. Printre documentele solicitate \u00een mod obi\u0219nuit se num\u0103r\u0103:<\/p>\n<ul>\n<li> Titlul original al vehiculului<\/li>\n<li> Certificat de origine<\/li>\n<li> conosament de \u00eenc\u0103rcare<\/li>\n<li> Documente de asigurare<\/li>\n<\/ul>\n<h2><span class=\"ez-toc-section\" id=\"Other_Car_Transport_Tips\"><\/span>Alte sfaturi de transport auto<span class=\"ez-toc-section-end\"><\/span><\/h2>\n<ul>\n<li> <strong>Face\u021bi fotografii:<\/strong> Asigura\u021bi-v\u0103 c\u0103 face\u021bi fotografii cu data \u0219i ora vehiculului \u00eenainte de expediere, \u00een cazul \u00een care acesta prezint\u0103 daune. \u00cen cazul \u00een care exist\u0103 daune, asigura\u021bi-v\u0103 c\u0103 face\u021bi imediat fotografii pentru a minimiza litigiile.<\/li>\n<li> <strong>Asigur\u0103ri:<\/strong> Asigura\u021bi-v\u0103 c\u0103 asigurarea acoper\u0103 \u00eentreaga c\u0103l\u0103torie a ma\u0219inii dumneavoastr\u0103 \u0219i a tuturor celor care o conduc.<\/li>\n<li> <strong>\u00cendep\u0103rta\u021bi obiectele personale:<\/strong> Asigura\u021bi-v\u0103 c\u0103 toate bunurile personale sunt scoase din ma\u0219in\u0103 \u00eenainte de expediere, pentru a nu se pierde (sau fura!).<\/li>\n<li> <strong>C\u0103uta\u021bi speciali\u0219ti:<\/strong> Dac\u0103 ave\u021bi o ma\u0219in\u0103 clasic\u0103 sau u\u0219or neobi\u0219nuit\u0103 pe care dori\u021bi s\u0103 o expedia\u021bi, asigura\u021bi-v\u0103 c\u0103 firma pe care o alege\u021bi are experien\u021b\u0103 \u00een conducerea \u0219i\/sau expedierea acestora.<\/li>\n<li> <strong>Termene:<\/strong> Asigura\u021bi-v\u0103 c\u0103 \u0219ti\u021bi c\u00e2t timp va dura s\u0103 v\u0103 duce\u021bi ma\u0219ina din punctul A \u00een punctul B.<\/li>\n<li> <strong>Stare de func\u021bionare:<\/strong> \u00cenainte de a \u00eencepe procesul de transport, asigura\u021bi-v\u0103 c\u0103 a\u021bi verificat cu firma de transport aspecte precum nivelul de benzin\u0103, fluidele, presiunea din pneuri, bateria etc. De exemplu, \u00een cazul transportului interna\u021bional cu un container de transport, este posibil s\u0103 dori\u021bi s\u0103 goli\u021bi complet rezervorul de benzin\u0103. Pe de alt\u0103 parte, dac\u0103 pune\u021bi pe cineva s\u0103 v\u0103 conduc\u0103 ma\u0219ina, ve\u021bi dori s\u0103 v\u0103 asigura\u021bi c\u0103 ave\u021bi rezervorul plin de benzin\u0103.<\/li>\n<\/ul>\n<h2><span class=\"ez-toc-section\" id=\"Car_Transport_Quotes\"><\/span>Citate de transport auto<span class=\"ez-toc-section-end\"><\/span><\/h2>\n<p>Pute\u021bi utiliza formularul nostru de ofert\u0103 din partea de sus a paginii pentru a ob\u021bine oferte de transport auto interna\u021bional. Cu toate acestea, \u00eenainte de a accepta orice ofert\u0103, asigura\u021bi-v\u0103 c\u0103 \u00een\u021belege\u021bi pe deplin cine v\u0103 va conduce sau transporta ma\u0219ina (\u00een fiecare etap\u0103 a c\u0103l\u0103toriei), cum va fi asigurat vehiculul dvs. \u0219i citi\u021bi recenziile companiei. <\/p>","protected":false},"excerpt":{"rendered":"<p>Looking for international car transport or vehicle shipping, but don&#8217;t know where to start? We can help you with everything from companies to costs to quotes. You can get started right away using our quote form above, or keep reading our guide below for more information. Auto Transport Companies The international car and auto transport [&hellip;]<\/p>\n","protected":false},"author":1,"featured_media":2753,"parent":0,"menu_order":0,"comment_status":"closed","ping_status":"closed","template":"","meta":{"_genesis_hide_title":false,"_genesis_hide_breadcrumbs":false,"_genesis_hide_singular_image":false,"_genesis_hide_footer_widgets":false,"_genesis_custom_body_class":"","_genesis_custom_post_class":"","_genesis_layout":"","footnotes":""},"class_list":{"0":"post-2752","1":"page","2":"type-page","3":"status-publish","4":"has-post-thumbnail","6":"entry"},"_links":{"self":[{"href":"https:\/\/moverdb.com\/ro\/wp-json\/wp\/v2\/pages\/2752","targetHints":{"allow":["GET"]}}],"collection":[{"href":"https:\/\/moverdb.com\/ro\/wp-json\/wp\/v2\/pages"}],"about":[{"href":"https:\/\/moverdb.com\/ro\/wp-json\/wp\/v2\/types\/page"}],"author":[{"embeddable":true,"href":"https:\/\/moverdb.com\/ro\/wp-json\/wp\/v2\/users\/1"}],"replies":[{"embeddable":true,"href":"https:\/\/moverdb.com\/ro\/wp-json\/wp\/v2\/comments?post=2752"}],"version-history":[{"count":18,"href":"https:\/\/moverdb.com\/ro\/wp-json\/wp\/v2\/pages\/2752\/revisions"}],"predecessor-version":[{"id":18593,"href":"https:\/\/moverdb.com\/ro\/wp-json\/wp\/v2\/pages\/2752\/revisions\/18593"}],"wp:featuredmedia":[{"embeddable":true,"href":"https:\/\/moverdb.com\/ro\/wp-json\/wp\/v2\/media\/2753"}],"wp:attachment":[{"href":"https:\/\/moverdb.com\/ro\/wp-json\/wp\/v2\/media?parent=2752"}],"curies":[{"name":"wp","href":"https:\/\/api.w.org\/{rel}","templated":true}]}}