{"id":2675,"date":"2017-05-03T15:16:49","date_gmt":"2017-05-03T15:16:49","guid":{"rendered":"https:\/\/moverdb.com\/?page_id=2675"},"modified":"2026-01-08T15:20:41","modified_gmt":"2026-01-08T15:20:41","slug":"expediere-catre-singapore","status":"publish","type":"page","link":"https:\/\/moverdb.com\/ro\/shipping-to-singapore\/","title":{"rendered":"Livrare \u00een Singapore: Ce trebuie s\u0103 \u0219ti\u021bi"},"content":{"rendered":"<p><img loading=\"lazy\" decoding=\"async\" width=\"720\" height=\"313\" src=\"https:\/\/moverdb.com\/wp-content\/uploads\/shipping-to-singapore.png\" alt=\"Livrare \u00een Singapore\" class=\"aligncenter size-full wp-image-2676\" srcset=\"https:\/\/moverdb.com\/wp-content\/uploads\/shipping-to-singapore.png 720w, https:\/\/moverdb.com\/wp-content\/uploads\/shipping-to-singapore-300x130.png 300w, https:\/\/moverdb.com\/wp-content\/uploads\/shipping-to-singapore-600x261.png 600w\" sizes=\"auto, (max-width: 720px) 100vw, 720px\" \/><\/p>\n<p>Fie c\u0103 sunte\u021bi <a href=\"https:\/\/moverdb.com\/ro\/mutarea-in-singapore\/\">mutarea \u00een Singapore<\/a> sau doar dori\u021bi s\u0103 expedia\u021bi c\u00e2teva colete, v\u0103 putem ajuta s\u0103 g\u0103si\u021bi cele mai bune oferte de transport maritim de la <a href=\"https:\/\/moverdb.com\/ro\/moving-to-the-united-states\/\" data-internallinksmanager029f6b8e52c=\"94\" title=\"V\u0103 muta\u021bi \u00een Statele Unite? 2026 Costurile vie\u021bii \u0219i sfaturi de relocare\">SUA<\/a>, <a href=\"https:\/\/moverdb.com\/ro\/moving-to-the-uk\/\" data-internallinksmanager029f6b8e52c=\"93\" title=\"V\u0103 muta\u021bi \u00een Regatul Unit? 2026 Costurile vie\u021bii \u0219i sfaturi de relocare\">MAREA BRITANIE<\/a>, <a href=\"https:\/\/moverdb.com\/ro\/moving-to-australia\/living-in-australia\/\" data-internallinksmanager029f6b8e52c=\"240\" title=\"21 Secretele despre via\u021ba \u00een Australia pe care trebuie s\u0103 le \u0219tii \u00eenainte de a te muta\">Australia<\/a>, <a href=\"https:\/\/moverdb.com\/ro\/moving-to-canada\/\" data-internallinksmanager029f6b8e52c=\"265\" title=\"Mutarea \u00een Canada? 2026 Costurile de trai \u0219i sfaturi de relocare\">Canada<\/a>, <a href=\"https:\/\/moverdb.com\/ro\/moving-to-france\/\" data-internallinksmanager029f6b8e52c=\"315\" title=\"V\u0103 muta\u021bi \u00een Fran\u021ba? 2026 Costurile vie\u021bii \u0219i sfaturi de relocare\">Fran\u021ba<\/a>, <a href=\"https:\/\/moverdb.com\/ro\/moving-to-hong-kong\/\" data-internallinksmanager029f6b8e52c=\"350\" title=\"V\u0103 muta\u021bi \u00een Hong Kong? 2026 Costurile vie\u021bii \u0219i sfaturi de relocare\">Hong Kong<\/a>, <a href=\"https:\/\/moverdb.com\/ro\/moving-to-new-zealand\/\" data-internallinksmanager029f6b8e52c=\"324\" title=\"V\u0103 muta\u021bi \u00een Noua Zeeland\u0103? 2026 Costurile vie\u021bii \u0219i sfaturi de relocare\">Noua Zeeland\u0103<\/a>, <a href=\"https:\/\/moverdb.com\/ro\/moving-to-the-philippines\/\" data-internallinksmanager029f6b8e52c=\"376\" title=\"V\u0103 muta\u021bi \u00een Filipine? 2026 Costurile vie\u021bii \u0219i sfaturi de relocare\">Filipine<\/a> \u0219i \u00een majoritatea celorlalte \u021b\u0103ri din lume. <\/p>\n<p>Pute\u021bi \u00eencepe utiliz\u00e2nd formularul de ofert\u0103 gratuit\u0103 de mai sus. <\/p>\n<div id=\"ez-toc-container\" class=\"ez-toc-v2_0_83 ez-toc-wrap-left counter-hierarchy ez-toc-counter ez-toc-transparent ez-toc-container-direction\">\n<div class=\"ez-toc-title-container\">\n<p class=\"ez-toc-title\" style=\"cursor:inherit\">Sec\u021biuni<\/p>\n<span class=\"ez-toc-title-toggle\"><a href=\"#\" class=\"ez-toc-pull-right ez-toc-btn ez-toc-btn-xs ez-toc-btn-default ez-toc-toggle\" aria-label=\"Comuta\u021bi tabelul de con\u021binut\"><span class=\"ez-toc-js-icon-con\"><span class=\"\"><span class=\"eztoc-hide\" style=\"display:none;\">Toggle<\/span><span class=\"ez-toc-icon-toggle-span\"><svg style=\"fill: #999;color:#999\" xmlns=\"http:\/\/www.w3.org\/2000\/svg\" class=\"list-377408\" width=\"20px\" height=\"20px\" viewbox=\"0 0 24 24\" fill=\"none\"><path d=\"M6 6H4v2h2V6zm14 0H8v2h12V6zM4 11h2v2H4v-2zm16 0H8v2h12v-2zM4 16h2v2H4v-2zm16 0H8v2h12v-2z\" fill=\"currentColor\"><\/path><\/svg><svg style=\"fill: #999;color:#999\" class=\"arrow-unsorted-368013\" xmlns=\"http:\/\/www.w3.org\/2000\/svg\" width=\"10px\" height=\"10px\" viewbox=\"0 0 24 24\" version=\"1.2\" baseprofile=\"tiny\"><path d=\"M18.2 9.3l-6.2-6.3-6.2 6.3c-.2.2-.3.4-.3.7s.1.5.3.7c.2.2.4.3.7.3h11c.3 0 .5-.1.7-.3.2-.2.3-.5.3-.7s-.1-.5-.3-.7zM5.8 14.7l6.2 6.3 6.2-6.3c.2-.2.3-.5.3-.7s-.1-.5-.3-.7c-.2-.2-.4-.3-.7-.3h-11c-.3 0-.5.1-.7.3-.2.2-.3.5-.3.7s.1.5.3.7z\"\/><\/svg><\/span><\/span><\/span><\/a><\/span><\/div>\n<nav><ul class='ez-toc-list ez-toc-list-level-1 eztoc-toggle-hide-by-default' ><li class='ez-toc-page-1 ez-toc-heading-level-2'><a class=\"ez-toc-link ez-toc-heading-1\" href=\"https:\/\/moverdb.com\/ro\/shipping-to-singapore\/#Shipping_to_Singapore_From_The_US\" >Livrare \u00een Singapore din SUA<\/a><\/li><li class='ez-toc-page-1 ez-toc-heading-level-2'><a class=\"ez-toc-link ez-toc-heading-2\" href=\"https:\/\/moverdb.com\/ro\/shipping-to-singapore\/#Shipping_to_Singapore_From_The_UK\" >Livrare \u00een Singapore din Marea Britanie<\/a><\/li><li class='ez-toc-page-1 ez-toc-heading-level-2'><a class=\"ez-toc-link ez-toc-heading-3\" href=\"https:\/\/moverdb.com\/ro\/shipping-to-singapore\/#Shipping_to_Singapore_From_Australia\" >Livrare \u00een Singapore din Australia<\/a><\/li><li class='ez-toc-page-1 ez-toc-heading-level-2'><a class=\"ez-toc-link ez-toc-heading-4\" href=\"https:\/\/moverdb.com\/ro\/shipping-to-singapore\/#Shipping_to_Singapore_From_Canada\" >Livrare \u00een Singapore din Canada<\/a><\/li><li class='ez-toc-page-1 ez-toc-heading-level-2'><a class=\"ez-toc-link ez-toc-heading-5\" href=\"https:\/\/moverdb.com\/ro\/shipping-to-singapore\/#Shipping_to_Singapore_From_France\" >Livrare \u00een Singapore din Fran\u021ba<\/a><\/li><li class='ez-toc-page-1 ez-toc-heading-level-2'><a class=\"ez-toc-link ez-toc-heading-6\" href=\"https:\/\/moverdb.com\/ro\/shipping-to-singapore\/#Shipping_to_Singapore_From_Hong_Kong\" >Livrare \u00een Singapore din Hong Kong<\/a><\/li><li class='ez-toc-page-1 ez-toc-heading-level-2'><a class=\"ez-toc-link ez-toc-heading-7\" href=\"https:\/\/moverdb.com\/ro\/shipping-to-singapore\/#Shipping_to_Singapore_From_New_Zealand\" >Livrare \u00een Singapore din Noua Zeeland\u0103<\/a><\/li><li class='ez-toc-page-1 ez-toc-heading-level-2'><a class=\"ez-toc-link ez-toc-heading-8\" href=\"https:\/\/moverdb.com\/ro\/shipping-to-singapore\/#Shipping_to_Singapore_From_the_Philippines\" >Livrare \u00een Singapore din Filipine<\/a><\/li><li class='ez-toc-page-1 ez-toc-heading-level-2'><a class=\"ez-toc-link ez-toc-heading-9\" href=\"https:\/\/moverdb.com\/ro\/shipping-to-singapore\/#Singapore_Import_Duties_Taxes\" >Singapore Taxe \u0219i impozite de import<\/a><\/li><li class='ez-toc-page-1 ez-toc-heading-level-2'><a class=\"ez-toc-link ez-toc-heading-10\" href=\"https:\/\/moverdb.com\/ro\/shipping-to-singapore\/#Restricted_Items_in_Singapore\" >Articole restric\u021bionate \u00een Singapore<\/a><\/li><li class='ez-toc-page-1 ez-toc-heading-level-2'><a class=\"ez-toc-link ez-toc-heading-11\" href=\"https:\/\/moverdb.com\/ro\/shipping-to-singapore\/#Other_Useful_Guides_to_Singapore\" >Alte ghiduri utile pentru Singapore<\/a><\/li><\/ul><\/nav><\/div>\n<h2><span class=\"ez-toc-section\" id=\"Shipping_to_Singapore_From_The_US\"><\/span>Livrare \u00een Singapore din SUA<span class=\"ez-toc-section-end\"><\/span><\/h2>\n<p><strong><a href=\"https:\/\/moverdb.com\/ro\/container-shipping\/\" data-internallinksmanager029f6b8e52c=\"3\" title=\"Graficul ratelor de transport maritim interna\u021bional de containere: Mai 2026\">Costuri de transport maritim container<\/a> De la <a href=\"https:\/\/moverdb.com\/ro\/moving-to-los-angeles\/\">Los Angeles<\/a><\/strong><\/p>\n<ul>\n<li> Container de 20 de picioare: $750 - $830<\/li>\n<li> Container 40ft: $1,120 - $1,235<\/li>\n<\/ul>\n<p><strong>Costuri de transport maritim container de la <a href=\"https:\/\/moverdb.com\/ro\/se-muta-in-nc\/\">New York<\/a><\/strong><\/p>\n<ul>\n<li> Container de 20 de picioare: $975 - $1,080<\/li>\n<li> Container 40ft: $1,460 - $1,610<\/li>\n<\/ul>\n<p><strong>Costuri de expediere a coletelor<\/strong><\/p>\n<ul>\n<li> Primul 0,5 kg: $11.80+.<\/li>\n<li> Fiecare 0,5 kg suplimentar: $3.25+.<\/li>\n<\/ul>\n<p><em>Sursa:<\/em> <a href=\"http:\/\/comgateway.com\/ship-to-Singapore\/\" target=\"_blank\" rel=\"noopener noreferrer\">comGateway<\/a><\/p>\n<p><strong>Timpii de expediere<\/strong><\/p>\n<ul>\n<li> <strong>Aer:<\/strong> 1-3 zile<\/li>\n<li> <strong>Mare:<\/strong> \u00cen jur de 1 lun\u0103<\/li>\n<\/ul>\n<h2><span class=\"ez-toc-section\" id=\"Shipping_to_Singapore_From_The_UK\"><\/span>Livrare \u00een Singapore din Marea Britanie<span class=\"ez-toc-section-end\"><\/span><\/h2>\n<p><strong>Costuri de transport maritim container de la <a href=\"https:\/\/moverdb.com\/ro\/moving-to-london\/\">Londra<\/a><\/strong><\/p>\n<ul>\n<li> 20ft Container: \u00a3895 - \u00a31,000<\/li>\n<li> Container de 40ft: \u00a31,340 - \u00a31,480<\/li>\n<\/ul>\n<p><strong>Costuri de expediere a coletelor<\/strong><\/p>\n<ul>\n<li> P\u00e2n\u0103 la 1 kg: \u00a320.12+<\/li>\n<li> P\u00e2n\u0103 la 20 kg: \u00a387.31+.<\/li>\n<\/ul>\n<p><em>Sursa:<\/em> <a href=\"https:\/\/www.transglobalexpress.co.uk\/parcel-to\/singapore\/\" target=\"_blank\" rel=\"noopener noreferrer\">Transglobal Express<\/a><\/p>\n<p><strong>Timpii de expediere<\/strong><\/p>\n<ul>\n<li> <strong>Aer:<\/strong> 1-3 zile<\/li>\n<li> <strong>Mare:<\/strong> \u00cen jur de 1 lun\u0103<\/li>\n<\/ul>\n<h2><span class=\"ez-toc-section\" id=\"Shipping_to_Singapore_From_Australia\"><\/span>Livrare \u00een Singapore din Australia<span class=\"ez-toc-section-end\"><\/span><\/h2>\n<p><strong>Costuri de transport maritim container de la <a href=\"https:\/\/moverdb.com\/ro\/se-muta-la-sydney\/\">Sydney<\/a><\/strong><\/p>\n<ul>\n<li> Container de 20ft: $980 - $1,080 AUD<\/li>\n<li> Container 40ft: $1,470 - $1,620 AUD<\/li>\n<\/ul>\n<p><strong>Costuri de expediere a coletelor<\/strong><\/p>\n<ul>\n<li> Geant\u0103 mic\u0103 (p\u00e2n\u0103 la 500 g): $22.26+<\/li>\n<li> Cutie (p\u00e2n\u0103 la 5 kg): $81.73+<\/li>\n<\/ul>\n<p><em>Sursa:<\/em> <a href=\"https:\/\/auspost.com.au\/parcels-mail\/calculate-postage-delivery-times\/#\/\" target=\"_blank\" rel=\"noopener noreferrer\">Australia Post<\/a><\/p>\n<p><strong>Timpii de expediere<\/strong><\/p>\n<ul>\n<li> <strong>Aer:<\/strong> 1-3 zile<\/li>\n<li> <strong>Mare:<\/strong> \u00cen jur de 20 de zile<\/li>\n<\/ul>\n<h2><span class=\"ez-toc-section\" id=\"Shipping_to_Singapore_From_Canada\"><\/span>Livrare \u00een Singapore din Canada<span class=\"ez-toc-section-end\"><\/span><\/h2>\n<p><strong>Costuri de transport maritim container de la <a href=\"https:\/\/moverdb.com\/ro\/moving-to-canada\/moving-to-montreal\/\" data-internallinksmanager029f6b8e52c=\"410\" title=\"V\u0103 muta\u021bi la Montreal? 2026 Costuri de trai \u0219i sfaturi de relocare\">Montreal<\/a><\/strong><\/p>\n<ul>\n<li> Container 20ft: $1,640 - $1,800 CAD<\/li>\n<li> Container 40ft: $2,440 - $2,700 CAD<\/li>\n<\/ul>\n<p><strong>Costuri de transport maritim container de la <a href=\"https:\/\/moverdb.com\/ro\/moving-to-canada\/moving-to-vancouver\/\" data-internallinksmanager029f6b8e52c=\"438\" title=\"V\u0103 muta\u021bi la Vancouver? 2026 Costuri de trai \u0219i sfaturi de relocare\">Vancouver<\/a><\/strong><\/p>\n<ul>\n<li> Container de 20ft: $990 - $1,100 CAD<\/li>\n<li> Container 40ft: $1,480 - $1,630 CAD<\/li>\n<\/ul>\n<p><strong>Costuri de expediere a coletelor<\/strong><\/p>\n<ul>\n<li> 1kg: $20.29 - $105.44+.<\/li>\n<li> 10 kg: $139.85 - $412.93+.<\/li>\n<\/ul>\n<p><em>Sursa:<\/em> <a href=\"https:\/\/www.canadapost.ca\/cpotools\/apps\/far\/personal\/farInt\" target=\"_blank\" rel=\"noopener noreferrer\">Canada Post<\/a><\/p>\n<p><strong>Timpii de expediere<\/strong><\/p>\n<ul>\n<li> <strong>Aer:<\/strong> 1-3 zile<\/li>\n<li> <strong>Mare:<\/strong> \u00cen jur de 1 lun\u0103<\/li>\n<\/ul>\n<h2><span class=\"ez-toc-section\" id=\"Shipping_to_Singapore_From_France\"><\/span>Livrare \u00een Singapore din Fran\u021ba<span class=\"ez-toc-section-end\"><\/span><\/h2>\n<p><strong>Costuri de transport maritim container din Marsilia<\/strong><\/p>\n<ul>\n<li> 20ft Container: 740 \u20ac - 820 \u20ac<\/li>\n<li> Container de 40ft: \u20ac1,100 - \u20ac1,220<\/li>\n<\/ul>\n<p><strong>Timpii de expediere<\/strong><\/p>\n<ul>\n<li> <strong>Aer:<\/strong> 1-3 zile<\/li>\n<li> <strong>Mare:<\/strong> \u00cen jur de 1 lun\u0103<\/li>\n<\/ul>\n<h2><span class=\"ez-toc-section\" id=\"Shipping_to_Singapore_From_Hong_Kong\"><\/span>Livrare \u00een Singapore din Hong Kong<span class=\"ez-toc-section-end\"><\/span><\/h2>\n<p><strong>Costuri de transport maritim container<\/strong><\/p>\n<ul>\n<li> 20ft Container: $1,820 - $2,010 HKD<\/li>\n<li> 40ft Container: $1,860 - $2,060 HKD<\/li>\n<\/ul>\n<p><strong>Timpii de expediere<\/strong><\/p>\n<ul>\n<li> <strong>Aer:<\/strong> 1-2 zile<\/li>\n<li> <strong>Mare:<\/strong> \u00cen jur de 12 zile<\/li>\n<\/ul>\n<h2><span class=\"ez-toc-section\" id=\"Shipping_to_Singapore_From_New_Zealand\"><\/span>Livrare \u00een Singapore din Noua Zeeland\u0103<span class=\"ez-toc-section-end\"><\/span><\/h2>\n<p><strong>Costuri de transport maritim container din Auckland<\/strong><\/p>\n<ul>\n<li> Container de 20ft: $1,860 - $2,050 NZD<\/li>\n<li> Container 40ft: $2,775 - $3,070 NZD<\/li>\n<\/ul>\n<p><strong>Timpii de expediere<\/strong><\/p>\n<ul>\n<li> <strong>Aer:<\/strong> 1-3 zile<\/li>\n<li> <strong>Mare:<\/strong> \u00cen jur de 23 de zile<\/li>\n<\/ul>\n<h2><span class=\"ez-toc-section\" id=\"Shipping_to_Singapore_From_the_Philippines\"><\/span>Livrare \u00een Singapore din Filipine<span class=\"ez-toc-section-end\"><\/span><\/h2>\n<p><strong>Costuri de transport maritim container din Manila<\/strong><\/p>\n<ul>\n<li> Container de 20ft: \u20b118,300 - \u20b120,255<\/li>\n<li> Container 40ft: \u20b127,350 - \u20b130,230<\/li>\n<\/ul>\n<p><strong>Timpii de expediere<\/strong><\/p>\n<ul>\n<li> <strong>Aer:<\/strong> 1-3 zile<\/li>\n<li> <strong>Mare:<\/strong> \u00cen jur de 12 zile<\/li>\n<\/ul>\n<p>Datele privind costurile de expediere a containerelor se bazeaz\u0103 pe trimiterea m\u0103rfurilor dvs. pe mare \u0219i provin din datele noastre. <a href=\"https:\/\/moverdb.com\/ro\/transport-maritim-de-containere\/\">tarifele de transport maritim interna\u021bional de containere<\/a> pagina \u0219i <a href=\"http:\/\/worldfreightrates.com\" target=\"_blank\" rel=\"noopener noreferrer\">WorldFreightRates.com<\/a>, Timpii de livrare Air provin din <a href=\"https:\/\/wwwapps.ups.com\/fctc\/timeandcost\" target=\"_blank\" rel=\"noopener noreferrer\">Calculator de timp \u0219i costuri UPS<\/a>, iar timpii de transport maritim provin din <a href=\"https:\/\/www.searates.com\" target=\"_blank\" rel=\"noopener noreferrer\">SeaRates.com<\/a>.<\/p>\n<h2><span class=\"ez-toc-section\" id=\"Singapore_Import_Duties_Taxes\"><\/span>Singapore Taxe \u0219i impozite de import<span class=\"ez-toc-section-end\"><\/span><\/h2>\n<p>Dac\u0103 expedia\u021bi bunuri de uz casnic \u0219i efecte personale c\u0103tre <a href=\"https:\/\/moverdb.com\/ro\/moving-to-singapore\/\" data-internallinksmanager029f6b8e52c=\"68\" title=\"V\u0103 muta\u021bi \u00een Singapore? 2026 Costuri de trai \u0219i sfaturi de relocare\">Singapore<\/a> ve\u021bi fi supus taxei pe bunuri \u0219i servicii (GST) de 7% pentru articolele cu o valoare mai mare de 400 SGD. Cu toate acestea, pute\u021bi solicita o scutire at\u00e2t timp c\u00e2t se aplic\u0103 urm\u0103toarele:<\/p>\n<blockquote><p>Scutirea de TPS poate fi acordat\u0103 pentru importurile de articole de uz casnic \u0219i efecte personale uzate \u00een:<\/p>\n<p>Singaporezi \u0219i reziden\u021bi permanen\u021bi \u00een Singapore (PR) care locuiesc \u00een str\u0103in\u0103tate \u0219i se \u00eentorc pentru a-\u0219i relua re\u0219edin\u021ba \u00een Singapore<br \/>\nStr\u0103inii care \u00ee\u0219i transfer\u0103 re\u0219edin\u021ba sau migreaz\u0103 \u00een Singapore<\/p>\n<p>Scutirea de TPS este supus\u0103 urm\u0103toarelor condi\u021bii:<\/p>\n<p>Persoana respectiv\u0103 demonstreaz\u0103 \u00een mod satisf\u0103c\u0103tor la vam\u0103 c\u0103:<\/p>\n<ul>\n<li> Acesta \u00ee\u0219i schimb\u0103 locul de re\u0219edin\u021b\u0103 \u00een Singapore;<\/li>\n<li> El este proprietarul articolelor, al efectelor personale \u0219i al animalului de companie personal importat;<\/li>\n<li> Articolele \u0219i efectele personale au fost \u00een posesia sa \u0219i au fost utilizate timp de cel pu\u021bin 3 luni; \u0219i<\/li>\n<li> Articolele \u0219i efectele personale sunt importate pe cale aerian\u0103 sau maritim\u0103.<\/li>\n<li> Articolele, efectele personale \u0219i animalele de companie personale sunt importate \u00een termen de 6 luni de la prima sa sosire \u00een Singapore.<\/li>\n<li> Este prev\u0103zut un angajament de a nu elimina articolele \u0219i efectele personale \u00een termen de 3 luni de la data importului.<\/li>\n<\/ul>\n<p>Pentru a beneficia de aceast\u0103 scutire de TPS, singaporezii \u0219i reziden\u021bii care se \u00eentorc \u00een Singapore trebuie s\u0103 fi locuit \u00eentr-o \u021bar\u0103 str\u0103in\u0103 mai mult de 6 luni.<\/p><\/blockquote>\n<p><strong>Sursa:<\/strong> <a href=\"https:\/\/www.customs.gov.sg\/businesses\/importing-goods\/import-procedures\/importing-used-household-articles-and-personal-effects\" target=\"_blank\" rel=\"noopener noreferrer\">Vama Singapore<\/a><\/p>\n<p>V\u0103 rug\u0103m s\u0103 re\u021bine\u021bi c\u0103 exist\u0103 <a href=\"https:\/\/www.customs.gov.sg\/businesses\/valuation-duties-taxes--fees\/duties-and-dutiable-goods\" target=\"_blank\" rel=\"noopener noreferrer\">exist\u0103 4 categorii de m\u0103rfuri supuse taxelor<\/a> (care nu sunt eligibile pentru scutirea de TPS):<\/p>\n<ul>\n<li> B\u0103uturi alcoolice: Pe baza uneia dintre cele dou\u0103 formule: <em>Taxe de pl\u0103tit = Cantitatea total\u0103 \u00een litri x Nivelul taxei vamale \u0219i\/sau al accizei x Procentul de t\u0103rie alcoolic\u0103<\/em> <strong>sau<\/strong><em> Taxe de pl\u0103tit = Cantitatea total\u0103 taxabil\u0103 \u00een kilograme x nivelul taxei vamale<\/em>.<\/li>\n<li> Produse din tutun - <em>\u021aig\u0103ri:<\/em> Taxe de pl\u0103tit = Num\u0103rul total de be\u021bi\u0219oare x Greutatea fiec\u0103rei be\u021bi\u0219oare (fiecare gram sau parte a acestuia) x Rata accizei - <em>toate celelalte produse din tutun:<\/em> Taxe de pl\u0103tit = Greutatea total\u0103 (\u00een kilograme) x rata accizei<\/li>\n<li> Autoturisme \u0219i autovehicule - <em>Taxe de pl\u0103tit = Valoarea \u00een vam\u0103 x rata accizei<\/em>; pentru autoturisme \u0219i autoturisme clasice, rata accizei este de <strong>20%<\/strong> iar pentru motociclete \u0219i scutere, rata accizei este de <strong>12%<\/strong>.<\/li>\n<li> Produse petroliere \u0219i amestecuri de biodiesel - Produse petroliere: <em>Taxe de pl\u0103tit = Volumul total x rata accizei<\/em>, Gaz natural comprimat (Cng): <em>Taxe de pl\u0103tit = Greutatea total\u0103 x rata accizei<\/em>, Amestec de biomotorin\u0103 Taxe de pl\u0103tit = <em>Volumul de motorin\u0103 x Rata accizei<\/em>.<\/li>\n<\/ul>\n<p>Pentru detalii complete, consulta\u021bi Singapore Customs <a href=\"https:\/\/www.customs.gov.sg\/businesses\/importing-goods\/import-procedures\" target=\"_blank\" rel=\"noopener noreferrer\">Proceduri de import aici<\/a>.<\/p>\n<h2><span class=\"ez-toc-section\" id=\"Restricted_Items_in_Singapore\"><\/span>Articole restric\u021bionate \u00een Singapore<span class=\"ez-toc-section-end\"><\/span><\/h2>\n<p>Urm\u0103toarele articole sunt enumerate ca fiind interzise \u0219i\/sau controlate de vama Singapore (<a href=\"https:\/\/www.customs.gov.sg\/individuals\/going-through-customs\/arrival\/prohibited-and-controlled-goods\" target=\"_blank\" rel=\"noopener noreferrer\">vezi site-ul web<\/a> pentru detalii complete):<\/p>\n<ul>\n<li> Guma de mestecat (cu excep\u021bia gumei de mestecat \u0219i a gumei medicamentate aprobate de Health Sciences Authority)<\/li>\n<li> Tutun de mestecat \u0219i produse de imita\u021bie a tutunului (de exemplu, \u021big\u0103ri electronice)<\/li>\n<li> Shisha<\/li>\n<li> Trabucuri f\u0103r\u0103 fum, \u021big\u0103ri f\u0103r\u0103 fum sau \u021big\u0103ri f\u0103r\u0103 fum<\/li>\n<li> Tutun dizolvabil sau nicotin\u0103<\/li>\n<li> Orice produs care con\u021bine nicotin\u0103 sau tutun \u0219i care poate fi utilizat topic pentru aplicare, prin implant sau injectat \u00een orice parte a corpului.<\/li>\n<li> Orice solu\u021bie sau substan\u021b\u0103, din care tutunul sau nicotina este un constituent, care este destinat\u0103 a fi utilizat\u0103 cu un sistem electronic de administrare a nicotinei sau cu vaporizatoare.<\/li>\n<li> Tutun nazal (cu efect de la 1 august 2016)<\/li>\n<li> Tutun de prizat oral (\u00eencep\u00e2nd cu 1 august 2016)<\/li>\n<li> Gutkha, khaini \u0219i zarda (cu efect de la 1 august 2016)<\/li>\n<li> Brichete de \u021big\u0103ri \u00een form\u0103 de pistol sau revolver<\/li>\n<p>Contr<\/p>\n<li> droguri \u0219i substan\u021be psihotrope<\/li>\n<li> Specii de animale s\u0103lbatice pe cale de dispari\u021bie \u0219i produse secundare ale acestora<\/li>\n<li> Petarde<\/li>\n<li> Articole, publica\u021bii \u0219i casete\/discuri video obscene<\/li>\n<li> Reproducerea de publica\u021bii, software, casete video, discuri video compacte, discuri laser, discuri sau casete protejate de drepturi de autor<\/li>\n<li> Materiale sedicioase \u0219i de tr\u0103dare<\/li>\n<\/ul>\n<p>Dac\u0103 nu sunte\u021bi sigur \u00een leg\u0103tur\u0103 cu orice alt articol, v\u0103 rug\u0103m s\u0103 verifica\u021bi cu ei \u00eenainte de a expedia bunurile.<\/p>\n<h2><span class=\"ez-toc-section\" id=\"Other_Useful_Guides_to_Singapore\"><\/span>Alte ghiduri utile pentru Singapore<span class=\"ez-toc-section-end\"><\/span><\/h2>\n<ul>\n<li> <a href=\"https:\/\/moverdb.com\/ro\/transport-maritim-de-containere\/singapore\/\">2024 Taxe de expediere a containerelor de transport maritim de marf\u0103 c\u0103tre \u0219i din Singapore<\/a><\/li>\n<li> <a href=\"https:\/\/moverdb.com\/ro\/moving-companies\/moving-companies-singapore\/\">22 Cele mai bune companii interna\u021bionale de mutare din Singapore<\/a><\/li>\n<li> <a href=\"https:\/\/moverdb.com\/ro\/expediere-catre-singapore\/\">Livrare \u00een Singapore: Ce trebuie s\u0103 \u0219ti\u021bi<\/a><\/li>\n<li> <a href=\"https:\/\/moverdb.com\/ro\/mutarea-in-singapore\/\">V\u0103 muta\u021bi \u00een Singapore? 2026 Costurile vie\u021bii \u0219i sfaturi de relocare<\/a><\/li>\n<li> <a href=\"https:\/\/moverdb.com\/ro\/mutarea-in-singapore\/best-places-to-live-singapore\/\">12 Cele mai bune locuri pentru a tr\u0103i \u00een Singapore<\/a><\/li>\n<li> <a href=\"https:\/\/moverdb.com\/ro\/mutarea-in-singapore\/living-in-singapore\/\">21 Secretele despre via\u021ba \u00een Singapore pe care trebuie s\u0103 le \u0219tii \u00eenainte de a te muta<\/a><\/li>\n<li> <a href=\"https:\/\/moverdb.com\/ro\/mutarea-in-singapore\/moving-to-singapore-from-the-united-states\/\">Mutarea \u00een Singapore din Statele Unite ale Americii<\/a><\/li>\n<\/ul>","protected":false},"excerpt":{"rendered":"<p>Whether you&#8217;re moving to Singapore or just looking to ship a few parcels, we can help you find the best shipping deals from the US, UK, Australia, Canada, France, Hong Kong, New Zealand, Philippines and most other countries around the world. You can get started by using the free quote form above. Shipping to Singapore [&hellip;]<\/p>\n","protected":false},"author":1,"featured_media":2676,"parent":0,"menu_order":0,"comment_status":"closed","ping_status":"closed","template":"","meta":{"_genesis_hide_title":false,"_genesis_hide_breadcrumbs":false,"_genesis_hide_singular_image":false,"_genesis_hide_footer_widgets":false,"_genesis_custom_body_class":"","_genesis_custom_post_class":"","_genesis_layout":"","footnotes":""},"class_list":{"0":"post-2675","1":"page","2":"type-page","3":"status-publish","4":"has-post-thumbnail","6":"entry"},"_links":{"self":[{"href":"https:\/\/moverdb.com\/ro\/wp-json\/wp\/v2\/pages\/2675","targetHints":{"allow":["GET"]}}],"collection":[{"href":"https:\/\/moverdb.com\/ro\/wp-json\/wp\/v2\/pages"}],"about":[{"href":"https:\/\/moverdb.com\/ro\/wp-json\/wp\/v2\/types\/page"}],"author":[{"embeddable":true,"href":"https:\/\/moverdb.com\/ro\/wp-json\/wp\/v2\/users\/1"}],"replies":[{"embeddable":true,"href":"https:\/\/moverdb.com\/ro\/wp-json\/wp\/v2\/comments?post=2675"}],"version-history":[{"count":17,"href":"https:\/\/moverdb.com\/ro\/wp-json\/wp\/v2\/pages\/2675\/revisions"}],"predecessor-version":[{"id":16941,"href":"https:\/\/moverdb.com\/ro\/wp-json\/wp\/v2\/pages\/2675\/revisions\/16941"}],"wp:featuredmedia":[{"embeddable":true,"href":"https:\/\/moverdb.com\/ro\/wp-json\/wp\/v2\/media\/2676"}],"wp:attachment":[{"href":"https:\/\/moverdb.com\/ro\/wp-json\/wp\/v2\/media?parent=2675"}],"curies":[{"name":"wp","href":"https:\/\/api.w.org\/{rel}","templated":true}]}}