{"id":265,"date":"2016-05-01T06:12:45","date_gmt":"2016-05-01T06:12:45","guid":{"rendered":"http:\/\/moverdb.com\/?page_id=265"},"modified":"2026-01-08T14:47:55","modified_gmt":"2026-01-08T14:47:55","slug":"cadogan-tate","status":"publish","type":"page","link":"https:\/\/moverdb.com\/ro\/cadogan-tate\/","title":{"rendered":"Cadogan Tate: Impresii despre mut\u0103ri \u0219i mut\u0103ri interna\u021bionale"},"content":{"rendered":"<p>Cadogan Tate ofer\u0103 clien\u021bilor s\u0103i urm\u0103toarele pentru mutarea lor \u00een str\u0103in\u0103tate. Aceste informa\u021bii sunt urmate de un profil al companiei \u0219i de recenzii de la diver\u0219i clien\u021bi.<\/p>\n<p><strong>Muta\u021bii personale \u0219i corporative<\/strong><\/p>\n<p>Servicii de gestionare a mut\u0103rii<\/p>\n<ul>\n<li> Planul de gestionare a mut\u0103rii<\/li>\n<li> Ambalare \u0219i despachetare<\/li>\n<li> Transport \u0219i expediere<\/li>\n<li> V\u0103muire <\/li>\n<li> Stocare - Acoperire global\u0103<\/li>\n<\/ul>\n<p><strong>Servicii de art\u0103 \u0219i servicii de t\u00e2rg<\/strong><\/p>\n<ul>\n<li> Depozitarea, transportul \u0219i mutarea operelor de art\u0103<\/li>\n<li> Deplasarea obiectelor de expozi\u021bie \u0219i de t\u00e2rg \u00een \u00eentreaga lume<\/li>\n<\/ul>\n<p><strong>Sarcini de specialitate<\/strong><\/p>\n<ul>\n<li> Mutarea vinurilor fine <\/li>\n<li> <a href=\"https:\/\/moverdb.com\/ro\/auto-transport-expediere\/\">Transportul autoturismelor<\/a>, b\u0103rci \u0219i aeronave<\/li>\n<li> Relocarea animalelor de companie<\/li>\n<\/ul>\n<p><strong>Servicii de designer de interior<\/strong><\/p>\n<ul>\n<li> Colectarea \u0219i mutarea la nivel mondial a oric\u0103rui articol de designer<\/li>\n<li> Ambalate\/\u00eencasetate \u0219i mutate de c\u0103tre un personal cu mare experien\u021b\u0103<\/li>\n<li> Transport \u0219i vam\u0103 <\/li>\n<li> Depozitare <\/li>\n<\/ul>\n<h2>Profilul companiei Cadogan Tate<\/h2>\n<p>Cadogan Tate a fost fondat\u0103 \u00een 1977 \u0219i are acum birouri \u00een <a href=\"https:\/\/moverdb.com\/ro\/moving-to-london\/\">Londra<\/a>, <a href=\"https:\/\/moverdb.com\/ro\/moving-to-france\/moving-to-paris\/\" data-internallinksmanager029f6b8e52c=\"407\" title=\"V\u0103 muta\u021bi la Paris? 2026 Costurile vie\u021bii \u0219i sfaturi de relocare\">Paris<\/a>, Cote d'Azure, <a href=\"https:\/\/moverdb.com\/ro\/se-muta-in-nc\/\">New York<\/a> \u0219i <a href=\"https:\/\/moverdb.com\/ro\/moving-to-los-angeles\/\">Los Angeles<\/a> Nu numai c\u0103 se ocup\u0103 de mutarea companiilor \u0219i a persoanelor fizice din \u00eentreaga lume, dar sunt \u0219i exper\u021bi \u00een mutarea operelor de art\u0103, a mobilierului \u0219i a obiectelor decorative concepute de cei mai importan\u021bi designeri din lume. <\/p>\n<p>Cadogan Tate se m\u00e2ndre\u0219te cu expertiza sa \u00een organizarea t\u00e2rgurilor de art\u0103, \u021bin\u00e2nd cont \u00een acela\u0219i timp de nevoile organizatorilor de t\u00e2rguri, ale cump\u0103r\u0103torilor \u0219i ale expozan\u021bilor. Logo-ul scris al Cadogan Tate este \"totul, tratat cu grij\u0103\".<br \/>\nCompania are o list\u0103 lung\u0103 de afilieri \u0219i acredit\u0103ri:<\/p>\n<ul>\n<li> <a href=\"https:\/\/moverdb.com\/ro\/asociatia-britanica-a-demolatorilor\/\">Asocia\u021bia Britanic\u0103 a Transportatorilor (BAR)<\/a><\/li>\n<li> <a href=\"https:\/\/moverdb.com\/ro\/mtc\/\">Clubul de tranzac\u021bionare The Movers<\/a> (<a href=\"https:\/\/moverdb.com\/ro\/mtc\/\" data-internallinksmanager029f6b8e52c=\"30\" title=\"Explica\u021bii despre Movers Trading Club (MTC)\">MTC<\/a>)<\/li>\n<li> Asocia\u021bia Muzeelor<\/li>\n<li> Ministerul de Interne - <a href=\"https:\/\/moverdb.com\/ro\/moving-to-the-uk\/\" data-internallinksmanager029f6b8e52c=\"93\" title=\"V\u0103 muta\u021bi \u00een Regatul Unit? 2026 Costurile vie\u021bii \u0219i sfaturi de relocare\">MAREA BRITANIE<\/a> Agen\u021bia de Frontier\u0103<\/li>\n<li> <a href=\"https:\/\/moverdb.com\/ro\/harmony-relocation-network\/\">Re\u021beaua de relocare Harmony<\/a><\/li>\n<li> <a href=\"https:\/\/moverdb.com\/ro\/sunt\/\">Asocia\u021bia Interna\u021bional\u0103 a Transportatorilor (IAM)<\/a><\/li>\n<li> <a href=\"https:\/\/moverdb.com\/ro\/fidi-faim\/\">FAIM<\/a><\/li>\n<li> Grupul UK Registrars<\/li>\n<li> <a href=\"https:\/\/moverdb.com\/ro\/fidi-faim\/\">Alian\u021ba global\u0103 FIDI<\/a><\/li>\n<li> Asocia\u021bia Comercian\u021bilor de Art\u0103 \u0219i Antichit\u0103\u021bi (LAPADA)<\/li>\n<li> Standard de servicii de calitate asigurat\u0103 - Mutarea comercial\u0103<\/li>\n<li> Standard de servicii de calitate asigurat\u0103 - Sisteme de management de mediu<\/li>\n<li> Standard de servicii de calitate asigurat\u0103 - Mutarea comercial\u0103<\/li>\n<li> Standard de servicii de calitate asigurat\u0103 - Mutarea mobilei de cas\u0103<\/li>\n<li> Standardul de servicii de calitate asigurat\u0103 - S\u0103n\u0103tate ocupa\u021bional\u0103 \u0219i sisteme de management<\/li>\n<li> Standardul de servicii de calitate asigurat\u0103 - Sisteme de management al calit\u0103\u021bii<\/li>\n<\/ul>\n<h2>Cadogan Tate Recenzii<\/h2>\n<p><strong>Pozitiv<\/strong><\/p>\n<ul>\n<li> \"<em>Am fost \u00eenc\u00e2nta\u021bi de Cadogan Tate. Nu a fost o alegere ieftin\u0103, dar dup\u0103 ce am lucrat cu ei, am decis c\u0103 au meritat fiecare b\u0103nu\u021b.\" <\/em> E. Perry prin <a href=\"http:\/\/www.reviewcentre.com\/Removal-Companies\/Cadogan-Tate-www-cadogantate-com-review_3591881\" target=\"_blank\" rel=\"noopener\">Centrul de recenzii<\/a>\n<\/li>\n<li> \"<em>Recent am comandat transport prin Cadogan Tate pentru mutarea mea din sudul \u021b\u0103rii. <a href=\"https:\/\/moverdb.com\/ro\/moving-to-france\/\" data-internallinksmanager029f6b8e52c=\"315\" title=\"V\u0103 muta\u021bi \u00een Fran\u021ba? 2026 Costurile vie\u021bii \u0219i sfaturi de relocare\">Fran\u021ba<\/a> la Londra. Totul a fost gestionat at\u00e2t de perfect.\" <\/em>Rivsalov via <a href=\"http:\/\/www.removalreviews.co.uk\/movingreviews\/smooth-and-efficient-with-a-professional-approach-5733\" target=\"_blank\" rel=\"noopener\">Recenzii de mutare<\/a>\n<\/li>\n<\/ul>\n<p><strong>Negativ<\/strong><\/p>\n<ul>\n<li> \"<em>Dezgustat de cantitatea de de\u0219euri de mediu pe care o produce aceast\u0103 companie. Cutii cu articole nefragilizate, cum ar fi pernele \u0219i lenjeria de pat, umplute p\u00e2n\u0103 la refuz cu ambalaje de h\u00e2rtie nou-nou\u021be.\" <\/em>Carl Lyon via <a href=\"http:\/\/www.reviewcentre.com\/Removal-Companies\/Cadogan-Tate-www-cadogantate-com-review_3349791\" target=\"_blank\" rel=\"noopener\">Centrul de recenzii<\/a>\n<\/li>\n<li> \"<em>Am folosit Cadogan Tate pentru o mutare de la Londra \u00eenapoi la <a href=\"https:\/\/moverdb.com\/ro\/moving-to-the-united-states\/\" data-internallinksmanager029f6b8e52c=\"94\" title=\"V\u0103 muta\u021bi \u00een Statele Unite? 2026 Costurile vie\u021bii \u0219i sfaturi de relocare\">SUA<\/a>. Cei care s-au mutat au fost foarte profesioni\u0219ti \u0219i prieteno\u0219i. Cu toate acestea, biroul din spate are probleme serioase.\" <\/em> D J Skillman prin <a href=\"http:\/\/www.removalreviews.co.uk\/movers\/cadogan-tate-311\" target=\"_blank\" rel=\"noopener\">Recenzii de mutare<\/a>\n<\/li>\n<\/ul>\n<div itemprop=\"review\" itemscope itemtype=\"http:\/\/schema.org\/Review\">\n<span itemprop=\"author\" itemscope=\"\" itemtype=\"http:\/\/schema.org\/Organization\"><span itemprop=\"name\">MoverDB.com<\/span><\/span> Revizuirea online a site-ului pentru <span itemprop=\"itemreviewed\" itemscope=\"\" itemtype=\"http:\/\/schema.org\/Brand\"><span itemprop=\"name\">Cadogan Tate<\/span><\/span>:<\/p>\n<ol>\n<li> Detalii de contact clare pe site-ul web (inclusiv num\u0103rul de telefon): <strong>Da<\/strong><\/li>\n<li> U\u0219or de ob\u021binut <a href=\"https:\/\/moverdb.com\/ro\/citate\/\">citate de mut\u0103ri interna\u021bionale<\/a>? (Formular de solicitare a unui deviz online): <strong>Da<\/strong><\/li>\n<li> Informa\u021bii clare pe site-ul web: <strong>Par\u021bial\u0103.<\/strong> Site-ul nu con\u021bine multe informa\u021bii detaliate. Acesta este furnizat \u00een faza de planificare.<\/li>\n<li> Apartenen\u021ba la organiza\u021bii interna\u021bionale recunoscute \u00een domeniul mut\u0103rii: <strong>Da<\/strong>, a se vedea mai sus.<\/li>\n<li> Lista de clien\u021bi \u0219i\/sau m\u0103rturii ale clien\u021bilor anteriori: <strong>Par\u021bial\u0103.<\/strong> Pe site exist\u0103 studii de caz care descriu diverse mi\u0219c\u0103ri, dar nu exist\u0103 nume de clien\u021bi sau m\u0103rturii ale clien\u021bilor.<\/li>\n<\/ol>\n<div itemprop=\"reviewRating\" itemscope itemtype=\"http:\/\/schema.org\/Rating\"><meta itemprop=\"worstRating\" content = \"0\" \/><meta itemprop=\"bestRating\" content=\"5\" \/><meta itemprop=\"ratingValue\" content=\"4\"><\/div>\n<p><strong>Scor general: 4\/5<\/strong><br \/>\n<strong>Data revizuirii:<\/strong> <span itemprop=\"datePublished\" content=\"2016-05-01\">01\/05\/2016<\/span>\n<\/div>\n<p>Mai multe despre <a href=\"https:\/\/moverdb.com\/ro\/mutari-internationale\/\">Companii de mut\u0103ri din Marea Britanie<\/a> \u0219i a noastr\u0103 <a href=\"https:\/\/moverdb.com\/ro\/comentarii\/\">procesul de revizuire explicat<\/a>.<\/p>\n<p><strong>Site web:<\/strong> <a href=\"https:\/\/www.cadogantate.com\/en\" target=\"_blank\" rel=\"noopener\">https:\/\/www.cadogantate.com\/en<\/a><\/p>","protected":false},"excerpt":{"rendered":"<p>Cadogan Tate offer their clients the following for their move abroad. This information is followed by a company profile and reviews from various clients. Personal and Corporate Moves Move Management Services Move management plan Packing and unpacking Transportation and shipping Customs clearance Storage &#8211; Global coverage Art Services and Fair Services Fine art storage, shipping [&hellip;]<\/p>\n","protected":false},"author":1,"featured_media":0,"parent":0,"menu_order":0,"comment_status":"closed","ping_status":"closed","template":"","meta":{"_genesis_hide_title":false,"_genesis_hide_breadcrumbs":false,"_genesis_hide_singular_image":false,"_genesis_hide_footer_widgets":false,"_genesis_custom_body_class":"","_genesis_custom_post_class":"","_genesis_layout":"","footnotes":""},"class_list":{"0":"post-265","1":"page","2":"type-page","3":"status-publish","5":"entry"},"_links":{"self":[{"href":"https:\/\/moverdb.com\/ro\/wp-json\/wp\/v2\/pages\/265","targetHints":{"allow":["GET"]}}],"collection":[{"href":"https:\/\/moverdb.com\/ro\/wp-json\/wp\/v2\/pages"}],"about":[{"href":"https:\/\/moverdb.com\/ro\/wp-json\/wp\/v2\/types\/page"}],"author":[{"embeddable":true,"href":"https:\/\/moverdb.com\/ro\/wp-json\/wp\/v2\/users\/1"}],"replies":[{"embeddable":true,"href":"https:\/\/moverdb.com\/ro\/wp-json\/wp\/v2\/comments?post=265"}],"version-history":[{"count":17,"href":"https:\/\/moverdb.com\/ro\/wp-json\/wp\/v2\/pages\/265\/revisions"}],"predecessor-version":[{"id":6190,"href":"https:\/\/moverdb.com\/ro\/wp-json\/wp\/v2\/pages\/265\/revisions\/6190"}],"wp:attachment":[{"href":"https:\/\/moverdb.com\/ro\/wp-json\/wp\/v2\/media?parent=265"}],"curies":[{"name":"wp","href":"https:\/\/api.w.org\/{rel}","templated":true}]}}