{"id":225,"date":"2016-03-28T16:58:52","date_gmt":"2016-03-28T16:58:52","guid":{"rendered":"http:\/\/moverdb.com\/?page_id=225"},"modified":"2026-01-08T14:47:25","modified_gmt":"2026-01-08T14:47:25","slug":"despre","status":"publish","type":"page","link":"https:\/\/moverdb.com\/ro\/about\/","title":{"rendered":"Despre"},"content":{"rendered":"<p>MoverDB.com a fost creat pentru a v\u0103 oferi informa\u021bii impar\u021biale despre <a href=\"https:\/\/moverdb.com\/ro\/moving-companies\/\" data-internallinksmanager029f6b8e52c=\"79\" title=\"Top 25 Companii interna\u021bionale de mutare online\">companii interna\u021bionale de mutare<\/a> \u0219i costurile asociate cu mutarea \u00een str\u0103in\u0103tate. <\/p>\n<p>Pentru a v\u0103 ajuta, am creat c\u00e2teva ghiduri utile pentru a v\u0103 ajuta s\u0103 \u00eencepe\u021bi. Pute\u021bi afla mai multe despre:<\/p>\n<ul>\n<li> <a href=\"https:\/\/moverdb.com\/ro\/transport-maritim-de-containere\/\">Tarife de transport maritim interna\u021bional de containere<\/a><\/li>\n<li> <a href=\"https:\/\/moverdb.com\/ro\/moving-companies\/\">Top 25 Companii interna\u021bionale de mutare online<\/a><\/li>\n<li> <a href=\"https:\/\/moverdb.com\/ro\/companii-de-transport-maritim\/\">Top 20 Companii interna\u021bionale de transport maritim<\/a><\/li>\n<li> <a href=\"https:\/\/moverdb.com\/ro\/mutari-internationale\/\">Mut\u0103ri interna\u021bionale: Top 12 companii din Marea Britanie<\/a><\/li>\n<li> <a href=\"https:\/\/moverdb.com\/ro\/costuri-de-mutare\/\">Costuri de mutare interna\u021bional\u0103: 9 lucruri pe care nu le pute\u021bi ignora<\/a><\/li>\n<li> <a href=\"https:\/\/moverdb.com\/ro\/expeditor-de-marfuri\/\">Freight Forwarder &amp; NVOCC Ghidul interna\u021bional de costuri \u0219i companii<\/a><\/li>\n<li> <a href=\"https:\/\/moverdb.com\/ro\/citate\/\">Cota\u021bii de mutare interna\u021bional\u0103: 12 moduri de a compara firma de mut\u0103ri<\/a><\/li>\n<\/ul>\n<p>De asemenea, merit\u0103 men\u021bionat faptul c\u0103 pute\u021bi utiliza formularul din partea de sus a paginii pentru a solicita o ofert\u0103 de la p\u00e2n\u0103 la 6 companii de mut\u0103ri interna\u021bionale. Am \u00eencheiat un parteneriat cu <a href=\"https:\/\/moverdb.com\/ro\/international-removals\/\" data-internallinksmanager029f6b8e52c=\"27\" title=\"36 Cele mai bune companii de mut\u0103ri interna\u021bionale din Marea Britanie\">Muta\u021bii interna\u021bionale<\/a> Direct pentru a v\u0103 ajuta s\u0103 v\u0103 asigura\u021bi c\u0103 sunte\u021bi pus \u00een leg\u0103tur\u0103 cu unele dintre cele mai bune companii din lume. <\/p>\n<p>Dac\u0103 este ceva ce a\u021bi dori s\u0103 vede\u021bi pe site-ul nostru, v\u0103 rug\u0103m s\u0103 nu ezita\u021bi s\u0103 <a href=\"https:\/\/moverdb.com\/ro\/contact-us\/\">contacta\u021bi-ne<\/a>.<\/p>","protected":false},"excerpt":{"rendered":"<p>MoverDB.com was set-up to give you unbiased information about international moving companies and the costs associated with moving overseas. To help you we&#8217;ve created some handy guides to get you started. You can find out about: International Container Shipping Rates Top 25 International Moving Companies Online Top 20 International Shipping Companies International Removals: Top 12 [&hellip;]<\/p>\n","protected":false},"author":1,"featured_media":0,"parent":0,"menu_order":0,"comment_status":"closed","ping_status":"closed","template":"","meta":{"_genesis_hide_title":false,"_genesis_hide_breadcrumbs":false,"_genesis_hide_singular_image":false,"_genesis_hide_footer_widgets":false,"_genesis_custom_body_class":"","_genesis_custom_post_class":"","_genesis_layout":"","footnotes":""},"class_list":{"0":"post-225","1":"page","2":"type-page","3":"status-publish","5":"entry"},"_links":{"self":[{"href":"https:\/\/moverdb.com\/ro\/wp-json\/wp\/v2\/pages\/225","targetHints":{"allow":["GET"]}}],"collection":[{"href":"https:\/\/moverdb.com\/ro\/wp-json\/wp\/v2\/pages"}],"about":[{"href":"https:\/\/moverdb.com\/ro\/wp-json\/wp\/v2\/types\/page"}],"author":[{"embeddable":true,"href":"https:\/\/moverdb.com\/ro\/wp-json\/wp\/v2\/users\/1"}],"replies":[{"embeddable":true,"href":"https:\/\/moverdb.com\/ro\/wp-json\/wp\/v2\/comments?post=225"}],"version-history":[{"count":4,"href":"https:\/\/moverdb.com\/ro\/wp-json\/wp\/v2\/pages\/225\/revisions"}],"predecessor-version":[{"id":5337,"href":"https:\/\/moverdb.com\/ro\/wp-json\/wp\/v2\/pages\/225\/revisions\/5337"}],"wp:attachment":[{"href":"https:\/\/moverdb.com\/ro\/wp-json\/wp\/v2\/media?parent=225"}],"curies":[{"name":"wp","href":"https:\/\/api.w.org\/{rel}","templated":true}]}}