{"id":17398,"date":"2024-07-03T09:10:49","date_gmt":"2024-07-03T09:10:49","guid":{"rendered":"https:\/\/moverdb.com\/?page_id=17398"},"modified":"2026-01-08T13:18:45","modified_gmt":"2026-01-08T13:18:45","slug":"u-haul-cost","status":"publish","type":"page","link":"https:\/\/moverdb.com\/ro\/u-haul-cost\/","title":{"rendered":"C\u00e2t cost\u0103 U-Haul? Ghidul economiilor 2024"},"content":{"rendered":"<figure class=\"wp-block-image size-full\"><img loading=\"lazy\" decoding=\"async\" width=\"1000\" height=\"667\" src=\"https:\/\/moverdb.com\/wp-content\/uploads\/u-haul-moving-1.jpg\" alt=\"\" class=\"wp-image-11040\" srcset=\"https:\/\/moverdb.com\/wp-content\/uploads\/u-haul-moving-1.jpg 1000w, https:\/\/moverdb.com\/wp-content\/uploads\/u-haul-moving-1-300x200.jpg 300w, https:\/\/moverdb.com\/wp-content\/uploads\/u-haul-moving-1-18x12.jpg 18w, https:\/\/moverdb.com\/wp-content\/uploads\/u-haul-moving-1-600x400.jpg 600w\" sizes=\"auto, (max-width: 1000px) 100vw, 1000px\" \/><\/figure>\r\n\r\n\r\n\r\n<p>U-Haul r\u0103m\u00e2ne o alegere popular\u0103 \u00een r\u00e2ndul celor care fac mut\u0103ri DIY, dar c\u00e2t cost\u0103 de fapt? \u00cen acest articol, vom diseca modelele de pre\u021buri ale U-Haul, analiz\u00e2nd diferi\u021bii factori care contribuie la costul total - \u0219i v\u0103 vom oferi sfaturi de mutare rentabile, foarte importante.<\/p>\r\n\r\n\r\n\r\n<p>Ghidul nostru va acoperi urm\u0103toarele:<\/p>\r\n\r\n\r\n\r\n<ul class=\"wp-block-list\">\r\n<li>C\u00e2t cost\u0103 U-Haul<\/li>\r\n\r\n\r\n\r\n<li>Ce afecteaz\u0103 costul U-Haul<\/li>\r\n\r\n\r\n\r\n<li>Cum s\u0103 economisi\u021bi bani pe U-Haul<\/li>\r\n\r\n\r\n\r\n<li>Ce implic\u0103 utilizarea U-Haul<\/li>\r\n\r\n\r\n\r\n<li>Cum s\u0103 \u0219ti\u021bi dac\u0103 U-Haul este cea mai bun\u0103 alegere pentru dumneavoastr\u0103<\/li>\r\n\r\n\r\n\r\n<li>Cum s\u0103 g\u0103si\u021bi \u0219i s\u0103 angaja\u021bi U-Haul<\/li>\r\n<\/ul>\r\n\r\n\r\n\r\n<p>Dac\u0103 dori\u021bi s\u0103 men\u021bine\u021bi costurile la un nivel sc\u0103zut \u0219i s\u0103 merge\u021bi pe o cale DIY pentru mutarea casei dvs., utilizarea U-Haul poate fi o solu\u021bie excelent\u0103. S\u0103 \u00eencepem.<\/p>\r\n\r\n\r\n\r\n<div id=\"ez-toc-container\" class=\"ez-toc-v2_0_82_2 ez-toc-wrap-left counter-hierarchy ez-toc-counter ez-toc-transparent ez-toc-container-direction\">\n<div class=\"ez-toc-title-container\">\n<p class=\"ez-toc-title\" style=\"cursor:inherit\">Sec\u021biuni<\/p>\n<span class=\"ez-toc-title-toggle\"><a href=\"#\" class=\"ez-toc-pull-right ez-toc-btn ez-toc-btn-xs ez-toc-btn-default ez-toc-toggle\" aria-label=\"Comuta\u021bi tabelul de con\u021binut\"><span class=\"ez-toc-js-icon-con\"><span class=\"\"><span class=\"eztoc-hide\" style=\"display:none;\">Toggle<\/span><span class=\"ez-toc-icon-toggle-span\"><svg style=\"fill: #999;color:#999\" xmlns=\"http:\/\/www.w3.org\/2000\/svg\" class=\"list-377408\" width=\"20px\" height=\"20px\" viewbox=\"0 0 24 24\" fill=\"none\"><path d=\"M6 6H4v2h2V6zm14 0H8v2h12V6zM4 11h2v2H4v-2zm16 0H8v2h12v-2zM4 16h2v2H4v-2zm16 0H8v2h12v-2z\" fill=\"currentColor\"><\/path><\/svg><svg style=\"fill: #999;color:#999\" class=\"arrow-unsorted-368013\" xmlns=\"http:\/\/www.w3.org\/2000\/svg\" width=\"10px\" height=\"10px\" viewbox=\"0 0 24 24\" version=\"1.2\" baseprofile=\"tiny\"><path d=\"M18.2 9.3l-6.2-6.3-6.2 6.3c-.2.2-.3.4-.3.7s.1.5.3.7c.2.2.4.3.7.3h11c.3 0 .5-.1.7-.3.2-.2.3-.5.3-.7s-.1-.5-.3-.7zM5.8 14.7l6.2 6.3 6.2-6.3c.2-.2.3-.5.3-.7s-.1-.5-.3-.7c-.2-.2-.4-.3-.7-.3h-11c-.3 0-.5.1-.7.3-.2.2-.3.5-.3.7s.1.5.3.7z\"\/><\/svg><\/span><\/span><\/span><\/a><\/span><\/div>\n<nav><ul class='ez-toc-list ez-toc-list-level-1 eztoc-toggle-hide-by-default' ><li class='ez-toc-page-1 ez-toc-heading-level-2'><a class=\"ez-toc-link ez-toc-heading-1\" href=\"https:\/\/moverdb.com\/ro\/u-haul-cost\/#How_Much_Does_U-Haul_Cost\" >C\u00e2t cost\u0103 U-Haul?<\/a><\/li><li class='ez-toc-page-1 ez-toc-heading-level-2'><a class=\"ez-toc-link ez-toc-heading-2\" href=\"https:\/\/moverdb.com\/ro\/u-haul-cost\/#What_Affects_the_Cost_of_U-Haul\" >Ce influen\u021beaz\u0103 costul U-Haul?<\/a><\/li><li class='ez-toc-page-1 ez-toc-heading-level-2'><a class=\"ez-toc-link ez-toc-heading-3\" href=\"https:\/\/moverdb.com\/ro\/u-haul-cost\/#How_Can_I_Save_Money_on_U-Haul\" >Cum pot economisi bani pe U-Haul?<\/a><\/li><li class='ez-toc-page-1 ez-toc-heading-level-2'><a class=\"ez-toc-link ez-toc-heading-4\" href=\"https:\/\/moverdb.com\/ro\/u-haul-cost\/#Whats_Involved_in_Hiring_a_U-Haul\" >Ce implic\u0103 \u00eenchirierea unui U-Haul?<\/a><\/li><li class='ez-toc-page-1 ez-toc-heading-level-2'><a class=\"ez-toc-link ez-toc-heading-5\" href=\"https:\/\/moverdb.com\/ro\/u-haul-cost\/#Is_a_U-Haul_the_Best_Choice_for_Me\" >Este un U-Haul cea mai bun\u0103 alegere pentru mine?<\/a><\/li><li class='ez-toc-page-1 ez-toc-heading-level-2'><a class=\"ez-toc-link ez-toc-heading-6\" href=\"https:\/\/moverdb.com\/ro\/u-haul-cost\/#Final_Checklist\" >Lista de verificare final\u0103<\/a><\/li><li class='ez-toc-page-1 ez-toc-heading-level-2'><a class=\"ez-toc-link ez-toc-heading-7\" href=\"https:\/\/moverdb.com\/ro\/u-haul-cost\/#Frequently_Asked_Questions\" >\u00centreb\u0103ri frecvente<\/a><ul class='ez-toc-list-level-3' ><li class='ez-toc-heading-level-3'><a class=\"ez-toc-link ez-toc-heading-8\" href=\"https:\/\/moverdb.com\/ro\/u-haul-cost\/#How_Do_I_Reserve_a_U-Haul_Truck\" >Cum rezerv un camion U-Haul?<\/a><\/li><li class='ez-toc-page-1 ez-toc-heading-level-3'><a class=\"ez-toc-link ez-toc-heading-9\" href=\"https:\/\/moverdb.com\/ro\/u-haul-cost\/#What_Do_I_Need_to_Bring_for_Pickup\" >Ce trebuie s\u0103 aduc pentru preluare?<\/a><\/li><li class='ez-toc-page-1 ez-toc-heading-level-3'><a class=\"ez-toc-link ez-toc-heading-10\" href=\"https:\/\/moverdb.com\/ro\/u-haul-cost\/#Can_I_Extend_My_Rental_Period\" >Pot s\u0103-mi prelungesc perioada de \u00eenchiriere?<\/a><\/li><li class='ez-toc-page-1 ez-toc-heading-level-3'><a class=\"ez-toc-link ez-toc-heading-11\" href=\"https:\/\/moverdb.com\/ro\/u-haul-cost\/#What_Should_I_Do_if_I_Encounter_Issues_During_the_Rental\" >Ce trebuie s\u0103 fac dac\u0103 \u00eent\u00e2mpin probleme \u00een timpul \u00eenchirierii?<\/a><\/li><\/ul><\/li><\/ul><\/nav><\/div>\n<h2 class=\"wp-block-heading\"><span class=\"ez-toc-section\" id=\"How_Much_Does_U-Haul_Cost\"><\/span><strong>C\u00e2t cost\u0103 U-Haul?<\/strong><span class=\"ez-toc-section-end\"><\/span><\/h2>\r\n\r\n\r\n\r\n<p>U-Haul, un nume cunoscut \u00een industria mut\u0103rilor, ofer\u0103 servicii de mutare cu containere, precum \u0219i servicii de \u00eenchiriere de vehicule. De\u0219i ar putea fi asociat\u0103 cu \u00eenchirierea de camioane tradi\u021bionale, serviciul lor de containere ofer\u0103 o solu\u021bie alternativ\u0103 la mutarea casei.<\/p>\r\n\r\n\r\n\r\n<p>Recunoa\u0219terea m\u0103rcii U-Haul \u0219i disponibilitatea la nivel na\u021bional contribuie la pre\u021bul s\u0103u mai ridicat \u00een compara\u021bie cu concuren\u021bii s\u0103i. Pentru a \u00eencepe, s\u0103 arunc\u0103m o privire la costul mediu al \u00eenchirierii U-Haul.<\/p>\r\n\r\n\r\n\n<table id=\"tablepress-360\" class=\"tablepress tablepress-id-360\">\n<thead>\n<tr class=\"row-1\">\n\t<th class=\"column-1\">Distan\u021ba<\/th><th class=\"column-2\">Costuri estimate<\/th>\n<\/tr>\n<\/thead>\n<tbody class=\"row-striping row-hover\">\n<tr class=\"row-2\">\n\t<td class=\"column-1\">50 de mile<\/td><td class=\"column-2\">$25 + $0.99 pe kilometru<\/td>\n<\/tr>\n<tr class=\"row-3\">\n\t<td class=\"column-1\">450 mile<\/td><td class=\"column-2\">$600+<\/td>\n<\/tr>\n<tr class=\"row-4\">\n\t<td class=\"column-1\">1,000+ mile<\/td><td class=\"column-2\">$1,600 p\u00e2n\u0103 la $2,300+<\/td>\n<\/tr>\n<\/tbody>\n<\/table>\n<!-- #tablepress-360 from cache -->\n\r\n\r\n\r\n<p>Pentru o c\u0103l\u0103torie scurt\u0103 de 50 de mile, costul este de aproximativ $25 pentru \u00eenchiriere \u0219i $0,99 pe mil\u0103. C\u0103l\u0103toriile mai mari, de peste 1.000 de mile, pot costa \u00eentre $1.600 \u0219i $2.300, \u00een func\u021bie de distan\u021ba total\u0103 parcurs\u0103.<\/p>\r\n\r\n\r\n\r\n<p>Pentru compara\u021bia noastr\u0103 de costuri, ne vom uita la diferi\u021bi furnizori de \u00eenchiriere de vehicule de bricolaj \u0219i de unit\u0103\u021bi de depozitare pentru a compara \u0219i contrasta pre\u021burile acestora, pentru a v\u0103 oferi o idee bine \u00eenchegat\u0103 a tipului de costuri pe care le ve\u021bi \u00eent\u00e2lni atunci c\u00e2nd dori\u021bi s\u0103 angaja\u021bi servicii de mutare.<\/p>\r\n\r\n\r\n\n<table id=\"tablepress-359\" class=\"tablepress tablepress-id-359\">\n<thead>\n<tr class=\"row-1\">\n\t<th class=\"column-1\">Furnizor de servicii<\/th><th class=\"column-2\">Pre\u021b mediu pentru \u00eenchirierea de containere\/vehicule<\/th>\n<\/tr>\n<\/thead>\n<tbody class=\"row-striping row-hover\">\n<tr class=\"row-2\">\n\t<td class=\"column-1\">PODS<\/td><td class=\"column-2\">$6,100+<\/td>\n<\/tr>\n<tr class=\"row-3\">\n\t<td class=\"column-1\">U-Pack<\/td><td class=\"column-2\">$3,000+<\/td>\n<\/tr>\n<tr class=\"row-4\">\n\t<td class=\"column-1\">1-800-PACK-RAT<\/td><td class=\"column-2\">$3,000+<\/td>\n<\/tr>\n<tr class=\"row-5\">\n\t<td class=\"column-1\">zippyshell<\/td><td class=\"column-2\">$2,900+<\/td>\n<\/tr>\n<tr class=\"row-6\">\n\t<td class=\"column-1\">U-Haul<\/td><td class=\"column-2\">$3,500+<\/td>\n<\/tr>\n<tr class=\"row-7\">\n\t<td class=\"column-1\">SMARTBOX<\/td><td class=\"column-2\">$3,100+<\/td>\n<\/tr>\n<tr class=\"row-8\">\n\t<td class=\"column-1\">U-Box<\/td><td class=\"column-2\">$3,700+ (pentru a include \u00eenchirierea vehiculului \u0219i cutia)<\/td>\n<\/tr>\n<\/tbody>\n<\/table>\n<!-- #tablepress-359 from cache -->\n\r\n\r\n\r\n<p>Gama de pre\u021buri de la al\u021bi furnizori se situeaz\u0103 \u00eentre $2,900 la cel mai sc\u0103zut nivel \u0219i $6,100+ la cel mai ridicat nivel al spectrului.<\/p>\r\n\r\n\r\n\r\n<h2 class=\"wp-block-heading\"><span class=\"ez-toc-section\" id=\"What_Affects_the_Cost_of_U-Haul\"><\/span><strong>Ce influen\u021beaz\u0103 costul U-Haul?<\/strong><span class=\"ez-toc-section-end\"><\/span><\/h2>\r\n\r\n\r\n\r\n<p>Acum c\u0103 \u0219tim c\u00e2teva dintre pre\u021burile asociate cu \u00eenchirierea U-Haul, s\u0103 analiz\u0103m modalit\u0103\u021bile prin care pute\u021bi afecta costurile, astfel \u00eenc\u00e2t s\u0103 fi\u021bi con\u0219tien\u021bi de fapte \u00eenainte de a v\u0103 implica.<\/p>\r\n\r\n\r\n\r\n<p><strong>Distan\u021ba de deplasare<\/strong><\/p>\r\n\r\n\r\n\r\n<p>Dup\u0103 cum v-a\u021bi a\u0219tepta, distan\u021ba pe care inten\u021biona\u021bi s\u0103 o parcurge\u021bi cu camionul U-Haul \u00eenchiriat influen\u021beaz\u0103 semnificativ costul. Distan\u021bele mai lungi conduc, \u00een general, la tarife de \u00eenchiriere mai mari din cauza consumului crescut de benzin\u0103 \u0219i a uzurii vehiculului.<\/p>\r\n\r\n\r\n\r\n<p><strong>M\u0103rimea \u0219i tipul camionului<\/strong><\/p>\r\n\r\n\r\n\r\n<p>Dimensiunea \u0219i tipul de camion U-Haul pe care le alege\u021bi vor afecta costul de \u00eenchiriere. Camioanele mai mari, cu mai mult spa\u021biu de \u00eenc\u0103rcare, au de obicei un pre\u021b de \u00eenchiriere mai mare comparativ cu op\u021biunile mai mici.<\/p>\r\n\r\n\r\n\r\n<p><strong>Durata \u00eenchirierii<\/strong><\/p>\r\n\r\n\r\n\r\n<p>Durata de timp pentru care ave\u021bi nevoie de camionul U-Haul joac\u0103 un rol \u00een costurile asociate, deoarece perioadele de \u00eenchiriere mai lungi duc la costuri totale mai mari. U-Haul ofer\u0103 op\u021biuni de \u00eenchiriere pentru diferite durate, de la c\u00e2teva ore la mai multe zile, ajut\u00e2ndu-v\u0103 s\u0103 g\u0103si\u021bi un serviciu care s\u0103 se potriveasc\u0103 situa\u021biei dumneavoastr\u0103 individuale.<\/p>\r\n\r\n\r\n\r\n<p><strong>Accesorii \u0219i complet\u0103ri pentru mutare<\/strong><\/p>\r\n\r\n\r\n\r\n<p>Selectarea de servicii suplimentare \u0219i accesorii de mutare, cum ar fi materiale de ambalare, c\u0103rucioare \u0219i tampoane pentru mobil\u0103, poate cre\u0219te costul de \u00eenchiriere. Aceste servicii suplimentare v\u0103 pot ajuta s\u0103 v\u0103 eficientiza\u021bi mutarea, dar pot contribui la cre\u0219terea cheltuielilor.<\/p>\r\n\r\n\r\n\r\n<p><strong>Loca\u021bii de preluare \u0219i predare<\/strong><\/p>\r\n\r\n\r\n\r\n<p>Loca\u021biile de preluare \u0219i predare pentru \u00eenchirierea U-Haul influen\u021beaz\u0103 costul, deoarece tarifele de \u00eenchiriere pot varia \u00een func\u021bie de cererea \u0219i disponibilitatea camioanelor \u00een anumite loca\u021bii. De asemenea, tarifele pot diferi \u00eentre \u00eenchirierile locale \u0219i cele dus-\u00eentors, ceea ce este important de luat \u00een considerare.<\/p>\r\n\r\n\r\n\r\n<h2 class=\"wp-block-heading\"><span class=\"ez-toc-section\" id=\"How_Can_I_Save_Money_on_U-Haul\"><\/span><strong>Cum pot economisi bani pe U-Haul?<\/strong><span class=\"ez-toc-section-end\"><\/span><\/h2>\r\n\r\n\r\n\r\n<figure class=\"wp-block-image size-full\"><img loading=\"lazy\" decoding=\"async\" width=\"1000\" height=\"667\" src=\"https:\/\/moverdb.com\/wp-content\/uploads\/u-haul-moving-2.jpg\" alt=\"\" class=\"wp-image-11041\" srcset=\"https:\/\/moverdb.com\/wp-content\/uploads\/u-haul-moving-2.jpg 1000w, https:\/\/moverdb.com\/wp-content\/uploads\/u-haul-moving-2-300x200.jpg 300w, https:\/\/moverdb.com\/wp-content\/uploads\/u-haul-moving-2-18x12.jpg 18w, https:\/\/moverdb.com\/wp-content\/uploads\/u-haul-moving-2-600x400.jpg 600w\" sizes=\"auto, (max-width: 1000px) 100vw, 1000px\" \/><\/figure>\r\n\r\n\r\n\r\n<p>Acum cunoa\u0219tem modalit\u0103\u021bile prin care U-Hauls poate cre\u0219te pre\u021bul - a\u0219a c\u0103 haide\u021bi s\u0103 contracar\u0103m acest lucru cu c\u00e2teva trucuri inteligente pentru a v\u0103 \u021bine cheltuielile sub control.<\/p>\r\n\r\n\r\n\r\n<p>Atunci c\u00e2nd este posibil, opta\u021bi pentru un camion mai mic, deoarece alegerea unui camion care s\u0103 se potriveasc\u0103 bunurilor dvs. f\u0103r\u0103 spa\u021biu excesiv poate duce la costuri de \u00eenchiriere mai mici. \u00cen general, camioanele mai mici au tarife de \u00eenchiriere mai accesibile.<\/p>\r\n\r\n\r\n\r\n<p>Dac\u0103 \u00eenchiria\u021bi pe baza kilometrajului, planifica\u021bi cel mai eficient traseu p\u00e2n\u0103 la destina\u021bie pentru a reduce la minimum distan\u021ba parcurs\u0103. Evita\u021bi ocolurile \u0219i kilometrajul inutil pentru a men\u021bine costurile sub control.<\/p>\r\n\r\n\r\n\r\n<p>\u00cen mod similar, selecta\u021bi durata de \u00eenchiriere potrivit\u0103 pentru nevoile dvs. Dac\u0103 v\u0103 pute\u021bi finaliza mutarea \u00eentr-un interval de timp mai scurt, ve\u021bi pl\u0103ti mai pu\u021bine taxe de \u00eenchiriere - dar fi\u021bi atent la programul dvs. \u0219i la orice optimism excesiv, deoarece taxele de \u00eent\u00e2rziere pot fi la fel de d\u0103un\u0103toare ca o perioad\u0103 de \u00eenchiriere extins\u0103.<\/p>\r\n\r\n\r\n\r\n<p>Mutarea \u00een afara sezonului de v\u00e2rf sau \u00een zilele lucr\u0103toare poate duce la tarife de \u00eenchiriere mai mici. Atunci c\u00e2nd este posibil, evita\u021bi weekendurile \u0219i lunile de v\u00e2rf ale mut\u0103rilor, cum ar fi vara, pentru a beneficia de tarife poten\u021bial reduse.<\/p>\r\n\r\n\r\n\r\n<p>\u00cen cele din urm\u0103, \u00een timp ce U-Haul ofer\u0103 diverse accesorii de mutare \u0219i add-on-uri, alege\u021bi doar ceea ce <em>cu adev\u0103rat<\/em> nevoie. Renun\u021barea la elementele suplimentare inutile, cum ar fi echipamentele speciale, v\u0103 poate ajuta s\u0103 reduce\u021bi costul total.<\/p>\r\n\r\n\r\n\r\n<h2 class=\"wp-block-heading\"><span class=\"ez-toc-section\" id=\"Whats_Involved_in_Hiring_a_U-Haul\"><\/span><strong>Ce este implicat \u00een<\/strong> \u00cenchiria\u021bi un U-Haul?<span class=\"ez-toc-section-end\"><\/span><\/h2>\r\n\r\n\r\n\r\n<figure class=\"wp-block-image size-full\"><img loading=\"lazy\" decoding=\"async\" width=\"1000\" height=\"654\" src=\"https:\/\/moverdb.com\/wp-content\/uploads\/u-haul-moving-3.jpg\" alt=\"\" class=\"wp-image-11042\" srcset=\"https:\/\/moverdb.com\/wp-content\/uploads\/u-haul-moving-3.jpg 1000w, https:\/\/moverdb.com\/wp-content\/uploads\/u-haul-moving-3-300x196.jpg 300w, https:\/\/moverdb.com\/wp-content\/uploads\/u-haul-moving-3-18x12.jpg 18w, https:\/\/moverdb.com\/wp-content\/uploads\/u-haul-moving-3-600x392.jpg 600w\" sizes=\"auto, (max-width: 1000px) 100vw, 1000px\" \/><\/figure>\r\n\r\n\r\n\r\n<p>Primul pas \u00een \u00eenchirierea unui U-Haul este probabil cel mai dificil - trebuie s\u0103 determina\u021bi dimensiunea camionului potrivit\u0103 pentru bunurile dvs. \u0219i s\u0103 calcula\u021bi distan\u021ba pe care o ve\u021bi parcurge.<\/p>\r\n\r\n\r\n\r\n<p>Odat\u0103 ce a\u021bi selectat camionul, pute\u021bi rezerva camionul U-Haul online sau prin telefon, specific\u00e2nd loca\u021bia de preluare, durata \u00eenchirierii \u0219i loca\u021bia de predare.<\/p>\r\n\r\n\r\n\r\n<p>\u00cen ziua programat\u0103 pentru preluare, merge\u021bi la loca\u021bia U-Haul aleas\u0103 pentru a ridica camionul \u00eenchiriat, av\u00e2nd grij\u0103 s\u0103 aduce\u021bi un permis de conducere valabil \u0219i metoda de plat\u0103 pe care a\u021bi folosit-o pentru rezervare. Dup\u0103 completarea documentelor, vi se vor \u00eenm\u00e2na cheile camionului U-Haul.<\/p>\r\n\r\n\r\n\r\n<p>De acolo, v\u0103 pute\u021bi \u00eenc\u0103rca bunurile, conduce p\u00e2n\u0103 la destina\u021bie \u0219i apoi desc\u0103rca dup\u0103 bunul plac. Dup\u0103 ce a\u021bi terminat de folosit camionul, trebuie doar s\u0103 \u00eel returna\u021bi la locul de predare desemnat \u00een perioada de \u00eenchiriere convenit\u0103.<\/p>\r\n\r\n\r\n\r\n<h2 class=\"wp-block-heading\"><span class=\"ez-toc-section\" id=\"Is_a_U-Haul_the_Best_Choice_for_Me\"><\/span><strong>Este un U-Haul cea mai bun\u0103 alegere pentru mine?<\/strong><span class=\"ez-toc-section-end\"><\/span><\/h2>\r\n\r\n\r\n\r\n<p>Poate fi tentant s\u0103 v\u0103 implica\u021bi total \u0219i s\u0103 ob\u021bine\u021bi o mutare cu servicii complete pentru a evita toate opera\u021biunile de ridicare a greut\u0103\u021bilor \u0219i de conducere spre \u0219i dinspre casele dvs. noi \u0219i vechi - dar dac\u0103 dori\u021bi s\u0103 fi\u021bi mai activ, \u00eenchirierea unui U-Haul poate fi o op\u021biune excelent\u0103 pentru dvs.<\/p>\r\n\r\n\r\n\n<table id=\"tablepress-344\" class=\"tablepress tablepress-id-344\">\n<thead>\n<tr class=\"row-1\">\n\t<th class=\"column-1\">Avantajele U-Haul<\/th><th class=\"column-2\">Dezavantaje ale U-Haul<\/th>\n<\/tr>\n<\/thead>\n<tbody class=\"row-striping row-hover\">\n<tr class=\"row-2\">\n\t<td class=\"column-1\">Flexibilitate \u00een ceea ce prive\u0219te timpul \u0219i programul de mutare<\/td><td class=\"column-2\">Munc\u0103 intensiv\u0103 - trebuie s\u0103 conduci, s\u0103 \u00eencarci \u0219i s\u0103 descarci singur<\/td>\n<\/tr>\n<tr class=\"row-3\">\n\t<td class=\"column-1\">Mai ieftin dec\u00e2t op\u021biunile tradi\u021bionale de mutare cu servicii complete<\/td><td class=\"column-2\">Sunte\u021bi r\u0103spunz\u0103tor pentru asigurare \u00een timpul c\u0103l\u0103toriei<\/td>\n<\/tr>\n<tr class=\"row-4\">\n\t<td class=\"column-1\">Pute\u021bi fi cu ochii pe bunurile dvs. \u00een timpul procesului de mutare<\/td><td class=\"column-2\">Vehiculul poate suferi deterior\u0103ri \u00een timpul mut\u0103rii, pe care va trebui s\u0103 le repara\u021bi<\/td>\n<\/tr>\n<\/tbody>\n<\/table>\n<!-- #tablepress-344 from cache -->\n\r\n\r\n\r\n<p>Avantajul num\u0103rul unu al \u00eenchirierii U-Haul este pur \u0219i simplu controlul mai mare pe care vi-l ofer\u0103 asupra cheltuielilor dumneavoastr\u0103. Pute\u021bi alege dimensiunea camionului care se potrive\u0219te bunurilor dvs., pute\u021bi selecta durata \u00eenchirierii \u0219i pute\u021bi decide dac\u0103 dori\u021bi s\u0103 ad\u0103uga\u021bi servicii sau accesorii suplimentare.<\/p>\r\n\r\n\r\n\r\n<p>Cu toate acestea, \u00eenc\u0103rcarea \u0219i desc\u0103rcarea mobilei \u0219i a obiectelor grele poate fi solicitant\u0103 din punct de vedere fizic. Dac\u0103 nu v\u0103 sim\u021bi\u021bi confortabil cu ridicarea \u0219i transportul sau dac\u0103 ave\u021bi nevoie de asisten\u021b\u0103 profesional\u0103, este posibil s\u0103 fie nevoie s\u0103 angaja\u021bi ajutor suplimentar.<\/p>\r\n\r\n\r\n\r\n<h2 class=\"wp-block-heading\"><span class=\"ez-toc-section\" id=\"Final_Checklist\"><\/span><strong>Lista de verificare final\u0103<\/strong><span class=\"ez-toc-section-end\"><\/span><\/h2>\r\n\r\n\r\n\r\n<p>Dac\u0103 v\u0103 g\u00e2ndi\u021bi s\u0103 v\u0103 descurca\u021bi singur \u0219i s\u0103 folosi\u021bi un U-Haul, asigura\u021bi-v\u0103 c\u0103 lua\u021bi not\u0103 de lista noastr\u0103 de verificare final\u0103 pentru a v\u0103 asigura c\u0103 totul este \u00een ordine c\u00e2nd vine vorba de marea dvs. mutare.<\/p>\r\n\r\n\r\n\r\n<ul class=\"wp-block-list\">\r\n<li>G\u00e2ndi\u021bi-v\u0103 dac\u0103 a\u021bi dori ajutorul unei echipe de mut\u0103ri cu servicii complete sau dac\u0103 sunte\u021bi de acord s\u0103 o lua\u021bi pe calea bricolajului<\/li>\r\n\r\n\r\n\r\n<li>Uit\u0103-te la lucrurile tale - po\u021bi s\u0103 reduci dimensiunile \u00eenainte de a rezerva U-Haul pentru a economisi bani?<\/li>\r\n\r\n\r\n\r\n<li>Consulta\u021bi gama de vehicule \u0219i alege\u021bi unul potrivit pentru volumul de \u00eenc\u0103rcare \u0219i nevoile dumneavoastr\u0103<\/li>\r\n\r\n\r\n\r\n<li>Ave\u021bi nevoie de servicii suplimentare? Nu uita\u021bi s\u0103 le ad\u0103uga\u021bi \u00eenainte de rezervare<\/li>\r\n\r\n\r\n\r\n<li>Verific\u0103-\u021bi datele \u0219i f\u0103-\u021bi rezervare pentru mutare!<\/li>\r\n<\/ul>\r\n\r\n\r\n\r\n<h2 class=\"wp-block-heading\"><span class=\"ez-toc-section\" id=\"Frequently_Asked_Questions\"><\/span><strong>\u00centreb\u0103ri frecvente<\/strong><span class=\"ez-toc-section-end\"><\/span><\/h2>\r\n\r\n\r\n<div id=\"rank-math-faq\" class=\"rank-math-block\">\n<div class=\"rank-math-list\">\n<div id=\"faq-question-1692200957678\" class=\"rank-math-list-item\">\n<h3 class=\"rank-math-question\"><span class=\"ez-toc-section\" id=\"How_Do_I_Reserve_a_U-Haul_Truck\"><\/span><strong>Cum rezerv un camion U-Haul?<\/strong><span class=\"ez-toc-section-end\"><\/span><\/h3>\n<div class=\"rank-math-answer\">\n\n<p>Pute\u021bi rezerva cu u\u0219urin\u021b\u0103 un camion U-Haul online vizit\u00e2nd site-ul web U-Haul sau utiliz\u00e2nd aplica\u021bia lor. Pur \u0219i simplu introduce\u021bi loca\u021bia, data \u00eenchirierii \u0219i preferin\u021bele privind dimensiunea camionului pentru a \u00eencepe. <\/p>\n<p>Alternativ, pute\u021bi suna la serviciul clien\u021bi al U-Haul pentru a face o rezervare la telefon \u0219i pentru a discuta orice detalii legate de rezervare.<\/p>\n\n<\/div>\n<\/div>\n<div id=\"faq-question-1692201036551\" class=\"rank-math-list-item\">\n<h3 class=\"rank-math-question\"><span class=\"ez-toc-section\" id=\"What_Do_I_Need_to_Bring_for_Pickup\"><\/span><strong>Ce trebuie s\u0103 aduc pentru preluare?<\/strong><span class=\"ez-toc-section-end\"><\/span><\/h3>\n<div class=\"rank-math-answer\">\n\n<p>C\u00e2nd v\u0103 ridica\u021bi camionul U-Haul, aduce\u021bi un permis de conducere valabil \u0219i metoda de plat\u0103 utilizat\u0103 pentru rezervare. Unitatea dvs. de \u00eenchiriere poate solicita documente de identificare suplimentare, astfel \u00eenc\u00e2t este mai bine s\u0103 verifica\u021bi de la caz la caz cu furnizorul dvs.<\/p>\n\n<\/div>\n<\/div>\n<div id=\"faq-question-1692201050762\" class=\"rank-math-list-item\">\n<h3 class=\"rank-math-question\"><span class=\"ez-toc-section\" id=\"Can_I_Extend_My_Rental_Period\"><\/span><strong>Pot s\u0103-mi prelungesc perioada de \u00eenchiriere?<\/strong><span class=\"ez-toc-section-end\"><\/span><\/h3>\n<div class=\"rank-math-answer\">\n\n<p>Da, v\u0103 pute\u021bi prelungi perioada de \u00eenchiriere dac\u0103 este necesar. Contacta\u021bi serviciul clien\u021bi U-Haul sau vizita\u021bi o loca\u021bie local\u0103 de \u00eenchiriere pentru a discuta despre prelungire \u0219i a face aranjamentele necesare. <\/p>\n<p>\u021aine\u021bi cont de faptul c\u0103 se pot aplica taxe de \u00eenchiriere suplimentare pentru perioada prelungit\u0103.<\/p>\n\n<\/div>\n<\/div>\n<div id=\"faq-question-1692201063702\" class=\"rank-math-list-item\">\n<h3 class=\"rank-math-question\"><span class=\"ez-toc-section\" id=\"What_Should_I_Do_if_I_Encounter_Issues_During_the_Rental\"><\/span><strong>Ce trebuie s\u0103 fac dac\u0103 \u00eent\u00e2mpin probleme \u00een timpul \u00eenchirierii?<\/strong><span class=\"ez-toc-section-end\"><\/span><\/h3>\n<div class=\"rank-math-answer\">\n\n<p>Dac\u0103 \u00eent\u00e2mpina\u021bi probleme cu camionul U-Haul \u00een timpul \u00eenchirierii, cum ar fi probleme mecanice sau \u00eentreb\u0103ri despre echipament, contacta\u021bi asisten\u021ba rutier\u0103 sau serviciul clien\u021bi U-Haul pentru \u00eendrumare \u0219i sprijin.<\/p>\n<p>Ace\u0219tia v\u0103 vor oferi asisten\u021b\u0103 pentru a v\u0103 ajuta s\u0103 rezolva\u021bi orice nel\u0103muriri pe care le ave\u021bi \u00een timpul utiliz\u0103rii camionului de \u00eenchiriat.<\/p>\n\n<\/div>\n<\/div>\n<\/div>\n<\/div>","protected":false},"excerpt":{"rendered":"<p>U-Haul remains a popular choice among DIY movers, but how much does it actually cost? In this article, we\u2019ll dissect the pricing models of U-Haul, looking at the various factors that contribute to the overall cost &#8211; and leave you with all-important, cost-effective moving tips. Our guide will cover the following: If you fancy keeping [&hellip;]<\/p>\n","protected":false},"author":1,"featured_media":0,"parent":0,"menu_order":0,"comment_status":"closed","ping_status":"closed","template":"","meta":{"_genesis_hide_title":false,"_genesis_hide_breadcrumbs":false,"_genesis_hide_singular_image":false,"_genesis_hide_footer_widgets":false,"_genesis_custom_body_class":"","_genesis_custom_post_class":"","_genesis_layout":"","footnotes":""},"class_list":{"0":"post-17398","1":"page","2":"type-page","3":"status-publish","5":"entry"},"_links":{"self":[{"href":"https:\/\/moverdb.com\/ro\/wp-json\/wp\/v2\/pages\/17398","targetHints":{"allow":["GET"]}}],"collection":[{"href":"https:\/\/moverdb.com\/ro\/wp-json\/wp\/v2\/pages"}],"about":[{"href":"https:\/\/moverdb.com\/ro\/wp-json\/wp\/v2\/types\/page"}],"author":[{"embeddable":true,"href":"https:\/\/moverdb.com\/ro\/wp-json\/wp\/v2\/users\/1"}],"replies":[{"embeddable":true,"href":"https:\/\/moverdb.com\/ro\/wp-json\/wp\/v2\/comments?post=17398"}],"version-history":[{"count":1,"href":"https:\/\/moverdb.com\/ro\/wp-json\/wp\/v2\/pages\/17398\/revisions"}],"predecessor-version":[{"id":17399,"href":"https:\/\/moverdb.com\/ro\/wp-json\/wp\/v2\/pages\/17398\/revisions\/17399"}],"wp:attachment":[{"href":"https:\/\/moverdb.com\/ro\/wp-json\/wp\/v2\/media?parent=17398"}],"curies":[{"name":"wp","href":"https:\/\/api.w.org\/{rel}","templated":true}]}}