{"id":1684,"date":"2017-02-23T19:16:05","date_gmt":"2017-02-23T19:16:05","guid":{"rendered":"http:\/\/moverdb.com\/?page_id=1684"},"modified":"2026-01-08T14:45:54","modified_gmt":"2026-01-08T14:45:54","slug":"1-800-pack-rat","status":"publish","type":"page","link":"https:\/\/moverdb.com\/ro\/1-800-pack-rat\/","title":{"rendered":"1-800-Pack-Rat - Recenzii privind mut\u0103rile interna\u021bionale"},"content":{"rendered":"<p>1-800-Pack-Rat ofer\u0103 clien\u021bilor s\u0103i o op\u021biune u\u0219oar\u0103 atunci c\u00e2nd vine vorba de mutare. Detaliile sunt enumerate mai jos, \u00eempreun\u0103 cu un profil al companiei \u0219i recenzii.<\/p>\n<p><strong>Mutarea pe distan\u021be lungi \u0219i locale<\/strong><\/p>\n<ul>\n<li> Livra\u021bi containerul cu cel pu\u021bin 30 de zile \u00eenainte de mutare<\/li>\n<li> Auto-ambalarea containerului sau angajarea de ambalatori profesioni\u0219ti<\/li>\n<li> \u00cenchidere gratuit\u0103 a containerului f\u0103r\u0103 t\u0103iere<\/li>\n<li> Protec\u021bie gratuit\u0103 a con\u021binutului $10.000<\/li>\n<li> Op\u021biune de depozitare lung\u0103 \u0219i scurt\u0103<\/li>\n<li> Colectarea \u0219i livrarea containerelor la destina\u021bie<\/li>\n<\/ul>\n<p><strong>Mi\u0219c\u0103ri militare<\/strong><\/p>\n<ul>\n<li> Personalul militar poate alege o mutare achizi\u021bionat\u0103 personal (PPM)<\/li>\n<li> Guvernul va rambursa 95% de profesioni\u0219ti. <a href=\"https:\/\/moverdb.com\/ro\/costuri-de-mutare\/\">costuri de mutare<\/a><\/li>\n<li> Container livrat la u\u0219\u0103<\/li>\n<li> 30 de zile sau mai mult pentru a \u00eempacheta<\/li>\n<li> <a href=\"https:\/\/moverdb.com\/ro\/transport-maritim-de-containere\/\">Transportul maritim prin containere<\/a> la noua loca\u021bie<\/li>\n<\/ul>\n<p><strong>Depozitare<\/strong><\/p>\n<ul>\n<li> Supraveghere video 24\/7<\/li>\n<li> Aspersoare automatizate<\/li>\n<li> Climat controlat<\/li>\n<li> Acces u\u0219or la fa\u021ba locului<\/li>\n<li> Livrare f\u0103r\u0103 complica\u021bii<\/li>\n<\/ul>\n<p><strong>Utilizarea containerelor<\/strong><\/p>\n<ul>\n<li> Restaurare \u0219i remediere<\/li>\n<li> Servicii de antreprenoriat<\/li>\n<li> Depozitare sezonier\u0103<\/li>\n<li> Servicii imobiliare<\/li>\n<li> Ajutor \u00een caz de dezastru<\/li>\n<li> Stocarea evenimentelor<\/li>\n<li> Depozitare comercial\u0103 \u0219i cu am\u0103nuntul<\/li>\n<li> Companii de asigur\u0103ri<\/li>\n<li> Relocare corporativ\u0103 sau militar\u0103<\/li>\n<li> Solu\u021bii de transport de marf\u0103 \u0219i logistic\u0103<\/li>\n<\/ul>\n<h2>Profilul companiei 1-800-Pack-Rat<\/h2>\n<p>1-800-Pack-Rat are numeroase facilit\u0103\u021bi \u00een <a href=\"https:\/\/moverdb.com\/ro\/moving-to-the-united-states\/\" data-internallinksmanager029f6b8e52c=\"94\" title=\"V\u0103 muta\u021bi \u00een Statele Unite? 2026 Costurile vie\u021bii \u0219i sfaturi de relocare\">Statele Unite ale Americii<\/a> \u0219i <a href=\"https:\/\/moverdb.com\/ro\/moving-to-canada\/\" data-internallinksmanager029f6b8e52c=\"265\" title=\"Mutarea \u00een Canada? 2026 Costurile de trai \u0219i sfaturi de relocare\">Canada<\/a>. Compania are o experien\u021b\u0103 de peste 10 ani \u00een domeniul depozit\u0103rii \u0219i mut\u0103rii persoanelor \u0219i companiilor la nivel local \u0219i pe distan\u021be lungi.<\/p>\n<p>1-800-Pack-Rat are urm\u0103toarele acredit\u0103ri \u0219i afilieri:<\/p>\n<ul>\n<li> Nu este afi\u0219at pe site, de\u0219i <a href=\"https:\/\/moverdb.com\/ro\/sunt\/\" target=\"_blank\" rel=\"noopener\">Asocia\u021bia Interna\u021bional\u0103 a Transportatorilor<\/a> le listeaz\u0103 \u00een directorul lor de membri.<\/li>\n<\/ul>\n<h2>Recenzii 1-800-Pack-Rat<\/h2>\n<p><strong>Pozitiv:<\/strong><\/p>\n<ul>\n<li> <em>\"A fost minunat s\u0103 nu trebuiasc\u0103 s\u0103 ne facem griji cu privire la acest aspect al reloc\u0103rii noastre. \u00centreaga experien\u021b\u0103, de la apelul meu ini\u021bial, la ob\u021binerea de oferte competitive, la programarea online, la plata automat\u0103 \u0219i la rela\u021bia cu personalul bine informat \u0219i prietenos atunci c\u00e2nd aveam \u00eentreb\u0103ri, a fost lipsit\u0103 de stres. \u00cenc\u0103 nu am terminat de despachetat, dar p\u00e2n\u0103 acum, totul este \u00een regul\u0103 cu privire la bunurile mele care au sosit \u00een siguran\u021b\u0103.\"<\/em> - Heather via <a href=\"https:\/\/www.1800packrat.com\/reviews\" target=\"_blank\" rel=\"noopener\">m\u0103rturie de client<\/a><\/li>\n<li> <em>\"Ne-am mutat toate bunurile cu 1-800-PACK-RAT \u0219i experien\u021ba a fost minunat\u0103. Au fost disponibili pentru \u00eentreb\u0103ri, chiar \u0219i noaptea \u0219i au fost politico\u0219i \u0219i prieteno\u0219i. Au respectat fiecare termen limit\u0103, ne-au permis s\u0103 ne \u00eempachet\u0103m singuri lucrurile \u00een c\u00e2teva zile &amp; apoi, \u00een termen de 10 zile, le-au dus cu ma\u0219ina la noua noastr\u0103 loca\u021bie.\"<\/em> - prin <a href=\"https:\/\/uk.trustpilot.com\/reviews\/58acb46d883cc60a283ce37e\" target=\"_blank\" rel=\"noopener\">TrustPilot<\/a><\/li>\n<li> <em>\"Am f\u0103cut recent o mutare la distan\u021b\u0103 de la <a href=\"https:\/\/moverdb.com\/ro\/moving-to-the-united-states\/moving-to-california\/\" data-internallinksmanager029f6b8e52c=\"330\" title=\"Mutarea \u00een California? 2026 Costurile de trai \u0219i sfaturi de relocare\">California<\/a> la <a href=\"https:\/\/moverdb.com\/ro\/moving-to-the-united-states\/moving-to-florida\/\" data-internallinksmanager029f6b8e52c=\"331\" title=\"Mutarea \u00een Florida? 2026 Costurile de trai \u0219i sfaturi de relocare\">Florida<\/a> folosind depozitul Pack Rat. \u0218i \u00eei voi folosi din nou, au fost punctuali de la predare p\u00e2n\u0103 la livrare, iar Pack Rat a fost mai ieftin dec\u00e2t PODS.\"<\/em> - Paul via <a href=\"https:\/\/www.yelp.co.uk\/biz\/1-800-pack-rat-tampa?hrid=sQKUV3MPkChipe8OJiZIcQ&#038;utm_campaign=www_review_share_popup&#038;utm_medium=copy_link&#038;utm_source=(direct)\" target=\"_blank\" rel=\"noopener\">Yelp<\/a><\/li>\n<\/ul>\n<p><strong>Negativ:<\/strong><\/p>\n<ul>\n<li> <em>\"Sunt un co\u0219mar. Nimeni de acolo nu \u0219tie ce face cel\u0103lalt.\"<\/em> - Mia via <a href=\"https:\/\/www.yelp.com\/biz\/1-800-pack-rat-fremont?hrid=YhOaE8BWuhGeu6UpKuLVVQ&#038;utm_campaign=www_review_share_popup&#038;utm_medium=copy_link&#038;utm_source=(direct)\" target=\"_blank\" rel=\"noopener\">Yelp<\/a><\/li>\n<li> <em>\"Nu au fost \u00een stare sau mai degrab\u0103 nu au vrut nici m\u0103car s\u0103 livreze capsula la mine acas\u0103. \u0218oferul nu a m\u0103surat nimic. A fost acolo timp de 2 minute \u0219i a plecat cu ma\u0219ina. C\u00e2nd am sunat la serviciul clien\u021bi, au fost incredibil de nepolitico\u0219i!\"<\/em> - Leila via <a href=\"https:\/\/www.bbb.org\/boston\/business-reviews\/storage-units-household-and-commercial\/1-800-pack-rat-in-foxboro-ma-116673\/reviews-and-complaints\" target=\"_blank\" rel=\"noopener\">BBB.org<\/a><\/li>\n<li> <em>\"At\u00e2t de sup\u0103rat pe 1-800-PackRat\"<\/em> - prin <a href=\"https:\/\/www.pissedconsumer.com\/company\/1800-pack-rat\/so-angry-with-1-800-packrat-20161024942159.html\" target=\"_blank\" rel=\"noopener\">Consumator sup\u0103rat<\/a><\/li>\n<\/ul>\n<div itemprop=\"review\" itemscope itemtype=\"http:\/\/schema.org\/Review\">\n<span itemprop=\"author\" itemscope=\"\" itemtype=\"http:\/\/schema.org\/Organization\"><span itemprop=\"name\">MoverDB.com<\/span><\/span> Revizuirea online a site-ului pentru <span itemprop=\"itemreviewed\" itemscope=\"\" itemtype=\"http:\/\/schema.org\/Brand\"><span itemprop=\"name\">1-800-Pack-Rat<\/span><\/span>:<\/p>\n<ol>\n<li> Detalii de contact clare pe site-ul web (inclusiv num\u0103rul de telefon): <strong>Da<\/strong><\/li>\n<li> U\u0219or de ob\u021binut <a href=\"https:\/\/moverdb.com\/ro\/citate\/\">citate \u00een mi\u0219care<\/a>? (Formular de solicitare a unui deviz online): <strong>Da<\/strong><\/li>\n<li> Informa\u021bii clare pe site-ul web: <strong>Da,<\/strong> Site-ul web prezint\u0103 \u00een mod clar toate serviciile pe care le ofer\u0103 compania.<\/li>\n<li> Apartenen\u021ba la organiza\u021bii interna\u021bionale recunoscute \u00een domeniul mut\u0103rii: <strong>Da<\/strong>, dar care nu figureaz\u0103 pe site.<\/li>\n<li> Lista de clien\u021bi \u0219i\/sau m\u0103rturii ale clien\u021bilor anteriori: <strong>Da,<\/strong> dar recenziile de pe restul internetului sunt foarte amestecate.<\/li>\n<\/ol>\n<div itemprop=\"reviewRating\" itemscope itemtype=\"http:\/\/schema.org\/Rating\"><meta itemprop=\"worstRating\" content = \"0\" \/><meta itemprop=\"bestRating\" content=\"5\" \/><meta itemprop=\"ratingValue\" content=\"4\"><\/div>\n<p><strong>Scor general: 4\/5<\/strong><br \/>\n<strong>Data revizuirii:<\/strong> <span itemprop=\"datePublished\" content=\"2017-02-23\">23\/02\/2017<\/span>\n<\/div>\n<p>Citi\u021bi mai multe despre <a href=\"https:\/\/moverdb.com\/ro\/moving-companies\/\">mutan\u021bi interna\u021bionali<\/a> \u0219i a noastr\u0103 <a href=\"https:\/\/moverdb.com\/ro\/comentarii\/\">procesul de revizuire<\/a>.<\/p>\n<p><strong>Site web:<\/strong> <a href=\"https:\/\/www.1800packrat.com\/\" target=\"_blank\" rel=\"noopener\">https:\/\/www.1800packrat.com\/<\/a><\/p>","protected":false},"excerpt":{"rendered":"<p>1-800-Pack-Rat offers its customers an easy option when it comes to moving. The details are listed below, together with a company profile and reviews. Long Distance and Local Moves Deliver container at least 30 days prior to moving Self-pack container or employ professional packers Complimentary no-cut container lock Complimentary $10,000 contents protection Long and short [&hellip;]<\/p>\n","protected":false},"author":1,"featured_media":0,"parent":0,"menu_order":0,"comment_status":"closed","ping_status":"closed","template":"","meta":{"_genesis_hide_title":false,"_genesis_hide_breadcrumbs":false,"_genesis_hide_singular_image":false,"_genesis_hide_footer_widgets":false,"_genesis_custom_body_class":"","_genesis_custom_post_class":"","_genesis_layout":"","footnotes":""},"class_list":{"0":"post-1684","1":"page","2":"type-page","3":"status-publish","5":"entry"},"_links":{"self":[{"href":"https:\/\/moverdb.com\/ro\/wp-json\/wp\/v2\/pages\/1684","targetHints":{"allow":["GET"]}}],"collection":[{"href":"https:\/\/moverdb.com\/ro\/wp-json\/wp\/v2\/pages"}],"about":[{"href":"https:\/\/moverdb.com\/ro\/wp-json\/wp\/v2\/types\/page"}],"author":[{"embeddable":true,"href":"https:\/\/moverdb.com\/ro\/wp-json\/wp\/v2\/users\/1"}],"replies":[{"embeddable":true,"href":"https:\/\/moverdb.com\/ro\/wp-json\/wp\/v2\/comments?post=1684"}],"version-history":[{"count":3,"href":"https:\/\/moverdb.com\/ro\/wp-json\/wp\/v2\/pages\/1684\/revisions"}],"predecessor-version":[{"id":6165,"href":"https:\/\/moverdb.com\/ro\/wp-json\/wp\/v2\/pages\/1684\/revisions\/6165"}],"wp:attachment":[{"href":"https:\/\/moverdb.com\/ro\/wp-json\/wp\/v2\/media?parent=1684"}],"curies":[{"name":"wp","href":"https:\/\/api.w.org\/{rel}","templated":true}]}}