{"id":1678,"date":"2017-01-25T12:00:23","date_gmt":"2017-01-25T12:00:23","guid":{"rendered":"http:\/\/moverdb.com\/?page_id=1678"},"modified":"2026-01-08T14:47:27","modified_gmt":"2026-01-08T14:47:27","slug":"aires","status":"publish","type":"page","link":"https:\/\/moverdb.com\/ro\/aires\/","title":{"rendered":"Aires - Relocare \u0219i mutare interna\u021bional\u0103 Recenzii"},"content":{"rendered":"<p>Aires ofer\u0103 clien\u021bilor s\u0103i, at\u00e2t persoane fizice, c\u00e2t \u0219i juridice, o varietate de servicii de mutare. Acestea sunt enumerate mai jos, \u00eempreun\u0103 cu un profil al companiei \u0219i recenzii.<\/p>\n<p><strong>Muta\u021bii interna\u021bionale<\/strong><\/p>\n<ul>\n<li> Ambalarea \u0219i \u00eempachetarea complet\u0103 a tuturor bunurilor de uz casnic \u0219i a efectelor personale<\/li>\n<li> Din u\u0219\u0103 \u00een u\u0219\u0103<\/li>\n<li> \u00cenc\u0103rcarea direct\u0103 a bunurilor de uz casnic \u00een containerul sau furgoneta corespunz\u0103toare<\/li>\n<li> Preg\u0103tirea \u00eentregii documenta\u021bii<\/li>\n<li> Livrarea normal\u0103, direct\u0103 a locuin\u021bei \u0219i \u00eendep\u0103rtarea molozului<\/li>\n<li> Returnarea containerelor goale la destina\u021bia interna\u021bional\u0103<\/li>\n<li> Urm\u0103rirea complet\u0103 \u0219i comunicarea statutului de expediere<\/li>\n<li> Automobile<\/li>\n<li> Depozitare pe termen lung \u0219i scurt<\/li>\n<li> Relocarea animalelor de companie<\/li>\n<\/ul>\n<p><strong>Servicii de destina\u021bie \u0219i instalare<\/strong><\/p>\n<ul>\n<li> \u00cent\u00e2lnire \u0219i \u00eent\u00e2mpinare<\/li>\n<li> Orientarea zonei<\/li>\n<li> C\u0103utare \u0219i \u00eenregistrare la \u0219coal\u0103<\/li>\n<li> Asisten\u021b\u0103 pentru g\u0103sirea unei case de \u00eenchiriat<\/li>\n<li> Asisten\u021b\u0103 la negocierea contractului de \u00eenchiriere<\/li>\n<li> Servicii de acomodare<\/li>\n<li> Asisten\u021b\u0103 pentru so\u021b\/partener<\/li>\n<li> Serviciul de locuin\u021be temporare<\/li>\n<li> Asisten\u021b\u0103 \u00een materie de vize, pa\u0219apoarte \u0219i imigra\u021bie<\/li>\n<li> Servicii de formare cultural\u0103 \u0219i lingvistic\u0103<\/li>\n<li> Asisten\u021b\u0103 la repatriere<\/li>\n<\/ul>\n<p><strong>Servicii corporative<\/strong><\/p>\n<ul>\n<li> Servicii de gestionare a mut\u0103rii<\/li>\n<li> Managementul programului de relocare<\/li>\n<li> ReloNet Web Services Site - Instrumente corporative<\/li>\n<li> Revizuirea \u0219i dezvoltarea politicilor<\/li>\n<li> Servicii imobiliare<\/li>\n<li> Managementul propriet\u0103\u021bii \u0219i al chiriilor<\/li>\n<li> Servicii de inspec\u021bie<\/li>\n<li> Previziuni privind costul vie\u021bii<\/li>\n<li> Managementul cheltuielilor<\/li>\n<li> Asigur\u0103ri \u0219i gestionarea riscurilor<\/li>\n<li> Servicii de mutare \u00een grup<\/li>\n<li> Servicii interna\u021bionale de compensare \u0219i colectare de date<\/li>\n<li> Managementul lan\u021bului de aprovizionare<\/li>\n<\/ul>\n<h2>Profilul companiei Aires<\/h2>\n<p>Aires, sau American International Relocation Solutions LLC, a fost fondat\u0103 \u00een 1981 de Jim Putt. Compania se axa pe mut\u0103ri interna\u021bionale \u0219i depozitare pentru companii \u0219i angaja\u021bii acestora. Aceasta a crescut acum pentru a include un serviciu complet de relocare, ajut\u00e2nd angaja\u021bii s\u0103 se instaleze rapid \u00een noile lor medii. Aires este \u00een continuare o companie privat\u0103 de\u021binut\u0103 \u0219i condus\u0103 de o familie.<\/p>\n<p>Aires \u00ee\u0219i ia foarte \u00een serios responsabilit\u0103\u021bile de mediu \u0219i \"abordeaz\u0103 ecologia din toate unghiurile\". Sistemele lor complet automatizate reduc foarte mult nevoia de birocra\u021bie, iar toate birourile \u0219i loca\u021biile lor economisesc energie \u0219i sunt ecologice.<\/p>\n<p>Aires are urm\u0103toarele acredit\u0103ri \u0219i afilieri:<\/p>\n<ul>\n<li> <a href=\"https:\/\/moverdb.com\/ro\/consiliul-de-relocare-a-angajatilor\/\">ERC la nivel mondial<\/a><\/li>\n<li> CERC (Consiliul canadian pentru relocarea angaja\u021bilor)<\/li>\n<li> SHRM (Societatea pentru Managementul Resurselor Umane)<\/li>\n<li> <a href=\"https:\/\/moverdb.com\/ro\/sunt\/\">IAM<\/a> (<a href=\"https:\/\/moverdb.com\/ro\/iam\/\" data-internallinksmanager029f6b8e52c=\"23\" title=\"Explica\u021bii despre Asocia\u021bia Interna\u021bional\u0103 a Transportatorilor (IAM)\">Asocia\u021bia Interna\u021bional\u0103 a Transportatorilor<\/a>)<\/li>\n<li> OSA (Asocia\u021bia transportatorilor de peste m\u0103ri)<\/li>\n<li> <a href=\"https:\/\/moverdb.com\/ro\/fidi-faim\/\">FIDI<\/a> (Federa\u021bia Interna\u021bional\u0103 a Dezmembr\u0103torilor de Mobil\u0103)<\/li>\n<li> <a href=\"https:\/\/moverdb.com\/ro\/eura\/\">EuRA<\/a> (<a href=\"https:\/\/moverdb.com\/ro\/eura\/\" data-internallinksmanager029f6b8e52c=\"13\" title=\"Explica\u021bii despre Asocia\u021bia European\u0103 de Relocare (EuRA)\">EuRA<\/a> Relocare)<\/li>\n<li> PAIMA (Asocia\u021bia Panamerican\u0103 a Transportatorilor Interna\u021bionali)<\/li>\n<li> <a href=\"https:\/\/moverdb.com\/ro\/lacma\/\">LACMA<\/a> (Asocia\u021bia de mut\u0103ri din America Latin\u0103 \u0219i Caraibe)<\/li>\n<li> OMNI (Overseas Moving Network International)<\/li>\n<\/ul>\n<h2>Recenzii Aires<\/h2>\n<p><em>P\u00e2n\u0103 la momentul redact\u0103rii acestui articol nu am g\u0103sit nicio recenzie pentru Aires online.<\/em><\/p>\n<div itemprop=\"review\" itemscope itemtype=\"http:\/\/schema.org\/Review\">\n<span itemprop=\"author\" itemscope=\"\" itemtype=\"http:\/\/schema.org\/Organization\"><span itemprop=\"name\">MoverDB.com<\/span><\/span> Revizuirea online a site-ului pentru <span itemprop=\"itemreviewed\" itemscope=\"\" itemtype=\"http:\/\/schema.org\/Brand\"><span itemprop=\"name\">Aires<\/span><\/span>:<\/p>\n<ol>\n<li> Detalii de contact clare pe site-ul web (inclusiv num\u0103rul de telefon): <strong>Da<\/strong><\/li>\n<li> U\u0219or de ob\u021binut <a href=\"https:\/\/moverdb.com\/ro\/citate\/\">citate interna\u021bionale \u00een mi\u0219care<\/a>? (Formular de solicitare a unui deviz online): <strong>Da<\/strong><\/li>\n<li> Informa\u021bii clare pe site-ul web: <strong>Da,<\/strong> con\u021bine o mul\u021bime de informa\u021bii foarte detaliate despre serviciile pe care le ofer\u0103 compania.<\/li>\n<li> Apartenen\u021ba la organiza\u021bii interna\u021bionale recunoscute \u00een domeniul mut\u0103rii: <strong>Da<\/strong>, (a se vedea mai sus)<\/li>\n<li> Lista de clien\u021bi \u0219i\/sau m\u0103rturii ale clien\u021bilor anteriori. <strong>Nu,<\/strong> de\u0219i au o sec\u021biune de premii.<\/li>\n<\/ol>\n<div itemprop=\"reviewRating\" itemscope itemtype=\"http:\/\/schema.org\/Rating\"><meta itemprop=\"worstRating\" content = \"0\" \/><meta itemprop=\"bestRating\" content=\"5\" \/><meta itemprop=\"ratingValue\" content=\"4\"><\/div>\n<p><strong>Scor general: 4\/5<\/strong><br \/>\n<strong>Data revizuirii:<\/strong> <span itemprop=\"datePublished\" content=\"2017-01-25\">25\/01\/2017<\/span>\n<\/div>\n<p>Citi\u021bi mai multe despre <a href=\"https:\/\/moverdb.com\/ro\/moving-companies\/\">companii interna\u021bionale de mutare<\/a> \u0219i a noastr\u0103 <a href=\"https:\/\/moverdb.com\/ro\/comentarii\/\">procesul de revizuire<\/a>.<\/p>\n<p><strong>Site-uri web:<\/strong> <a href=\"https:\/\/www.aires.com\/\" target=\"_blank\" rel=\"noopener\">https:\/\/www.aires.com\/<\/a><\/p>","protected":false},"excerpt":{"rendered":"<p>Aires offers its clients, both individual and corporate, a variety of moving services. These are listed below together with a company profile and reviews. International Moves Complete packing and wrapping of all household goods and personal effects Door to door Direct loading of household goods into appropriate container or van Preparation of all documentation Normal, [&hellip;]<\/p>\n","protected":false},"author":1,"featured_media":0,"parent":0,"menu_order":0,"comment_status":"closed","ping_status":"closed","template":"","meta":{"_genesis_hide_title":false,"_genesis_hide_breadcrumbs":false,"_genesis_hide_singular_image":false,"_genesis_hide_footer_widgets":false,"_genesis_custom_body_class":"","_genesis_custom_post_class":"","_genesis_layout":"","footnotes":""},"class_list":{"0":"post-1678","1":"page","2":"type-page","3":"status-publish","5":"entry"},"_links":{"self":[{"href":"https:\/\/moverdb.com\/ro\/wp-json\/wp\/v2\/pages\/1678","targetHints":{"allow":["GET"]}}],"collection":[{"href":"https:\/\/moverdb.com\/ro\/wp-json\/wp\/v2\/pages"}],"about":[{"href":"https:\/\/moverdb.com\/ro\/wp-json\/wp\/v2\/types\/page"}],"author":[{"embeddable":true,"href":"https:\/\/moverdb.com\/ro\/wp-json\/wp\/v2\/users\/1"}],"replies":[{"embeddable":true,"href":"https:\/\/moverdb.com\/ro\/wp-json\/wp\/v2\/comments?post=1678"}],"version-history":[{"count":3,"href":"https:\/\/moverdb.com\/ro\/wp-json\/wp\/v2\/pages\/1678\/revisions"}],"predecessor-version":[{"id":6168,"href":"https:\/\/moverdb.com\/ro\/wp-json\/wp\/v2\/pages\/1678\/revisions\/6168"}],"wp:attachment":[{"href":"https:\/\/moverdb.com\/ro\/wp-json\/wp\/v2\/media?parent=1678"}],"curies":[{"name":"wp","href":"https:\/\/api.w.org\/{rel}","templated":true}]}}