{"id":1662,"date":"2017-02-23T10:26:07","date_gmt":"2017-02-23T10:26:07","guid":{"rendered":"http:\/\/moverdb.com\/?page_id=1662"},"modified":"2026-01-08T14:47:48","modified_gmt":"2026-01-08T14:47:48","slug":"bolliger","status":"publish","type":"page","link":"https:\/\/moverdb.com\/ro\/bolliger\/","title":{"rendered":"Bolliger - International Removals &amp; Moving Reviews"},"content":{"rendered":"<p>Bolliger ofer\u0103 clien\u021bilor s\u0103i o mare varietate de servicii de mutare. Acestea sunt enumerate mai jos, \u00eempreun\u0103 cu un profil al companiei \u0219i recenzii.<\/p>\n<p><strong>Mutarea interna\u021bional\u0103<\/strong><\/p>\n<ul>\n<li> Re\u021bea mondial\u0103 de resurse \u00een mi\u0219care<\/li>\n<li> Din u\u0219\u0103 \u00een u\u0219\u0103<\/li>\n<li> Manager de mi\u0219care cu cel pu\u021bin 5 ani de experien\u021b\u0103<\/li>\n<li> Urm\u0103ri\u021bi expedierea dvs. 24\/7<\/li>\n<li> Inspec\u021bia casei pentru a stabili cerin\u021bele de ambalare etc.<\/li>\n<li> Asigurare aranjat\u0103<\/li>\n<li> Coordonatorul personal v\u0103 va ajuta cu documenta\u021bia necesar\u0103<\/li>\n<li> Ambalare \u0219i \u00eenc\u0103rcare<\/li>\n<li> V\u0103muire<\/li>\n<li> Livrare \u0219i despachetare<\/li>\n<li> Toate obiectele vor fi desc\u0103rcate cu grij\u0103 \u0219i verificate cu lista de inventar \u0219i vor fi plasate \u00een camerele corecte.<\/li>\n<li> Articolele fragile, cum ar fi sticla \u0219i <a href=\"https:\/\/moverdb.com\/ro\/moving-to-china\/\" data-internallinksmanager029f6b8e52c=\"357\" title=\"V\u0103 muta\u021bi \u00een China? 2026 Costurile de trai \u0219i sfaturi de relocare\">china<\/a>, va fi despachetat pe suprafe\u021be plane<\/li>\n<li> Toate materialele de ambalare \u0219i resturile vor fi \u00eendep\u0103rtate rapid din casa dvs.<\/li>\n<\/ul>\n<p><strong>Servicii de relocare corporativ\u0103<\/strong><\/p>\n<ul>\n<li> Servicii de instalare<\/li>\n<li> C\u0103utarea \u0219colii \u0219i a locuin\u021bei<\/li>\n<li> Informa\u021bii culturale<\/li>\n<li> Asisten\u021b\u0103 pentru partener\/so\u021b<\/li>\n<li> Cazare pe termen scurt<\/li>\n<li> \u00cenchiriere de mobilier<\/li>\n<\/ul>\n<p><strong>Servicii de mutare<\/strong><\/p>\n<ul>\n<li> Furnizarea de materiale de ambalare<\/li>\n<li> Servicii complete de ambalare<\/li>\n<li> Ambalare specializat\u0103<\/li>\n<li> L\u0103zi personalizate<\/li>\n<li> Manipularea pianelor \u0219i a seifurilor<\/li>\n<li> Sc\u0103ri motorizate<\/li>\n<li> Transport rutier, aerian \u0219i maritim<\/li>\n<li> Opera\u021biuni vamale<\/li>\n<li> Agen\u021bi \u00een \u00eentreaga lume.<\/li>\n<\/ul>\n<p><strong>Mutarea birourilor<\/strong><\/p>\n<ul>\n<li> Proiectarea \u0219i planificarea mi\u0219c\u0103rilor<\/li>\n<li> Personal \u0219i echipamente specializate<\/li>\n<li> Sc\u0103ri \u0219i macarale motorizate<\/li>\n<li> \u00cenfiin\u021barea birourilor<\/li>\n<li> Reciclarea \u0219i eliminarea de\u0219eurilor<\/li>\n<li> Opera\u021biuni de zi \u0219i de noapte<\/li>\n<\/ul>\n<p><strong>Arte plastice<\/strong><\/p>\n<ul>\n<li> Proiectarea \u0219i construc\u021bia de cutii \u0219i l\u0103zi pe m\u0103sur\u0103<\/li>\n<li> Formalit\u0103\u021bi privind artele plastice pentru importul\/exportul de opere de art\u0103 modern\u0103 \u0219i antic\u0103<\/li>\n<li> Transport rutier \/ maritim \/ aerian<\/li>\n<li> Agen\u021bi specializa\u021bi \u00een \u00eentreaga lume<\/li>\n<li> Amenajarea spa\u021biilor expozi\u021bionale<\/li>\n<\/ul>\n<p><strong>Depozitare<\/strong><\/p>\n<ul>\n<li> Depozitare pe termen scurt \u0219i lung<\/li>\n<li> Containere metalice, l\u0103zi sau pale\u021bi<\/li>\n<li> Securitate 24\/7<\/li>\n<li> Detectoare de fum<\/li>\n<li> Temperatura \u0219i umiditatea controlate<\/li>\n<li> Arhive de documente<\/li>\n<\/ul>\n<h2>Profilul companiei Bolliger<\/h2>\n<p>Arthur Bolliger a deschis primul birou Bolliger la Roma \u00een 1909. \u00cen prezent, compania este condus\u0103 de cea de-a patra genera\u021bie Bolliger \u0219i are birouri \u00een Milano, Lugano \u0219i Floren\u021ba, precum \u0219i \u00een <a href=\"https:\/\/moverdb.com\/ro\/moving-to-switzerland\/\" data-internallinksmanager029f6b8e52c=\"327\" title=\"V\u0103 muta\u021bi \u00een Elve\u021bia? 2026 Costurile vie\u021bii \u0219i sfaturi de relocare\">Elve\u021bia<\/a>, a <a href=\"https:\/\/moverdb.com\/ro\/moving-to-the-uk\/\" data-internallinksmanager029f6b8e52c=\"93\" title=\"V\u0103 muta\u021bi \u00een Regatul Unit? 2026 Costurile vie\u021bii \u0219i sfaturi de relocare\">MAREA BRITANIE<\/a>, a <a href=\"https:\/\/moverdb.com\/ro\/moving-to-the-united-states\/\" data-internallinksmanager029f6b8e52c=\"94\" title=\"V\u0103 muta\u021bi \u00een Statele Unite? 2026 Costurile vie\u021bii \u0219i sfaturi de relocare\">SUA<\/a> \u0219i <a href=\"https:\/\/moverdb.com\/ro\/moving-to-spain\/\" data-internallinksmanager029f6b8e52c=\"266\" title=\"V\u0103 muta\u021bi \u00een Spania? 2026 Costurile vie\u021bii \u0219i sfaturi de relocare\">Spania<\/a>.<\/p>\n<p>Primele camioane ale companiei au fost cump\u0103rate \u00een 1919 \u0219i au fost folosite \u00een Primul R\u0103zboi Mondial. \u00cen prezent, compania de\u021bine o flot\u0103 de peste 200 de vehicule de mutare \u0219i transport\u0103 m\u0103rfuri pentru persoane fizice \u0219i companii din \u00eentreaga lume. Bolliger a fost unul dintre membrii fondatori ai <a href=\"https:\/\/moverdb.com\/ro\/fidi-faim\/\" data-internallinksmanager029f6b8e52c=\"16\" title=\"FIDI &amp; FAIM (FIDI Accredited International Mover) Explicat\">FIDI<\/a>. \u00cen prezent, FIDI este cea mai mare asocia\u021bie de acest gen din lume, cu 600 de agen\u021bi \u00een 100 de \u021b\u0103ri. <\/p>\n<p>\u00cen 1982, Bolliger a devenit singurul agent italian al Allied International.<\/p>\n<p>\u00cen 1985, Bolliger a devenit unul dintre membrii fondatori ai Overseas Moving Network International (OMNI). \u00cen 2002, expertiza companiei a fost r\u0103spl\u0103tit\u0103 cu certificarea ISO 9001 - primul <a href=\"https:\/\/moverdb.com\/ro\/moving-companies\/\" data-internallinksmanager029f6b8e52c=\"79\" title=\"Top 25 Companii interna\u021bionale de mutare online\">companie \u00een mi\u0219care<\/a> \u00een <a href=\"https:\/\/moverdb.com\/ro\/moving-to-italy\/\" data-internallinksmanager029f6b8e52c=\"346\" title=\"V\u0103 muta\u021bi \u00een Italia? 2026 Costurile vie\u021bii \u0219i sfaturi de relocare\">Italia<\/a> pentru a o realiza.<\/p>\n<p>Bollinger \u00eencearc\u0103 \u00een mod constant s\u0103 reduc\u0103 impactul companiei asupra planetei, acord\u00e2nd o aten\u021bie deosebit\u0103 materialelor de ambalare pe care le utilizeaz\u0103, vehiculelor pe care le utilizeaz\u0103 \u0219i \u00eencerc\u00e2nd s\u0103 recicleze c\u00e2t mai mult posibil. De asemenea, deruleaz\u0103 programe caritabile \u00een \u021b\u0103rile subdezvoltate din America de Sud \u0219i Africa.<\/p>\n<p>Bolliger are urm\u0103toarele acredit\u0103ri \u0219i afilieri:<\/p>\n<ul>\n<li> <a href=\"https:\/\/moverdb.com\/ro\/allied-van-lines\/\">Allied International<\/a><\/li>\n<li> ISO 9001<\/li>\n<li> <a href=\"https:\/\/moverdb.com\/ro\/fidi-faim\/\">Federa\u021bia Interna\u021bional\u0103 a Transportatorilor Interna\u021bionali<\/a> (FIDI)<\/li>\n<li> Re\u021beaua interna\u021bional\u0103 de mut\u0103ri \u00een str\u0103in\u0103tate (OMNI)<\/li>\n<li> <a href=\"https:\/\/moverdb.com\/ro\/fidi-faim\/\">FIDI acreditat FIDI International Mover<\/a> (FAIM)<\/li>\n<li> <a href=\"https:\/\/moverdb.com\/ro\/sunt\/\">Asocia\u021bia Interna\u021bional\u0103 a Transportatorilor<\/a> (<a href=\"https:\/\/moverdb.com\/ro\/iam\/\" data-internallinksmanager029f6b8e52c=\"23\" title=\"Explica\u021bii despre Asocia\u021bia Interna\u021bional\u0103 a Transportatorilor (IAM)\">IAM<\/a>)<\/li>\n<li> <a href=\"https:\/\/moverdb.com\/ro\/iata\/\">Asocia\u021bia Interna\u021bional\u0103 a Transportului Aerian<\/a> (<a href=\"https:\/\/moverdb.com\/ro\/iata\/\" data-internallinksmanager029f6b8e52c=\"22\" title=\"Asocia\u021bia Interna\u021bional\u0103 de Transport Aerian (IATA) - Explica\u021bii\">IATA<\/a>)<\/li>\n<li> <a href=\"https:\/\/moverdb.com\/ro\/fedemac\/\">Federa\u021bia Asocia\u021biei Europene a Transportatorilor<\/a> (<a href=\"https:\/\/moverdb.com\/ro\/fedemac\/\" data-internallinksmanager029f6b8e52c=\"15\" title=\"Federa\u021bia Asocia\u021biei Europene a Transportatorilor (FEDEMAC) Explica\u021bii\">FEDEMAC<\/a>)<\/li>\n<\/ul>\n<h2>Recenzii Bolliger<\/h2>\n<p><strong>Pozitiv:<\/strong><\/p>\n<ul>\n<li> \"Coordonatorul nostru a fost extrem de profesionist \u0219i util. A r\u0103spuns la toate \u00eentreb\u0103rile noastre \u0219i a f\u0103cut ca mutarea noastr\u0103 de la Roma la <a href=\"https:\/\/moverdb.com\/ro\/moving-to-london\/\">Londra<\/a> se simt u\u0219or \u0219i \u00een siguran\u021b\u0103. A avut grij\u0103 de absolut tot. Cu siguran\u021b\u0103 vom apela din nou la Bolliger pentru urm\u0103toarea noastr\u0103 mutare \u0219i \u00eei putem recomanda tuturor.\" - Client Bolliger <a href=\"http:\/\/www.bolliger.co.uk\/testimonials.html\" target=\"_blank\" rel=\"noopener\">M\u0103rturie<\/a><\/li>\n<li> <em>\"\u00cen general, foarte mul\u021bumit de aceast\u0103 experien\u021b\u0103 de mutare. Erau tobe \u0219i \u021bambale, deci lucruri destul de delicate. Totul a ajuns \u00een siguran\u021b\u0103 \u0219i la timp. Contactele \u0219i comunicarea au fost impecabile \u0219i \u00een timp util.\"<\/em> - Andrea via <a href=\"http:\/\/www.removalreviews.co.uk\/movers\/bolliger-352#2761  Read more: http:\/\/www.removalreviews.co.uk\/movers\/bolliger-352\" target=\"_blank\" rel=\"noopener\">Recenzii de mutare<\/a><\/li>\n<li> <em>\"Nu scriu des astfel de recomand\u0103ri sau recenzii, dar a trebuit s\u0103 \u00eemi iau c\u00e2teva minute pentru a-i mul\u021bumi lui Bolliger pentru treaba minunat\u0103 pe care a f\u0103cut-o recent c\u00e2nd m-a mutat de la Londra la Berlin.\"<\/em> - davelucas via <a href=\"https:\/\/www.yell.com\/biz\/bolliger-uk-ltd-west-drayton-7150125\/\" target=\"_blank\" rel=\"noopener\">Url\u0103<\/a><\/li>\n<\/ul>\n<p><strong>Negativ:<\/strong><\/p>\n<ul>\n<li> <em>\"Nu v\u0103 l\u0103sa\u021bi p\u0103c\u0103li\u021bi de sloganul de v\u00e2nz\u0103ri Bolliger \u0219i de preten\u021biile de excelen\u021b\u0103...\"<\/em> - Domnul D Bruce prin <a href=\"http:\/\/www.removalreviews.co.uk\/movers\/bolliger-352#10617  Read more: http:\/\/www.removalreviews.co.uk\/movers\/bolliger-352\" target=\"_blank\" rel=\"noopener\">Recenzii de mutare<\/a><\/li>\n<li> <em>\"Bolliger UK au fost absolut teribil...... Echipa de agen\u021bie neexperimentat\u0103 cu gur\u0103 murdar\u0103 a sosit t\u00e2rziu f\u0103r\u0103 echipament de mutare, chiar dac\u0103 mutarea noastr\u0103 rezervat\u0103 a inclus pianul nostru mare.\"<\/em> - Don.Br via <a href=\"http:\/\/www.reviewcentre.com\/Removal-Companies\/Bolliger-www-bolliger-co-uk-reviews_2387554\" target=\"_blank\" rel=\"noopener\">Centrul de recenzii<\/a><\/li>\n<\/ul>\n<div itemprop=\"review\" itemscope itemtype=\"http:\/\/schema.org\/Review\">\n<span itemprop=\"author\" itemscope=\"\" itemtype=\"http:\/\/schema.org\/Organization\"><span itemprop=\"name\">MoverDB.com<\/span><\/span> Revizuirea online a site-ului pentru <span itemprop=\"itemreviewed\" itemscope=\"\" itemtype=\"http:\/\/schema.org\/Brand\"><span itemprop=\"name\">Bolliger<\/span><\/span>:<\/p>\n<ol>\n<li> Detalii de contact clare pe site-ul web (inclusiv num\u0103rul de telefon): <strong>Da<\/strong><\/li>\n<li> U\u0219or de ob\u021binut <a href=\"https:\/\/moverdb.com\/ro\/citate\/\">citate interna\u021bionale \u00een mi\u0219care<\/a>? (Formular de solicitare a unui deviz online): <strong>Da<\/strong><\/li>\n<li> Informa\u021bii clare pe site-ul web: <strong>Da,<\/strong> dar nu \u00eentotdeauna foarte detaliate.<\/li>\n<li> Apartenen\u021ba la organiza\u021bii interna\u021bionale recunoscute \u00een domeniul mut\u0103rii: <strong>Da<\/strong>, (a se vedea mai sus)<\/li>\n<li> Lista de clien\u021bi \u0219i\/sau m\u0103rturii ale clien\u021bilor anteriori: <strong>Da,<\/strong> multe m\u0103rturii pozitive ale clien\u021bilor \u0219i, \u00een general, recenzii bune de pe internet.<\/li>\n<\/ol>\n<div itemprop=\"reviewRating\" itemscope itemtype=\"http:\/\/schema.org\/Rating\"><meta itemprop=\"worstRating\" content = \"0\" \/><meta itemprop=\"bestRating\" content=\"5\" \/><meta itemprop=\"ratingValue\" content=\"4.5\"><\/div>\n<p><strong>Scor general: 4.5\/5<\/strong><br \/>\n<strong>Data revizuirii:<\/strong> <span itemprop=\"datePublished\" content=\"2017-02-23\">23\/02\/2017<\/span>\n<\/div>\n<p>Citi\u021bi mai multe despre <a href=\"https:\/\/moverdb.com\/ro\/moving-companies\/\">companii interna\u021bionale de mutare<\/a> \u0219i a noastr\u0103 <a href=\"https:\/\/moverdb.com\/ro\/comentarii\/\">procesul de revizuire<\/a>.<\/p>\n<p><strong>Site-uri web:<\/strong> IT: <a href=\"http:\/\/www.bolliger.it\/\" target=\"_blank\" rel=\"noopener\">http:\/\/www.bolliger.it\/<\/a> MAREA BRITANIE: <a href=\"http:\/\/www.bolliger.co.uk\/\" target=\"_blank\" rel=\"noopener\">http:\/\/www.bolliger.co.uk\/<\/a><\/p>","protected":false},"excerpt":{"rendered":"<p>Bolliger offers its customers a wide variety of moving services. These are listed below together with a company profile and reviews. International Moving Worldwide network of moving resources Door to door Move Manager with at least 5 years&#8217; experience Track your shipment 24\/7 House survey to ascertain packing requirements etc Insurance arranged Personal coordinator will [&hellip;]<\/p>\n","protected":false},"author":1,"featured_media":0,"parent":0,"menu_order":0,"comment_status":"closed","ping_status":"closed","template":"","meta":{"_genesis_hide_title":false,"_genesis_hide_breadcrumbs":false,"_genesis_hide_singular_image":false,"_genesis_hide_footer_widgets":false,"_genesis_custom_body_class":"","_genesis_custom_post_class":"","_genesis_layout":"","footnotes":""},"class_list":{"0":"post-1662","1":"page","2":"type-page","3":"status-publish","5":"entry"},"_links":{"self":[{"href":"https:\/\/moverdb.com\/ro\/wp-json\/wp\/v2\/pages\/1662","targetHints":{"allow":["GET"]}}],"collection":[{"href":"https:\/\/moverdb.com\/ro\/wp-json\/wp\/v2\/pages"}],"about":[{"href":"https:\/\/moverdb.com\/ro\/wp-json\/wp\/v2\/types\/page"}],"author":[{"embeddable":true,"href":"https:\/\/moverdb.com\/ro\/wp-json\/wp\/v2\/users\/1"}],"replies":[{"embeddable":true,"href":"https:\/\/moverdb.com\/ro\/wp-json\/wp\/v2\/comments?post=1662"}],"version-history":[{"count":5,"href":"https:\/\/moverdb.com\/ro\/wp-json\/wp\/v2\/pages\/1662\/revisions"}],"predecessor-version":[{"id":6184,"href":"https:\/\/moverdb.com\/ro\/wp-json\/wp\/v2\/pages\/1662\/revisions\/6184"}],"wp:attachment":[{"href":"https:\/\/moverdb.com\/ro\/wp-json\/wp\/v2\/media?parent=1662"}],"curies":[{"name":"wp","href":"https:\/\/api.w.org\/{rel}","templated":true}]}}