{"id":1650,"date":"2017-04-24T10:40:56","date_gmt":"2017-04-24T10:40:56","guid":{"rendered":"http:\/\/moverdb.com\/?page_id=1650"},"modified":"2026-01-08T14:48:05","modified_gmt":"2026-01-08T14:48:05","slug":"cosco-shipping","status":"publish","type":"page","link":"https:\/\/moverdb.com\/ro\/cosco-shipping\/","title":{"rendered":"COSCO Shipping Lines - Servicii interna\u021bionale \u0219i recenzii"},"content":{"rendered":"<p>COSCO Shipping Lines (<a href=\"https:\/\/moverdb.com\/ro\/moving-to-china\/\" data-internallinksmanager029f6b8e52c=\"357\" title=\"V\u0103 muta\u021bi \u00een China? 2026 Costurile de trai \u0219i sfaturi de relocare\">China<\/a> Ocean Shipping (Group) Company) ofer\u0103 clien\u021bilor s\u0103i o gam\u0103 larg\u0103 de servicii. Acestea sunt enumerate mai jos, \u00eempreun\u0103 cu un profil al companiei \u0219i recenzii.<\/p>\n<p><strong><a href=\"https:\/\/moverdb.com\/ro\/container-shipping\/\" data-internallinksmanager029f6b8e52c=\"3\" title=\"Graficul ratelor de transport maritim interna\u021bional de containere: Aprilie 2026\">Transportul maritim de containere<\/a><\/strong><\/p>\n<ul>\n<li> Flota de nave - 170 de nave container moderne<\/li>\n<li> Rute de servicii - 84 de rute de transport maritim interna\u021bional \u0219i 23 de rute interne<\/li>\n<li> Re\u021bea global\u0103<\/li>\n<li> 22.000 de containere frigorifice<\/li>\n<\/ul>\n<p><strong>Transportul de m\u0103rfuri \u00een vrac uscat<\/strong><\/p>\n<ul>\n<li> Flota de nave - 380 de nave, capacitate de transport 34 milioane DWTs<\/li>\n<li> Minereu de fier<\/li>\n<li> C\u0103rbune<\/li>\n<li> Cereale<\/li>\n<li> O\u021bel<\/li>\n<li> Alte m\u0103rfuri \u00een vrac<\/li>\n<li> 1,000 <a href=\"https:\/\/moverdb.com\/ro\/top-49-container-ports\/\" data-internallinksmanager029f6b8e52c=\"80\" title=\"Top 49 cele mai mari \u0219i mai aglomerate porturi de containere \u00een 2026\">porturi<\/a> \u00een peste 100 de \u021b\u0103ri<\/li>\n<li> Sistem de sincronizare nav\u0103-\u021b\u0103rm<\/li>\n<\/ul>\n<p><strong>Transportul de petrol \u0219i gaze<\/strong><\/p>\n<ul>\n<li> Expediere \u00een peste 300 de porturi la nivel mondial<\/li>\n<li> Petrol brut<\/li>\n<li> Ulei de produs<\/li>\n<li> GPL \u0219i GNL<\/li>\n<\/ul>\n<p><strong>Transport de m\u0103rfuri specializate \u0219i generale<\/strong><\/p>\n<ul>\n<li> Nave grele de ridicare multifunc\u021bionale<\/li>\n<li> Nave semisubmersibile<\/li>\n<li> Nave de asfalt<\/li>\n<li> Transportatori de lemn<\/li>\n<li> Transportoare auto<\/li>\n<\/ul>\n<p><strong>Sectorul financiar al transportului maritim<\/strong><\/p>\n<ul>\n<li> Navlosirea navelor<\/li>\n<li> Leasing de containere<\/li>\n<li> Instala\u021bii de depozitare a terminalelor<\/li>\n<li> Asigurarea transportului<\/li>\n<\/ul>\n<p><strong>Servicii de linie pentru pasageri<\/strong><\/p>\n<ul>\n<li> Coasta intern\u0103 chinez\u0103<\/li>\n<li> China - <a href=\"https:\/\/moverdb.com\/ro\/moving-to-japan\/\" data-internallinksmanager029f6b8e52c=\"342\" title=\"V\u0103 muta\u021bi \u00een Japonia? 2026 Costuri de trai \u0219i sfaturi de relocare\">Japonia<\/a><\/li>\n<li> China - Coreea<\/li>\n<li> Partea continental\u0103 Taiwan<\/li>\n<\/ul>\n<h2>Profilul companiei COSCO Shipping Lines<\/h2>\n<p>China Ocean Shipping (Group) Company este de\u021binut\u0103 de guvernul chinez \u0219i are sediul central \u00een Shanghai. COSCO este cel mai mare transportator de m\u0103rfuri uscate \u00een vrac din China \u0219i se num\u0103r\u0103 printre cei mai mari la nivel mondial. Are un total de 1.114 nave, cu o capacitate de 85,32 milioane DWT. De asemenea, de\u021bine 46 de terminale de containere \u00een \u00eentreaga lume, cu 190 de spa\u021bii de acostare.<\/p>\n<p>\u00cen februarie 2016, Grupul COSCO a fuzionat cu China Shipping Group, form\u00e2nd astfel China COSCO Shipping Corporation. Este o companie divers\u0103 care ofer\u0103 servicii \u00een domeniul transportului maritim, al construc\u021biei \u0219i repara\u021biilor navale, al oper\u0103rii terminalelor \u0219i al fabric\u0103rii de containere, pentru a numi doar c\u00e2teva dintre interesele sale.<\/p>\n<p>China COSCO Shipping Corporation Ltd. are urm\u0103toarele acredit\u0103ri \u0219i afilieri:<\/p>\n<ul>\n<li> Certificat interna\u021bional de securitate a navelor<\/li>\n<li> Certificat de management al siguran\u021bei<\/li>\n<li> Certificat de acreditare a sistemului de management<\/li>\n<li> Acreditarea sistemului de management de mediu<\/li>\n<li> Acreditarea sistemului de management al s\u0103n\u0103t\u0103\u021bii \u0219i securit\u0103\u021bii ocupa\u021bionale<\/li>\n<li> Certificatul de management al eficien\u021bei energetice al companiei<\/li>\n<\/ul>\n<h2>COSCO Shipping Lines Recenzii<\/h2>\n<p>La momentul public\u0103rii nu am putut g\u0103si nicio recenzie pozitiv\u0103 sau negativ\u0103 despre serviciile COSCO Shipping Lines.<\/p>\n<div itemprop=\"review\" itemscope itemtype=\"http:\/\/schema.org\/Review\">\n<strong><span itemprop=\"author\" itemscope=\"\" itemtype=\"http:\/\/schema.org\/Organization\"><span itemprop=\"name\">MoverDB.com<\/span><\/span> Revizuirea online a site-ului pentru <span itemprop=\"itemreviewed\" itemscope=\"\" itemtype=\"http:\/\/schema.org\/Brand\"><span itemprop=\"name\">Linii de transport maritim COSCO<\/span><\/span>:<\/strong><\/p>\n<ol>\n<li> Detalii de contact clare pe site-ul web (inclusiv num\u0103rul de telefon): <strong>Da<\/strong><\/li>\n<li> Este u\u0219or s\u0103 ob\u021bine\u021bi cota\u021bii de transport maritim interna\u021bional? (Formular de cerere de estimare online): <strong>Da<\/strong>, ofer\u0103 un serviciu de ofertare online \u0219i, de asemenea, un serviciu de e-business pentru a v\u0103 urm\u0103ri expedierile.<\/li>\n<li> Informa\u021bii clare pe site-ul web: <strong>Par\u021bial\u0103,<\/strong> site-ul web con\u021bine o mul\u021bime de informa\u021bii, dar nu este cel mai u\u0219or de utilizat.<\/li>\n<li> Apartenen\u021ba la organiza\u021bii de transport maritim recunoscute la nivel interna\u021bional: <strong>Da<\/strong><\/li>\n<li> Lista de clien\u021bi \u0219i\/sau m\u0103rturii ale clien\u021bilor anteriori. <strong>Nu,<\/strong> nu am g\u0103sit niciunul la momentul public\u0103rii.<\/li>\n<\/ol>\n<div itemprop=\"reviewRating\" itemscope itemtype=\"http:\/\/schema.org\/Rating\"><meta itemprop=\"worstRating\" content = \"0\" \/><meta itemprop=\"bestRating\" content=\"5\" \/><meta itemprop=\"ratingValue\" content=\"3.5\"><\/div>\n<p><strong>Scor general: 3.5\/5<\/strong><br \/>\n<strong>Data revizuirii:<\/strong> <span itemprop=\"datePublished\" content=\"2017-04-24\">24\/04\/2017<\/span>\n<\/div>\n<p>Mai multe despre alte <a href=\"https:\/\/moverdb.com\/ro\/companii-de-transport-maritim\/\">companii de transport maritim interna\u021bional<\/a>, <a href=\"https:\/\/moverdb.com\/ro\/transport-maritim-de-containere\/\">tarifele de transport maritim \u00een containere<\/a> \u0219i a noastr\u0103 <a href=\"https:\/\/moverdb.com\/ro\/comentarii\/\">procesul de revizuire<\/a>.<\/p>\n<p><strong>Site web:<\/strong> <a href=\"http:\/\/lines.coscoshipping.com\/home.do\" target=\"_blank\" rel=\"noopener\">http:\/\/lines.coscoshipping.com\/home.do<\/a><\/p>","protected":false},"excerpt":{"rendered":"<p>COSCO Shipping Lines (China Ocean Shipping (Group) Company) offers its clients a wide array of services. These are listed below together with a company profile and reviews. Container Shipping Vessel fleet &#8211; 170 modern container vessels Service routes &#8211; 84 international shipping routes and 23 domestic Global network 22,000 refrigerated containers Dry Bulk Cargo Shipping [&hellip;]<\/p>\n","protected":false},"author":1,"featured_media":0,"parent":0,"menu_order":0,"comment_status":"closed","ping_status":"closed","template":"","meta":{"_genesis_hide_title":false,"_genesis_hide_breadcrumbs":false,"_genesis_hide_singular_image":false,"_genesis_hide_footer_widgets":false,"_genesis_custom_body_class":"","_genesis_custom_post_class":"","_genesis_layout":"","footnotes":""},"class_list":{"0":"post-1650","1":"page","2":"type-page","3":"status-publish","5":"entry"},"_links":{"self":[{"href":"https:\/\/moverdb.com\/ro\/wp-json\/wp\/v2\/pages\/1650","targetHints":{"allow":["GET"]}}],"collection":[{"href":"https:\/\/moverdb.com\/ro\/wp-json\/wp\/v2\/pages"}],"about":[{"href":"https:\/\/moverdb.com\/ro\/wp-json\/wp\/v2\/types\/page"}],"author":[{"embeddable":true,"href":"https:\/\/moverdb.com\/ro\/wp-json\/wp\/v2\/users\/1"}],"replies":[{"embeddable":true,"href":"https:\/\/moverdb.com\/ro\/wp-json\/wp\/v2\/comments?post=1650"}],"version-history":[{"count":3,"href":"https:\/\/moverdb.com\/ro\/wp-json\/wp\/v2\/pages\/1650\/revisions"}],"predecessor-version":[{"id":6196,"href":"https:\/\/moverdb.com\/ro\/wp-json\/wp\/v2\/pages\/1650\/revisions\/6196"}],"wp:attachment":[{"href":"https:\/\/moverdb.com\/ro\/wp-json\/wp\/v2\/media?parent=1650"}],"curies":[{"name":"wp","href":"https:\/\/api.w.org\/{rel}","templated":true}]}}