{"id":1648,"date":"2017-04-21T14:26:25","date_gmt":"2017-04-21T14:26:25","guid":{"rendered":"http:\/\/moverdb.com\/?page_id=1648"},"modified":"2026-01-08T14:47:58","modified_gmt":"2026-01-08T14:47:58","slug":"cma-cgm","status":"publish","type":"page","link":"https:\/\/moverdb.com\/ro\/cma-cgm\/","title":{"rendered":"Grupul CMA CGM - Servicii de transport maritim interna\u021bional \u0219i recenzii"},"content":{"rendered":"<p>Grupul CMA CGM ofer\u0103 clien\u021bilor s\u0103i o gam\u0103 larg\u0103 de solu\u021bii de transport maritim \u0219i de logistic\u0103. Acestea sunt enumerate mai jos, \u00eempreun\u0103 cu un profil al companiei \u0219i recenzii.<\/p>\n<h3>Transport interna\u021bional<\/h3>\n<p><strong>Containere uscate<\/strong><\/p>\n<ul>\n<li> Containere de uz general (20'\/40'\/40\u2032 HC\/45\u2032 HC);<\/li>\n<li> Containere cu l\u0103\u021bime de palet (40\u2032 HC PW\/45\u2032 HC PW);<\/li>\n<li> containere specializate (flat-rack, open-top, open-side, platform\u0103, cistern\u0103 etc.)<\/li>\n<li> Serviciu personalizat<\/li>\n<\/ul>\n<p><strong>Containere Reefer<\/strong><\/p>\n<ul>\n<li> 20\u2032 RE\/40\u2032 RH Containere frigorifice,<\/li>\n<li> Cea mai mare flot\u0103 de containere de 45\u2032 RH Pallet de l\u0103\u021bime de pe pia\u021b\u0103, dedicat\u0103 comer\u021bului intraeuropean.<\/li>\n<li> Departament dedicat<\/li>\n<\/ul>\n<p><strong>XXL Cargo<\/strong><\/p>\n<ul>\n<li> Transport\u0103 m\u0103rfuri cu dimensiuni \u0219i greut\u0103\u021bi nestandardizate<\/li>\n<li> Ma\u0219ini de lux<\/li>\n<li> Elicoptere<\/li>\n<li> Ma\u0219ini mari<\/li>\n<li> Vagoane de cale ferat\u0103<\/li>\n<li> Turbine \u0219i generatoare supradimensionate<\/li>\n<li> Expertiza \u00een transportul de m\u0103rfuri breakbulk<\/li>\n<\/ul>\n<p><strong>Servicii intermodale - Intermodal - pe toate continentele<\/strong><\/p>\n<ul>\n<li> Servicii complete de la u\u0219\u0103 la u\u0219\u0103<\/li>\n<li> Solu\u021bii interne personalizate - (feroviar, rutier \u0219i fluvial)<\/li>\n<li> Optimizarea lan\u021bului de aprovizionare cu oportunit\u0103\u021bi de reducere a costurilor din u\u0219\u0103 \u00een u\u0219\u0103<\/li>\n<li> Deten\u021bie \u0219i suprasolicitare specifice atractive<\/li>\n<li> Monitorizare precis\u0103 pentru livr\u0103ri la timp<\/li>\n<li> Rezervare \u0219i urm\u0103rire u\u0219oar\u0103 prin intermediul unui<a>platform\u0103 de e-business<\/a><\/li>\n<\/ul>\n<p><strong>AQUAVIVA - Transportul de homari vii<\/strong><\/p>\n<ul>\n<li> Serviciu din u\u0219\u0103 \u00een u\u0219\u0103<\/li>\n<li> O nou\u0103 alternativ\u0103 at\u00e2t la congelare, c\u00e2t \u0219i la transportul aerian costisitor<\/li>\n<li> Men\u021bine habitatul natural al homarilor<\/li>\n<li> Garanteaz\u0103 prospe\u021bimea \u0219i calitatea din prima zi, chiar \u0219i \u00een cazul unei conserv\u0103ri pe termen lung<\/li>\n<li> Respect\u0103 mediul \u00eenconjur\u0103tor<\/li>\n<\/ul>\n<p><strong>RORO (Roll on Roll off)<\/strong><\/p>\n<ul>\n<li> <strong><a href=\"https:\/\/moverdb.com\/ro\/moving-companies\/algeria\/\" data-internallinksmanager029f6b8e52c=\"166\" title=\"3 Cele mai bune companii de mutare interna\u021bional\u0103 \u00een Algeria\">Algeria<\/a><\/strong>: un serviciu spre Mostaganem \u0219i Oran \u0219i un serviciu spre B\u00e9ja<\/li>\n<li> <strong><a href=\"https:\/\/moverdb.com\/ro\/moving-companies\/moving-companies-morocco\/\" data-internallinksmanager029f6b8e52c=\"287\" title=\"4 Cele mai bune companii de mutare interna\u021bional\u0103 \u00een Maroc\">Maroc<\/a><\/strong>: un serviciu c\u0103tre Casablanca<\/li>\n<li> <strong>Tunisia<\/strong>: un serviciu c\u0103tre Rades \u0219i La Goulette<\/li>\n<\/ul>\n<p><strong>Croaziere de marf\u0103<\/strong><\/p>\n<ul>\n<li> \u00cemp\u0103rt\u0103\u0219i\u021bi via\u021ba de zi cu zi cu echipajul<\/li>\n<li> 170 linii maritime, 450 <a href=\"https:\/\/moverdb.com\/ro\/top-49-container-ports\/\" data-internallinksmanager029f6b8e52c=\"80\" title=\"Top 49 cele mai mari \u0219i mai aglomerate porturi de containere \u00een 2026\">porturi<\/a> \u0219i 150 de \u021b\u0103ri<\/li>\n<li> Rezerva\u021bi pentru c\u00e2teva zile sau c\u00e2teva luni<\/li>\n<li> Merge\u021bi la \u021b\u0103rm pentru o zi sau o s\u0103pt\u0103m\u00e2n\u0103 \u0219i prinde\u021bi urm\u0103toarea nav\u0103.<\/li>\n<\/ul>\n<h2>Profilul companiei CMA CGM Group<\/h2>\n<p>Grupul CMA CGM a fost \u00eenfiin\u021bat la Marsilia de Jacques R. Saad\u00e9 \u00een 1978, care a \u00eenfiin\u021bat Compagnie Maritime d'Affr\u00e8tement (CMA). CMA avea o nav\u0103 \u0219i patru angaja\u021bi care lucrau pe o linie maritim\u0103 \u00eentre Beirut, Lattakia, Marsilia \u0219i Livorno. <\/p>\n<p>\u00cen 1980, CMA are dou\u0103 nave, un personal de 65 de angaja\u021bi \u0219i a deschis birouri \u00een Europa. \u00cen 1983, CMA \u0219i-a \u00eenceput serviciul multimodal, permi\u021b\u00e2nd expedierea m\u0103rfurilor din u\u0219\u0103 \u00een u\u0219\u0103.<\/p>\n<p>\u00cen 1999, CGM \u0219i CMA au fuzionat, devenind astfel compania num\u0103rul 12 \u00een lume. P\u00e2n\u0103 \u00een 2003, compania a ajuns la 5<sup>th<\/sup> pozi\u021bie. \u00cen 2006, CMA CGM a devenit cea mai mare companie de transport maritim din lume.<sup>rd<\/sup> cea mai mare <a href=\"https:\/\/moverdb.com\/ro\/companii-de-transport-maritim\/\" target=\"_blank\" rel=\"noopener\">companie de transport maritim \u0219i de transport de containere<\/a>, care a r\u0103mas p\u00e2n\u0103 \u00een prezent.<\/p>\n<p>\u00cen prezent, grupul CMA CGM are aproape 25.000 de angaja\u021bi la nivel global \u0219i 64 de birouri \u0219i agen\u021bii \u00een \u00eentreaga lume. Are dou\u0103 sedii principale, unul \u00een Marsilia \u0219i unul \u00een Norfolk, <a href=\"https:\/\/moverdb.com\/ro\/moving-to-the-united-states\/moving-to-virginia\/\" data-internallinksmanager029f6b8e52c=\"442\" title=\"Mutarea \u00een Virginia? 2026 Costurile de trai \u0219i sfaturi de relocare\">Virginia<\/a>. Compania opereaz\u0103 pe 170 de linii maritime \u0219i face escal\u0103 \u00een 450 de porturi din 150 de \u021b\u0103ri. \u00cen prezent, este al treilea cel mai mare <a href=\"https:\/\/moverdb.com\/ro\/shipping-companies\/\" data-internallinksmanager029f6b8e52c=\"4\" title=\"Top 10 Companii interna\u021bionale de transport maritim de containere\">companie de transport maritim<\/a> din lume \u0219i are o flot\u0103 de 428 de nave.<\/p>\n<p>CMA CGM are urm\u0103toarele acredit\u0103ri \u0219i afilieri:<\/p>\n<ul>\n<li> Certificat interna\u021bional de securitate a navelor (ISSC)<\/li>\n<li> Certificat de management al siguran\u021bei (SMC)<\/li>\n<li> Conven\u021bia privind munca maritim\u0103 (MLC)<\/li>\n<li> <a href=\"https:\/\/moverdb.com\/ro\/consiliul-maritim-mondial\/\">Consiliul Mondial al Transportului Maritim<\/a> (<a href=\"https:\/\/moverdb.com\/ro\/world-shipping-council\/\" data-internallinksmanager029f6b8e52c=\"82\" title=\"Explica\u021bii despre Consiliul Mondial al Transporturilor Maritime (WSC)\">WSC<\/a>)<\/li>\n<\/ul>\n<h2>Recenzii ale grupului CMA CGM<\/h2>\n<p><em>P\u00e2n\u0103 la momentul redact\u0103rii acestui articol nu am g\u0103sit nicio recenzie online pentru serviciile de transport maritim ale Grupului CMA CGM.<\/em><\/p>\n<div itemprop=\"review\" itemscope itemtype=\"http:\/\/schema.org\/Review\">\n<strong><span itemprop=\"author\" itemscope=\"\" itemtype=\"http:\/\/schema.org\/Organization\"><span itemprop=\"name\">MoverDB.com<\/span><\/span> Revizuirea online a site-ului pentru <span itemprop=\"itemreviewed\" itemscope=\"\" itemtype=\"http:\/\/schema.org\/Brand\"><span itemprop=\"name\">Grupul CMA CGM<\/span><\/span>:<\/strong><\/p>\n<ol>\n<li> Detalii de contact clare pe site-ul web (inclusiv num\u0103rul de telefon): <strong>Da<\/strong><\/li>\n<li> U\u0219or de ob\u021binut <a href=\"https:\/\/moverdb.com\/ro\/container-shipping\/\" data-internallinksmanager029f6b8e52c=\"3\" title=\"Graficul ratelor de transport maritim interna\u021bional de containere: Aprilie 2026\">transport maritim interna\u021bional<\/a> citate? (Formular de cerere de estimare online): <strong>Nu<\/strong>, se pare c\u0103 trebuie s\u0103 v\u0103 \u00eenregistra\u021bi pentru a ob\u021bine cota\u021bii.<\/li>\n<li> Informa\u021bii clare pe site-ul web: <strong>Da,<\/strong> site-ul web con\u021bine informa\u021bii detaliate despre toate serviciile lor.<\/li>\n<li> Apartenen\u021ba la organiza\u021bii de transport maritim recunoscute la nivel interna\u021bional: <strong>Da<\/strong><\/li>\n<li> Lista de clien\u021bi \u0219i\/sau m\u0103rturii ale clien\u021bilor anteriori. <strong>Nu,<\/strong> nu exist\u0103 niciunul listat pe site-ul lor.<\/li>\n<\/ol>\n<div itemprop=\"reviewRating\" itemscope itemtype=\"http:\/\/schema.org\/Rating\"><meta itemprop=\"worstRating\" content = \"0\" \/><meta itemprop=\"bestRating\" content=\"5\" \/><meta itemprop=\"ratingValue\" content=\"3.5\"><\/div>\n<p><strong>Scor general: 3.5\/5<\/strong><br \/>\n<strong>Data revizuirii:<\/strong> <span itemprop=\"datePublished\" content=\"2017-04-21\">21\/04\/2017<\/span>\n<\/div>\n<p>Mai multe despre alte <a href=\"https:\/\/moverdb.com\/ro\/companii-de-transport-maritim\/\">companii de transport maritim interna\u021bional<\/a>, <a href=\"https:\/\/moverdb.com\/ro\/transport-maritim-de-containere\/\">tarifele de transport maritim \u00een containere<\/a> \u0219i a noastr\u0103 <a href=\"https:\/\/moverdb.com\/ro\/comentarii\/\">procesul de revizuire<\/a>.<\/p>\n<p><strong>Site web:<\/strong> <a href=\"http:\/\/www.cma-cgm.com\/\" target=\"_blank\" rel=\"noopener\">http:\/\/www.cma-cgm.com\/<\/a><\/p>","protected":false},"excerpt":{"rendered":"<p>CMA CGM Group offers its clients a wide range of shipping and logistics solutions. These are listed below together with a company profile and reviews. International Shipping Dry Containers General-use containers (20&#8217;\/40&#8217;\/40&#8242; HC\/45&#8242; HC); Pallet wide containers (40&#8242; HC PW\/45&#8242; HC PW); Specialised containers (flat-rack, open-top, open-side, platform, tank, etc.) Personalised service Reefer Containers 20&#8242; [&hellip;]<\/p>\n","protected":false},"author":1,"featured_media":0,"parent":0,"menu_order":0,"comment_status":"closed","ping_status":"closed","template":"","meta":{"_genesis_hide_title":false,"_genesis_hide_breadcrumbs":false,"_genesis_hide_singular_image":false,"_genesis_hide_footer_widgets":false,"_genesis_custom_body_class":"","_genesis_custom_post_class":"","_genesis_layout":"","footnotes":""},"class_list":{"0":"post-1648","1":"page","2":"type-page","3":"status-publish","5":"entry"},"_links":{"self":[{"href":"https:\/\/moverdb.com\/ro\/wp-json\/wp\/v2\/pages\/1648","targetHints":{"allow":["GET"]}}],"collection":[{"href":"https:\/\/moverdb.com\/ro\/wp-json\/wp\/v2\/pages"}],"about":[{"href":"https:\/\/moverdb.com\/ro\/wp-json\/wp\/v2\/types\/page"}],"author":[{"embeddable":true,"href":"https:\/\/moverdb.com\/ro\/wp-json\/wp\/v2\/users\/1"}],"replies":[{"embeddable":true,"href":"https:\/\/moverdb.com\/ro\/wp-json\/wp\/v2\/comments?post=1648"}],"version-history":[{"count":5,"href":"https:\/\/moverdb.com\/ro\/wp-json\/wp\/v2\/pages\/1648\/revisions"}],"predecessor-version":[{"id":6192,"href":"https:\/\/moverdb.com\/ro\/wp-json\/wp\/v2\/pages\/1648\/revisions\/6192"}],"wp:attachment":[{"href":"https:\/\/moverdb.com\/ro\/wp-json\/wp\/v2\/media?parent=1648"}],"curies":[{"name":"wp","href":"https:\/\/api.w.org\/{rel}","templated":true}]}}