{"id":1642,"date":"2017-07-04T10:17:22","date_gmt":"2017-07-04T10:17:22","guid":{"rendered":"http:\/\/moverdb.com\/?page_id=1642"},"modified":"2026-01-08T14:48:07","modified_gmt":"2026-01-08T14:48:07","slug":"deplasarea-coroanei","status":"publish","type":"page","link":"https:\/\/moverdb.com\/ro\/crown-moving\/","title":{"rendered":"Crown Moving Co Inc - Recenzii despre mut\u0103ri interna\u021bionale"},"content":{"rendered":"<p>Crown Moving Co Inc a avut sediul \u00een <a href=\"https:\/\/moverdb.com\/ro\/se-muta-in-seattle\/\">Seattle<\/a> \u0219i a oferit clien\u021bilor s\u0103i o varietate de servicii. Acestea sunt enumerate mai jos, \u00eempreun\u0103 cu un profil al companiei \u0219i recenzii.<\/p>\n<p><strong>Muta\u021bii interna\u021bionale<\/strong><\/p>\n<p>Servicii de pre-atribuire<\/p>\n<ul>\n<li> Servicii de viz\u0103 \u0219i imigrare<\/li>\n<li> Excursie de previzualizare \u0219i orientare \u00een zon\u0103<\/li>\n<li> Informa\u021bii despre \u021bar\u0103 \u0219i cultur\u0103<\/li>\n<\/ul>\n<p>Servicii de mutare<\/p>\n<ul>\n<li> Planificarea \u00eenainte de mutare<\/li>\n<li> Transportul bunurilor<\/li>\n<li> Gestionarea mut\u0103rii<\/li>\n<li> Urm\u0103rirea expedierii<\/li>\n<\/ul>\n<p>Servicii de destina\u021bie interna\u021bional\u0103<\/p>\n<ul>\n<li> Formare cultural\u0103 \u0219i lingvistic\u0103<\/li>\n<li> Asisten\u021b\u0103 \u0219colar\u0103<\/li>\n<li> Sprijinul partenerului\/so\u021bului<\/li>\n<li> Instalarea \u00een serviciu<\/li>\n<li> Asisten\u021b\u0103 la plecare<\/li>\n<\/ul>\n<p>Servicii de protec\u021bie<\/p>\n<ul>\n<li> Multiplicator de greutate<\/li>\n<li> Inventar de mare valoare<\/li>\n<li> Inventar evaluat detaliat<\/li>\n<\/ul>\n<p>Asisten\u021b\u0103 pentru locuin\u021be<\/p>\n<ul>\n<li> Servicii de g\u0103sire a unei case<\/li>\n<li> Cazare temporar\u0103<\/li>\n<li> Managementul propriet\u0103\u021bii \u0219i al chiriilor<\/li>\n<\/ul>\n<p><strong>Mutarea local\u0103 \u0219i pe distan\u021be lungi<\/strong><\/p>\n<ul>\n<li> Manager de mi\u0219care personal\u0103<\/li>\n<li> Serviciu din u\u0219\u0103 \u00een u\u0219\u0103<\/li>\n<li> Servicii complete de ambalare, ambalare fragil\u0103 sau autoambalare<\/li>\n<li> Demontarea \u0219i remontarea mobilierului<\/li>\n<li> Serviciul de despachetare<\/li>\n<li> Asigurare aranjat\u0103<\/li>\n<li> Depozitare pe termen scurt \u0219i lung<\/li>\n<\/ul>\n<p><strong>Expozi\u021bii de birou, industriale \u0219i comerciale<\/strong><\/p>\n<ul>\n<li> Consilier personal \u00een mi\u0219care<\/li>\n<li> Planificare de precizie<\/li>\n<li> Din u\u0219\u0103 \u00een u\u0219\u0103<\/li>\n<li> Ambalare<\/li>\n<li> Mut\u0103ri dup\u0103 orele de program \u0219i \u00een weekend<\/li>\n<li> Demontarea \u0219i remontarea mobilierului<\/li>\n<li> Despachetarea<\/li>\n<li> Scoaterea \u0219i instalarea IT<\/li>\n<li> Depozitare pe termen lung \u0219i scurt<\/li>\n<\/ul>\n<p><strong>Depozitare<\/strong><\/p>\n<ul>\n<li> Pe termen lung \u0219i scurt<\/li>\n<li> Depozitarea \u00eenregistr\u0103rilor la temperatur\u0103 controlat\u0103<\/li>\n<li> CCTV 24\/7<\/li>\n<li> Protec\u021bia \u00eempotriva incendiilor<\/li>\n<\/ul>\n<h2>Profilul companiei Crown Moving Co Inc<\/h2>\n<p><em><strong>V\u0103 rug\u0103m s\u0103 re\u021bine\u021bi<\/strong>: Crown Moving Co Inc a fost \u00eenchis\u0103. Ei recomand\u0103 clien\u021bilor lor s\u0103 foloseasc\u0103: <a href=\"https:\/\/moverdb.com\/ro\/bekins-van-lines\/\">Bekins Nord-Vest<\/a> \u00een schimb.<\/em><\/p>\n<p>Crown Moving Co Inc a fost \u00eenfiin\u021bat\u0103 \u00een 1967 \u0219i a avut sediul \u00een <a href=\"https:\/\/moverdb.com\/ro\/moving-to-seattle\/\" data-internallinksmanager029f6b8e52c=\"65\" title=\"Te mu\u021bi \u00een Seattle? 2026 Costurile vie\u021bii \u0219i sfaturi de relocare\">Seattle<\/a>, Washington. \u00cen 1978, compania a fost cump\u0103rat\u0103 \u0219i au fost deschise noi birouri \u00een Moses Lake \u0219i Spokane. <\/p>\n<p>Crown Moving a devenit agent pentru <a href=\"https:\/\/moverdb.com\/ro\/mayflower-transit\/\">Mayflower<\/a> \u00een 1982 \u0219i, prin urmare, au la dispozi\u021bie toat\u0103 expertiza Mayflower, precum \u0219i propria lor experien\u021b\u0103. Compania a fost cel mai mare agent Mayflower din Washington.<\/p>\n<p>Crown Moving Co Inc a avut urm\u0103toarele acredit\u0103ri \u0219i afilieri:<\/p>\n<ul>\n<li> <a href=\"https:\/\/moverdb.com\/ro\/amsa\/\">Asocia\u021bia American\u0103 a Transportatorilor<\/a> (<a href=\"https:\/\/moverdb.com\/ro\/amsa\/\" data-internallinksmanager029f6b8e52c=\"5\" title=\"Asocia\u021bia American\u0103 de Mutare \u0219i Depozitare (AMSA) Explicat\">AMSA<\/a>)<\/li>\n<li> Biroul pentru afaceri mai bune (BBB)<\/li>\n<\/ul>\n<p><strong>Crown Moving Co Inc Recenzii<\/strong><\/p>\n<p><strong>Pozitiv:<\/strong><\/p>\n<ul>\n<li> <em>\"A ap\u0103rut la timp, cu o personalitate minunat\u0103 \u0219i am \u00eenceput imediat s\u0103 discut\u0103m despre obiectele critice pe care aveam nevoie s\u0103 le mut cu o aten\u021bie deosebit\u0103.\"<\/em> Jackie R via <a href=\"https:\/\/www.yelp.com\/biz\/crown-moving-co-seattle-2?hrid=jSdhPA7gxsSt8Syf1zSn4w&#038;utm_campaign=www_review_share_popup&#038;utm_medium=copy_link&#038;utm_source=(direct)\" target=\"_blank\" rel=\"noopener\">Yelp<\/a><\/li>\n<li> <em>\"Coroana a finalizat schimbarea mea de sta\u021bie, dirijat\u0103 de armat\u0103.\" <\/em> Timothy M via <a href=\"https:\/\/www.bbb.org\/\" target=\"_blank\" rel=\"noopener\">BBB<\/a><\/li>\n<\/ul>\n<p><strong>Negativ:<\/strong><\/p>\n<ul>\n<li> <em>\"Experien\u021ba mea cu Crown Moving a fost una pe care sper c\u0103 o voi uita cur\u00e2nd.\"<\/em> - Rob D. via <a href=\"https:\/\/www.yelp.com\/biz\/crown-moving-co-seattle-2?hrid=i13sBXhBe0pzOXO2FJYCQQ&#038;utm_campaign=www_review_share_popup&#038;utm_medium=copy_link&#038;utm_source=(direct)\" target=\"_blank\" rel=\"noopener\">Yelp<\/a><\/li>\n<\/ul>\n<div itemprop=\"review\" itemscope itemtype=\"http:\/\/schema.org\/Review\">\n<span itemprop=\"author\" itemscope=\"\" itemtype=\"http:\/\/schema.org\/Organization\"><span itemprop=\"name\">MoverDB.com<\/span><\/span> Revizuirea online a site-ului pentru <span itemprop=\"itemreviewed\" itemscope=\"\" itemtype=\"http:\/\/schema.org\/Brand\"><span itemprop=\"name\">Crown Moving Co Inc<\/span><\/span>:<\/p>\n<ol>\n<li> Detalii de contact clare pe site-ul web (inclusiv num\u0103rul de telefon): <strong>Da<\/strong><\/li>\n<li> U\u0219or de ob\u021binut <a href=\"https:\/\/moverdb.com\/ro\/citate\/\">citate interna\u021bionale \u00een mi\u0219care<\/a>? (Formular de solicitare a unui deviz online): <strong>Da<\/strong><\/li>\n<li> Informa\u021bii clare pe site-ul web: <strong>Nu<\/strong><\/li>\n<li> Apartenen\u021ba la organiza\u021bii interna\u021bionale recunoscute \u00een domeniul mut\u0103rii: <strong>Da<\/strong>, (a se vedea mai sus)<\/li>\n<li> Lista de clien\u021bi \u0219i\/sau m\u0103rturii ale clien\u021bilor anteriori. <strong>Nu este relevant,<\/strong> deoarece compania a ie\u0219it din afaceri.<\/li>\n<\/ol>\n<div itemprop=\"reviewRating\" itemscope itemtype=\"http:\/\/schema.org\/Rating\"><meta itemprop=\"worstRating\" content = \"0\" \/><meta itemprop=\"bestRating\" content=\"5\" \/><meta itemprop=\"ratingValue\" content=\"4\"><\/div>\n<p><strong>Scor general: 4\/5<\/strong><br \/>\n<strong>Data revizuirii:<\/strong> <span itemprop=\"datePublished\" content=\"2017-07-04\">04\/07\/2017<\/span>\n<\/div>\n<p>Citi\u021bi mai multe despre <a href=\"https:\/\/moverdb.com\/ro\/moving-companies\/\">companii interna\u021bionale de mutare<\/a>, <a href=\"https:\/\/moverdb.com\/ro\/us-canada-movers\/\">companii de mutare interne<\/a> \u0219i a noastr\u0103 <a href=\"https:\/\/moverdb.com\/ro\/comentarii\/\">procesul de revizuire explicat<\/a>.<\/p>\n<p><strong>Site web:<\/strong> <a href=\"http:\/\/www.crownmoving.com\/\" target=\"_blank\" rel=\"noopener\">http:\/\/www.crownmoving.com\/<\/a><\/p>","protected":false},"excerpt":{"rendered":"<p>Crown Moving Co Inc was based in Seattle and offered its customers a variety of services. These are listed below together with a company profile and reviews. International Moves Pre-assignment Services Visa and immigration services Preview trip and area orientation Country and culture information Moving Services Pre-move planning Transportation of belongings Managing the move Shipment [&hellip;]<\/p>\n","protected":false},"author":1,"featured_media":0,"parent":0,"menu_order":0,"comment_status":"closed","ping_status":"closed","template":"","meta":{"_genesis_hide_title":false,"_genesis_hide_breadcrumbs":false,"_genesis_hide_singular_image":false,"_genesis_hide_footer_widgets":false,"_genesis_custom_body_class":"","_genesis_custom_post_class":"","_genesis_layout":"","footnotes":""},"class_list":{"0":"post-1642","1":"page","2":"type-page","3":"status-publish","5":"entry"},"_links":{"self":[{"href":"https:\/\/moverdb.com\/ro\/wp-json\/wp\/v2\/pages\/1642","targetHints":{"allow":["GET"]}}],"collection":[{"href":"https:\/\/moverdb.com\/ro\/wp-json\/wp\/v2\/pages"}],"about":[{"href":"https:\/\/moverdb.com\/ro\/wp-json\/wp\/v2\/types\/page"}],"author":[{"embeddable":true,"href":"https:\/\/moverdb.com\/ro\/wp-json\/wp\/v2\/users\/1"}],"replies":[{"embeddable":true,"href":"https:\/\/moverdb.com\/ro\/wp-json\/wp\/v2\/comments?post=1642"}],"version-history":[{"count":5,"href":"https:\/\/moverdb.com\/ro\/wp-json\/wp\/v2\/pages\/1642\/revisions"}],"predecessor-version":[{"id":6198,"href":"https:\/\/moverdb.com\/ro\/wp-json\/wp\/v2\/pages\/1642\/revisions\/6198"}],"wp:attachment":[{"href":"https:\/\/moverdb.com\/ro\/wp-json\/wp\/v2\/media?parent=1642"}],"curies":[{"name":"wp","href":"https:\/\/api.w.org\/{rel}","templated":true}]}}