{"id":1640,"date":"2017-02-01T15:26:12","date_gmt":"2017-02-01T15:26:12","guid":{"rendered":"http:\/\/moverdb.com\/?page_id=1640"},"modified":"2026-01-08T14:48:08","modified_gmt":"2026-01-08T14:48:08","slug":"relocari-de-coroane","status":"publish","type":"page","link":"https:\/\/moverdb.com\/ro\/crown-relocations\/","title":{"rendered":"Crown Relocations - Recenzii privind mut\u0103rile interna\u021bionale"},"content":{"rendered":"<p>Crown Relocations \u00ee\u0219i are sediul \u00een <a href=\"https:\/\/moverdb.com\/ro\/moving-to-hong-kong\/\" data-internallinksmanager029f6b8e52c=\"350\" title=\"V\u0103 muta\u021bi \u00een Hong Kong? 2026 Costurile vie\u021bii \u0219i sfaturi de relocare\">Hong Kong<\/a>. Ofer\u0103 clien\u021bilor s\u0103i o gam\u0103 de servicii de relocare \u0219i mutare, iar acestea sunt enumerate mai jos, \u00eempreun\u0103 cu un profil al companiei \u0219i recenzii.<\/p>\n<p><strong>Relocare interna\u021bional\u0103<\/strong><\/p>\n<ul>\n<li> Serviciu personalizat<\/li>\n<li> Serviciu din u\u0219\u0103 \u00een u\u0219\u0103<\/li>\n<li> Ambalare - f\u0103-o singur, articole selectate sau servicii complete<\/li>\n<li> Depozitare - pe termen scurt \u0219i lung<\/li>\n<li> Instrumente de urm\u0103rire online<\/li>\n<li> Relocarea animalelor de companie<\/li>\n<li> Servicii de imigrare<\/li>\n<li> Formare intercultural\u0103<\/li>\n<li> Formare lingvistic\u0103<\/li>\n<li> Servicii de v\u00e2nzare de locuin\u021be<\/li>\n<li> Managementul propriet\u0103\u021bii<\/li>\n<li> Previzualiza\u021bi serviciile de c\u0103l\u0103torie<\/li>\n<li> Asisten\u021b\u0103 pentru g\u0103sirea unei case<\/li>\n<li> C\u0103utarea \u0219colii<\/li>\n<li> Orientare dup\u0103 sosire<\/li>\n<li> Sprijin pentru cariera partenerului<\/li>\n<li> Servicii de lucru manual \u0219i de ajutor casnic<\/li>\n<li> \u00cenchiriere de mobilier<\/li>\n<li> Sprijin la locul de munc\u0103<\/li>\n<\/ul>\n<p><strong>Relocare local\u0103 \u0219i pe distan\u021be lungi<\/strong><\/p>\n<ul>\n<li> Serviciu personalizat<\/li>\n<li> Serviciu din u\u0219\u0103 \u00een u\u0219\u0103<\/li>\n<li> Servicii complete de ambalare, articole fragile sau ambalare DIY<\/li>\n<li> Serviciul de despachetare<\/li>\n<li> Evacuarea molozului<\/li>\n<li> Relocarea animalelor de companie<\/li>\n<li> Depozitare pe termen lung \u0219i scurt<\/li>\n<li> Asigurare<\/li>\n<\/ul>\n<h2>Profilul companiei Crown Relocations<\/h2>\n<p>Crown Relocations face parte din Crown Worldwide Group, cu sediul central \u00een Hong Kong. James E Thompson a fondat grupul \u00een 1965, \u00een timp ce locuia \u00een Yokohama, <a href=\"https:\/\/moverdb.com\/ro\/moving-to-japan\/\" data-internallinksmanager029f6b8e52c=\"342\" title=\"V\u0103 muta\u021bi \u00een Japonia? 2026 Costuri de trai \u0219i sfaturi de relocare\">Japonia<\/a>. El a \u00eenceput cu $1,000 \u0219i a ob\u021binut un contract cu <a href=\"https:\/\/moverdb.com\/ro\/moving-to-the-united-states\/\" data-internallinksmanager029f6b8e52c=\"94\" title=\"V\u0103 muta\u021bi \u00een Statele Unite? 2026 Costurile vie\u021bii \u0219i sfaturi de relocare\">SUA<\/a> militare pentru a muta personalul \u00een \u0219i din Japonia. <\/p>\n<p>Thompson este \u00een continuare directorul general al grupului \u0219i s-a mutat, \u00eempreun\u0103 cu sediul central al companiei, la Hong Kong \u00een 1978. \u00cen prezent, compania are peste 265 de birouri \u00een 58 de \u021b\u0103ri din \u00eentreaga lume \u0219i are peste 3.100 de angaja\u021bi de 70 de na\u021bionalit\u0103\u021bi diferite. Crown Relocations efectueaz\u0103 \u00een medie 120.000 de reloc\u0103ri \u00een fiecare an \u0219i dispune de aproximativ 3,4 milioane de metri p\u0103tra\u021bi de spa\u021biu de depozitare.<\/p>\n<p>Crown Relocations se bazeaz\u0103 pe vasta experien\u021b\u0103 a grupului Crown \u0219i mut\u0103 oameni \u00een \u00eentreaga lume, oferindu-le asisten\u021b\u0103 la fiecare pas. Ideea este de a reduce la minimum tulbur\u0103rile \u0219i de a permite astfel personalului companiei \u0219i indivizilor s\u0103 se adapteze rapid la noua lor via\u021b\u0103.<\/p>\n<p>Crown Relocation Services are urm\u0103toarele acredit\u0103ri \u0219i afilieri: -<\/p>\n<ul>\n<li> ISO 9001:2008<\/li>\n<li> <a href=\"https:\/\/moverdb.com\/ro\/sunt\/\">Asocia\u021bia Interna\u021bional\u0103 a Transportatorilor<\/a> (<a href=\"https:\/\/moverdb.com\/ro\/iam\/\" data-internallinksmanager029f6b8e52c=\"23\" title=\"Explica\u021bii despre Asocia\u021bia Interna\u021bional\u0103 a Transportatorilor (IAM)\">IAM<\/a>)<\/li>\n<\/ul>\n<h2>Crown Relocations Recenzii<\/h2>\n<p><strong>Pozitiv:<\/strong><\/p>\n<ul>\n<li> <em>\"Am fost total cople\u0219i\u021bi de modul profesionist, prietenos \u0219i competent \u00een care a fost \u00eentregul proces pentru noi, absolut superb de la \u00eenceput p\u00e2n\u0103 la sf\u00e2r\u0219it!\"<\/em> - Dl G. \u0219i dna. J. Webb prin <a href=\"https:\/\/www.crownrelo.com\/intl\/en-gb\/page\/testimonials\" target=\"_blank\" rel=\"noopener\">pagina de m\u0103rturii a companiei<\/a><\/li>\n<li> <em>\"Suntem foarte mul\u021bumi\u021bi de serviciile Crown \u0219i le-am recomanda oricui.\"<\/em> - Phuc Do via <a href=\"http:\/\/www.productreview.com.au\/p\/crown-relocations-australia.html?rating=5#reviews\" target=\"_blank\" rel=\"noopener\">ProductReview.com.ro<\/a><\/li>\n<li> <em>\"Un prieten ne-a recomandat Crown pentru mutarea noastr\u0103 din Doha, iar serviciile au fost excelente.\"<\/em> - Hilary via <a href=\"https:\/\/www.facebook.com\/pg\/CrownRelocations\/reviews\/\" target=\"_blank\" rel=\"noopener\">Pagina de Facebook<\/a><\/li>\n<li> <em>\"B\u0103ie\u021bii \u0103\u0219tia au fost grozavi. Au venit la timp \u0219i am fost uimit de c\u00e2t de repede au fost.\"<\/em> - Yana via <a href=\"https:\/\/www.yelp.com\/biz\/crown-relocations-mililani?hrid=gPhaBuTV20YimRwN7q4Wyw&#038;utm_campaign=www_review_share_popup&#038;utm_medium=copy_link&#038;utm_source=(direct)\" target=\"_blank\" rel=\"noopener\">Yelp<\/a><\/li>\n<\/ul>\n<p><strong>Negativ:<\/strong><\/p>\n<ul>\n<li> <em>\"Cea mai proast\u0103 companie cu care am avut de-a face vreodat\u0103. Nu au nicio integritate \u0219i nu \u00ee\u0219i asum\u0103 responsabilitatea pentru daunele pe care le-au f\u0103cut casei mele.\"<\/em> - Benjamin via <a href=\"https:\/\/www.yelp.com\/biz\/crown-relocations-mililani?hrid=R9s-xC375R-HSBYSZZI_ag&#038;utm_campaign=www_review_share_popup&#038;utm_medium=copy_link&#038;utm_source=(direct)\" target=\"_blank\" rel=\"noopener\">Yelp<\/a><\/li>\n<li> <em>\"Am avut o cantitate masiv\u0103 de pagube pur \u0219i simplu din cauza ambal\u0103rii neglijente. A durat c\u00e2teva s\u0103pt\u0103m\u00e2ni p\u00e2n\u0103 c\u00e2nd au r\u0103spuns la numeroasele noastre e-mailuri \u0219i au recunoscut c\u0103 au fost cauzate de ambalarea neglijent\u0103\"<\/em> - Elizabeth via <a href=\"https:\/\/www.facebook.com\/pg\/CrownRelocations\/reviews\/\" target=\"_blank\" rel=\"noopener\">Pagina de Facebook<\/a><\/li>\n<li> \"\u00cengrozitor. Scump \u0219i neglijent. Personalul nu r\u0103spunde prompt la \u00eentreb\u0103ri\" - LillithQ via <a href=\"http:\/\/www.productreview.com.au\/p\/crown-relocations-australia.html?rating=1#reviews\" target=\"_blank\" rel=\"noopener\">ProductReview.com.ro<\/a><\/li>\n<\/ul>\n<div itemprop=\"review\" itemscope itemtype=\"http:\/\/schema.org\/Review\">\n<span itemprop=\"author\" itemscope=\"\" itemtype=\"http:\/\/schema.org\/Organization\"><span itemprop=\"name\">MoverDB.com<\/span><\/span> Revizuirea online a site-ului pentru <span itemprop=\"itemreviewed\" itemscope=\"\" itemtype=\"http:\/\/schema.org\/Brand\"><span itemprop=\"name\">Coroana Reloc\u0103ri<\/span><\/span>:<\/p>\n<ol>\n<li> Detalii de contact clare pe site-ul web (inclusiv num\u0103rul de telefon): <strong>Da<\/strong><\/li>\n<li> U\u0219or de ob\u021binut <a href=\"https:\/\/moverdb.com\/ro\/citate\/\">citate interna\u021bionale \u00een mi\u0219care<\/a>? (Formular de solicitare a unui deviz online): <strong>Da<\/strong><\/li>\n<li> Informa\u021bii clare pe site-ul web: <strong>Da.<\/strong> Site-ul web prezint\u0103 \u00een mod clar toate serviciile oferite \u0219i include ghiduri de destina\u021bie.<\/li>\n<li> Apartenen\u021ba la organiza\u021bii interna\u021bionale recunoscute \u00een domeniul mut\u0103rii: <strong>Da<\/strong>, (a se vedea mai sus)<\/li>\n<li> Lista de clien\u021bi \u0219i\/sau m\u0103rturii ale clien\u021bilor anteriori. <strong>Da,<\/strong> Au o pagin\u0103 de m\u0103rturii, iar recenziile de pe internet par a fi \u00een general pozitive.<\/li>\n<\/ol>\n<div itemprop=\"reviewRating\" itemscope itemtype=\"http:\/\/schema.org\/Rating\"><meta itemprop=\"worstRating\" content = \"0\" \/><meta itemprop=\"bestRating\" content=\"5\" \/><meta itemprop=\"ratingValue\" content=\"5\"><\/div>\n<p><strong>Scor general: 5\/5<\/strong><br \/>\n<strong>Data revizuirii:<\/strong> <span itemprop=\"datePublished\" content=\"2017-02-01\">01\/02\/2017<\/span>\n<\/div>\n<p>Citi\u021bi mai multe despre <a href=\"https:\/\/moverdb.com\/ro\/moving-companies\/\">companii interna\u021bionale de mutare<\/a> \u0219i a noastr\u0103 <a href=\"https:\/\/moverdb.com\/ro\/comentarii\/\">procesul de revizuire<\/a>.<\/p>\n<p><strong>Site-uri web:<\/strong> <a href=\"https:\/\/www.crownrelo.com\/\" target=\"_blank\" rel=\"noopener\">https:\/\/www.crownrelo.com\/<\/a>; SUA: <a href=\"https:\/\/www.crownworldwide.com\/en-us\" rel=\"noopener\" target=\"_blank\">https:\/\/www.crownworldwide.com\/en-us<\/a><\/p>","protected":false},"excerpt":{"rendered":"<p>Crown Relocations has its headquarters in Hong Kong. It offers its customers a range of relocation and moving services and these are listed below, together with a company profile and reviews. International Relocation Personalised service Door to door service Packing &#8211; do it yourself, selected items or full service Storage &#8211; short and long term [&hellip;]<\/p>\n","protected":false},"author":1,"featured_media":0,"parent":0,"menu_order":0,"comment_status":"closed","ping_status":"closed","template":"","meta":{"_genesis_hide_title":false,"_genesis_hide_breadcrumbs":false,"_genesis_hide_singular_image":false,"_genesis_hide_footer_widgets":false,"_genesis_custom_body_class":"","_genesis_custom_post_class":"","_genesis_layout":"","footnotes":""},"class_list":{"0":"post-1640","1":"page","2":"type-page","3":"status-publish","5":"entry"},"_links":{"self":[{"href":"https:\/\/moverdb.com\/ro\/wp-json\/wp\/v2\/pages\/1640","targetHints":{"allow":["GET"]}}],"collection":[{"href":"https:\/\/moverdb.com\/ro\/wp-json\/wp\/v2\/pages"}],"about":[{"href":"https:\/\/moverdb.com\/ro\/wp-json\/wp\/v2\/types\/page"}],"author":[{"embeddable":true,"href":"https:\/\/moverdb.com\/ro\/wp-json\/wp\/v2\/users\/1"}],"replies":[{"embeddable":true,"href":"https:\/\/moverdb.com\/ro\/wp-json\/wp\/v2\/comments?post=1640"}],"version-history":[{"count":6,"href":"https:\/\/moverdb.com\/ro\/wp-json\/wp\/v2\/pages\/1640\/revisions"}],"predecessor-version":[{"id":6199,"href":"https:\/\/moverdb.com\/ro\/wp-json\/wp\/v2\/pages\/1640\/revisions\/6199"}],"wp:attachment":[{"href":"https:\/\/moverdb.com\/ro\/wp-json\/wp\/v2\/media?parent=1640"}],"curies":[{"name":"wp","href":"https:\/\/api.w.org\/{rel}","templated":true}]}}