{"id":1628,"date":"2017-04-24T11:01:52","date_gmt":"2017-04-24T11:01:52","guid":{"rendered":"http:\/\/moverdb.com\/?page_id=1628"},"modified":"2026-01-08T14:48:18","modified_gmt":"2026-01-08T14:48:18","slug":"evergreen-marine","status":"publish","type":"page","link":"https:\/\/moverdb.com\/ro\/evergreen-marine\/","title":{"rendered":"Evergreen Marine (linie) - Servicii de transport maritim interna\u021bional \u0219i recenzii"},"content":{"rendered":"<p>Evergreen Marine, cunoscut\u0103 \u0219i sub numele de Evergreen Line, este o companie taiwanez\u0103 de transport de containere \u0219i <a href=\"https:\/\/moverdb.com\/ro\/shipping-companies\/\" data-internallinksmanager029f6b8e52c=\"4\" title=\"Top 10 Companii interna\u021bionale de transport maritim de containere\">companie de transport maritim<\/a>. Acesta ofer\u0103 clien\u021bilor s\u0103i o gam\u0103 larg\u0103 de servicii. Acestea sunt enumerate mai jos, \u00eempreun\u0103 cu un profil al companiei \u0219i recenzii.<\/p>\n<h3>Transport interna\u021bional<\/h3>\n<p><strong>Serviciu All-in-one<\/strong><\/p>\n<ul>\n<li> Prezentare general\u0103 a expedierii<\/li>\n<li> Rezervare<\/li>\n<li> Instruc\u021biuni B\/L<\/li>\n<li> Corectarea B\/L<\/li>\n<li> <a href=\"https:\/\/moverdb.com\/ro\/moving-to-the-united-states\/\" data-internallinksmanager029f6b8e52c=\"94\" title=\"V\u0103 muta\u021bi \u00een Statele Unite? 2026 Costurile vie\u021bii \u0219i sfaturi de relocare\">SUA<\/a> Declara\u021bia de securitate a importatorului (ISF)<\/li>\n<\/ul>\n<p><strong>Servicii intermodale<\/strong><\/p>\n<ul>\n<li> Livrare din u\u0219\u0103 \u00een u\u0219\u0103<\/li>\n<li> Mare, r\u00e2u, drum \u0219i cale ferat\u0103<\/li>\n<\/ul>\n<p><strong>Containere pentru m\u0103rfuri uscate<\/strong><\/p>\n<ul>\n<li> Persoan\u0103 de v\u00e2nzare special desemnat\u0103<\/li>\n<li> 20\u2032 container de marf\u0103 uscat\u0103 din o\u021bel<\/li>\n<li> 40\u2032 container de marf\u0103 uscat\u0103 din o\u021bel<\/li>\n<li> 40\u2032 Container de marf\u0103 uscat\u0103 Hi-Cube<\/li>\n<li> 45\u2032 Container de marf\u0103 uscat\u0103 Hi-Cube<\/li>\n<\/ul>\n<p><strong>Container Reefer<\/strong><\/p>\n<ul>\n<li> 20\u2032 Container frigorific MGSS<\/li>\n<li> Recipient frigorific din aluminiu de 20\u2032<\/li>\n<li> 40\u2032 Container frigorific Hi-Cube de 40\u2032<\/li>\n<li> 40\u2032 Container frigorific Hi-Cube din aluminiu de 40\u2032<\/li>\n<\/ul>\n<p><strong>Container special<\/strong><\/p>\n<ul>\n<li> 20\u2032 container cu partea superioar\u0103 deschis\u0103 pe toat\u0103 \u00een\u0103l\u021bimea<\/li>\n<li> Container cu raft plat de 20\u2032 cu patru st\u00e2lpi independen\u021bi<\/li>\n<li> 20\u2032 container cu raft plat cu cap\u0103t pliabil<\/li>\n<li> Container cu raft plat de 40\u2032 cu patru st\u00e2lpi independen\u021bi<\/li>\n<li> 40\u2032 container cu raft plat cu cap\u0103t pliabil<\/li>\n<li> 40\u2032 container cu partea superioar\u0103 deschis\u0103 pe toat\u0103 \u00een\u0103l\u021bimea<\/li>\n<li> 40\u2032 Container hangar Hi-cube<\/li>\n<\/ul>\n<h2>Profilul companiei Evergreen Marine<\/h2>\n<p>Prima companie a grupului Evergreen, Evergreen Marine Corporation, a fost \u00eenfiin\u021bat\u0103 \u00een Taiwan la 1 ianuarie 2011.<sup>st<\/sup> Septembrie 1968 de c\u0103tre Dr. Yung-Fa Chang cu o nav\u0103 de marf\u0103 la m\u00e2na a doua. Evergreen a \u00eenceput <a href=\"https:\/\/moverdb.com\/ro\/container-shipping\/\" data-internallinksmanager029f6b8e52c=\"3\" title=\"Graficul ratelor de transport maritim interna\u021bional de containere: Aprilie 2026\">transportul maritim \u00een containere<\/a> \u00een 1975, iar p\u00e2n\u0103 \u00een 1985 compania a devenit cea mai mare companie de transport maritim de containere din lume.<\/p>\n<p>\u00cen prezent, opereaz\u0103 sub marca \"Evergreen Line\", \u00eempreun\u0103 cu Evergreen Marine Corp. (Taiwan) Ltd., Evergreen Marine (<a href=\"https:\/\/moverdb.com\/ro\/moving-to-the-uk\/\" data-internallinksmanager029f6b8e52c=\"93\" title=\"V\u0103 muta\u021bi \u00een Regatul Unit? 2026 Costurile vie\u021bii \u0219i sfaturi de relocare\">MAREA BRITANIE<\/a>) Ltd., Evergreen Marine (<a href=\"https:\/\/moverdb.com\/ro\/moving-to-hong-kong\/\" data-internallinksmanager029f6b8e52c=\"350\" title=\"V\u0103 muta\u021bi \u00een Hong Kong? 2026 Costurile vie\u021bii \u0219i sfaturi de relocare\">Hong Kong<\/a>) Ltd., Italia Marittima S.p.A. \u0219i Evergreen Marine (<a href=\"https:\/\/moverdb.com\/ro\/moving-to-singapore\/\" data-internallinksmanager029f6b8e52c=\"68\" title=\"V\u0103 muta\u021bi \u00een Singapore? 2026 Costuri de trai \u0219i sfaturi de relocare\">Singapore<\/a>) Pte Ltd.<\/p>\n<p>Evergreen se ridic\u0103 la \u00een\u0103l\u021bimea numelui s\u0103u, cele mai mari nave ale sale fiind navele din seria S de 7024 TEU, care sunt proiectate special pentru a avea un impact c\u00e2t mai mic posibil asupra mediului.<\/p>\n<p>Evergreen Marine are urm\u0103toarele acredit\u0103ri \u0219i afilieri:<\/p>\n<ul>\n<li> ISO 9001 2000<\/li>\n<li> ISO 9002<\/li>\n<li> Managementul interna\u021bional al siguran\u021bei (ISM)<\/li>\n<li> SOLAS<\/li>\n<li> OPA90<\/li>\n<li> IMDG<\/li>\n<li> <a href=\"https:\/\/moverdb.com\/ro\/consiliul-maritim-mondial\/\">Consiliul Mondial al Transportului Maritim<\/a> (<a href=\"https:\/\/moverdb.com\/ro\/world-shipping-council\/\" data-internallinksmanager029f6b8e52c=\"82\" title=\"Explica\u021bii despre Consiliul Mondial al Transporturilor Maritime (WSC)\">WSC<\/a>)<\/li>\n<li> M\u0103surarea gazelor cu efect de ser\u0103 \u00een Pacific (PGGM)<\/li>\n<\/ul>\n<h2>Evergreen Marine Recenzii<\/h2>\n<p>La momentul public\u0103rii nu am putut g\u0103si online niciun comentariu pozitiv sau negativ pentru Evergreen Marine sau Evergreen lines.<\/p>\n<div itemprop=\"review\" itemscope itemtype=\"http:\/\/schema.org\/Review\">\n<strong><span itemprop=\"author\" itemscope=\"\" itemtype=\"http:\/\/schema.org\/Organization\"><span itemprop=\"name\">MoverDB.com<\/span><\/span> Revizuirea online a site-ului pentru <span itemprop=\"itemreviewed\" itemscope=\"\" itemtype=\"http:\/\/schema.org\/Brand\"><span itemprop=\"name\">Evergreen Marine<\/span><\/span>:<\/strong><\/p>\n<ol>\n<li> Detalii de contact clare pe site-ul web (inclusiv num\u0103rul de telefon): <strong>Da<\/strong><\/li>\n<li> Este u\u0219or s\u0103 ob\u021bine\u021bi cota\u021bii de transport maritim interna\u021bional? (Formular de cerere de estimare online): <strong>Da<\/strong>, pot fi solicitate prin intermediul formularului de contact.<\/li>\n<li> Informa\u021bii clare pe site-ul web: <strong>Da,<\/strong> site-ul web con\u021bine informa\u021bii detaliate despre toate serviciile lor.<\/li>\n<li> Apartenen\u021ba la organiza\u021bii de transport maritim recunoscute la nivel interna\u021bional: <strong>Da<\/strong><\/li>\n<li> Lista de clien\u021bi \u0219i\/sau m\u0103rturii ale clien\u021bilor anteriori. <strong>Nu,<\/strong> nu exist\u0103 niciunul listat pe site-ul lor.<\/li>\n<\/ol>\n<div itemprop=\"reviewRating\" itemscope itemtype=\"http:\/\/schema.org\/Rating\"><meta itemprop=\"worstRating\" content = \"0\" \/><meta itemprop=\"bestRating\" content=\"5\" \/><meta itemprop=\"ratingValue\" content=\"4\"><\/div>\n<p><strong>Scor general: 4\/5<\/strong><br \/>\n<strong>Data revizuirii:<\/strong> <span itemprop=\"datePublished\" content=\"2017-04-24\">24\/04\/2017<\/span>\n<\/div>\n<p>Mai multe despre alte <a href=\"https:\/\/moverdb.com\/ro\/companii-de-transport-maritim\/\">companii de transport maritim de containere<\/a>, <a href=\"https:\/\/moverdb.com\/ro\/transport-maritim-de-containere\/\">costuri de transport maritim interna\u021bional de containere<\/a> \u0219i a noastr\u0103 <a href=\"https:\/\/moverdb.com\/ro\/comentarii\/\">procesul de revizuire<\/a>.<\/p>\n<p><strong>Site-uri web:<\/strong> <\/p>\n<ul>\n<li> <a href=\"http:\/\/www.evergreen-line.com\/\" target=\"_blank\" rel=\"noopener\">http:\/\/www.evergreen-line.com\/<\/a><\/li>\n<li> <a href=\"http:\/\/www.evergreen-marine.co.uk\/\" target=\"_blank\" rel=\"noopener\">http:\/\/www.evergreen-marine.co.uk\/<\/a><\/li>\n<li> <a href=\"http:\/\/www.evergreen-marine.com\/\" target=\"_blank\" rel=\"noopener\">http:\/\/www.evergreen-marine.com\/<\/a><\/li>\n<li> <a href=\"http:\/\/www.evergreen-marine.com.hk\/\" target=\"_blank\" rel=\"noopener\">http:\/\/www.evergreen-marine.com.hk\/<\/a><\/li>\n<li> <a href=\"http:\/\/www.evergreen-marine.com.sg\/\" target=\"_blank\" rel=\"noopener\">http:\/\/www.evergreen-marine.com.sg\/<\/a><\/li>\n<li> <a href=\"http:\/\/www.italiamarittima.it\/\" target=\"_blank\" rel=\"noopener\">http:\/\/www.italiamarittima.it\/<\/a><\/li>\n<\/ul>","protected":false},"excerpt":{"rendered":"<p>Evergreen Marine, also known as Evergreen Line, is a Taiwanese container transportation and shipping company. It offers its clients a wide array of services. These are listed below together with a company profile and reviews. International Shipping All-in-one Service Shipment overview Booking B\/L instruction B\/L proofreading US importer security filing (ISF) Intermodal Services Door to [&hellip;]<\/p>\n","protected":false},"author":1,"featured_media":0,"parent":0,"menu_order":0,"comment_status":"closed","ping_status":"closed","template":"","meta":{"_genesis_hide_title":false,"_genesis_hide_breadcrumbs":false,"_genesis_hide_singular_image":false,"_genesis_hide_footer_widgets":false,"_genesis_custom_body_class":"","_genesis_custom_post_class":"","_genesis_layout":"","footnotes":""},"class_list":{"0":"post-1628","1":"page","2":"type-page","3":"status-publish","5":"entry"},"_links":{"self":[{"href":"https:\/\/moverdb.com\/ro\/wp-json\/wp\/v2\/pages\/1628","targetHints":{"allow":["GET"]}}],"collection":[{"href":"https:\/\/moverdb.com\/ro\/wp-json\/wp\/v2\/pages"}],"about":[{"href":"https:\/\/moverdb.com\/ro\/wp-json\/wp\/v2\/types\/page"}],"author":[{"embeddable":true,"href":"https:\/\/moverdb.com\/ro\/wp-json\/wp\/v2\/users\/1"}],"replies":[{"embeddable":true,"href":"https:\/\/moverdb.com\/ro\/wp-json\/wp\/v2\/comments?post=1628"}],"version-history":[{"count":3,"href":"https:\/\/moverdb.com\/ro\/wp-json\/wp\/v2\/pages\/1628\/revisions"}],"predecessor-version":[{"id":6206,"href":"https:\/\/moverdb.com\/ro\/wp-json\/wp\/v2\/pages\/1628\/revisions\/6206"}],"wp:attachment":[{"href":"https:\/\/moverdb.com\/ro\/wp-json\/wp\/v2\/media?parent=1628"}],"curies":[{"name":"wp","href":"https:\/\/api.w.org\/{rel}","templated":true}]}}