{"id":1624,"date":"2017-02-24T09:47:42","date_gmt":"2017-02-24T09:47:42","guid":{"rendered":"http:\/\/moverdb.com\/?page_id=1624"},"modified":"2026-01-08T13:18:22","modified_gmt":"2026-01-08T13:18:22","slug":"gil-stauffer","status":"publish","type":"page","link":"https:\/\/moverdb.com\/ro\/gil-stauffer\/","title":{"rendered":"Gil Stauffer - Impresii despre mut\u0103ri \u0219i mut\u0103ri interna\u021bionale"},"content":{"rendered":"<p>Gil Stauffer este un spaniol <a href=\"https:\/\/moverdb.com\/ro\/international-removals\/\" data-internallinksmanager029f6b8e52c=\"27\" title=\"36 Cele mai bune companii de mut\u0103ri interna\u021bionale din Marea Britanie\">companie de mutare<\/a> cu sediul \u00een <a href=\"https:\/\/moverdb.com\/ro\/moving-to-spain\/moving-to-madrid\/\" data-internallinksmanager029f6b8e52c=\"413\" title=\"V\u0103 muta\u021bi la Madrid? 2026 Costurile vie\u021bii \u0219i sfaturi de relocare\">Madrid<\/a>. Compania are multe servicii de oferit clien\u021bilor s\u0103i, iar acestea sunt enumerate mai jos, \u00eempreun\u0103 cu un profil al companiei \u0219i recenzii.<\/p>\n<p><strong>Muta\u021bii interna\u021bionale<\/strong><\/p>\n<ul>\n<li> Plan personalizat de mutare<\/li>\n<li> Din u\u0219\u0103 \u00een u\u0219\u0103<\/li>\n<li> Transport maritim sau aerian<\/li>\n<li> Serviciu de ambalare complet\u0103, ambalare par\u021bial\u0103 sau autoambalare<\/li>\n<li> Demontarea \u0219i remontarea mobilierului<\/li>\n<li> Serviciu de despachetare disponibil<\/li>\n<li> V\u0103muire \u0219i asisten\u021b\u0103 cu documenta\u021bia<\/li>\n<li> Asigurare aranjat\u0103<\/li>\n<li> Depozitare pe termen scurt \u0219i lung disponibil\u0103<\/li>\n<\/ul>\n<p><strong>Muta\u021bii na\u021bionale \u0219i locale<\/strong><\/p>\n<ul>\n<li> Plan personalizat de mutare<\/li>\n<li> Din u\u0219\u0103 \u00een u\u0219\u0103<\/li>\n<li> Serviciu de ambalare complet\u0103, ambalare par\u021bial\u0103 sau autoambalare<\/li>\n<li> Serviciu de despachetare disponibil<\/li>\n<li> Demontarea \u0219i remontarea mobilierului<\/li>\n<li> Debarasarea molozului<\/li>\n<li> Asigurare aranjat\u0103<\/li>\n<li> Depozitare pe termen scurt \u0219i lung disponibil\u0103<\/li>\n<\/ul>\n<p><strong>Mut\u0103ri comerciale<\/strong><\/p>\n<ul>\n<li> Plan logistic<\/li>\n<li> Dup\u0103 orele de mutare<\/li>\n<li> Din u\u0219\u0103 \u00een u\u0219\u0103<\/li>\n<li> Demontarea \u0219i reasamblarea \u00eentregului mobilier<\/li>\n<li> Scoaterea \u0219i reinstalarea calculatorului<\/li>\n<li> Debarasarea molozului<\/li>\n<li> Transferul personalului<\/li>\n<\/ul>\n<p><strong>Relocarea angaja\u021bilor<\/strong><\/p>\n<ul>\n<li> Permise de munc\u0103<\/li>\n<li> V\u00e2n\u0103toare de case<\/li>\n<li> Lec\u021bii de limbi str\u0103ine<\/li>\n<li> Locuin\u021be temporare<\/li>\n<li> \u00cenchiriere de mobilier<\/li>\n<li> C\u0103utarea \u0219colii<\/li>\n<li> Rezerv\u0103ri la hotel<\/li>\n<li> Conturi bancare<\/li>\n<li> Contracte de leasing \u0219i de \u00eenchiriere<\/li>\n<li> Acorduri privind serviciile esen\u021biale<\/li>\n<li> Cursuri de cultur\u0103 \u0219i obiceiuri<\/li>\n<\/ul>\n<p><strong>Containere \u0219i depozitare<\/strong><\/p>\n<ul>\n<li> M\u0103rfuri depozitate \u00een containere de lemn \u00eenchise ermetic<\/li>\n<li> Securitate 24\/7<\/li>\n<li> Climat controlat<\/li>\n<li> Containere tratate pentru combaterea d\u0103un\u0103torilor<\/li>\n<li> M\u0103suri de precau\u021bie luate \u00een caz de incendiu<\/li>\n<\/ul>\n<p><strong>Divizia Documente<\/strong><\/p>\n<ul>\n<li> Arhive de documente<\/li>\n<li> Depozitare pentru documenta\u021bia confiden\u021bial\u0103<\/li>\n<li> Stocarea electronic\u0103 a arhivelor este disponibil\u0103<\/li>\n<li> Securitate la nivel \u00eenalt<\/li>\n<li> Climat controlat<\/li>\n<\/ul>\n<p><strong>Transportul lucr\u0103rilor de art\u0103<\/strong><\/p>\n<ul>\n<li> Expozi\u021bii \u00een mi\u0219care<\/li>\n<li> Nivel ridicat de expertiz\u0103 tehnic\u0103<\/li>\n<li> Tehnici speciale de manipulare<\/li>\n<li> Vehiculele de mutare sunt climatizate<\/li>\n<\/ul>\n<p><strong>Serviciul de curierat<\/strong><\/p>\n<ul>\n<li> Local \u0219i interna\u021bional<\/li>\n<li> Pachete sau documente<\/li>\n<li> Urm\u0103ri\u021bi online<\/li>\n<li> F\u0103r\u0103 limit\u0103 de greutate<\/li>\n<li> Transport aerian, maritim sau terestru<\/li>\n<\/ul>\n<h2>Profilul companiei Gil Stauffer<\/h2>\n<p>Gil Stauffer este o companie spaniol\u0103 de mut\u0103ri fondat\u0103 \u00een 1905. Sediul s\u0103u central se afl\u0103 la Madrid, cu 33 de birouri \u00een toat\u0103 \u021bara. <a href=\"https:\/\/moverdb.com\/ro\/moving-to-spain\/\" data-internallinksmanager029f6b8e52c=\"266\" title=\"V\u0103 muta\u021bi \u00een Spania? 2026 Costurile vie\u021bii \u0219i sfaturi de relocare\">Spania<\/a> \u0219i Baleare. Se laud\u0103 c\u0103 \u00ee\u0219i poate muta clien\u021bii oriunde, \u00een orice zi a anului. Are birouri \u00een Europa, \u00een <a href=\"https:\/\/moverdb.com\/ro\/moving-to-the-united-states\/\" data-internallinksmanager029f6b8e52c=\"94\" title=\"V\u0103 muta\u021bi \u00een Statele Unite? 2026 Costurile vie\u021bii \u0219i sfaturi de relocare\">Statele Unite ale Americii<\/a>, Oceania, Asia \u0219i Africa.<\/p>\n<p>Gil Stauffer este m\u00e2ndru de spiritul s\u0103u de pionierat. \u00cen anii 1950, compania a proiectat singurul camion din Spania care putea transporta \u00eenc\u0103rc\u0103turi individuale de p\u00e2n\u0103 la 200 de tone. De asemenea, a fost una dintre primele care a folosit sistemul de trenuri expres pentru containere (TECO) acum peste 70 de ani.<\/p>\n<p>Compania are programe de formare specializate \u0219i insist\u0103 ca personalul din divizia sa interna\u021bional\u0103 s\u0103 vorbeasc\u0103 o englez\u0103 excelent\u0103, precum \u0219i alte limbi str\u0103ine. Are o flot\u0103 de vehicule foarte impresionant\u0103, care acoper\u0103 toate nevoile posibile ale clien\u021bilor.<\/p>\n<p>Compania ofer\u0103 clien\u021bilor s\u0103i mut\u0103ri interna\u021bionale \u0219i na\u021bionale, precum \u0219i mut\u0103ri corporative \u0219i de birouri \u0219i relocarea angaja\u021bilor.<br \/>\nGil Stauffer are urm\u0103toarele acredit\u0103ri \u0219i afilieri:<\/p>\n<ul>\n<li> <a href=\"https:\/\/moverdb.com\/ro\/fidi-faim\/\">FIDI<\/a><\/li>\n<li> <a href=\"https:\/\/moverdb.com\/ro\/sunt\/\">IAM<\/a><\/li>\n<li> <a href=\"https:\/\/moverdb.com\/ro\/amsa\/\">AMSA<\/a><\/li>\n<li> <a href=\"https:\/\/moverdb.com\/ro\/fedemac\/\">FEDEMAC<\/a><\/li>\n<li> <a href=\"https:\/\/moverdb.com\/ro\/lacma\/\">LACMA<\/a><\/li>\n<li> PAIMA<\/li>\n<\/ul>\n<h2>Recenzii Gil Stauffer Company<\/h2>\n<p><strong>Pozitiv:<\/strong><\/p>\n<ul>\n<li> Nu exist\u0103 niciunul disponibil \u0219i nu au fost g\u0103site m\u0103rturii la fa\u021ba locului<\/li>\n<\/ul>\n<p><strong>Negativ:<\/strong><\/p>\n<ul>\n<li> <em>\"Nu-l folosi\u021bi pe Gil Stauffer pentru a v\u0103 muta lucrurile. Ve\u021bi regreta.\"<\/em> - Craig Bugden via <a href=\"https:\/\/uk.trustpilot.com\/reviews\/56ec28640000ff00094734c0\" target=\"_blank\" rel=\"noopener\">Trustpilot<\/a><\/li>\n<\/ul>\n<div itemprop=\"review\" itemscope itemtype=\"http:\/\/schema.org\/Review\">\n<span itemprop=\"author\" itemscope=\"\" itemtype=\"http:\/\/schema.org\/Organization\"><span itemprop=\"name\">MoverDB.com<\/span><\/span> Revizuirea online a site-ului pentru <span itemprop=\"itemreviewed\" itemscope=\"\" itemtype=\"http:\/\/schema.org\/Brand\"><span itemprop=\"name\">Gil Stauffer<\/span><\/span>:<\/p>\n<ol>\n<li> Detalii de contact clare pe site-ul web (inclusiv num\u0103rul de telefon): <strong>Da<\/strong><\/li>\n<li> U\u0219or de ob\u021binut <a href=\"https:\/\/moverdb.com\/ro\/citate\/\">citate interna\u021bionale \u00een mi\u0219care<\/a>? (Formular de solicitare a unui deviz online): <strong>Da<\/strong>, dar numai prin e-mail (f\u0103r\u0103 formular)<\/li>\n<li> Informa\u021bii clare pe site-ul web: <strong>Unii,<\/strong> Site-ul are o cantitate decent\u0103 de informa\u021bii despre serviciile lor, dar nu intr\u0103 \u00een detalii.<\/li>\n<li> Apartenen\u021ba la organiza\u021bii interna\u021bionale recunoscute \u00een domeniul mut\u0103rii: <strong>Da<\/strong>, dar acestea nu sunt listate pe site-ul lor<\/li>\n<li> Lista de clien\u021bi \u0219i\/sau m\u0103rturii ale clien\u021bilor anteriori: <strong>Nu,<\/strong> iar singura recenzie pe care am putut-o g\u0103si despre ei \u00een limba englez\u0103 a fost negativ\u0103.<\/li>\n<\/ol>\n<div itemprop=\"reviewRating\" itemscope itemtype=\"http:\/\/schema.org\/Rating\"><meta itemprop=\"worstRating\" content = \"0\" \/><meta itemprop=\"bestRating\" content=\"5\" \/><meta itemprop=\"ratingValue\" content=\"3.5\"><\/div>\n<p><strong>Scor general: 3.5\/5<\/strong><br \/>\n<strong>Data revizuirii:<\/strong> <span itemprop=\"datePublished\" content=\"2017-02-24\">24\/02\/2017<\/span>\n<\/div>\n<p>Citi\u021bi mai multe despre <a href=\"https:\/\/moverdb.com\/ro\/moving-companies\/\">companii interna\u021bionale de mutare<\/a> \u0219i a noastr\u0103 <a href=\"https:\/\/moverdb.com\/ro\/comentarii\/\">procesul de revizuire<\/a>.<\/p>\n<p><strong>Site web:<\/strong> <a href=\"http:\/\/www.gil-stauffer.com\/?lang=en\" target=\"_blank\" rel=\"noopener\">http:\/\/www.gil-stauffer.com\/<\/a><\/p>","protected":false},"excerpt":{"rendered":"<p>Gil Stauffer is a Spanish removal company with its headquarters in Madrid. The company has many services to offer its customers and these are listed below together with a company profile and reviews. International Moves Personalised moving plan Door to door Sea freight or air freight Full packing service, partial packing or self-packing Disassembly and [&hellip;]<\/p>\n","protected":false},"author":1,"featured_media":0,"parent":0,"menu_order":0,"comment_status":"closed","ping_status":"closed","template":"","meta":{"_genesis_hide_title":false,"_genesis_hide_breadcrumbs":false,"_genesis_hide_singular_image":false,"_genesis_hide_footer_widgets":false,"_genesis_custom_body_class":"","_genesis_custom_post_class":"","_genesis_layout":"","footnotes":""},"class_list":{"0":"post-1624","1":"page","2":"type-page","3":"status-publish","5":"entry"},"_links":{"self":[{"href":"https:\/\/moverdb.com\/ro\/wp-json\/wp\/v2\/pages\/1624","targetHints":{"allow":["GET"]}}],"collection":[{"href":"https:\/\/moverdb.com\/ro\/wp-json\/wp\/v2\/pages"}],"about":[{"href":"https:\/\/moverdb.com\/ro\/wp-json\/wp\/v2\/types\/page"}],"author":[{"embeddable":true,"href":"https:\/\/moverdb.com\/ro\/wp-json\/wp\/v2\/users\/1"}],"replies":[{"embeddable":true,"href":"https:\/\/moverdb.com\/ro\/wp-json\/wp\/v2\/comments?post=1624"}],"version-history":[{"count":3,"href":"https:\/\/moverdb.com\/ro\/wp-json\/wp\/v2\/pages\/1624\/revisions"}],"predecessor-version":[{"id":6215,"href":"https:\/\/moverdb.com\/ro\/wp-json\/wp\/v2\/pages\/1624\/revisions\/6215"}],"wp:attachment":[{"href":"https:\/\/moverdb.com\/ro\/wp-json\/wp\/v2\/media?parent=1624"}],"curies":[{"name":"wp","href":"https:\/\/api.w.org\/{rel}","templated":true}]}}