{"id":1614,"date":"2017-04-27T14:28:26","date_gmt":"2017-04-27T14:28:26","guid":{"rendered":"http:\/\/moverdb.com\/?page_id=1614"},"modified":"2026-01-08T13:18:27","modified_gmt":"2026-01-08T13:18:27","slug":"hamburg-sud","status":"publish","type":"page","link":"https:\/\/moverdb.com\/ro\/hamburg-sud\/","title":{"rendered":"Hamburg S\u00fcd Group - Servicii de transport maritim interna\u021bional \u0219i recenzii"},"content":{"rendered":"<p>Hamburg S\u00fcd este o nav\u0103 german\u0103 <a href=\"https:\/\/moverdb.com\/ro\/shipping-companies\/\" data-internallinksmanager029f6b8e52c=\"4\" title=\"Top 10 Companii interna\u021bionale de transport maritim de containere\">companie de transport maritim<\/a> care ofer\u0103 clien\u021bilor s\u0103i o gam\u0103 larg\u0103 de servicii. Acestea sunt enumerate mai jos, \u00eempreun\u0103 cu un profil al companiei \u0219i recenzii. (<em><strong>Not\u0103:<\/strong> <a href=\"https:\/\/moverdb.com\/ro\/maersk\/\" target=\"_blank\" rel=\"noopener\">Linia Maersk<\/a> este \u00een curs de a cump\u0103ra compania<\/em>).<\/p>\n<h3>Transportul interna\u021bional de containere<\/h3>\n<ul>\n<li> Planificarea de c\u0103tre exper\u021bi<\/li>\n<li> Din u\u0219\u0103 \u00een u\u0219\u0103<\/li>\n<li> Servicii intermodale disponibile<\/li>\n<\/ul>\n<p><strong>Marf\u0103 uscat\u0103<\/strong><\/p>\n<p><strong>Marf\u0103 periculoas\u0103<\/strong><\/p>\n<ul>\n<li> Fiecare cerere este examinat\u0103 de exper\u021bi<\/li>\n<li> Trebuie s\u0103 respecte reglement\u0103rile legale<\/li>\n<li> Consilierul certificat pentru siguran\u021ba m\u0103rfurilor periculoase (DGSA) ofer\u0103 consultan\u021b\u0103 pentru toate transporturile.<\/li>\n<li> Nave moderne pentru transportul de m\u0103rfuri periculoase<\/li>\n<li> Aten\u021bie strict\u0103 la conformitatea stivuirii<\/li>\n<\/ul>\n<p><strong>Marf\u0103 frigorific\u0103<\/strong><\/p>\n<ul>\n<li> Fructe, legume, flori, plante<\/li>\n<li> Carne, pe\u0219te \u0219i fructe de mare<\/li>\n<li> Produse farmaceutice, materiale fotografice \u0219i produse chimice<\/li>\n<li> Lactate \u0219i sucuri<\/li>\n<li> <a href=\"https:\/\/moverdb.com\/ro\/transport-maritim-de-containere\/\">Containere de 20\u2032 \u0219i 40\u2032<\/a><\/li>\n<li> Lan\u021b de aprovizionare la rece ne\u00eentrerupt<\/li>\n<li> Gestionarea atmosferei pentru fructele \u0219i legumele recoltate<\/li>\n<li> Mod de temperatur\u0103 multipl\u0103<\/li>\n<li> Modul bec<\/li>\n<\/ul>\n<p><strong>Marf\u0103 special\u0103<\/strong><\/p>\n<ul>\n<li> Pauz\u0103 \u00een vrac<\/li>\n<li> \u00cen afara ecartamentului<\/li>\n<li> Densitate mare<\/li>\n<\/ul>\n<p><strong>Alte servicii de expediere<\/strong><\/p>\n<ul>\n<li> Gestionarea tuturor documentelor relevante de import \u0219i export<\/li>\n<li> Depozitare temporar\u0103<\/li>\n<li> \u00cemp\u0103r\u021birea transporturilor mai mari \u00een transporturi individuale<\/li>\n<li> Etichetare<\/li>\n<li> V\u0103muire pentru importuri \u0219i exporturi<\/li>\n<\/ul>\n<p><strong>Vase<\/strong><\/p>\n<ul>\n<li> Flot\u0103 modern\u0103<\/li>\n<li> <a href=\"https:\/\/moverdb.com\/ro\/companii-de-transport-maritim\/\">Nave container<\/a><\/li>\n<li> Transportatori de m\u0103rfuri \u00een vrac<\/li>\n<li> Petroliere pentru produse<\/li>\n<\/ul>\n<p><strong>V\u00e2nz\u0103ri de containere folosite<\/strong><\/p>\n<ul>\n<li> O mare varietate de tipuri diferite de containere<\/li>\n<li> Acces la containere folosite \u00een \u00eentreaga lume<\/li>\n<li> Containere de \u00eenalt\u0103 calitate<\/li>\n<li> Personal cu experien\u021b\u0103<\/li>\n<li> Suport pentru limba local\u0103<\/li>\n<\/ul>\n<p><strong>eCommerce<\/strong><\/p>\n<ul>\n<li> Programe precise la minut<\/li>\n<li> Track &amp; Trace (urm\u0103rirea containerelor)<\/li>\n<li> Prezentare general\u0103 a rezerv\u0103rilor<\/li>\n<li> Recreere de rezerv\u0103ri<\/li>\n<li> Prezentare general\u0103 a instruc\u021biunilor de expediere<\/li>\n<li> Transmiterea de noi instruc\u021biuni de expediere<\/li>\n<li> Verificarea cecurilor B\/L<\/li>\n<li> Crearea de rapoarte standardizate pentru un transport<\/li>\n<li> Urm\u0103rire \u0219i urm\u0103rire a \u00eenc\u0103rc\u0103turii<\/li>\n<\/ul>\n<h2>Profilul companiei Hamburg S\u00fcd<\/h2>\n<p>Hamburg S\u00fcd a fost \u00eenfiin\u021bat \u00een 1871 de c\u0103tre reprezentan\u021bii a 11 case de negustori din Hamburg \u0219i era cunoscut sub numele de Hamburg S\u00fcdamerikanische Dampfschifffahrts-Gesellschaft. P\u00e2n\u0103 \u00een 1914, compania avea 50 de nave cu aburi, toate fiind distruse \u00een timpul Primului R\u0103zboi Mondial. <\/p>\n<p>Compania a \u00eenceput s\u0103 reconstruiasc\u0103 \u00een 1920 \u0219i a \u00eenfiin\u021bat o companie de croaziere. P\u00e2n\u0103 \u00een 1939, Hamburg S\u00fcd are cea mai mare flot\u0103 din lume, cu un total de 52 de nave.<\/p>\n<p>\u00cen cel de-al Doilea R\u0103zboi Mondial a avut loc din nou pierderea total\u0103 a flotei companiei. Hamburg S\u00fcd a reluat \u00eencet-\u00eencet activitatea de croazier\u0103 \u0219i s-a diversificat \u00een domeniul navelor de tip tramp. A \u00eenceput s\u0103 transporte petroliere \u0219i m\u0103rfuri refrigerate, iar p\u00e2n\u0103 \u00een 1971 a intrat \u00een <a href=\"https:\/\/moverdb.com\/ro\/container-shipping\/\" data-internallinksmanager029f6b8e52c=\"3\" title=\"Graficul ratelor de transport maritim interna\u021bional de containere: Aprilie 2026\">transportul maritim \u00een containere<\/a>.<\/p>\n<p>\u00cen prezent, compania se situeaz\u0103 \u00een topul primelor zece companii de transport maritim de containere la nivel mondial. Aceasta are 127 <a href=\"https:\/\/moverdb.com\/ro\/top-10-largest-container-ships-in-2022\/\" data-internallinksmanager029f6b8e52c=\"84\" title=\"Top 10 cele mai mari nave container \u00een 2026\">nave container<\/a> cu o capacitate de sloturi de peste 600 000 TEU \u0219i 50 de servicii de linie. Hamburg S\u00fcd are peste 6.000 de angaja\u021bi \u00een 250 de birouri din \u00eentreaga lume.<\/p>\n<p>Hamburg S\u00fcd are urm\u0103toarele acredit\u0103ri \u0219i afilieri:<\/p>\n<ul>\n<li> <a href=\"https:\/\/moverdb.com\/ro\/consiliul-maritim-mondial\/\">Consiliul Mondial al Transportului Maritim<\/a> (<a href=\"https:\/\/moverdb.com\/ro\/world-shipping-council\/\" data-internallinksmanager029f6b8e52c=\"82\" title=\"Explica\u021bii despre Consiliul Mondial al Transporturilor Maritime (WSC)\">WSC<\/a>)<\/li>\n<li> Grupul de lucru pentru m\u0103rfuri nepoluante (CCWG)<\/li>\n<li> <a href=\"https:\/\/moverdb.com\/ro\/moving-to-the-united-states\/\" data-internallinksmanager029f6b8e52c=\"94\" title=\"V\u0103 muta\u021bi \u00een Statele Unite? 2026 Costurile vie\u021bii \u0219i sfaturi de relocare\">SUA<\/a> Agen\u021bia pentru Protec\u021bia Mediului (EPA)<\/li>\n<li> Verband Deutsche Reeder (VDR)<\/li>\n<li> Certificat interna\u021bional de securitate a transportului maritim (ISSC)<\/li>\n<li> Comitetul consultativ pentru standarde EIPP<\/li>\n<\/ul>\n<p><strong>Recenzii Hamburg S\u00fcd Group<\/strong><\/p>\n<p><em>La momentul redact\u0103rii acestui articol, nu am g\u0103sit online niciun comentariu pozitiv sau negativ despre serviciile de transport maritim ale Hamburg S\u00fcd.<\/em><\/p>\n<p><strong><\/p>\n<div itemprop=\"review\" itemscope itemtype=\"http:\/\/schema.org\/Review\">\n<span itemprop=\"author\" itemscope=\"\" itemtype=\"http:\/\/schema.org\/Organization\"><span itemprop=\"name\">MoverDB.com<\/span><\/span> Revizuirea online a site-ului pentru <span itemprop=\"itemreviewed\" itemscope=\"\" itemtype=\"http:\/\/schema.org\/Brand\"><span itemprop=\"name\">Hamburg S\u00fcd<\/span><\/span>:<\/strong><\/p>\n<ol>\n<li> Detalii de contact clare pe site-ul web (inclusiv num\u0103rul de telefon): <strong>Da<\/strong><\/li>\n<li> Este u\u0219or s\u0103 ob\u021bine\u021bi cota\u021bii de transport maritim interna\u021bional? (Formular de cerere de estimare online): <strong>Un fel de<\/strong>, trebuie s\u0103 v\u0103 \u00eenregistra\u021bi pentru a face o nou\u0103 rezervare.<\/li>\n<li> Informa\u021bii clare pe site-ul web: <strong>Da,<\/strong> Site-ul web prezint\u0103 \u00een mod clar toate serviciile pe care le ofer\u0103 compania.<\/li>\n<li> Apartenen\u021ba la organiza\u021bii de transport maritim recunoscute la nivel interna\u021bional: <strong>Da<\/strong>, a se vedea mai sus.<\/li>\n<li> Lista de clien\u021bi \u0219i\/sau m\u0103rturii ale clien\u021bilor anteriori. <strong>Nu,<\/strong> dar enumer\u0103 numeroasele premii pe care le-au c\u00e2\u0219tigat.<\/li>\n<\/ol>\n<div itemprop=\"reviewRating\" itemscope itemtype=\"http:\/\/schema.org\/Rating\"><meta itemprop=\"worstRating\" content = \"0\" \/><meta itemprop=\"bestRating\" content=\"5\" \/><meta itemprop=\"ratingValue\" content=\"4\"><\/div>\n<p><strong>Scor general: 4\/5<\/strong><br \/>\n<strong>Data revizuirii:<\/strong> <span itemprop=\"datePublished\" content=\"2017-04-27\">27\/04\/2017<\/span>\n<\/div>\n<p>Mai multe despre alte <a href=\"https:\/\/moverdb.com\/ro\/companii-de-transport-maritim\/\">companii de transport maritim interna\u021bional<\/a>, <a href=\"https:\/\/moverdb.com\/ro\/transport-maritim-de-containere\/\">tarifele de transport maritim \u00een containere<\/a> \u0219i a noastr\u0103 <a href=\"https:\/\/moverdb.com\/ro\/comentarii\/\">procesul de revizuire<\/a>.<\/p>\n<p><strong>Site web:<\/strong> <a href=\"http:\/\/www.hamburgsud.com\" target=\"_blank\" rel=\"noopener\">http:\/\/www.hamburgsud.com<\/a><\/p>","protected":false},"excerpt":{"rendered":"<p>Hamburg S\u00fcd is a German shipping company which offers its customers a range of services. These are listed below together with a company profile and reviews. (Note: Maersk Line is in the process of buying the company). International Container Shipping Planning by experts Door to door Intermodal services available Dry Cargo Hazardous Cargo Each request [&hellip;]<\/p>\n","protected":false},"author":1,"featured_media":0,"parent":0,"menu_order":0,"comment_status":"closed","ping_status":"closed","template":"","meta":{"_genesis_hide_title":false,"_genesis_hide_breadcrumbs":false,"_genesis_hide_singular_image":false,"_genesis_hide_footer_widgets":false,"_genesis_custom_body_class":"","_genesis_custom_post_class":"","_genesis_layout":"","footnotes":""},"class_list":{"0":"post-1614","1":"page","2":"type-page","3":"status-publish","5":"entry"},"_links":{"self":[{"href":"https:\/\/moverdb.com\/ro\/wp-json\/wp\/v2\/pages\/1614","targetHints":{"allow":["GET"]}}],"collection":[{"href":"https:\/\/moverdb.com\/ro\/wp-json\/wp\/v2\/pages"}],"about":[{"href":"https:\/\/moverdb.com\/ro\/wp-json\/wp\/v2\/types\/page"}],"author":[{"embeddable":true,"href":"https:\/\/moverdb.com\/ro\/wp-json\/wp\/v2\/users\/1"}],"replies":[{"embeddable":true,"href":"https:\/\/moverdb.com\/ro\/wp-json\/wp\/v2\/comments?post=1614"}],"version-history":[{"count":4,"href":"https:\/\/moverdb.com\/ro\/wp-json\/wp\/v2\/pages\/1614\/revisions"}],"predecessor-version":[{"id":6217,"href":"https:\/\/moverdb.com\/ro\/wp-json\/wp\/v2\/pages\/1614\/revisions\/6217"}],"wp:attachment":[{"href":"https:\/\/moverdb.com\/ro\/wp-json\/wp\/v2\/media?parent=1614"}],"curies":[{"name":"wp","href":"https:\/\/api.w.org\/{rel}","templated":true}]}}