{"id":1592,"date":"2017-04-21T13:39:38","date_gmt":"2017-04-21T13:39:38","guid":{"rendered":"http:\/\/moverdb.com\/?page_id=1592"},"modified":"2026-01-08T14:40:07","modified_gmt":"2026-01-08T14:40:07","slug":"maersk","status":"publish","type":"page","link":"https:\/\/moverdb.com\/ro\/maersk\/","title":{"rendered":"Maersk Line - Servicii de transport maritim interna\u021bional \u0219i recenzii"},"content":{"rendered":"<p>Maersk Line face parte din A.P. Moller-Maersk Group, un grup mondial de companii de transport maritim. <a href=\"https:\/\/moverdb.com\/ro\/shipping-companies\/\" data-internallinksmanager029f6b8e52c=\"4\" title=\"Top 10 Companii interna\u021bionale de transport maritim de containere\">companie de transport maritim<\/a> cu sediul \u00een Copenhaga, <a href=\"https:\/\/moverdb.com\/ro\/moving-to-denmark\/\" data-internallinksmanager029f6b8e52c=\"335\" title=\"V\u0103 muta\u021bi \u00een Danemarca? 2026 Costuri de trai \u0219i sfaturi de relocare\">Danemarca<\/a>. Ofer\u0103 clien\u021bilor s\u0103i o gam\u0103 larg\u0103 de servicii care sunt enumerate mai jos, \u00eempreun\u0103 cu un profil al companiei \u0219i recenzii.<\/p>\n<p><strong>Servicii de transport interna\u021bional de m\u0103rfuri \u0219i de expediere<\/strong><\/p>\n<ul>\n<li> Marf\u0103 uscat\u0103<\/li>\n<li> Din u\u0219\u0103 \u00een u\u0219\u0103<\/li>\n<li> Containere de 20\u2032 cu sarcin\u0103 util\u0103 de p\u00e2n\u0103 la 28,2 tone metrice<\/li>\n<li> Containere 40\u2032 8\u2032 6\u2033 cu sarcin\u0103 util\u0103 de p\u00e2n\u0103 la 28,8 tone metrice<\/li>\n<li> 45\u2032 9\u2032 6\u2033 \u00een\u0103l\u021bime, cu o capacitate total\u0103 de 85 de metri cubi<\/li>\n<li> Grinzi pentru umera\u0219e care permit transportul hainelor pe umera\u0219e f\u0103r\u0103 alte ambalaje suplimentare<\/li>\n<li> Bare \u0219i inele de ancorare pentru a oferi \u00eenc\u0103rc\u0103turii o siguran\u021b\u0103 suplimentar\u0103<\/li>\n<li> Depozitare disponibil\u0103<\/li>\n<li> V\u0103muire<\/li>\n<\/ul>\n<p><strong>Marf\u0103 frigorific\u0103<\/strong><\/p>\n<ul>\n<li> Containere frigorifice de transport maritim<\/li>\n<li> Din u\u0219\u0103 \u00een u\u0219\u0103<\/li>\n<li> Manipularea meticuloas\u0103 a \u00eenc\u0103rc\u0103turii pentru a asigura prospe\u021bimea produselor<\/li>\n<li> Designul unic al containerului asigur\u0103 o sarcin\u0103 util\u0103 maxim\u0103<\/li>\n<li> Reducerea emisiilor de CO2<\/li>\n<li> Temperatura optim\u0103 a produsului<\/li>\n<li> Reducerea consumului de energie<\/li>\n<li> 3 tipuri de containere frigorifice, cu un spa\u021biu de \u00eenc\u0103rcare cuprins \u00eentre 27 \u0219i 67 CBM<\/li>\n<li> V\u0103muire<\/li>\n<\/ul>\n<p><strong>Marf\u0103 special\u0103<\/strong><\/p>\n<ul>\n<li> Livrarea la timp a \u00eenc\u0103rc\u0103turii Out of Gauge, In Gauge \u0219i Break Bulk Cargo<\/li>\n<li> Livrarea la timp a \u00eenc\u0103rc\u0103turii dvs. speciale \u00een \u00eentreaga lume<\/li>\n<li> Exper\u021bi \u00een transporturi speciale de marf\u0103 \u00een toate fusurile orare pentru un r\u0103spuns \u0219i un sprijin instantaneu<\/li>\n<li> Flot\u0103 ultramodern\u0103 de rafturi plate \u0219i rafturi deschise, disponibile unde \u0219i c\u00e2nd ave\u021bi nevoie de ele<\/li>\n<li> Din u\u0219\u0103 \u00een u\u0219\u0103<\/li>\n<li> Depozitare disponibil\u0103<\/li>\n<li> V\u0103muire<\/li>\n<\/ul>\n<p><strong>Servicii de transport intern<\/strong><\/p>\n<ul>\n<li> Solu\u021bie de transport cu servicii complete<\/li>\n<li> Din u\u0219\u0103 \u00een u\u0219\u0103<\/li>\n<li> Ridicarea \u0219i livrarea la timp<\/li>\n<li> Re\u021bea larg\u0103 de furnizori de transport de calitate<\/li>\n<li> Ghi\u0219eu unic care combin\u0103 nevoile dumneavoastr\u0103 de transport terestru \u0219i maritim<\/li>\n<li> Monitorizare constant\u0103 \u0219i asigurarea calit\u0103\u021bii<\/li>\n<li> Asigurare aranjat\u0103<\/li>\n<\/ul>\n<p><strong>Containere folosite de v\u00e2nzare<\/strong><\/p>\n<ul>\n<li> Utiliza\u021bi pentru depozitare, un birou, o cas\u0103, chiar \u0219i o piscin\u0103<\/li>\n<li> Acces la stocul care s\u0103 v\u0103 satisfac\u0103 nevoile<\/li>\n<li> O re\u021bea extins\u0103 de containere uzate<\/li>\n<li> Sisteme simple pentru a v\u0103 respecta programul de preluare<\/li>\n<li> Calitatea garantat\u0103 a containerului<\/li>\n<\/ul>\n<h2>Linia Maersk<\/h2>\n<p>Maersk Line a fost \u00eenfiin\u021bat\u0103 \u00een 1928. Maersk Line este de\u021binut\u0103 de grupul A.P. Moller-Maersk \u0219i este una dintre cele mai mari companii de transport maritim din lume. <a href=\"https:\/\/moverdb.com\/ro\/companii-de-transport-maritim\/\">cea mai mare companie de transport maritim de containere<\/a>, cunoscut pentru flexibilitatea, fiabilitatea \u0219i serviciile sale eco-eficiente. <\/p>\n<p>Sediul s\u0103u central se afl\u0103 \u00een Copenhaga, Danemarca. Compania are peste 630 de nave cu o capacitate de 3,3 milioane de TEU, care deservesc 59.000 de clien\u021bi din \u00eentreaga lume.<\/p>\n<p>Anul trecut, Maersk a transportat aproximativ 12 milioane de containere \u00een \u00eentreaga lume, f\u0103c\u00e2nd 46.000 de escale \u00een 343 de porturi. <a href=\"https:\/\/moverdb.com\/ro\/top-49-container-ports\/\" data-internallinksmanager029f6b8e52c=\"80\" title=\"Top 49 cele mai mari \u0219i mai aglomerate porturi de containere \u00een 2026\">porturi<\/a> \u00een 121 de \u021b\u0103ri. Maersk ofer\u0103 mai multe curse zilnice pe toate rutele maritime importante. Pentru ca totul s\u0103 func\u021bioneze f\u0103r\u0103 probleme, compania are 7.000 de navigatori \u0219i 25.000 de angaja\u021bi pe uscat \u00een 374 de birouri din \u00eentreaga lume.<\/p>\n<p>Maersk se angajeaz\u0103 s\u0103 ofere \u00eenapoi comunit\u0103\u021bii \u0219i sprijin\u0103 proiecte din \u00eentreaga lume care se \u00eencadreaz\u0103 \u00een trei programe globale - ajutor \u0219i preg\u0103tire pentru dezastre, protejarea mediului \u0219i \u00eencurajarea spiritului antreprenorial \u00een comunit\u0103\u021bile defavorizate.<\/p>\n<p>Maersk Line are urm\u0103toarele acredit\u0103ri \u0219i afilieri:<\/p>\n<ul>\n<li> Asocia\u021bia Interna\u021bional\u0103 pentru Transport Aerian \u0219i Naval (IASA)<\/li>\n<li> <a href=\"https:\/\/moverdb.com\/ro\/camera-internationala-de-expediere\/\">Camera Interna\u021bional\u0103 a Transporturilor Maritime<\/a> (<a href=\"https:\/\/moverdb.com\/ro\/international-chamber-shipping\/\" data-internallinksmanager029f6b8e52c=\"78\" title=\"Explica\u021bii despre Camera Interna\u021bional\u0103 de Transport Naval (ICS)\">ICS<\/a>)<\/li>\n<li> Alian\u021ba global\u0103 a OMC pentru facilitarea comer\u021bului<\/li>\n<li> Siguran\u021ba vie\u021bii pe mare (SOLAS)<\/li>\n<li> Federa\u021bia Asocia\u021biilor Na\u021bionale a Brokerilor \u0219i Agen\u021bilor Navali (FONASBA)<\/li>\n<\/ul>\n<h2>Recenzii Maersk Line Company<\/h2>\n<p><em>La momentul redact\u0103rii acestui articol, nu am g\u0103sit nicio recenzie online pentru serviciile de transport maritim ale Maersk Line.<\/em><\/p>\n<p><strong><\/p>\n<div itemprop=\"review\" itemscope itemtype=\"http:\/\/schema.org\/Review\">\n<span itemprop=\"author\" itemscope=\"\" itemtype=\"http:\/\/schema.org\/Organization\"><span itemprop=\"name\">MoverDB.com<\/span><\/span> Revizuirea online a site-ului pentru <span itemprop=\"itemreviewed\" itemscope=\"\" itemtype=\"http:\/\/schema.org\/Brand\"><span itemprop=\"name\">Linia Maersk<\/span><\/span>:<\/strong><\/p>\n<ol>\n<li> Detalii de contact clare pe site-ul web (inclusiv num\u0103rul de telefon): <strong>Da<\/strong><\/li>\n<li> U\u0219or de ob\u021binut <a href=\"https:\/\/moverdb.com\/ro\/container-shipping\/\" data-internallinksmanager029f6b8e52c=\"3\" title=\"Graficul ratelor de transport maritim interna\u021bional de containere: Aprilie 2026\">transport maritim interna\u021bional<\/a> citate? (Formular de cerere de estimare online): <strong>Da<\/strong><\/li>\n<li> Informa\u021bii clare pe site-ul web: <strong>Da,<\/strong> Site-ul web prezint\u0103 \u00een mod clar toate serviciile pe care le ofer\u0103 compania.<\/li>\n<li> Apartenen\u021ba la organiza\u021bii de transport maritim recunoscute la nivel interna\u021bional: <strong>Da<\/strong>, dar nu multe sunt listate pe site-ul lor.<\/li>\n<li> Lista de clien\u021bi \u0219i\/sau m\u0103rturii ale clien\u021bilor anteriori. <strong>Nu,<\/strong> nu exist\u0103 niciunul listat pe site-ul lor.<\/li>\n<\/ol>\n<div itemprop=\"reviewRating\" itemscope itemtype=\"http:\/\/schema.org\/Rating\"><meta itemprop=\"worstRating\" content = \"0\" \/><meta itemprop=\"bestRating\" content=\"5\" \/><meta itemprop=\"ratingValue\" content=\"4\"><\/div>\n<p><strong>Scor general: 4\/5<\/strong><br \/>\n<strong>Data revizuirii:<\/strong> <span itemprop=\"datePublished\" content=\"2017-04-21\">21\/04\/2017<\/span>\n<\/div>\n<p>Mai multe despre alte <a href=\"https:\/\/moverdb.com\/ro\/companii-de-transport-maritim\/\">companii de transport maritim interna\u021bional<\/a>, <a href=\"https:\/\/moverdb.com\/ro\/transport-maritim-de-containere\/\">tarifele de transport maritim \u00een containere<\/a> \u0219i a noastr\u0103 <a href=\"https:\/\/moverdb.com\/ro\/comentarii\/\">procesul de revizuire<\/a>.<\/p>\n<p><strong>Site web:<\/strong> <a href=\"https:\/\/www2.maerskline.com\/\" target=\"_blank\" rel=\"noopener\">https:\/\/www2.maerskline.com\/<\/a><\/p>","protected":false},"excerpt":{"rendered":"<p>Maersk Line, is part of A.P. Moller\u2013Maersk Group, a worldwide shipping company based in Copenhagen, Denmark. It offers its customers a wide range of services which are listed below, together with a company profile and reviews. International Freight and Shipping Services Dry Cargo Door to door 20&#8242; containers with payload up to 28.2 metric tons [&hellip;]<\/p>\n","protected":false},"author":1,"featured_media":0,"parent":0,"menu_order":0,"comment_status":"closed","ping_status":"closed","template":"","meta":{"_genesis_hide_title":false,"_genesis_hide_breadcrumbs":false,"_genesis_hide_singular_image":false,"_genesis_hide_footer_widgets":false,"_genesis_custom_body_class":"","_genesis_custom_post_class":"","_genesis_layout":"","footnotes":""},"class_list":{"0":"post-1592","1":"page","2":"type-page","3":"status-publish","5":"entry"},"_links":{"self":[{"href":"https:\/\/moverdb.com\/ro\/wp-json\/wp\/v2\/pages\/1592","targetHints":{"allow":["GET"]}}],"collection":[{"href":"https:\/\/moverdb.com\/ro\/wp-json\/wp\/v2\/pages"}],"about":[{"href":"https:\/\/moverdb.com\/ro\/wp-json\/wp\/v2\/types\/page"}],"author":[{"embeddable":true,"href":"https:\/\/moverdb.com\/ro\/wp-json\/wp\/v2\/users\/1"}],"replies":[{"embeddable":true,"href":"https:\/\/moverdb.com\/ro\/wp-json\/wp\/v2\/comments?post=1592"}],"version-history":[{"count":7,"href":"https:\/\/moverdb.com\/ro\/wp-json\/wp\/v2\/pages\/1592\/revisions"}],"predecessor-version":[{"id":13172,"href":"https:\/\/moverdb.com\/ro\/wp-json\/wp\/v2\/pages\/1592\/revisions\/13172"}],"wp:attachment":[{"href":"https:\/\/moverdb.com\/ro\/wp-json\/wp\/v2\/media?parent=1592"}],"curies":[{"name":"wp","href":"https:\/\/api.w.org\/{rel}","templated":true}]}}