{"id":1590,"date":"2017-01-25T12:24:31","date_gmt":"2017-01-25T12:24:31","guid":{"rendered":"http:\/\/moverdb.com\/?page_id=1590"},"modified":"2026-01-08T15:20:28","modified_gmt":"2026-01-08T15:20:28","slug":"nippon-express","status":"publish","type":"page","link":"https:\/\/moverdb.com\/ro\/nippon-express\/","title":{"rendered":"Nippon Express - Relocare \u0219i mutare interna\u021bional\u0103 Recenzii"},"content":{"rendered":"<p>Nippon Express are sediul \u00een Tokyo, <a href=\"https:\/\/moverdb.com\/ro\/moving-to-japan\/\" data-internallinksmanager029f6b8e52c=\"342\" title=\"V\u0103 muta\u021bi \u00een Japonia? 2026 Costuri de trai \u0219i sfaturi de relocare\">Japonia<\/a>. Aceasta ofer\u0103 clien\u021bilor s\u0103i o varietate de servicii de mutare. Acestea sunt enumerate mai jos, \u00eempreun\u0103 cu un profil al companiei \u0219i recenzii.<\/p>\n<p><strong>Muta\u021bii interna\u021bionale<\/strong><\/p>\n<ul>\n<li> Manager de mi\u0219care personal\u0103<\/li>\n<li> Serviciu din u\u0219\u0103 \u00een u\u0219\u0103<\/li>\n<li> Asisten\u021b\u0103 \u00een ceea ce prive\u0219te v\u0103mile \u0219i documenta\u021bia<\/li>\n<li> Serviciu complet de ambalare, doar pentru obiecte fragile sau pentru ambalare \"do-it-yourself\".<\/li>\n<li> Demontarea \u0219i remontarea mobilierului<\/li>\n<li> Serviciul de despachetare<\/li>\n<li> \u00cendep\u0103rtarea molozului<\/li>\n<li> Depozitare pe termen lung \u0219i scurt<\/li>\n<li> Mutarea automobilelor<\/li>\n<li> Motociclete<\/li>\n<li> Piane<\/li>\n<\/ul>\n<p><strong>Servicii de relocare - \u00cen Japonia<\/strong><\/p>\n<ul>\n<li> Consultan\u021b\u0103 pentru relocare<\/li>\n<li> Orientare<\/li>\n<li> C\u0103utare acas\u0103<\/li>\n<li> Mutarea intern\u0103 interna\u021bional\u0103<\/li>\n<li> C\u0103utarea \u0219colii<\/li>\n<li> Serviciul de plecare, de exemplu, rezilierea contractului de \u00eenchiriere, deconectarea telefonului \u0219i a utilit\u0103\u021bilor, expedierea coresponden\u021bei<\/li>\n<\/ul>\n<p><strong>Muta\u021bii interne - \u00een Japonia<\/strong><\/p>\n<ul>\n<li> Serviciu din u\u0219\u0103 \u00een u\u0219\u0103<\/li>\n<li> Ambalare complet\u0103, ambalare par\u021bial\u0103 sau ambalare DIY<\/li>\n<li> Demontarea \u0219i remontarea mobilierului<\/li>\n<li> Serviciul de despachetare<\/li>\n<li> \u00cendep\u0103rtarea molozului<\/li>\n<li> Depozitare pe termen lung \u0219i scurt disponibil\u0103<\/li>\n<li> Asigurare aranjat\u0103<\/li>\n<\/ul>\n<p><strong>Expediere de m\u0103rfuri<\/strong><\/p>\n<ul>\n<li> Bunuri \u0219i componente generale<\/li>\n<li> Art\u0103 fin\u0103 \u0219i antichit\u0103\u021bi<\/li>\n<li> T\u00e2rguri \u0219i expozi\u021bii comerciale<\/li>\n<\/ul>\n<h2>Profilul companiei Nippon Express<\/h2>\n<p>Nippon Express este unul dintre cei mai importan\u021bi <a href=\"https:\/\/moverdb.com\/ro\/moving-companies\/\" data-internallinksmanager029f6b8e52c=\"79\" title=\"Top 25 Companii interna\u021bionale de mutare online\">companii de mutare<\/a> pentru mutarea persoanelor fizice \u0219i a companiilor \u00een Japonia \u0219i \u00een jurul acesteia. Este specializat\u0103 \u00een mut\u0103ri de companii \u0219i guverne pentru angaja\u021bii \u0219i familiile acestora care sosesc \u0219i pleac\u0103 din Japonia. Nippon Express este, de asemenea, cunoscut\u0103 pentru serviciile sale globale de <a href=\"https:\/\/moverdb.com\/ro\/expeditor-de-marfuri\/\">expediere de m\u0103rfuri<\/a> expertiz\u0103, transport\u00e2nd bunuri \u00een \u00eentreaga lume.<\/p>\n<p>Nippon Express a \u00eenceput \u00een 1937 ca fiind 53% de\u021binut de guvern. Dup\u0103 cel de-al doilea r\u0103zboi mondial, compania a fost privatizat\u0103. \u00cen 1949, compania a \u00eenceput s\u0103 se ocupe de transportul interna\u021bional de m\u0103rfuri, ac\u021bion\u00e2nd ca agent pentru diverse companii aeriene interna\u021bionale. \u00cen 1958, Nippon Express \u0219i-a deschis primul birou \u00een str\u0103in\u0103tate \u00een <a href=\"https:\/\/moverdb.com\/ro\/se-muta-in-nc\/\">New York<\/a>, p\u00e2n\u0103 \u00een 1991 existau 97 de birouri \u00een <a href=\"https:\/\/moverdb.com\/ro\/moving-to-the-united-states\/\" data-internallinksmanager029f6b8e52c=\"94\" title=\"V\u0103 muta\u021bi \u00een Statele Unite? 2026 Costurile vie\u021bii \u0219i sfaturi de relocare\">Statele Unite ale Americii<\/a>. <\/p>\n<p>\u00cen 1973, compania a cump\u0103rat primul s\u0103u <a href=\"https:\/\/moverdb.com\/ro\/companii-de-transport-maritim\/\">nav\u0103 container<\/a> \u0219i a \u00eenceput un serviciu de transport de marf\u0103 \u00eentre Tokyo \u0219i Tomakomai.<\/p>\n<p>\u00cen prezent, Nippon Express are birouri \u0219i facilit\u0103\u021bi \u00een 260 de ora\u0219e din 42 de \u021b\u0103ri \u0219i are 36.700 de angaja\u021bi \u00een Japonia \u0219i al\u021bi 16.000 \u00een str\u0103in\u0103tate.<\/p>\n<p>Nippon Express are urm\u0103toarele acredit\u0103ri \u0219i afilieri:<\/p>\n<ul>\n<li> <a href=\"https:\/\/moverdb.com\/ro\/fidi-faim\/\">FIDI<\/a><\/li>\n<li> <a href=\"https:\/\/moverdb.com\/ro\/sunt\/\">Asocia\u021bia Interna\u021bional\u0103 a Transportatorilor<\/a> (<a href=\"https:\/\/moverdb.com\/ro\/iam\/\" data-internallinksmanager029f6b8e52c=\"23\" title=\"Explica\u021bii despre Asocia\u021bia Interna\u021bional\u0103 a Transportatorilor (IAM)\">IAM<\/a>)<\/li>\n<li> ISO 9001<\/li>\n<li> <a href=\"https:\/\/moverdb.com\/ro\/iata\/\">IATA<\/a><\/li>\n<\/ul>\n<h2>Recenzii Nippon Express<\/h2>\n<p><strong>Pozitiv:<\/strong><\/p>\n<ul>\n<li> <em>\"\u00cen adev\u0103ratul stil japonez, sunt politico\u0219i \u0219i respectuo\u0219i - chiar se descal\u021b\u0103 pentru a-\u021bi aduce lucrurile \u00een cas\u0103! Nu exist\u0103 prostii - muncesc pe br\u00e2nci, se opresc pentru o pauz\u0103 cronometrat\u0103, apoi se \u00eentorc direct la treab\u0103 \u0219i nu se opresc p\u00e2n\u0103 nu termin\u0103 treaba.\"<\/em> - KK W prin <a href=\"https:\/\/www.yelp.co.uk\/biz\/nippon-express-usa-el-segundo?hrid=ilixQzfFmyj3IAX32d0E-A&#038;utm_campaign=www_review_share_popup&#038;utm_medium=copy_link&#038;utm_source=(direct)\" target=\"_blank\" rel=\"noopener\">Yelp<\/a><\/li>\n<\/ul>\n<p><strong>Negativ:<\/strong><\/p>\n<p><em>Nu am g\u0103sit nicio recenzie negativ\u0103 pentru Nippon Express online.<\/em><\/p>\n<div itemprop=\"review\" itemscope itemtype=\"http:\/\/schema.org\/Review\">\n<span itemprop=\"author\" itemscope=\"\" itemtype=\"http:\/\/schema.org\/Organization\"><span itemprop=\"name\">MoverDB.com<\/span><\/span> Revizuirea online a site-ului pentru <span itemprop=\"itemreviewed\" itemscope=\"\" itemtype=\"http:\/\/schema.org\/Brand\"><span itemprop=\"name\">Nippon Express<\/span><\/span>:<\/p>\n<ol>\n<li> Detalii de contact clare pe site-ul web (inclusiv num\u0103rul de telefon): <strong>Da<\/strong><\/li>\n<li> U\u0219or de ob\u021binut <a href=\"https:\/\/moverdb.com\/ro\/citate\/\">citate interna\u021bionale \u00een mi\u0219care<\/a>? (Formular de solicitare a unui deviz online): <strong>Da<\/strong><\/li>\n<li> Informa\u021bii clare pe site-ul web: <strong>Da,<\/strong> de\u0219i site-urile lor arat\u0103 pu\u021bin cam \u00eenvechite, acestea prezint\u0103 toate serviciile lor.<\/li>\n<li> Apartenen\u021ba la organiza\u021bii interna\u021bionale recunoscute \u00een domeniul mut\u0103rii: <strong>Da<\/strong>, (a se vedea mai sus)<\/li>\n<li> Lista de clien\u021bi \u0219i\/sau m\u0103rturii ale clien\u021bilor anteriori. <strong>Nu,<\/strong> dar au o reputa\u021bie foarte bun\u0103 pe baza recenziilor lor online.<\/li>\n<\/ol>\n<div itemprop=\"reviewRating\" itemscope itemtype=\"http:\/\/schema.org\/Rating\"><meta itemprop=\"worstRating\" content = \"0\" \/><meta itemprop=\"bestRating\" content=\"5\" \/><meta itemprop=\"ratingValue\" content=\"4.5\"><\/div>\n<p><strong>Scor general: 4.5\/5<\/strong><br \/>\n<strong>Data revizuirii:<\/strong> <span itemprop=\"datePublished\" content=\"2017-01-25\">25\/01\/2017<\/span>\n<\/div>\n<p>Citi\u021bi mai multe despre <a href=\"https:\/\/moverdb.com\/ro\/moving-companies\/\">companii interna\u021bionale de mutare<\/a>, \u0219i a noastr\u0103 <a href=\"https:\/\/moverdb.com\/ro\/comentarii\/\">procesul de revizuire<\/a>.<\/p>\n<p><strong>Site-uri web:<\/strong> Global: <a href=\"http:\/\/www.nipponexpress.com\/\" target=\"_blank\" rel=\"noopener\">http:\/\/www.nipponexpress.com\/<\/a>, US: <a href=\"https:\/\/nipponexpressusa.com\/\" target=\"_blank\" rel=\"noopener\">https:\/\/nipponexpressusa.com\/<\/a> \u0219i <a href=\"https:\/\/moverdb.com\/ro\/moving-to-the-uk\/\" data-internallinksmanager029f6b8e52c=\"93\" title=\"V\u0103 muta\u021bi \u00een Regatul Unit? 2026 Costurile vie\u021bii \u0219i sfaturi de relocare\">MAREA BRITANIE<\/a>: <a href=\"http:\/\/www.nipponexpress.co.uk\/\" target=\"_blank\" rel=\"noopener\">http:\/\/www.nipponexpress.co.uk\/<\/a><\/p>","protected":false},"excerpt":{"rendered":"<p>Nippon Express is based in Tokyo, Japan. It offers its clients a variety of moving services. These are listed below together with a company profile and reviews. International Moves Personal move manager Door to door service Assistance with customs and documentation Full packing service, fragile items only or do-it-yourself packing Disassembly and reassembly of furniture [&hellip;]<\/p>\n","protected":false},"author":1,"featured_media":0,"parent":0,"menu_order":0,"comment_status":"closed","ping_status":"closed","template":"","meta":{"_genesis_hide_title":false,"_genesis_hide_breadcrumbs":false,"_genesis_hide_singular_image":false,"_genesis_hide_footer_widgets":false,"_genesis_custom_body_class":"","_genesis_custom_post_class":"","_genesis_layout":"","footnotes":""},"class_list":{"0":"post-1590","1":"page","2":"type-page","3":"status-publish","5":"entry"},"_links":{"self":[{"href":"https:\/\/moverdb.com\/ro\/wp-json\/wp\/v2\/pages\/1590","targetHints":{"allow":["GET"]}}],"collection":[{"href":"https:\/\/moverdb.com\/ro\/wp-json\/wp\/v2\/pages"}],"about":[{"href":"https:\/\/moverdb.com\/ro\/wp-json\/wp\/v2\/types\/page"}],"author":[{"embeddable":true,"href":"https:\/\/moverdb.com\/ro\/wp-json\/wp\/v2\/users\/1"}],"replies":[{"embeddable":true,"href":"https:\/\/moverdb.com\/ro\/wp-json\/wp\/v2\/comments?post=1590"}],"version-history":[{"count":4,"href":"https:\/\/moverdb.com\/ro\/wp-json\/wp\/v2\/pages\/1590\/revisions"}],"predecessor-version":[{"id":6226,"href":"https:\/\/moverdb.com\/ro\/wp-json\/wp\/v2\/pages\/1590\/revisions\/6226"}],"wp:attachment":[{"href":"https:\/\/moverdb.com\/ro\/wp-json\/wp\/v2\/media?parent=1590"}],"curies":[{"name":"wp","href":"https:\/\/api.w.org\/{rel}","templated":true}]}}