{"id":1578,"date":"2017-04-21T14:09:10","date_gmt":"2017-04-21T14:09:10","guid":{"rendered":"http:\/\/moverdb.com\/?page_id=1578"},"modified":"2026-01-08T14:40:13","modified_gmt":"2026-01-08T14:40:13","slug":"mediterranean-shipping-company","status":"publish","type":"page","link":"https:\/\/moverdb.com\/ro\/mediterranean-shipping-company\/","title":{"rendered":"Mediterranean Shipping Company - Servicii interna\u021bionale \u0219i recenzii"},"content":{"rendered":"<p>Mediteran\u0103 <a href=\"https:\/\/moverdb.com\/ro\/shipping-companies\/\" data-internallinksmanager029f6b8e52c=\"4\" title=\"Top 10 Companii interna\u021bionale de transport maritim de containere\">Companie de transport maritim<\/a> (MSC) ofer\u0103 clien\u021bilor s\u0103i o gam\u0103 larg\u0103 de servicii de transport maritim \u0219i alte servicii. Acestea sunt enumerate mai jos, \u00eempreun\u0103 cu un profil al companiei \u0219i recenzii.<\/p>\n<h3>Transport interna\u021bional<\/h3>\n<p><strong>Marf\u0103 uscat\u0103<\/strong><\/p>\n<ul>\n<li> Containere cubice standard de 20ft, 40ft sau 40ft de \u00een\u0103l\u021bime<\/li>\n<li> Marf\u0103 supradimensionat\u0103 \u0219i breakbulk<\/li>\n<li> Servicii de transport s\u0103pt\u0103m\u00e2nal \u0219i regulat c\u0103tre destina\u021bii globale<\/li>\n<li> V\u0103muire \u0219i documenta\u021bie<\/li>\n<\/ul>\n<p><strong>Marf\u0103 frigorific\u0103<\/strong><\/p>\n<ul>\n<li> Solu\u021bii personalizate de transport end-to-end<\/li>\n<li> Servicii de transport s\u0103pt\u0103m\u00e2nal \u0219i regulat c\u0103tre destina\u021bii globale<\/li>\n<li> Expertiza \u00een transportul de m\u0103rfuri refrigerate \u0219i congelate<\/li>\n<li> Inspec\u021bie \u00eenainte de c\u0103l\u0103torie: <\/li>\n<li> Asigura\u021bi-v\u0103 c\u0103 recipientul este cur\u0103\u021bat pentru a elimina murd\u0103ria \u0219i mirosurile<\/li>\n<li> Verific\u0103 dac\u0103 interiorul recipientului corespunde specifica\u021biilor de calitate alimentar\u0103.<\/li>\n<li> Verific\u0103 dac\u0103 utilajele func\u021bioneaz\u0103 conform standardelor industriale<\/li>\n<li> Asigura\u021bi-v\u0103 c\u0103 temperatura recipientului este cobor\u00e2t\u0103 la punctul corect selectat<\/li>\n<li> V\u0103muire \u0219i documenta\u021bie<\/li>\n<\/ul>\n<p><strong>Servicii \u00een afara ecartamentului \u0219i servicii breakbulk<\/strong><\/p>\n<ul>\n<li> Echip\u0103 de exper\u021bi \u00een logistic\u0103 a \u00eenc\u0103rc\u0103turii de proiect<\/li>\n<li> \u00cenc\u0103rca\u021bi, fixa\u021bi \u0219i asigura\u021bi \u00eenc\u0103rc\u0103tura la origine <a href=\"https:\/\/moverdb.com\/ro\/top-49-container-ports\/\" data-internallinksmanager029f6b8e52c=\"80\" title=\"Top 49 cele mai mari \u0219i mai aglomerate porturi de containere \u00een 2026\">port<\/a> sau \u00een depozitul din apropiere<\/li>\n<li> Colectarea \u0219i livr\u0103rile pe uscat folosind o varietate de echipamente<\/li>\n<li> Organizarea notific\u0103rilor poli\u021biei\/transportului terestru, dac\u0103 este necesar<\/li>\n<li> Instala\u021bii de acostare, de ancorare \u0219i de depozitare portuar\u0103<\/li>\n<li> Echipament specializat<\/li>\n<li> Tarife competitive<\/li>\n<li> V\u0103muire \u0219i documenta\u021bie<\/li>\n<\/ul>\n<p><strong>Transport intermodal<\/strong><\/p>\n<ul>\n<li> Din u\u0219\u0103 \u00een u\u0219\u0103<\/li>\n<li> De la fabric\u0103 la consumator<\/li>\n<li> Combina\u021bia de mijloace de transport disponibile pentru \u00eendeplinirea obliga\u021biilor de livrare<\/li>\n<\/ul>\n<p><strong>Depozitarea containerelor \u0219i a m\u0103rfurilor<\/strong><\/p>\n<ul>\n<li> Re\u021bea global\u0103, depozitare \u0219i stocare<\/li>\n<li> Asista\u021bi la crearea de re\u021bele de distribu\u021bie<\/li>\n<li> Servicii \u0219i facilit\u0103\u021bi cuprinz\u0103toare de preluare\/ambalare, desfacere\/palatizare \u0219i depozitare \u00een stive \u00een vrac<\/li>\n<\/ul>\n<p><strong>Tranzac\u021bii \u00eencruci\u0219ate<\/strong><\/p>\n<ul>\n<li> Expediere de la orice origine c\u0103tre orice destina\u021bie<\/li>\n<li> Marf\u0103 uscat\u0103<\/li>\n<li> Marf\u0103 frigorific\u0103<\/li>\n<li> \u00cen afara ecartamentului<\/li>\n<li> M\u0103rfuri pre\u021bioase \u0219i periculoase<\/li>\n<li> Manipularea documenta\u021biei<\/li>\n<li> Urm\u0103rire<\/li>\n<li> V\u0103muire<\/li>\n<\/ul>\n<p><strong>Remorci de marf\u0103<\/strong><\/p>\n<ul>\n<li> Rigid<\/li>\n<li> Platou<\/li>\n<li> Basculant\u0103<\/li>\n<li> \u00cenc\u0103rc\u0103tor sc\u0103zut<\/li>\n<li> Remorc\u0103 de ridicare a containerelor<\/li>\n<li> Remorc\u0103 pentru grupuri electrogene<\/li>\n<\/ul>\n<p><strong>Echipament pentru containere<\/strong><\/p>\n<ul>\n<li> 20ft \/ 40ft containere standard \u0219i high cube<\/li>\n<li> 20ft \/ 40ft containere cu acoperi\u0219 deschis<\/li>\n<li> 20ft \/ 40ft \u0219i containere frigorifice cu cuburi \u00eenalte<\/li>\n<li> 20ft \/ 40ft flatracks 20ft \/ 40ft<\/li>\n<li> 20ft \/ 40ft platforme<\/li>\n<li> 20ft \/ 40ft containere cu acoperi\u0219 deschis<\/li>\n<\/ul>\n<h2>Compania maritim\u0103 mediteranean\u0103 (MSC)<\/h2>\n<p>Mediterranean Shipping Company este o companie privat\u0103 de transport maritim global <a href=\"https:\/\/moverdb.com\/ro\/companii-de-transport-maritim\/\">companie de transport maritim interna\u021bional<\/a> care func\u021bioneaz\u0103 de peste 40 de ani. A fost fondat\u0103 \u00een Napoli de Gianluigi Aponte \u0219i este condus\u0103 \u00een continuare de familia Aponte. Sediul s\u0103u central la nivel mondial se afl\u0103 \u00een <a href=\"https:\/\/moverdb.com\/ro\/moving-to-switzerland\/moving-to-geneva\/\" data-internallinksmanager029f6b8e52c=\"416\" title=\"V\u0103 muta\u021bi la Geneva? 2026 Costurile de trai \u0219i sfaturi de relocare\">Geneva<\/a> \u0219i are 480 de birouri \u00een 150 de \u021b\u0103ri \u0219i peste 60.000 de angaja\u021bi \u00een \u00eentreaga lume.<\/p>\n<p>Flota MSC este format\u0103 din 500 de nave pentru containere cu o capacitate de aproximativ 3,0 milioane de TEU. \u00cen fiecare an, compania face escal\u0103 \u00een 315 porturi din \u00eentreaga lume, livr\u00e2nd m\u0103rfuri de orice fel.<\/p>\n<p>Mediterranean Shipping Company are urm\u0103toarele acredit\u0103ri \u0219i afilieri:<\/p>\n<ul>\n<li> Siguran\u021ba vie\u021bii pe mare (SOLAS)<\/li>\n<li> Asocia\u021bia Interna\u021bional\u0103 pentru Transport Aerian \u0219i Naval (IASA)<\/li>\n<li> <a href=\"https:\/\/moverdb.com\/ro\/camera-internationala-de-expediere\/\">Camera Interna\u021bional\u0103 a Transporturilor Maritime<\/a> (<a href=\"https:\/\/moverdb.com\/ro\/international-chamber-shipping\/\" data-internallinksmanager029f6b8e52c=\"78\" title=\"Explica\u021bii despre Camera Interna\u021bional\u0103 de Transport Naval (ICS)\">ICS<\/a>)<\/li>\n<li> Federa\u021bia Asocia\u021biilor Na\u021bionale a Brokerilor \u0219i Agen\u021bilor Navali (FONASBA)<\/li>\n<\/ul>\n<p><strong>Recenzii Mediterranean Shipping Company<\/strong><\/p>\n<p><em>La momentul scrierii acestui articol nu am g\u0103sit nicio recenzie online pentru serviciile de transport ale Mediterranean Shipping Company.<\/em> <\/p>\n<div itemprop=\"review\" itemscope itemtype=\"http:\/\/schema.org\/Review\">\n<strong><span itemprop=\"author\" itemscope=\"\" itemtype=\"http:\/\/schema.org\/Organization\"><span itemprop=\"name\">MoverDB.com<\/span><\/span> Revizuirea online a site-ului pentru <span itemprop=\"itemreviewed\" itemscope=\"\" itemtype=\"http:\/\/schema.org\/Brand\"><span itemprop=\"name\">Compania de transport maritim Mediterranean Shipping Company<\/span><\/span>:<\/strong><\/p>\n<ol>\n<li> Detalii de contact clare pe site-ul web (inclusiv num\u0103rul de telefon): <strong>Da<\/strong><\/li>\n<li> U\u0219or de ob\u021binut <a href=\"https:\/\/moverdb.com\/ro\/container-shipping\/\" data-internallinksmanager029f6b8e52c=\"3\" title=\"Graficul ratelor de transport maritim interna\u021bional de containere: Aprilie 2026\">transport maritim interna\u021bional<\/a> citate? (Formular de cerere de estimare online): <strong>Da<\/strong><\/li>\n<li> Informa\u021bii clare pe site-ul web: <strong>Da,<\/strong> Site-ul web con\u021bine o mul\u021bime de informa\u021bii privind transportul interna\u021bional.<\/li>\n<li> Apartenen\u021ba la organiza\u021bii de transport maritim recunoscute la nivel interna\u021bional: <strong>Da<\/strong>.<\/li>\n<li> Lista de clien\u021bi \u0219i\/sau m\u0103rturii ale clien\u021bilor anteriori. <strong>Da,<\/strong> au un num\u0103r limitat de studii de caz pe site-ul lor.<\/li>\n<\/ol>\n<div itemprop=\"reviewRating\" itemscope itemtype=\"http:\/\/schema.org\/Rating\"><meta itemprop=\"worstRating\" content = \"0\" \/><meta itemprop=\"bestRating\" content=\"5\" \/><meta itemprop=\"ratingValue\" content=\"5\"><\/div>\n<p><strong>Scor general: 5\/5<\/strong><br \/>\n<strong>Data revizuirii:<\/strong> <span itemprop=\"datePublished\" content=\"2017-04-21\">21\/04\/2017<\/span>\n<\/div>\n<p>Mai multe despre alte <a href=\"https:\/\/moverdb.com\/ro\/companii-de-transport-maritim\/\">companii de transport maritim interna\u021bional<\/a>, <a href=\"https:\/\/moverdb.com\/ro\/transport-maritim-de-containere\/\">tarifele de transport maritim \u00een containere<\/a> \u0219i a noastr\u0103 <a href=\"https:\/\/moverdb.com\/ro\/comentarii\/\">procesul de revizuire<\/a>.<\/p>\n<p><strong>Site web:<\/strong> <a href=\"https:\/\/www.msc.com\/\" target=\"_blank\" rel=\"noopener\">https:\/\/www.msc.com\/<\/a><\/p>","protected":false},"excerpt":{"rendered":"<p>Mediterranean Shipping Company (MSC) offers its customers a wide range of shipping and other services. These are listed below, together with a company profile and reviews. International Shipping Dry Cargo Standard 20ft, 40ft or 40ft high cube containers Oversized and breakbulk cargo Weekly and regular shipping services to global destinations Customs clearance and documentation Reefer [&hellip;]<\/p>\n","protected":false},"author":1,"featured_media":0,"parent":0,"menu_order":0,"comment_status":"closed","ping_status":"closed","template":"","meta":{"_genesis_hide_title":false,"_genesis_hide_breadcrumbs":false,"_genesis_hide_singular_image":false,"_genesis_hide_footer_widgets":false,"_genesis_custom_body_class":"","_genesis_custom_post_class":"","_genesis_layout":"","footnotes":""},"class_list":{"0":"post-1578","1":"page","2":"type-page","3":"status-publish","5":"entry"},"_links":{"self":[{"href":"https:\/\/moverdb.com\/ro\/wp-json\/wp\/v2\/pages\/1578","targetHints":{"allow":["GET"]}}],"collection":[{"href":"https:\/\/moverdb.com\/ro\/wp-json\/wp\/v2\/pages"}],"about":[{"href":"https:\/\/moverdb.com\/ro\/wp-json\/wp\/v2\/types\/page"}],"author":[{"embeddable":true,"href":"https:\/\/moverdb.com\/ro\/wp-json\/wp\/v2\/users\/1"}],"replies":[{"embeddable":true,"href":"https:\/\/moverdb.com\/ro\/wp-json\/wp\/v2\/comments?post=1578"}],"version-history":[{"count":6,"href":"https:\/\/moverdb.com\/ro\/wp-json\/wp\/v2\/pages\/1578\/revisions"}],"predecessor-version":[{"id":13177,"href":"https:\/\/moverdb.com\/ro\/wp-json\/wp\/v2\/pages\/1578\/revisions\/13177"}],"wp:attachment":[{"href":"https:\/\/moverdb.com\/ro\/wp-json\/wp\/v2\/media?parent=1578"}],"curies":[{"name":"wp","href":"https:\/\/api.w.org\/{rel}","templated":true}]}}