{"id":1570,"date":"2017-02-24T09:05:40","date_gmt":"2017-02-24T09:05:40","guid":{"rendered":"http:\/\/moverdb.com\/?page_id=1570"},"modified":"2026-01-08T15:20:24","modified_gmt":"2026-01-08T15:20:24","slug":"mudanzas-gou","status":"publish","type":"page","link":"https:\/\/moverdb.com\/ro\/mudanzas-gou\/","title":{"rendered":"Mudanzas Gou - Recenzii mut\u0103ri interna\u021bionale"},"content":{"rendered":"<p>Mudanzas Gou este un mexican <a href=\"https:\/\/moverdb.com\/ro\/moving-companies\/\" data-internallinksmanager029f6b8e52c=\"79\" title=\"Top 25 Companii interna\u021bionale de mutare online\">companie \u00een mi\u0219care<\/a> care ofer\u0103 clien\u021bilor s\u0103i o gam\u0103 larg\u0103 de servicii care sunt enumerate mai jos, \u00eempreun\u0103 cu un profil al companiei \u0219i recenzii.<\/p>\n<p><strong>Muta\u021bii interna\u021bionale<\/strong><\/p>\n<ul>\n<li> Din u\u0219\u0103 \u00een u\u0219\u0103<\/li>\n<li> Serviciu complet de ambalare, ambalare fragil\u0103 sau ambalare DIY<\/li>\n<li> Demontarea \u0219i remontarea mobilierului<\/li>\n<li> V\u0103muire \u0219i asisten\u021b\u0103 cu documenta\u021bia<\/li>\n<li> Asigurare aranjat\u0103<\/li>\n<li> Serviciu de despachetare disponibil<\/li>\n<li> Depozitare pe termen scurt \u0219i lung disponibil\u0103<\/li>\n<\/ul>\n<p><strong>Mutarea intern\u0103 \u0219i pe distan\u021be lungi<\/strong><\/p>\n<ul>\n<li> Din u\u0219\u0103 \u00een u\u0219\u0103<\/li>\n<li> Serviciu complet de ambalare, ambalare fragil\u0103 sau ambalare DIY<\/li>\n<li> Demontarea \u0219i remontarea mobilierului<\/li>\n<li> Asigurare aranjat\u0103<\/li>\n<li> Serviciu de despachetare disponibil<\/li>\n<li> Depozitare pe termen lung \u0219i scurt disponibil\u0103<\/li>\n<\/ul>\n<p><strong>Mut\u0103ri comerciale<\/strong><\/p>\n<ul>\n<li> Dup\u0103 orele de mutare<\/li>\n<li> Planul logistic<\/li>\n<li> IT \u00een mi\u0219care<\/li>\n<li> Demontarea \u0219i remontarea \u00eentregului mobilier<\/li>\n<\/ul>\n<p><strong>Transport \u0219i expediere special\u0103<\/strong><\/p>\n<ul>\n<li> <a href=\"https:\/\/moverdb.com\/ro\/auto-transport-expediere\/\">Automobile<\/a><\/li>\n<li> Vans<\/li>\n<li> Motociclete<\/li>\n<li> Vehicule blindate<\/li>\n<li> Vehicule de colectare<\/li>\n<li> Utilaje variate<\/li>\n<li> B\u0103rci cu motor<\/li>\n<li> B\u0103rci cu vele<\/li>\n<li> Furnituri medicale \u0219i spitale<\/li>\n<li> Institu\u021bii de \u00eenv\u0103\u021b\u0103m\u00e2nt<\/li>\n<li> Art\u0103 \u0219i antichit\u0103\u021bi<\/li>\n<li> Echipament specializat<\/li>\n<\/ul>\n<p><strong>Depozitare<\/strong><\/p>\n<ul>\n<li> Pe termen lung \u0219i scurt<\/li>\n<li> Securitate 24\/7<\/li>\n<li> Sistem de inventariere<\/li>\n<li> Climat controlat disponibil<\/li>\n<li> Controlul d\u0103un\u0103torilor<\/li>\n<li> Sistem de incendiu<\/li>\n<li> Stocarea arhivelor<\/li>\n<\/ul>\n<h2>Profilul companiei Mudanzas Gou<\/h2>\n<p>Mudanzas Gou este unul dintre cele mai vechi <a href=\"https:\/\/moverdb.com\/ro\/moving-companies\/moving-companies-mexico\/\" data-internallinksmanager029f6b8e52c=\"288\" title=\"18 Cele mai bune companii de mutare interna\u021bional\u0103 \u00een Mexico\">companii de mutare \u00een Mexic<\/a>, unde a \u00eenceput \u00een 1900. \u00cen prezent, are 10 birouri \u00een Mexic \u0219i leg\u0103turi cu agen\u021bi din \u00eentreaga lume. Gou a fost membru fondator al <a href=\"https:\/\/moverdb.com\/ro\/fidi-faim\/\" data-internallinksmanager029f6b8e52c=\"16\" title=\"FIDI &amp; FAIM (FIDI Accredited International Mover) Explicat\">FIDI<\/a>, OMNI, <a href=\"https:\/\/moverdb.com\/ro\/lacma\/\" data-internallinksmanager029f6b8e52c=\"28\" title=\"Asocia\u021bia Latino-American\u0103 \u0219i din Caraibe a Transportatorilor Interna\u021bionali (LACMA)\">LACMA<\/a>, AMI \u0219i <a href=\"https:\/\/moverdb.com\/ro\/amsa\/\" data-internallinksmanager029f6b8e52c=\"5\" title=\"Asocia\u021bia American\u0103 de Mutare \u0219i Depozitare (AMSA) Explicat\">AMSA<\/a>.<\/p>\n<p>Gou se m\u00e2ndre\u0219te cu serviciile sale personale \u0219i insist\u0103 s\u0103 vorbeasc\u0103 cu fiecare client fa\u021b\u0103 \u00een fa\u021b\u0103 pentru a le oferi cele mai bune servicii posibile. Toate vehiculele sale au sistem de urm\u0103rire prin satelit \u0219i sunt \u00eenc\u0103rcate \u0219i conduse de propriul personal.<\/p>\n<p>Mudanzas Gou are urm\u0103toarele acredit\u0103ri \u0219i afilieri:<\/p>\n<ul>\n<li> <a href=\"https:\/\/moverdb.com\/ro\/fidi-faim\/\">F\u00e9d\u00e9ration Internationale des D\u00e9m\u00e9nageurs Internationaux<\/a> (FIDI)<\/li>\n<li> Re\u021beaua interna\u021bional\u0103 de mut\u0103ri \u00een str\u0103in\u0103tate (OMNI)<\/li>\n<li> <a href=\"https:\/\/moverdb.com\/ro\/lacma\/\">Asocia\u021bia Interna\u021bional\u0103 a Transportatorilor din America Latin\u0103 \u0219i Caraibe<\/a> (LACMA)<\/li>\n<li> <a href=\"https:\/\/moverdb.com\/ro\/hgfaa\/\">Asocia\u021bia expeditorilor de bunuri de uz casnic din America<\/a> (HHGFA)<\/li>\n<li> <a href=\"https:\/\/moverdb.com\/ro\/amsa\/\" target=\"_blank\" rel=\"noopener\">Asocia\u021bia american\u0103 de mutare \u0219i depozitare<\/a> (AMSA)<\/li>\n<li> Asocia\u021bia Panamerican\u0103 a Transportatorilor Interna\u021bionali (PAIMA)<\/li>\n<li> <a href=\"https:\/\/moverdb.com\/ro\/fidi-faim\/\">FAIM<\/a><\/li>\n<li> Parteneriatul vamal \u0219i comercial \u00eempotriva terorismului (C-PAT)<\/li>\n<\/ul>\n<h2>Mudanzas Gou Recenzii<\/h2>\n<p>Nu am putut g\u0103si nicio recenzie \u00een limba englez\u0103 pentru Mudanzas Gou online, \u0219i nici nu pare s\u0103 aib\u0103 m\u0103rturii ale clien\u021bilor pe site.<\/p>\n<div itemprop=\"review\" itemscope itemtype=\"http:\/\/schema.org\/Review\">\n<span itemprop=\"author\" itemscope=\"\" itemtype=\"http:\/\/schema.org\/Organization\"><span itemprop=\"name\">MoverDB.com<\/span><\/span> Revizuirea online a site-ului pentru <span itemprop=\"itemreviewed\" itemscope=\"\" itemtype=\"http:\/\/schema.org\/Brand\"><span itemprop=\"name\">Mudanzas Gou<\/span><\/span>:<\/p>\n<ol>\n<li> Detalii de contact clare pe site-ul web (inclusiv num\u0103rul de telefon): <strong>Da<\/strong><\/li>\n<li> U\u0219or de ob\u021binut <a href=\"https:\/\/moverdb.com\/ro\/citate\/\">citate \u00een mi\u0219care<\/a>? (Formular de solicitare a unui deviz online): <strong>Da<\/strong><\/li>\n<li> Informa\u021bii clare pe site-ul web: <strong>Da,<\/strong> de\u0219i este de baz\u0103, prezint\u0103 serviciile oferite at\u00e2t \u00een englez\u0103, c\u00e2t \u0219i \u00een spaniol\u0103.<\/li>\n<li> Apartenen\u021ba la organiza\u021bii interna\u021bionale recunoscute \u00een domeniul mut\u0103rii: <strong>Da<\/strong>, (multe vezi mai sus)<\/li>\n<li> Lista de clien\u021bi \u0219i\/sau m\u0103rturii ale clien\u021bilor anteriori: <strong>Nu,<\/strong> nu am putut g\u0103si nicio recenzie sau m\u0103rturii ale clien\u021bilor.<\/li>\n<\/ol>\n<div itemprop=\"reviewRating\" itemscope itemtype=\"http:\/\/schema.org\/Rating\"><meta itemprop=\"worstRating\" content = \"0\" \/><meta itemprop=\"bestRating\" content=\"5\" \/><meta itemprop=\"ratingValue\" content=\"4\"><\/div>\n<p><strong>Scor general: 4\/5<\/strong><br \/>\n<strong>Data revizuirii:<\/strong> <span itemprop=\"datePublished\" content=\"2017-02-24\">24\/02\/2017<\/span>\n<\/div>\n<p>Citi\u021bi mai multe despre <a href=\"https:\/\/moverdb.com\/ro\/moving-companies\/\">companii interna\u021bionale de mutare<\/a> \u0219i a noastr\u0103 <a href=\"https:\/\/moverdb.com\/ro\/comentarii\/\">procesul de revizuire<\/a>.<\/p>\n<p><strong>Site-uri web:<\/strong> Spaniol\u0103: <a href=\"http:\/\/www.mudanzasgou.com.mx\/\" target=\"_blank\" rel=\"noopener\">http:\/\/www.mudanzasgou.com.mx\/<\/a> Englez\u0103: <a href=\"http:\/\/www.mudanzasgou.com\/\" target=\"_blank\" rel=\"noopener\">http:\/\/www.mudanzasgou.com\/<\/a><\/p>","protected":false},"excerpt":{"rendered":"<p>Mudanzas Gou is a Mexican moving company which offers its clients a wide range of services which are listed below, together with a company profile and reviews. International Moves Door to door Full packing service, fragile packing or DIY packing Disassembly and reassembly of furniture Customs clearance and assistance with documentation Insurance arranged Unpacking service [&hellip;]<\/p>\n","protected":false},"author":1,"featured_media":0,"parent":0,"menu_order":0,"comment_status":"closed","ping_status":"closed","template":"","meta":{"_genesis_hide_title":false,"_genesis_hide_breadcrumbs":false,"_genesis_hide_singular_image":false,"_genesis_hide_footer_widgets":false,"_genesis_custom_body_class":"","_genesis_custom_post_class":"","_genesis_layout":"","footnotes":""},"class_list":{"0":"post-1570","1":"page","2":"type-page","3":"status-publish","5":"entry"},"_links":{"self":[{"href":"https:\/\/moverdb.com\/ro\/wp-json\/wp\/v2\/pages\/1570","targetHints":{"allow":["GET"]}}],"collection":[{"href":"https:\/\/moverdb.com\/ro\/wp-json\/wp\/v2\/pages"}],"about":[{"href":"https:\/\/moverdb.com\/ro\/wp-json\/wp\/v2\/types\/page"}],"author":[{"embeddable":true,"href":"https:\/\/moverdb.com\/ro\/wp-json\/wp\/v2\/users\/1"}],"replies":[{"embeddable":true,"href":"https:\/\/moverdb.com\/ro\/wp-json\/wp\/v2\/comments?post=1570"}],"version-history":[{"count":4,"href":"https:\/\/moverdb.com\/ro\/wp-json\/wp\/v2\/pages\/1570\/revisions"}],"predecessor-version":[{"id":6222,"href":"https:\/\/moverdb.com\/ro\/wp-json\/wp\/v2\/pages\/1570\/revisions\/6222"}],"wp:attachment":[{"href":"https:\/\/moverdb.com\/ro\/wp-json\/wp\/v2\/media?parent=1570"}],"curies":[{"name":"wp","href":"https:\/\/api.w.org\/{rel}","templated":true}]}}