{"id":1568,"date":"2017-02-01T16:22:03","date_gmt":"2017-02-01T16:22:03","guid":{"rendered":"http:\/\/moverdb.com\/?page_id=1568"},"modified":"2026-01-08T14:40:03","modified_gmt":"2026-01-08T14:40:03","slug":"leo-packers-movers","status":"publish","type":"page","link":"https:\/\/moverdb.com\/ro\/leo-packers-movers\/","title":{"rendered":"Leo Packers and Movers - Recenzii privind mutarea interna\u021bional\u0103"},"content":{"rendered":"<p>Leo Packers and Movers are sediul \u00een Bangalore, <a href=\"https:\/\/moverdb.com\/ro\/moving-to-india\/\" data-internallinksmanager029f6b8e52c=\"356\" title=\"V\u0103 muta\u021bi \u00een India? 2026 Costurile de trai \u0219i sfaturi de relocare\">India<\/a>. Compania ofer\u0103 clien\u021bilor s\u0103i o gam\u0103 larg\u0103 de servicii care sunt enumerate mai jos, \u00eempreun\u0103 cu un profil al companiei \u0219i recenzii.<\/p>\n<p><strong>Muta\u021bii interna\u021bionale<\/strong><\/p>\n<ul>\n<li> Din u\u0219\u0103 \u00een u\u0219\u0103<\/li>\n<li> U\u0219\u0103 la terminal<\/li>\n<li> Serviciu complet de ambalare, articole fragile sau ambalare DIY<\/li>\n<li> Demontarea \u0219i reasamblarea mobilierului<\/li>\n<li> Serviciu complet de despachetare disponibil<\/li>\n<li> \u00cendep\u0103rtarea molozului<\/li>\n<li> Depozitare pe termen lung \u0219i scurt disponibil\u0103<\/li>\n<li> V\u0103muire \u0219i asisten\u021b\u0103 pentru documenta\u021bie<\/li>\n<li> Transport aerian<\/li>\n<li> Transport maritim<\/li>\n<li> Asigurare aranjat\u0103<\/li>\n<\/ul>\n<p><strong>Mutarea reziden\u021bial\u0103<\/strong><\/p>\n<ul>\n<li> Din u\u0219\u0103 \u00een u\u0219\u0103<\/li>\n<li> Serviciu complet de ambalare disponibil<\/li>\n<li> Demontarea \u0219i reasamblarea mobilierului<\/li>\n<li> Serviciu de despachetare disponibil<\/li>\n<li> \u00cendep\u0103rtarea molozului<\/li>\n<li> Vehicule containerizate construite la comand\u0103<\/li>\n<li> Depozitare pe termen lung \u0219i scurt<\/li>\n<li> Asigurare aranjat\u0103<\/li>\n<\/ul>\n<p><strong>Relocare corporativ\u0103<\/strong><\/p>\n<ul>\n<li> Serviciu din u\u0219\u0103 \u00een u\u0219\u0103<\/li>\n<li> Demontarea \u0219i reasamblarea mobilierului<\/li>\n<li> Servicii complete de ambalare<\/li>\n<li> Etichetarea corespunz\u0103toare<\/li>\n<li> Stabilirea posturilor de lucru<\/li>\n<li> Mut\u0103ri dup\u0103 orele de program \u0219i \u00een weekend<\/li>\n<li> \u00cendep\u0103rtarea molozului<\/li>\n<\/ul>\n<p><strong>Depozitare<\/strong><\/p>\n<ul>\n<li> Cabine individuale personalizate<\/li>\n<li> F\u0103r\u0103 praf, f\u0103r\u0103 termite, f\u0103r\u0103 miros (controlat de d\u0103un\u0103tori)<\/li>\n<li> Cl\u0103dire RCC cu dot\u0103ri la etaj<\/li>\n<li> Depozite proprii<\/li>\n<li> Securitate non-stop<\/li>\n<li> Supraveghere<\/li>\n<\/ul>\n<h2>Profilul companiei Leo Packers and Movers<\/h2>\n<p>Leo Packers and Movers \u0219i-a deschis por\u021bile \u00een 1975 \u00een Bangalore, India. Compania este \u00eenc\u0103 condus\u0103 de familia fondatoare, familia Shah, \u0219i are acum trei genera\u021bii care lucreaz\u0103 pentru ea. Compania este o companie independent\u0103 de reloc\u0103ri \u0219i este cunoscut\u0103 \u00een India ca fiind una dintre companiile de top pentru mut\u0103ri de gospod\u0103rii \u0219i corpora\u021bii, at\u00e2t la nivel local, c\u00e2t \u0219i regional \u0219i interna\u021bional.<\/p>\n<p>Compania crede \u00een promovarea \u0219i men\u021binerea unei bune rela\u021bii cu clien\u021bii s\u0103i. Ei \u0219tiu c\u0103 costul este un factor important \u0219i se str\u0103duiesc s\u0103 men\u021bin\u0103 pre\u021burile sc\u0103zute, men\u021bin\u00e2nd \u00een acela\u0219i timp servicii excelente. Leo Packers and Movers spune c\u0103 fiecare mutare este diferit\u0103, motiv pentru care fiecare mutare este personalizat\u0103 \u00een func\u021bie de client.<\/p>\n<p>Leo Packers and Movers are urm\u0103toarele acredit\u0103ri \u0219i afilieri: -<\/p>\n<ul>\n<li> Nu este men\u021bionat pe site-ul web al societ\u0103\u021bii<\/li>\n<\/ul>\n<h2>Leo Packers and Movers Recenzii<\/h2>\n<p><strong>Pozitiv:<\/strong><\/p>\n<ul>\n<li> <em>\"Membrii echipei nu numai c\u0103 s-au comportat bine, dar \u0219i-au respectat sarcinile, au fost concentra\u021bi \u0219i \u0219i-au desf\u0103\u0219urat activitatea cu r\u0103bdare.\"<\/em> rarami20000 via <a href=\"http:\/\/www.mouthshut.com\/review\/Leo-Packers-and-Movers-Hyderabad-review-mmqtqrslsnm\" target=\"_blank\" rel=\"noopener\">MouthShut.com<\/a>\n<\/ul>\n<p><strong>Negativ:<\/strong><\/p>\n<ul>\n<li> <em>\"Ace\u0219ti oameni sunt cei mai r\u0103i, mai \u00eent\u00e2i \u00ee\u021bi vor lua banii \u0219i apoi nu te vor asculta niciodat\u0103.\"<\/em> subbu2001978 via <a href=\"http:\/\/www.mouthshut.com\/review\/Leo-Packers-and-Movers-Hyderabad-review-sqtrrrmoqqm\" target=\"_blank\" rel=\"noopener\">MouthShut.com<\/a><\/li>\n<\/ul>\n<div itemprop=\"review\" itemscope itemtype=\"http:\/\/schema.org\/Review\">\n<span itemprop=\"author\" itemscope=\"\" itemtype=\"http:\/\/schema.org\/Organization\"><span itemprop=\"name\">MoverDB.com<\/span><\/span> Revizuirea online a site-ului pentru <span itemprop=\"itemreviewed\" itemscope=\"\" itemtype=\"http:\/\/schema.org\/Brand\"><span itemprop=\"name\">Leo Packers \u0219i Movers<\/span><\/span>:<\/p>\n<ol>\n<li> Detalii de contact clare pe site-ul web (inclusiv num\u0103rul de telefon): <strong>Da<\/strong><\/li>\n<li> U\u0219or de ob\u021binut <a href=\"https:\/\/moverdb.com\/ro\/citate\/\">citate interna\u021bionale \u00een mi\u0219care<\/a>? (Formular de solicitare a unui deviz online): <strong>Da<\/strong><\/li>\n<li> Informa\u021bii clare pe site-ul web: <strong>Limitat<\/strong> site-ul web ofer\u0103 doar informa\u021bii limitate despre serviciile lor.<\/li>\n<li> Apartenen\u021ba la organiza\u021bii interna\u021bionale recunoscute \u00een domeniul mut\u0103rii: <strong>Nu este listat<\/strong><\/li>\n<li> Lista de clien\u021bi \u0219i\/sau m\u0103rturii ale clien\u021bilor anteriori. <strong>Nu,<\/strong> dar au o galerie de fotografii.<\/li>\n<\/ol>\n<div itemprop=\"reviewRating\" itemscope itemtype=\"http:\/\/schema.org\/Rating\"><meta itemprop=\"worstRating\" content = \"0\" \/><meta itemprop=\"bestRating\" content=\"5\" \/><meta itemprop=\"ratingValue\" content=\"3\"><\/div>\n<p><strong>Scor general: 3\/5<\/strong><br \/>\n<strong>Data revizuirii:<\/strong> <span itemprop=\"datePublished\" content=\"2017-02-01\">01\/02\/2017<\/span>\n<\/div>\n<p>Citi\u021bi mai multe despre <a href=\"https:\/\/moverdb.com\/ro\/moving-companies\/\">companii interna\u021bionale de mutare<\/a> \u0219i a noastr\u0103 <a href=\"https:\/\/moverdb.com\/ro\/comentarii\/\">procesul de revizuire<\/a>.<\/p>\n<p><strong>Site web:<\/strong> <a href=\"http:\/\/www.leopackersindia.com\/\" target=\"_blank\" rel=\"noopener\">http:\/\/www.leopackersindia.com\/<\/a><\/p>","protected":false},"excerpt":{"rendered":"<p>Leo Packers and Movers is based in Bangalore, India. The company offers its customers a wide range of services which are listed below, together with a company profile and reviews. International Moves Door to door Door to terminal Full packing service, fragile items or DIY packing Dismantling and reassembly of furniture Full unpacking service available [&hellip;]<\/p>\n","protected":false},"author":1,"featured_media":0,"parent":0,"menu_order":0,"comment_status":"closed","ping_status":"closed","template":"","meta":{"_genesis_hide_title":false,"_genesis_hide_breadcrumbs":false,"_genesis_hide_singular_image":false,"_genesis_hide_footer_widgets":false,"_genesis_custom_body_class":"","_genesis_custom_post_class":"","_genesis_layout":"","footnotes":""},"class_list":{"0":"post-1568","1":"page","2":"type-page","3":"status-publish","5":"entry"},"_links":{"self":[{"href":"https:\/\/moverdb.com\/ro\/wp-json\/wp\/v2\/pages\/1568","targetHints":{"allow":["GET"]}}],"collection":[{"href":"https:\/\/moverdb.com\/ro\/wp-json\/wp\/v2\/pages"}],"about":[{"href":"https:\/\/moverdb.com\/ro\/wp-json\/wp\/v2\/types\/page"}],"author":[{"embeddable":true,"href":"https:\/\/moverdb.com\/ro\/wp-json\/wp\/v2\/users\/1"}],"replies":[{"embeddable":true,"href":"https:\/\/moverdb.com\/ro\/wp-json\/wp\/v2\/comments?post=1568"}],"version-history":[{"count":3,"href":"https:\/\/moverdb.com\/ro\/wp-json\/wp\/v2\/pages\/1568\/revisions"}],"predecessor-version":[{"id":13170,"href":"https:\/\/moverdb.com\/ro\/wp-json\/wp\/v2\/pages\/1568\/revisions\/13170"}],"wp:attachment":[{"href":"https:\/\/moverdb.com\/ro\/wp-json\/wp\/v2\/media?parent=1568"}],"curies":[{"name":"wp","href":"https:\/\/api.w.org\/{rel}","templated":true}]}}