{"id":1558,"date":"2017-07-10T10:38:01","date_gmt":"2017-07-10T10:38:01","guid":{"rendered":"http:\/\/moverdb.com\/?page_id=1558"},"modified":"2026-01-08T15:20:30","modified_gmt":"2026-01-08T15:20:30","slug":"packimpex","status":"publish","type":"page","link":"https:\/\/moverdb.com\/ro\/packimpex\/","title":{"rendered":"Packimpex - Recenzii privind relocarea \u0219i mutarea interna\u021bional\u0103"},"content":{"rendered":"<p>Packimpex este o companie de relocalizare \u0219i <a href=\"https:\/\/moverdb.com\/ro\/international-removals\/\" data-internallinksmanager029f6b8e52c=\"27\" title=\"36 Cele mai bune companii de mut\u0103ri interna\u021bionale din Marea Britanie\">companie de mutare<\/a> cu sediul \u00een <a href=\"https:\/\/moverdb.com\/ro\/moving-to-bern\/\" data-internallinksmanager029f6b8e52c=\"262\" title=\"V\u0103 muta\u021bi la Berna? 2026 Costurile de trai \u0219i sfaturi de relocare\">Berna<\/a>, <a href=\"https:\/\/moverdb.com\/ro\/moving-to-switzerland\/\" data-internallinksmanager029f6b8e52c=\"327\" title=\"V\u0103 muta\u021bi \u00een Elve\u021bia? 2026 Costurile vie\u021bii \u0219i sfaturi de relocare\">Elve\u021bia<\/a>. Ofer\u0103 clien\u021bilor s\u0103i o gam\u0103 de servicii care sunt enumerate mai jos, \u00eempreun\u0103 cu un profil al companiei \u0219i recenzii.<\/p>\n<p><strong>Muta\u021bii interna\u021bionale<\/strong><\/p>\n<ul>\n<li> Manager de mutare dedicat<\/li>\n<li> Serviciu de ambalare complet\u0103, ambalare par\u021bial\u0103 sau ambalare DIY<\/li>\n<li> Ambalatori multilingvi<\/li>\n<li> Ambalaje refolosibile \u0219i reciclabile, acolo unde este posibil<\/li>\n<li> Transport aerian, rutier sau maritim<\/li>\n<li> Relocarea animalelor de companie<\/li>\n<li> <a href=\"https:\/\/moverdb.com\/ro\/auto-transport-expediere\/\">Ma\u0219ini<\/a><\/li>\n<li> Depozitare pe termen lung \u0219i scurt<\/li>\n<li> Asisten\u021b\u0103 pentru v\u0103muire \u0219i documenta\u021bie<\/li>\n<li> Serviciu complet de despachetare disponibil<\/li>\n<li> Asigurare aranjat\u0103<\/li>\n<\/ul>\n<p><strong>Servicii de destina\u021bie - Elve\u021bia<\/strong><\/p>\n<ul>\n<li> Consultan\u021b\u0103<\/li>\n<li> Servicii de imigrare<\/li>\n<li> Tur de orientare<\/li>\n<li> Serviciul de sosire<\/li>\n<li> Cazare temporar\u0103 aranjat\u0103<\/li>\n<li> C\u0103utare acas\u0103<\/li>\n<li> Educa\u021bie \u0219i asisten\u021b\u0103 pentru \u00eengrijirea copiilor<\/li>\n<li> Servicii de instalare<\/li>\n<li> Programul de sprijin pentru integrare<\/li>\n<li> Ma\u0219ini - de import sau de cump\u0103rat<\/li>\n<li> Mi\u0219c\u0103ri de grup<\/li>\n<li> Servicii de plecare<\/li>\n<\/ul>\n<p><strong>Servicii corporative pentru locuin\u021be<\/strong><\/p>\n<ul>\n<li> Managementul rezerv\u0103rilor<\/li>\n<li> Managementul apartamentelor<\/li>\n<li> Managementul cheltuielilor<\/li>\n<li> Sprijin pentru schimbarea chiria\u0219ilor<\/li>\n<li> Pooling de apartamente corporative<\/li>\n<li> \u00cenchiriere de mobilier<\/li>\n<li> Managementul mobilierului<\/li>\n<li> Apartamente mobilate de la Packimpex<\/li>\n<\/ul>\n<p><strong>Mutarea local\u0103<\/strong><\/p>\n<ul>\n<li> Din u\u0219\u0103 \u00een u\u0219\u0103<\/li>\n<li> Servicii complete de mutare<\/li>\n<li> Mutarea serviciului limitat<\/li>\n<li> Depozitare pe termen lung \u0219i scurt<\/li>\n<li> Serviciu de despachetare disponibil<\/li>\n<li> Asigurare furnizat\u0103<\/li>\n<li> \u00cendep\u0103rtarea molozului<\/li>\n<\/ul>\n<h2>Profilul companiei Packimpex<\/h2>\n<p>Packimpex a \u00eenceput s\u0103 se concentreze pe mut\u0103rile interna\u021bionale \u00een 1977 \u0219i este acum pionierul \u00een domeniul mut\u0103rilor interna\u021bionale \u0219i al reloc\u0103rii \u00een Elve\u021bia. Compania are zece birouri \u00een diferite loca\u021bii din Elve\u021bia \u0219i unul \u00een <a href=\"https:\/\/moverdb.com\/ro\/moving-to-germany\/\" data-internallinksmanager029f6b8e52c=\"321\" title=\"V\u0103 muta\u021bi \u00een Germania? 2026 Costurile vie\u021bii \u0219i sfaturi de relocare\">Germania<\/a>. Packimpex are peste 300 de angaja\u021bi, despre care se spune c\u0103 sunt exper\u021bi \u00een propriul domeniu. Compania are propria academie de formare pentru a fi la curent cu cele mai recente inova\u021bii din industria de relocalizare \u0219i mutare.<\/p>\n<p>Peste 60% dintre cele mai mari 100 de companii din Elve\u021bia folosesc Packimpex pentru mut\u0103rile locale \u0219i reloc\u0103rile de personal. Packimpex face parte din Re\u021beaua de relocare UniGroup, ceea ce \u00eei ofer\u0103 acces la firme de mutare din 63 de \u021b\u0103ri \u0219i 1200 de loca\u021bii. Compania de\u021bine, de asemenea, 40 de apartamente mobilate \u00een ora\u0219e importante din Elve\u021bia, care sunt \u00eenchiriate companiilor \u0219i personalului acestora din str\u0103in\u0103tate.<\/p>\n<p>Packimpex este m\u00e2ndr\u0103 de modelul s\u0103u de afaceri ecologic \u0219i \u00ee\u0219i recicleaz\u0103 ambalajele acolo unde este posibil. Are \u00een permanen\u021b\u0103 \u00een derulare diverse proiecte de compensare a emisiilor de carbon pentru a reduce amprenta de carbon a companiei.<\/p>\n<p>Packimpex are urm\u0103toarele acredit\u0103ri \u0219i afilieri:<\/p>\n<ul>\n<li> <a href=\"https:\/\/moverdb.com\/ro\/fidi-faim\/\">FIDI<\/a><\/li>\n<li> <a href=\"https:\/\/moverdb.com\/ro\/fidi-faim\/\" data-internallinksmanager029f6b8e52c=\"16\" title=\"FIDI &amp; FAIM (FIDI Accredited International Mover) Explicat\">FAIM<\/a>-ISO<\/li>\n<li> Re\u021beaua de relocare UniGroup<\/li>\n<li> OMNI<\/li>\n<li> <a href=\"https:\/\/moverdb.com\/ro\/consiliul-de-relocare-a-angajatilor\/\">Consiliul de relocare a for\u021bei de munc\u0103<\/a> (<a href=\"https:\/\/moverdb.com\/ro\/employee-relocation-council\/\" data-internallinksmanager029f6b8e52c=\"83\" title=\"Explica\u021bii despre Consiliul de relocare a angaja\u021bilor (ERC) la nivel mondial\">ERC<\/a>)<\/li>\n<li> <a href=\"https:\/\/moverdb.com\/ro\/eura\/\">Asocia\u021bia European\u0103 de Relocare<\/a> (<a href=\"https:\/\/moverdb.com\/ro\/eura\/\" data-internallinksmanager029f6b8e52c=\"13\" title=\"Explica\u021bii despre Asocia\u021bia European\u0103 de Relocare (EuRA)\">EURA<\/a>)<\/li>\n<li> ISO 9001<\/li>\n<li> ISO 14001<\/li>\n<li> ISO 27001<\/li>\n<\/ul>\n<h2>Recenzii Packimpex<\/h2>\n<p><strong>Pozitiv:<\/strong><\/p>\n<p><em>\"B\u0103ie\u021bii \u0103\u0219tia au fost grozavi. Nu am nicio idee despre <a href=\"https:\/\/moverdb.com\/ro\/costuri-de-mutare\/\" target=\"_blank\" rel=\"noopener\">cost<\/a> deoarece compania a avut grij\u0103 de acest lucru, dar grija pe care au avut-o atunci c\u00e2nd mi-au \u00eempachetat casa \u00een <a href=\"https:\/\/moverdb.com\/ro\/moving-to-london\/\" target=\"_blank\" rel=\"noopener\">Londra<\/a> iar grija cu care au reasamblat totul pe aceast\u0103 parte a fost minunat\u0103.\"<\/em> - prin <a href=\"https:\/\/www.englishforum.ch\/housing-general\/131431-packimpex-review.html\" target=\"_blank\" rel=\"noopener\">Rom\u00e2n\u0103 Forum Elve\u021bia<\/a><\/p>\n<p><strong>Negativ: <\/strong><\/p>\n<p><em>\"Gestionarea extrem de slab\u0103 a aranjamentelor de plecare\"<\/em> - Anu via <a href=\"https:\/\/www.facebook.com\/pg\/packimpex\/reviews\/?ref=page_internal\" target=\"_blank\" rel=\"noopener\">Facebook<\/a><\/p>\n<div itemprop=\"review\" itemscope itemtype=\"http:\/\/schema.org\/Review\">\n<span itemprop=\"author\" itemscope=\"\" itemtype=\"http:\/\/schema.org\/Organization\"><span itemprop=\"name\">MoverDB.com<\/span><\/span> Revizuirea online a site-ului pentru <span itemprop=\"itemreviewed\" itemscope=\"\" itemtype=\"http:\/\/schema.org\/Brand\"><span itemprop=\"name\">Packimpex<\/span><\/span>:<\/p>\n<ol>\n<li> Detalii de contact clare pe site-ul web (inclusiv num\u0103rul de telefon): <strong>Da<\/strong><\/li>\n<li> U\u0219or de ob\u021binut <a href=\"https:\/\/moverdb.com\/ro\/citate\/\">citate interna\u021bionale \u00een mi\u0219care<\/a>? (Formular de solicitare a unui deviz online): <strong>Da<\/strong><\/li>\n<li> Informa\u021bii clare pe site-ul web: <strong>Da,<\/strong> Site-ul web a prezentat \u00een mod clar toate serviciile pe care le ofer\u0103.<\/li>\n<li> Apartenen\u021ba la organiza\u021bii interna\u021bionale recunoscute \u00een domeniul mut\u0103rii: <strong>Da<\/strong>, (a se vedea mai sus)<\/li>\n<li> Lista de clien\u021bi \u0219i\/sau m\u0103rturii ale clien\u021bilor anteriori. <strong>Nu,<\/strong> dar cele mai multe recenzii online pentru aceast\u0103 companie par a fi pozitive.<\/li>\n<\/ol>\n<div itemprop=\"reviewRating\" itemscope itemtype=\"http:\/\/schema.org\/Rating\"><meta itemprop=\"worstRating\" content = \"0\" \/><meta itemprop=\"bestRating\" content=\"5\" \/><meta itemprop=\"ratingValue\" content=\"4.5\"><\/div>\n<p><strong>Scor general: 4.5\/5<\/strong><br \/>\n<strong>Data revizuirii:<\/strong> <span itemprop=\"datePublished\" content=\"2017-07-10\">10\/07\/2017<\/span>\n<\/div>\n<p>Citi\u021bi mai multe despre <a href=\"https:\/\/moverdb.com\/ro\/moving-companies\/\">companii interna\u021bionale de mutare<\/a> \u0219i a noastr\u0103 <a href=\"https:\/\/moverdb.com\/ro\/comentarii\/\">procesul de revizuire explicat<\/a>.<\/p>\n<p><strong>Site web:<\/strong> <a href=\"http:\/\/www.packimpex.ch\/\" target=\"_blank\" rel=\"noopener\">http:\/\/www.packimpex.ch\/<\/a><\/p>","protected":false},"excerpt":{"rendered":"<p>Packimpex is a relocation and removal company based in Bern, Switzerland. It offers its clients a range of services which are listed below, together with a company profile and reviews. International Moves Dedicated move manager Full packing service, partial packing or DIY packing Multilingual packers Reusable and recyclable packing where possible Air, road or sea [&hellip;]<\/p>\n","protected":false},"author":1,"featured_media":0,"parent":0,"menu_order":0,"comment_status":"closed","ping_status":"closed","template":"","meta":{"_genesis_hide_title":false,"_genesis_hide_breadcrumbs":false,"_genesis_hide_singular_image":false,"_genesis_hide_footer_widgets":false,"_genesis_custom_body_class":"","_genesis_custom_post_class":"","_genesis_layout":"","footnotes":""},"class_list":{"0":"post-1558","1":"page","2":"type-page","3":"status-publish","5":"entry"},"_links":{"self":[{"href":"https:\/\/moverdb.com\/ro\/wp-json\/wp\/v2\/pages\/1558","targetHints":{"allow":["GET"]}}],"collection":[{"href":"https:\/\/moverdb.com\/ro\/wp-json\/wp\/v2\/pages"}],"about":[{"href":"https:\/\/moverdb.com\/ro\/wp-json\/wp\/v2\/types\/page"}],"author":[{"embeddable":true,"href":"https:\/\/moverdb.com\/ro\/wp-json\/wp\/v2\/users\/1"}],"replies":[{"embeddable":true,"href":"https:\/\/moverdb.com\/ro\/wp-json\/wp\/v2\/comments?post=1558"}],"version-history":[{"count":4,"href":"https:\/\/moverdb.com\/ro\/wp-json\/wp\/v2\/pages\/1558\/revisions"}],"predecessor-version":[{"id":6228,"href":"https:\/\/moverdb.com\/ro\/wp-json\/wp\/v2\/pages\/1558\/revisions\/6228"}],"wp:attachment":[{"href":"https:\/\/moverdb.com\/ro\/wp-json\/wp\/v2\/media?parent=1558"}],"curies":[{"name":"wp","href":"https:\/\/api.w.org\/{rel}","templated":true}]}}