{"id":1548,"date":"2017-02-01T15:00:53","date_gmt":"2017-02-01T15:00:53","guid":{"rendered":"http:\/\/moverdb.com\/?page_id=1548"},"modified":"2026-01-08T15:20:43","modified_gmt":"2026-01-08T15:20:43","slug":"sirva","status":"publish","type":"page","link":"https:\/\/moverdb.com\/ro\/sirva\/","title":{"rendered":"SIRVA - Recenzii despre mut\u0103ri \u0219i reloc\u0103ri interna\u021bionale"},"content":{"rendered":"<p>SIRVA este o companie global\u0103 de relocalizare cu sediul central \u00een <a href=\"https:\/\/moverdb.com\/ro\/moving-to-the-united-states\/moving-to-illinois\/\" data-internallinksmanager029f6b8e52c=\"401\" title=\"Mutarea \u00een Illinois? 2026 Costurile de trai \u0219i sfaturi de relocare\">Illinois<\/a>. Aceasta ofer\u0103 clien\u021bilor s\u0103i corporativi \u0219i individuali o varietate de servicii de mutare. Acestea sunt enumerate mai jos, \u00eempreun\u0103 cu un profil al companiei \u0219i recenzii.<\/p>\n<p><strong>Mutarea interna\u021bional\u0103<\/strong><\/p>\n<ul>\n<li> Re\u021bea mondial\u0103 de resurse \u00een mi\u0219care<\/li>\n<li> Urm\u0103ri\u021bi expedierea dvs. 24\/7<\/li>\n<li> Inspec\u021bia casei pentru a stabili cerin\u021bele de ambalare etc.<\/li>\n<li> Asigurare aranjat\u0103<\/li>\n<li> Coordonatorul personal v\u0103 va ajuta cu documenta\u021bia necesar\u0103<\/li>\n<li> Ambalare \u0219i \u00eenc\u0103rcare<\/li>\n<li> V\u0103muire<\/li>\n<li> Livrare \u0219i despachetare<\/li>\n<li> Liderii de echipaj vorbitori de limba englez\u0103 vor fi disponibili pentru a v\u0103 asista la livrare<\/li>\n<li> Toate obiectele vor fi desc\u0103rcate cu grij\u0103 \u0219i verificate cu lista de inventar \u0219i vor fi plasate \u00een camerele corecte.<\/li>\n<li> Articolele fragile, cum ar fi sticla \u0219i <a href=\"https:\/\/moverdb.com\/ro\/moving-to-china\/\" data-internallinksmanager029f6b8e52c=\"357\" title=\"V\u0103 muta\u021bi \u00een China? 2026 Costurile de trai \u0219i sfaturi de relocare\">china<\/a>, va fi despachetat pe suprafe\u021be plane<\/li>\n<li> Toate materialele de ambalare \u0219i resturile vor fi \u00eendep\u0103rtate rapid din casa dvs.<\/li>\n<\/ul>\n<p><strong>Servicii de relocare corporativ\u0103<\/strong><\/p>\n<ul>\n<li> Servicii de instalare<\/li>\n<li> Vize \u0219i permise de munc\u0103<\/li>\n<li> C\u0103utarea \u0219colii \u0219i a locuin\u021bei<\/li>\n<li> Informa\u021bii culturale<\/li>\n<li> Asisten\u021b\u0103 pentru partener\/so\u021b<\/li>\n<li> Ambalare specializat\u0103<\/li>\n<\/ul>\n<p><strong>Servicii de mutare<\/strong><\/p>\n<ul>\n<li> Mutarea gospod\u0103riei<\/li>\n<li> Mutarea corporativ\u0103<\/li>\n<li> Mutarea local\u0103<\/li>\n<li> Mutarea interstatal\u0103<\/li>\n<li> Mutarea interna\u021bional\u0103<\/li>\n<li> Plan personal de mutare<\/li>\n<\/ul>\n<h2>Profilul companiei SIRVA<\/h2>\n<p>Sirva Inc a fost \u00eenfiin\u021bat\u0103 \u00een 1997 \u0219i este o companie care ofer\u0103 servicii de mutare \u0219i relocare pentru companii \u0219i persoane fizice. Aceasta opereaz\u0103 \u00een peste 170 de \u021b\u0103ri, \u00een peste 1.400 de ora\u0219e, iar m\u0103rcile sale nord-americane includ <a href=\"https:\/\/moverdb.com\/ro\/allied-van-lines\/\">Allied Van Lines<\/a> \u0219i <a href=\"https:\/\/moverdb.com\/ro\/north-american-van-lines\/\">North American Van Lines<\/a>.<\/p>\n<p>Sirva efectueaz\u0103 aproximativ 385.000 de reloc\u0103ri pe an \u00een 43 de \u021b\u0103ri din \u00eentreaga lume. Printre acestea se num\u0103r\u0103 at\u00e2t clien\u021bi corporativi, c\u00e2t \u0219i personal militar \u0219i guvernamental.<\/p>\n<p>Sirva are urm\u0103toarele acredit\u0103ri \u0219i afilieri:<\/p>\n<ul>\n<li> <a href=\"https:\/\/moverdb.com\/ro\/sunt\/\">Asocia\u021bia Interna\u021bional\u0103 a Transportatorilor<\/a> (<a href=\"https:\/\/moverdb.com\/ro\/iam\/\" data-internallinksmanager029f6b8e52c=\"23\" title=\"Explica\u021bii despre Asocia\u021bia Interna\u021bional\u0103 a Transportatorilor (IAM)\">IAM<\/a>)<\/li>\n<\/ul>\n<h2>Recenzii SIRVA<\/h2>\n<p><strong>Pozitiv:<\/strong><\/p>\n<ul>\n<li> <em>\"So\u021bul meu \u0219i cu mine am avut o experien\u021b\u0103 minunat\u0103 folosind Sirva mortgage pentru recenta noastr\u0103 relocare.\"<\/em> Karlee via <a href=\"https:\/\/www.reputada.com\/company\/sirva.com\" target=\"_blank\" rel=\"noopener\">Reputada<\/a>.\n<\/ul>\n<p><strong>Negativ:<\/strong><\/p>\n<ul>\n<li> <em>\"Pentru ca r\u0103spunsul meu s\u0103 nu fie privit ca un fel de \"def\u0103imare\", voi \u00eencerca din r\u0103sputeri s\u0103 descriu doar ceea ce s-a \u00eent\u00e2mplat, \u00eencerc\u00e2nd s\u0103 folosesc c\u00e2t mai pu\u021bine cuvinte entuziaste, pe c\u00e2t de mult se poate a\u0219tepta \u00een mod rezonabil\" <\/em> - Lilaora via <a href=\"https:\/\/www.trulia.com\/voices\/Home_Selling\/Has_anyone_dealt_with_a_relocation_firm_called_SIR-29232\" target=\"_blank\" rel=\"noopener\">Trulia<\/a>.\n<\/ul>\n<p>Pentru m\u0103rcile SIRVA ar trebui s\u0103 citi\u021bi \u0219i <a href=\"https:\/\/moverdb.com\/ro\/allied-van-lines\/\">Allied Van Lines comentarii<\/a> \u0219i <a href=\"https:\/\/moverdb.com\/ro\/north-american-van-lines\/\">Recenzii North American Van Lines<\/a>.<\/p>\n<div itemprop=\"review\" itemscope itemtype=\"http:\/\/schema.org\/Review\">\n<span itemprop=\"author\" itemscope=\"\" itemtype=\"http:\/\/schema.org\/Organization\"><span itemprop=\"name\">MoverDB.com<\/span><\/span> Revizuirea online a site-ului pentru <span itemprop=\"itemreviewed\" itemscope=\"\" itemtype=\"http:\/\/schema.org\/Brand\"><span itemprop=\"name\">SIRVA<\/span><\/span>:<\/p>\n<ol>\n<li> Detalii de contact clare pe site-ul web (inclusiv num\u0103rul de telefon): <strong>Da<\/strong><\/li>\n<li> U\u0219or de ob\u021binut <a href=\"https:\/\/moverdb.com\/ro\/citate\/\">citate interna\u021bionale \u00een mi\u0219care<\/a>? (Formular de solicitare a unui deviz online): <strong>Da<\/strong><\/li>\n<li> Informa\u021bii clare pe site-ul web: <strong>Da,<\/strong> Site-ul web prezint\u0103 \u00een mod clar toate serviciile pe care le ofer\u0103.<\/li>\n<li> Apartenen\u021ba la organiza\u021bii interna\u021bionale recunoscute \u00een domeniul mut\u0103rii: <strong>Da<\/strong>, (de\u0219i numai IAM)<\/li>\n<li> Lista de clien\u021bi \u0219i\/sau m\u0103rturii ale clien\u021bilor anteriori. <strong>Da,<\/strong> au o sec\u021biune de studii de caz pe site-ul lor. Cu toate acestea, exist\u0103 un num\u0103r limitat de recenzii de pe internet, majoritatea fiind neutre sau negative.<\/li>\n<\/ol>\n<div itemprop=\"reviewRating\" itemscope itemtype=\"http:\/\/schema.org\/Rating\"><meta itemprop=\"worstRating\" content = \"0\" \/><meta itemprop=\"bestRating\" content=\"5\" \/><meta itemprop=\"ratingValue\" content=\"4.5\"><\/div>\n<p><strong>Scor general: 4.5\/5<\/strong><br \/>\n<strong>Data revizuirii:<\/strong> <span itemprop=\"datePublished\" content=\"2016-02-01\">01\/02\/2017<\/span>\n<\/div>\n<p>Citi\u021bi mai multe despre <a href=\"https:\/\/moverdb.com\/ro\/moving-companies\/\">mutan\u021bi interna\u021bionali<\/a> \u0219i a noastr\u0103 <a href=\"https:\/\/moverdb.com\/ro\/comentarii\/\">procesul de revizuire<\/a>.<\/p>\n<p><strong>Site web:<\/strong> <a href=\"https:\/\/www.sirva.com\/\" target=\"_blank\" rel=\"noopener\">https:\/\/www.sirva.com\/<\/a> <\/p>","protected":false},"excerpt":{"rendered":"<p>SIRVA is a global relocation company with its head office in Illinois. It offers its corporate and individual clients a variety of moving services. These are listed below together with a company profile and reviews. International Moving Worldwide network of moving resources Track your shipment 24\/7 House survey to ascertain packing requirements etc Insurance arranged [&hellip;]<\/p>\n","protected":false},"author":1,"featured_media":0,"parent":0,"menu_order":0,"comment_status":"closed","ping_status":"closed","template":"","meta":{"_genesis_hide_title":false,"_genesis_hide_breadcrumbs":false,"_genesis_hide_singular_image":false,"_genesis_hide_footer_widgets":false,"_genesis_custom_body_class":"","_genesis_custom_post_class":"","_genesis_layout":"","footnotes":""},"class_list":{"0":"post-1548","1":"page","2":"type-page","3":"status-publish","5":"entry"},"_links":{"self":[{"href":"https:\/\/moverdb.com\/ro\/wp-json\/wp\/v2\/pages\/1548","targetHints":{"allow":["GET"]}}],"collection":[{"href":"https:\/\/moverdb.com\/ro\/wp-json\/wp\/v2\/pages"}],"about":[{"href":"https:\/\/moverdb.com\/ro\/wp-json\/wp\/v2\/types\/page"}],"author":[{"embeddable":true,"href":"https:\/\/moverdb.com\/ro\/wp-json\/wp\/v2\/users\/1"}],"replies":[{"embeddable":true,"href":"https:\/\/moverdb.com\/ro\/wp-json\/wp\/v2\/comments?post=1548"}],"version-history":[{"count":5,"href":"https:\/\/moverdb.com\/ro\/wp-json\/wp\/v2\/pages\/1548\/revisions"}],"predecessor-version":[{"id":6239,"href":"https:\/\/moverdb.com\/ro\/wp-json\/wp\/v2\/pages\/1548\/revisions\/6239"}],"wp:attachment":[{"href":"https:\/\/moverdb.com\/ro\/wp-json\/wp\/v2\/media?parent=1548"}],"curies":[{"name":"wp","href":"https:\/\/api.w.org\/{rel}","templated":true}]}}