{"id":1540,"date":"2017-02-26T17:21:37","date_gmt":"2017-02-26T17:21:37","guid":{"rendered":"http:\/\/moverdb.com\/?page_id=1540"},"modified":"2026-01-08T15:20:37","modified_gmt":"2026-01-08T15:20:37","slug":"royal-hawaiian-movers","status":"publish","type":"page","link":"https:\/\/moverdb.com\/ro\/royal-hawaiian-movers\/","title":{"rendered":"Royal Hawaiian Movers - Recenzii mut\u0103ri interna\u021bionale"},"content":{"rendered":"<p>Royal Hawaiian Movers ofer\u0103 clien\u021bilor s\u0103i diverse mut\u0103ri locale, \u00eentre insule \u0219i pe continent. Serviciile lor sunt enumerate mai jos, \u00eempreun\u0103 cu un profil al companiei \u0219i recenzii.<\/p>\n<p><strong>Mutarea interna\u021bional\u0103, continental\u0103 \u0219i \u00eentre insule<\/strong><\/p>\n<ul>\n<li> Din u\u0219\u0103 \u00een u\u0219\u0103<\/li>\n<li >Serviciu complet de ambalare, doar pentru obiecte fragile sau ambalare DIY<\/li>\n<li> Demontarea \u0219i remontarea mobilierului<\/li>\n<li> Scoaterea \u0219i configurarea IT<\/li>\n<li> Serviciul de despachetare<\/li>\n<li> Depozitare pe termen lung \u0219i scurt<\/li>\n<li> Transport aerian sau maritim<\/li>\n<li> Asigurare aranjat\u0103<\/li>\n<\/ul>\n<p><strong>Mutarea local\u0103 \u0219i militar\u0103<\/strong><\/p>\n<ul>\n<li> Din u\u0219\u0103 \u00een u\u0219\u0103<\/li>\n<li> Materiale de ambalare furnizate<\/li>\n<li> Depozitare pe termen lung \u0219i scurt<\/li>\n<li> Servicii complete de ambalare disponibile sau ambalare DIY<\/li>\n<li> Demontarea \u0219i remontarea mobilierului<\/li>\n<li> Serviciul de despachetare<\/li>\n<li> Asigurare aranjat\u0103<\/li>\n<\/ul>\n<p><strong>Specialitate Servicii de mutare<\/strong><\/p>\n<ul>\n<li> Ma\u0219ini grele<\/li>\n<li> Servicii medicale de mutare<\/li>\n<li> Echipamente supradimensionate<\/li>\n<\/ul>\n<p><strong>Instalare<\/strong><\/p>\n<ul>\n<li> Hotel<\/li>\n<li> FF&amp;E (mobilier, instala\u021bii \u0219i echipamente)<\/li>\n<li> Birou<\/li>\n<li> Specialitate<\/li>\n<\/ul>\n<h2>Profilul companiei Royal Hawaiian Movers<\/h2>\n<p>Royal Hawaiian Movers a fost \u00eenfiin\u021bat\u0103 de Richard L DeWitt \u00een 1982. Compania a \u00eenceput cu un birou \u00een Honolulu, deservind militarii de pe insula Oahu. Chiar \u0219i ast\u0103zi, militarii reprezint\u0103 nucleul companiei Royal Hawaiian Movers. La sf\u00e2r\u0219itul anilor '80, compania a decis s\u0103 se extind\u0103 \u0219i s\u0103 se ocupe de transporturi rutiere \u0219i de marf\u0103. \u00cen prezent, compania are o flot\u0103 de peste 60 de vehicule de mutare.<\/p>\n<p>De atunci, Royal Hawaiian Movers \u0219i-a extins activitatea pentru a include mut\u0103ri reziden\u021biale, comerciale \u0219i militare la nivel local, interinsular \u0219i interna\u021bional. Grupul de companii DeWitt a mutat oameni \u0219i companii din \u00eentreaga lume de peste 80 de ani, iar Royal Hawaiian Movers se bucur\u0103 de transmiterea expertizei \u00eenv\u0103\u021bate de-a lungul deceniilor. <\/p>\n<p>Ethosul lor este de a dezvolta rela\u021bii de \u00eencredere cu clien\u021bii lor, astfel \u00eenc\u00e2t ace\u0219tia s\u0103 se \u00eentoarc\u0103 pentru fiecare mutare.<\/p>\n<p>Royal Hawaiian Movers are urm\u0103toarele acredit\u0103ri \u0219i afilieri:<\/p>\n<ul>\n<li> <a href=\"https:\/\/moverdb.com\/ro\/janta-promovare\/\">AMSA Pro Movers<\/a><\/li>\n<li> Consultan\u021bi certifica\u021bi \u00een mi\u0219care<\/li>\n<li> \u0218oferi certifica\u021bi pentru materiale periculoase<\/li>\n<li> Carte de identificare a lucr\u0103torilor din domeniul transporturilor<\/li>\n<li> Biroul pentru afaceri mai bune (BBB)<\/li>\n<li> DeWitt Move Worldwide - un membru al grupului <a href=\"https:\/\/moverdb.com\/ro\/sunt\/\">IAM<\/a><\/li>\n<li> Licen\u021b\u0103 DOT #227698<\/li>\n<li> Licen\u021b\u0103 DOT pentru transport auto #165352<\/li>\n<li> DOT <a href=\"https:\/\/moverdb.com\/ro\/freight-forwarder\/\" data-internallinksmanager029f6b8e52c=\"17\" title=\"Freight Forwarder &amp; NVOCC Ghidul interna\u021bional de costuri \u0219i companii\">Expeditor de m\u0103rfuri<\/a> Licen\u021b\u0103 #003549<\/li>\n<\/ul>\n<h2>Royal Hawaiian Movers Recenzii<\/h2>\n<p><strong>Pozitiv:<\/strong><\/p>\n<ul>\n<li> <em>\"Mutarea de la Honolulu la <a href=\"https:\/\/moverdb.com\/ro\/moving-to-the-united-states\/moving-to-california\/\" data-internallinksmanager029f6b8e52c=\"330\" title=\"Mutarea \u00een California? 2026 Costurile de trai \u0219i sfaturi de relocare\">California<\/a>, setul militar <a href=\"https:\/\/moverdb.com\/ro\/moving-to-the-united-states\/\" data-internallinksmanager029f6b8e52c=\"94\" title=\"V\u0103 muta\u021bi \u00een Statele Unite? 2026 Costurile vie\u021bii \u0219i sfaturi de relocare\">us<\/a> cu Royal Hawaiian Movers... ***AMAZING*** customer service.... Au fost informativi, amabili, cura\u021bi \u0219i eficien\u021bi. Royal Hawaiian Movers este tot ce ai nevoie pentru problemele tale de mutare \u0219i transport!!!\"<\/em> - Kelly G <a href=\"http:\/\/royalhawaiianmovers.com\/our-difference\/what-customers-say\/\" target=\"_blank\" rel=\"noopener\">m\u0103rturie de client<\/a><\/li>\n<li> <em>\"Profesioni\u0219ti \u0219i au avut mare grij\u0103 de bunurile mele. M-am mutat pe continent... dar mi-au f\u0103cut mai u\u0219or plecarea <a href=\"https:\/\/moverdb.com\/ro\/moving-to-the-united-states\/moving-to-hawaii\/\" data-internallinksmanager029f6b8e52c=\"403\" title=\"V\u0103 muta\u021bi \u00een Hawaii? 2026 Costuri de trai \u0219i sfaturi de relocare\">Hawaii<\/a>.\"<\/em> - Robin via <a href=\"https:\/\/www.facebook.com\/pg\/RoyalHawaiianMV\/reviews\/\" target=\"_blank\" rel=\"noopener\">Facebook<\/a><\/li>\n<li> <em>\"\u00cen general, i-a\u0219 recomanda pe baza pre\u021bului \u0219i a calit\u0103\u021bii serviciilor.\"<\/em> - Ryan via <a href=\"https:\/\/www.yelp.com\/biz\/royal-hawaiian-movers-honolulu-2?hrid=ClTUD764MZQoXt6f0DBLoA&#038;utm_campaign=www_review_share_popup&#038;utm_medium=copy_link&#038;utm_source=(direct)\" target=\"_blank\" rel=\"noopener\">Yelp<\/a><\/li>\n<\/ul>\n<p><strong>Negativ:<\/strong><\/p>\n<ul>\n<li> <em>\"\u00cemi pare r\u0103u s\u0103 v\u0103 spun c\u0103 Royal Hawaiian Movers sunt ni\u0219te mutan\u021bi oribili! Ne-au stricat lucrurile, iar unele dintre lucrurile bunicilor mei au disp\u0103rut.\"<\/em> - Sharon via <a href=\"https:\/\/www.facebook.com\/pg\/RoyalHawaiianMV\/reviews\/\" target=\"_blank\" rel=\"noopener\">Facebook<\/a><\/li>\n<li> <em>\"S-au gr\u0103bit s\u0103 ne \u00eempacheteze \u0219i au f\u0103cut o treab\u0103 groaznic\u0103. O gr\u0103mad\u0103 din lucrurile noastre au ap\u0103rut sparte \u0219i complet distruse.\"<\/em> - Meghan via <a href=\"https:\/\/www.yelp.com\/biz\/royal-hawaiian-movers-honolulu-2?hrid=2GCVIxDDbA41_6OusJ2KIQ&#038;utm_campaign=www_review_share_popup&#038;utm_medium=copy_link&#038;utm_source=(direct)\" target=\"_blank\" rel=\"noopener\">Yelp<\/a><\/li>\n<\/ul>\n<div itemprop=\"review\" itemscope itemtype=\"http:\/\/schema.org\/Review\">\n<span itemprop=\"author\" itemscope=\"\" itemtype=\"http:\/\/schema.org\/Organization\"><span itemprop=\"name\">MoverDB.com<\/span><\/span> Revizuirea online a site-ului pentru <span itemprop=\"itemreviewed\" itemscope=\"\" itemtype=\"http:\/\/schema.org\/Brand\"><span itemprop=\"name\">Royal Hawaiian Movers<\/span><\/span>:<\/p>\n<ol>\n<li> Detalii de contact clare pe site-ul web (inclusiv num\u0103rul de telefon): <strong>Da<\/strong><\/li>\n<li> U\u0219or de ob\u021binut <a href=\"https:\/\/moverdb.com\/ro\/citate\/\">citate interna\u021bionale \u00een mi\u0219care<\/a>? (Formular de solicitare a unui deviz online): <strong>Da<\/strong><\/li>\n<li> Informa\u021bii clare pe site-ul web: <strong>Da,<\/strong> prezint\u0103 toate serviciile, dar f\u0103r\u0103 a intra prea mult \u00een detalii.<\/li>\n<li> Apartenen\u021ba la organiza\u021bii interna\u021bionale recunoscute \u00een domeniul mut\u0103rii: <strong>Da<\/strong>, (a se vedea mai sus)<\/li>\n<li> Lista de clien\u021bi \u0219i\/sau m\u0103rturii ale clien\u021bilor anteriori: <strong>Da,<\/strong> \u0219i, de\u0219i exist\u0103 c\u00e2teva recenzii negative pe web, cele mai recente recenzii sunt \u00een mare parte pozitive.<\/li>\n<\/ol>\n<div itemprop=\"reviewRating\" itemscope itemtype=\"http:\/\/schema.org\/Rating\"><meta itemprop=\"worstRating\" content = \"0\" \/><meta itemprop=\"bestRating\" content=\"5\" \/><meta itemprop=\"ratingValue\" content=\"4.5\"><\/div>\n<p><strong>Scor general: 4.5\/5<\/strong><br \/>\n<strong>Data revizuirii:<\/strong> <span itemprop=\"datePublished\" content=\"2017-02-26\">26\/02\/2017<\/span>\n<\/div>\n<p>Citi\u021bi mai multe despre <a href=\"https:\/\/moverdb.com\/ro\/moving-companies\/\">companii interna\u021bionale de mutare<\/a> \u0219i a noastr\u0103 <a href=\"https:\/\/moverdb.com\/ro\/comentarii\/\">procesul de revizuire<\/a>.<\/p>\n<p><strong>Site web:<\/strong> <a href=\"http:\/\/royalhawaiianmovers.com\/\" target=\"_blank\" rel=\"noopener\">http:\/\/royalhawaiianmovers.com\/<\/a><\/p>","protected":false},"excerpt":{"rendered":"<p>Royal Hawaiian Movers offers its customers various local, inter island and mainland moves. Their services are listed below, together with a company profile and reviews. International, Mainland and Inter Island Moves Door to door Full packing service, fragile items only or DIY packing Disassembly and reassembly of furniture IT removal and set up Unpacking service [&hellip;]<\/p>\n","protected":false},"author":1,"featured_media":0,"parent":0,"menu_order":0,"comment_status":"closed","ping_status":"closed","template":"","meta":{"_genesis_hide_title":false,"_genesis_hide_breadcrumbs":false,"_genesis_hide_singular_image":false,"_genesis_hide_footer_widgets":false,"_genesis_custom_body_class":"","_genesis_custom_post_class":"","_genesis_layout":"","footnotes":""},"class_list":{"0":"post-1540","1":"page","2":"type-page","3":"status-publish","5":"entry"},"_links":{"self":[{"href":"https:\/\/moverdb.com\/ro\/wp-json\/wp\/v2\/pages\/1540","targetHints":{"allow":["GET"]}}],"collection":[{"href":"https:\/\/moverdb.com\/ro\/wp-json\/wp\/v2\/pages"}],"about":[{"href":"https:\/\/moverdb.com\/ro\/wp-json\/wp\/v2\/types\/page"}],"author":[{"embeddable":true,"href":"https:\/\/moverdb.com\/ro\/wp-json\/wp\/v2\/users\/1"}],"replies":[{"embeddable":true,"href":"https:\/\/moverdb.com\/ro\/wp-json\/wp\/v2\/comments?post=1540"}],"version-history":[{"count":7,"href":"https:\/\/moverdb.com\/ro\/wp-json\/wp\/v2\/pages\/1540\/revisions"}],"predecessor-version":[{"id":6234,"href":"https:\/\/moverdb.com\/ro\/wp-json\/wp\/v2\/pages\/1540\/revisions\/6234"}],"wp:attachment":[{"href":"https:\/\/moverdb.com\/ro\/wp-json\/wp\/v2\/media?parent=1540"}],"curies":[{"name":"wp","href":"https:\/\/api.w.org\/{rel}","templated":true}]}}