{"id":1538,"date":"2017-02-23T08:47:51","date_gmt":"2017-02-23T08:47:51","guid":{"rendered":"http:\/\/moverdb.com\/?page_id=1538"},"modified":"2026-01-08T15:20:39","modified_gmt":"2026-01-08T15:20:39","slug":"settelen","status":"publish","type":"page","link":"https:\/\/moverdb.com\/ro\/settelen\/","title":{"rendered":"Settelen - Impresii despre mut\u0103ri \u0219i mut\u0103ri interna\u021bionale"},"content":{"rendered":"<p>Settelen este o companie elve\u021bian\u0103 cu sediul \u00een <a href=\"https:\/\/moverdb.com\/ro\/moving-to-basel\/\" data-internallinksmanager029f6b8e52c=\"263\" title=\"V\u0103 muta\u021bi la Basel? 2026 Costuri de trai \u0219i sfaturi de relocare\">Basel<\/a>. Aceasta ofer\u0103 clien\u021bilor s\u0103i o gam\u0103 de servicii de mutare care sunt enumerate mai jos, \u00eempreun\u0103 cu un profil al companiei \u0219i recenzii.<\/p>\n<p><strong>Mutarea interna\u021bional\u0103 \u0219i mut\u0103ri<\/strong><\/p>\n<ul>\n<li> Coordonator de mutare dedicat<\/li>\n<li> Din u\u0219\u0103 \u00een u\u0219\u0103<\/li>\n<li> Serviciu complet de ambalare, doar pentru obiecte fragile sau ambalare DIY<\/li>\n<li> Demontarea \u0219i remontarea mobilierului etc.<\/li>\n<li> L\u0103zi personalizate<\/li>\n<li> Magazin de mutare pentru necesit\u0103\u021bile de ambalare<\/li>\n<li> Serviciu complet de despachetare disponibil<\/li>\n<li> Asisten\u021b\u0103 \u00een ceea ce prive\u0219te v\u0103mile \u0219i documenta\u021bia<\/li>\n<li> Asigurare aranjat\u0103<\/li>\n<li> Depozitare pe termen scurt \u0219i lung<\/li>\n<\/ul>\n<p><strong>Muta\u021bii locale \u0219i pe distan\u021be lungi<\/strong><\/p>\n<ul>\n<li> Coordonator de mutare dedicat<\/li>\n<li> Din u\u0219\u0103 \u00een u\u0219\u0103<\/li>\n<li> Serviciu complet de ambalare disponibil dac\u0103 este necesar<\/li>\n<li> Demontarea \u0219i remontarea mobilierului etc.<\/li>\n<li> Serviciu complet de despachetare disponibil dac\u0103 este necesar<\/li>\n<li> Asigurare aranjat\u0103<\/li>\n<li> Depozitare pe termen scurt \u0219i lung disponibil\u0103<\/li>\n<li> Magazin de mutare complet aprovizionat pentru toate articolele de ambalare<\/li>\n<\/ul>\n<p><strong>Muta\u021bii de afaceri<\/strong><\/p>\n<ul>\n<li> Echip\u0103 dedicat\u0103 pentru mutare<\/li>\n<li> Din u\u0219\u0103 \u00een u\u0219\u0103<\/li>\n<li> Mutarea \u00een afara orelor de program pentru a evita \u00eentreruperea activit\u0103\u021bii<\/li>\n<li> Demontarea \u0219i remontarea mobilierului<\/li>\n<li> Scoaterea \u0219i reinstalarea IT<\/li>\n<li> Serviciu de ambalare complet\u0103 sau serviciu de ambalare par\u021bial\u0103<\/li>\n<li> Asigurare aranjat\u0103<\/li>\n<li> Depozitare pe termen scurt \u0219i lung disponibil\u0103<\/li>\n<li> L\u0103zi specializate<\/li>\n<li> Mut\u0103ri de utilaje grele<\/li>\n<li> Lift extern<\/li>\n<\/ul>\n<p><strong>Mut\u0103ri speciale<\/strong><\/p>\n<ul>\n<li> T\u00e2rguri \u0219i expozi\u021bii<\/li>\n<li> Art\u0103 \u0219i antichit\u0103\u021bi<\/li>\n<li> Ma\u0219ini grele<\/li>\n<li> M\u0103rfuri fragile<\/li>\n<li> Piane \u0219i alte instrumente muzicale<\/li>\n<li> Bunuri de export<\/li>\n<\/ul>\n<p><strong>Transport special<\/strong><\/p>\n<ul>\n<li> Pentru obiecte \u0219i locuri grele, neobi\u0219nuite<\/li>\n<li> Logistic\u0103 \u0219i organizare<\/li>\n<li> Alegerea vehiculului<\/li>\n<li> Cartografierea unui traseu<\/li>\n<li> Ob\u021binerea licen\u021belor necesare<\/li>\n<\/ul>\n<p><strong>Depozitare<\/strong><\/p>\n<ul>\n<li> Containere din lemn<\/li>\n<li> Securitate 24\/7<\/li>\n<li> Verific\u0103ri periodice ale containerelor<\/li>\n<li> Ambalare \u0219i ambalare special\u0103 disponibile<\/li>\n<\/ul>\n<p><strong>Settelen \u00cenchiriere de ma\u0219ini<\/strong><\/p>\n<ul>\n<li> Vehicule de pasageri<\/li>\n<li> Furgonete \u0219i camionete<\/li>\n<li> Autobuze mini<\/li>\n<li> Vehicule cu destina\u021bie special\u0103<\/li>\n<\/ul>\n<h2>Profilul companiei Settelen<\/h2>\n<p>Settelen AG are sediul \u00een Basel, <a href=\"https:\/\/moverdb.com\/ro\/moving-to-switzerland\/\" data-internallinksmanager029f6b8e52c=\"327\" title=\"V\u0103 muta\u021bi \u00een Elve\u021bia? 2026 Costurile vie\u021bii \u0219i sfaturi de relocare\">Elve\u021bia<\/a>. Aceast\u0103 companie privat\u0103 a fost \u00eenfiin\u021bat\u0103 \u00een 1883. Principala sa activitate este transportul \u0219i logistica, cu interese subsidiare \u00een \u00eenchirierea de vehicule, c\u0103l\u0103torii cu autocarul \u0219i servicii de \u00eentre\u021binere \u0219i reparare a autovehiculelor.<\/p>\n<p>Settelen organizeaz\u0103 mut\u0103ri interna\u021bionale, pe distan\u021be lungi \u0219i locale pentru persoane fizice \u0219i juridice.<\/p>\n<p>Settelen are urm\u0103toarele acredit\u0103ri \u0219i afilieri:<\/p>\n<ul>\n<li> <a href=\"https:\/\/moverdb.com\/ro\/fidi-faim\/\">Federa\u021bia Companiilor Interna\u021bionale de Mutare<\/a> (<a href=\"https:\/\/moverdb.com\/ro\/fidi-faim\/\" data-internallinksmanager029f6b8e52c=\"16\" title=\"FIDI &amp; FAIM (FIDI Accredited International Mover) Explicat\">FIDI<\/a>)<\/li>\n<li> Asocia\u021bia elve\u021bian\u0103 de transport rutier (ASTAG)<\/li>\n<li> AGVS<\/li>\n<\/ul>\n<h2>Recenzii ale companiei Settelen<\/h2>\n<p>\u00cen prezent nu exist\u0103 recenzii online \u00een limba englez\u0103 pentru Settelen, de\u0219i are 4,1 stele pe Google Reviews.<\/p>\n<div itemprop=\"review\" itemscope itemtype=\"http:\/\/schema.org\/Review\">\n<span itemprop=\"author\" itemscope=\"\" itemtype=\"http:\/\/schema.org\/Organization\"><span itemprop=\"name\">MoverDB.com<\/span><\/span> Revizuirea online a site-ului pentru <span itemprop=\"itemreviewed\" itemscope=\"\" itemtype=\"http:\/\/schema.org\/Brand\"><span itemprop=\"name\">Settelen<\/span><\/span>:<\/p>\n<ol>\n<li> Detalii de contact clare pe site-ul web (inclusiv num\u0103rul de telefon): <strong>Da<\/strong><\/li>\n<li> U\u0219or de ob\u021binut <a href=\"https:\/\/moverdb.com\/ro\/citate\/\">citate interna\u021bionale \u00een mi\u0219care<\/a>? (Formular de solicitare a unui deviz online): <strong>Da<\/strong><\/li>\n<li> Informa\u021bii clare pe site-ul web: <strong>Limitat<\/strong> site-ul web enumer\u0103 serviciile oferite, dar nu ofer\u0103 prea multe detalii \u00een afar\u0103 de acestea.<\/li>\n<li> Apartenen\u021ba la organiza\u021bii interna\u021bionale recunoscute \u00een domeniul mut\u0103rii: <strong>Da<\/strong>, (a se vedea mai sus)<\/li>\n<li> Lista de clien\u021bi \u0219i\/sau m\u0103rturii ale clien\u021bilor anteriori: <strong>Nu,<\/strong> \u0219i exist\u0103 doar o cantitate limitat\u0103 de informa\u021bii despre acestea disponibile \u00een alt\u0103 parte.<\/li>\n<\/ol>\n<div itemprop=\"reviewRating\" itemscope itemtype=\"http:\/\/schema.org\/Rating\"><meta itemprop=\"worstRating\" content = \"0\" \/><meta itemprop=\"bestRating\" content=\"5\" \/><meta itemprop=\"ratingValue\" content=\"4\"><\/div>\n<p><strong>Scor general: 4\/5<\/strong><br \/>\n<strong>Data revizuirii:<\/strong> <span itemprop=\"datePublished\" content=\"2017-02-23\">23\/02\/2017<\/span>\n<\/div>\n<p>Citi\u021bi mai multe despre <a href=\"https:\/\/moverdb.com\/ro\/moving-companies\/\">companii interna\u021bionale de mutare<\/a> \u0219i a noastr\u0103 <a href=\"https:\/\/moverdb.com\/ro\/comentarii\/\">procesul de revizuire<\/a>.<\/p>\n<p><strong>Site-uri web:<\/strong> <a href=\"http:\/\/www.settelen.ch\/\" target=\"_blank\" rel=\"noopener\">http:\/\/www.settelen.ch\/<\/a><\/p>","protected":false},"excerpt":{"rendered":"<p>Settelen is Swiss company based in Basel. It offers its customers a range of moving services which are listed below, together with a company profile and reviews. International Moving &#038; Removals Dedicated move coordinator Door to door Full packing service, fragile items only or DIY packing Disassembly and reassembly of furniture etc Customised crates Removal [&hellip;]<\/p>\n","protected":false},"author":1,"featured_media":0,"parent":0,"menu_order":0,"comment_status":"closed","ping_status":"closed","template":"","meta":{"_genesis_hide_title":false,"_genesis_hide_breadcrumbs":false,"_genesis_hide_singular_image":false,"_genesis_hide_footer_widgets":false,"_genesis_custom_body_class":"","_genesis_custom_post_class":"","_genesis_layout":"","footnotes":""},"class_list":{"0":"post-1538","1":"page","2":"type-page","3":"status-publish","5":"entry"},"_links":{"self":[{"href":"https:\/\/moverdb.com\/ro\/wp-json\/wp\/v2\/pages\/1538","targetHints":{"allow":["GET"]}}],"collection":[{"href":"https:\/\/moverdb.com\/ro\/wp-json\/wp\/v2\/pages"}],"about":[{"href":"https:\/\/moverdb.com\/ro\/wp-json\/wp\/v2\/types\/page"}],"author":[{"embeddable":true,"href":"https:\/\/moverdb.com\/ro\/wp-json\/wp\/v2\/users\/1"}],"replies":[{"embeddable":true,"href":"https:\/\/moverdb.com\/ro\/wp-json\/wp\/v2\/comments?post=1538"}],"version-history":[{"count":3,"href":"https:\/\/moverdb.com\/ro\/wp-json\/wp\/v2\/pages\/1538\/revisions"}],"predecessor-version":[{"id":6236,"href":"https:\/\/moverdb.com\/ro\/wp-json\/wp\/v2\/pages\/1538\/revisions\/6236"}],"wp:attachment":[{"href":"https:\/\/moverdb.com\/ro\/wp-json\/wp\/v2\/media?parent=1538"}],"curies":[{"name":"wp","href":"https:\/\/api.w.org\/{rel}","templated":true}]}}