{"id":1536,"date":"2017-07-10T10:48:14","date_gmt":"2017-07-10T10:48:14","guid":{"rendered":"http:\/\/moverdb.com\/?page_id=1536"},"modified":"2026-01-08T15:20:49","modified_gmt":"2026-01-08T15:20:49","slug":"teletrans","status":"publish","type":"page","link":"https:\/\/moverdb.com\/ro\/teletrans\/","title":{"rendered":"Teletrans - Relocare \u0219i mutare interna\u021bional\u0103 Recenzii"},"content":{"rendered":"<p>Teletrans se afl\u0103 \u00een Attica <a href=\"https:\/\/moverdb.com\/ro\/moving-to-greece\/\" data-internallinksmanager029f6b8e52c=\"353\" title=\"V\u0103 muta\u021bi \u00een Grecia? 2026 Costurile de trai \u0219i sfaturi de relocare\">Grecia<\/a>. Este o companie de mut\u0103ri \u0219i reloc\u0103ri care ofer\u0103 clien\u021bilor s\u0103i o gam\u0103 larg\u0103 de servicii. Acestea sunt enumerate mai jos, \u00eempreun\u0103 cu un profil al companiei \u0219i recenzii.<\/p>\n<p><strong>Muta\u021bii interna\u021bionale<\/strong><\/p>\n<ul>\n<li> Manager de mutare dedicat<\/li>\n<li> Ambalare cu servicii complete, ambalare par\u021bial\u0103 sau ambalare DIY<\/li>\n<li> Depozitare pe termen scurt \u0219i lung disponibil\u0103<\/li>\n<li> Demontarea \u0219i remontarea mobilierului<\/li>\n<li> Transfer terestru, maritim sau aerian<\/li>\n<li> Asisten\u021b\u0103 \u00een ceea ce prive\u0219te v\u0103mile \u0219i documenta\u021bia<\/li>\n<li> Serviciu de despachetare disponibil<\/li>\n<li> \u00cendep\u0103rtarea molozului<\/li>\n<\/ul>\n<p><strong>Servicii de relocare<\/strong><\/p>\n<ul>\n<li> Programul de c\u0103l\u0103torie<\/li>\n<li> Rezervare de bilete \u0219i rezervare de hotel<\/li>\n<li> Informa\u021bii privind procedura de eliberare a unui VISA pentru \u021bara de destina\u021bie<\/li>\n<li> Informa\u021bii despre \u0219coli<\/li>\n<li> Informa\u021bii despre locuin\u021be<\/li>\n<li> Informa\u021bii privind transferul animalelor de companie<\/li>\n<li> Constatarea re\u0219edin\u021bei temporare<\/li>\n<li> Cursuri de limbi locale organizate<\/li>\n<li> Sugestii pentru divertisment \u0219i \"cunoa\u0219terea zonei\", cum ar fi vizitarea muzeelor \u0219i a obiectivelor turistice, evenimente culturale, excursii etc.<\/li>\n<li>Asisten\u021b\u0103 cu servicii de mutare (electrician, instalator, servicii de cur\u0103\u021benie etc.)<\/li>\n<\/ul>\n<p><strong>Relocarea companiei<\/strong><\/p>\n<ul>\n<li>Inspec\u021bie \u0219i planificare<\/li>\n<li>Ambalare<\/li>\n<li>Depozitare<\/li>\n<li>v\u0103muire, dac\u0103 este necesar<\/li>\n<li>Asigurare<\/li>\n<li>Livrare \u0219i despachetare la destina\u021bie<\/li>\n<\/ul>\n<p><strong>Mi\u0219c\u0103ri speciale<\/strong><\/p>\n<ul>\n<li>Echipamente \u0219i vehicule militare<\/li>\n<li>Ma\u0219ini grele<\/li>\n<li>Marf\u0103 supradimensionat\u0103 \u0219i \u00een exces<\/li>\n<li>Lucr\u0103ri de art\u0103 \u00een l\u0103zi f\u0103cute la comand\u0103<\/li>\n<li>Unit\u0103\u021bi de \u00eenv\u0103\u021b\u0103m\u00e2nt<\/li>\n<li>Centre spa \u0219i s\u0103li de sport<\/li>\n<\/ul>\n<p><strong>Expozi\u021bii<\/strong><\/p>\n<ul>\n<li>Expozi\u021bieambalaj material<\/li>\n<li>Preg\u0103tirea documenta\u021biei pentru export<\/li>\n<li>Identificarea celui mai potrivit mod de expediere<\/li>\n<li>Livrare<\/li>\n<li>Instalarea materialului de expozi\u021bie<\/li>\n<li>reambalarea materialului \u0219i expedierea acestuia la locul de origine<\/li>\n<\/ul>\n<p><strong>Depozitare<\/strong><\/p>\n<ul>\n<li>Pe termen lung \u0219i scurt<\/li>\n<li>supraveghere 24\/7<\/li>\n<li>Climat controlat disponibil<\/li>\n<\/ul>\n<h2>Profilul companiei Teletrans<\/h2>\n<p>Teletrans a fost \u00eenfiin\u021bat\u0103 \u00een Attica, Grecia, de Ria Stergiopoulou, \u00een 1979, cu scopul ini\u021bial de a transporta persoane \u0219i bunuri \u00een Grecia. Ast\u0103zi, compania este unul dintre liderii Greciei \u00een ceea ce prive\u0219te transportul de persoane, companii \u0219i art\u0103 \u00een \u00eentreaga lume.<\/p>\n<p>Teletrans are propriul parc de vehicule, condus de angaja\u021bii companiei. De asemenea, are o instala\u021bie de depozitare de ultim\u0103 genera\u021bie \u00een Attica, care este echipat\u0103 pentru a depozita cele mai sensibile m\u0103rfuri \u00eenainte \u0219i dup\u0103 expediere. Teletrans are o re\u021bea de agen\u021bi atent ale\u0219i, care \u00eei acord\u0103 asisten\u021b\u0103 pentru expedierile \u00een \u0219i din Grecia.<\/p>\n<p>Teletrans dore\u0219te s\u0103 \u00ee\u0219i reduc\u0103 amprenta de carbon \u0219i alege \u00een mod deliberat materiale de ambalare reciclate. De asemenea, utilizeaz\u0103 energia solar\u0103 acolo unde este posibil. \u00cen prezent, compania a deschis un birou la Bruxelles, care aplic\u0103, de asemenea, practici ecologice.<\/p>\n<p>Teletrans are urm\u0103toarele acredit\u0103ri \u0219i afilieri:<\/p>\n<ul>\n<li>EN ISO 9001:2008<\/li>\n<li><a href=\"https:\/\/moverdb.com\/ro\/sunt\/\" target=\"_blank\" rel=\"noopener\">Asocia\u021bia Interna\u021bional\u0103 a Transportatorilor<\/a> (<a href=\"https:\/\/moverdb.com\/ro\/iam\/\" data-internallinksmanager029f6b8e52c=\"23\" title=\"Explica\u021bii despre Asocia\u021bia Interna\u021bional\u0103 a Transportatorilor (IAM)\">IAM<\/a>)<\/li>\n<li><a href=\"https:\/\/moverdb.com\/ro\/fedemac\/\" target=\"_blank\" rel=\"noopener\">Federa\u021bia Asocia\u021biei Europene a Transportatorilor<\/a> (<a href=\"https:\/\/moverdb.com\/ro\/fedemac\/\" data-internallinksmanager029f6b8e52c=\"15\" title=\"Federa\u021bia Asocia\u021biei Europene a Transportatorilor (FEDEMAC) Explica\u021bii\">FEDEMAC<\/a>)<\/li>\n<li>Asocia\u021bia \u00eentreprinderilor de transport de m\u0103rfuri \u0219i logistic\u0103 din Grecia (SYNDDEL)<\/li>\n<\/ul>\n<h2>Recenzii Teletrans<\/h2>\n<p>La momentul redact\u0103rii acestui articol nu am g\u0103sit nicio recenzie pozitiv\u0103 sau negativ\u0103 pentru Teletrans online \u00een limba englez\u0103. <\/p>\n<div itemprop=\"review\" itemscope itemtype=\"http:\/\/schema.org\/Review\">\n<span itemprop=\"author\" itemscope=\"\" itemtype=\"http:\/\/schema.org\/Organization\"><span itemprop=\"name\">MoverDB.com<\/span><\/span> Revizuirea online a site-ului pentru <span itemprop=\"itemreviewed\" itemscope=\"\" itemtype=\"http:\/\/schema.org\/Brand\"><span itemprop=\"name\">Teletrans<\/span><\/span>:<\/p>\n<ol>\n<li> Detalii de contact clare pe site-ul web (inclusiv num\u0103rul de telefon): <strong>Da<\/strong><\/li>\n<li> U\u0219or de ob\u021binut <a href=\"https:\/\/moverdb.com\/ro\/citate\/\">citate interna\u021bionale \u00een mi\u0219care<\/a>? (Formular de solicitare a unui deviz online): <strong>Da<\/strong><\/li>\n<li> Informa\u021bii clare pe site-ul web: <strong>Da,<\/strong> Site-ul este clar structurat \u0219i destul de informativ.<\/li>\n<li> Apartenen\u021ba la organiza\u021bii interna\u021bionale recunoscute \u00een domeniul mut\u0103rii: <strong>Da<\/strong>, (a se vedea mai sus)<\/li>\n<li> Lista de clien\u021bi \u0219i\/sau m\u0103rturii ale clien\u021bilor anteriori. <strong>Nu,<\/strong>, exist\u0103 o list\u0103 de clien\u021bi, dar nu exist\u0103 m\u0103rturii sau recenzii ale clien\u021bilor.<\/li>\n<\/ol>\n<div itemprop=\"reviewRating\" itemscope itemtype=\"http:\/\/schema.org\/Rating\"><meta itemprop=\"worstRating\" content = \"0\" \/><meta itemprop=\"bestRating\" content=\"5\" \/><meta itemprop=\"ratingValue\" content=\"4.5\"><\/div>\n<p><strong>Scor general: 4.5\/5<\/strong><br \/>\n<strong>Data revizuirii:<\/strong> <span itemprop=\"datePublished\" content=\"2017-07-10\">10\/07\/2017<\/span>\n<\/div>\n<p>Citi\u021bi mai multe despre <a href=\"https:\/\/moverdb.com\/ro\/moving-companies\/\">companii interna\u021bionale de mutare<\/a> \u0219i a noastr\u0103 <a href=\"https:\/\/moverdb.com\/ro\/comentarii\/\">procesul de revizuire explicat<\/a>.<\/p>\n<p><strong>Site web:<\/strong> <a href=\"http:\/\/www.teletranseu.com\/\" target=\"_blank\" rel=\"noopener\">http:\/\/www.teletranseu.com\/<\/a><\/p>","protected":false},"excerpt":{"rendered":"<p>Teletrans is located in Attica Greece. It is a moving and relocation company that offers its clients a wide range of services. These are listed below, together with a company profile and reviews. International Moves Dedicated move manager Full service packing, partial packing or DIY packing Short and long term storage available Disassembly and reassembly [&hellip;]<\/p>\n","protected":false},"author":1,"featured_media":0,"parent":0,"menu_order":0,"comment_status":"closed","ping_status":"closed","template":"","meta":{"_genesis_hide_title":false,"_genesis_hide_breadcrumbs":false,"_genesis_hide_singular_image":false,"_genesis_hide_footer_widgets":false,"_genesis_custom_body_class":"","_genesis_custom_post_class":"","_genesis_layout":"","footnotes":""},"class_list":{"0":"post-1536","1":"page","2":"type-page","3":"status-publish","5":"entry"},"_links":{"self":[{"href":"https:\/\/moverdb.com\/ro\/wp-json\/wp\/v2\/pages\/1536","targetHints":{"allow":["GET"]}}],"collection":[{"href":"https:\/\/moverdb.com\/ro\/wp-json\/wp\/v2\/pages"}],"about":[{"href":"https:\/\/moverdb.com\/ro\/wp-json\/wp\/v2\/types\/page"}],"author":[{"embeddable":true,"href":"https:\/\/moverdb.com\/ro\/wp-json\/wp\/v2\/users\/1"}],"replies":[{"embeddable":true,"href":"https:\/\/moverdb.com\/ro\/wp-json\/wp\/v2\/comments?post=1536"}],"version-history":[{"count":4,"href":"https:\/\/moverdb.com\/ro\/wp-json\/wp\/v2\/pages\/1536\/revisions"}],"predecessor-version":[{"id":6244,"href":"https:\/\/moverdb.com\/ro\/wp-json\/wp\/v2\/pages\/1536\/revisions\/6244"}],"wp:attachment":[{"href":"https:\/\/moverdb.com\/ro\/wp-json\/wp\/v2\/media?parent=1536"}],"curies":[{"name":"wp","href":"https:\/\/api.w.org\/{rel}","templated":true}]}}