{"id":1528,"date":"2017-02-01T16:05:53","date_gmt":"2017-02-01T16:05:53","guid":{"rendered":"http:\/\/moverdb.com\/?page_id=1528"},"modified":"2026-01-08T15:20:40","modified_gmt":"2026-01-08T15:20:40","slug":"shipco-transport","status":"publish","type":"page","link":"https:\/\/moverdb.com\/ro\/shipco-transport\/","title":{"rendered":"Shipco Transport - Opinii despre mut\u0103rile interna\u021bionale"},"content":{"rendered":"<p>Shipco Transport ofer\u0103 servicii de transport maritim \u0219i aerian de m\u0103rfuri pentru profesioni\u0219tii care se ocup\u0103 cu mutarea bunurilor de uz casnic \u0219i pentru companiile de relocalizare, nu pentru persoane fizice. Serviciile sale sunt enumerate mai jos, \u00eempreun\u0103 cu un profil al companiei \u0219i recenzii.<\/p>\n<p><strong>Circula\u021bia interna\u021bional\u0103 a bunurilor de uz casnic<\/strong><\/p>\n<ul>\n<li> <a href=\"https:\/\/moverdb.com\/ro\/transport-maritim-de-containere\/\">Transport maritim interna\u021bional de containere<\/a><\/li>\n<li>Prin intermediul transportatorilor profesioni\u0219ti de bunuri de uz casnic<\/li>\n<li>Prin intermediul companiilor profesionale de relocare<\/li>\n<li>LCL<\/li>\n<li>FCL<\/li>\n<li>Transport aerian<\/li>\n<li>Colectarea de la depozitul ambalatorului este disponibil\u0103<\/li>\n<\/ul>\n<p><strong>Transport maritim LCL<\/strong><\/p>\n<ul>\n<li>Consolid\u0103ri neutre directe intacte garantate cu manipulare minim\u0103 a \u00eenc\u0103rc\u0103turii<\/li>\n<li>Serviciu dedicat clien\u021bilor care ofer\u0103 solu\u021bii personalizate<\/li>\n<li>Transportatori premium \u0219i tarife competitive legate de programele de naviga\u021bie globale \u00een timp real<\/li>\n<\/ul>\n<p><strong>Transport maritim FCL<\/strong><\/p>\n<ul>\n<li> Servicii diverse prin intermediul a peste 40 de contracte de servicii cu transportatori oceanici<\/li>\n<li> Acoperire complet\u0103 a transportului intern de m\u0103rfuri \u00een <a href=\"https:\/\/moverdb.com\/ro\/moving-to-the-united-states\/\" data-internallinksmanager029f6b8e52c=\"94\" title=\"V\u0103 muta\u021bi \u00een Statele Unite? 2026 Costurile vie\u021bii \u0219i sfaturi de relocare\">SUA<\/a> din peste 44.000 de coduri po\u0219tale<\/li>\n<li> R\u0103sturnare rapid\u0103 a tarifelor pentru u\u0219\u0103, ramp\u0103 \u0219i <a href=\"https:\/\/moverdb.com\/ro\/top-49-container-ports\/\" data-internallinksmanager029f6b8e52c=\"80\" title=\"Top 49 cele mai mari \u0219i mai aglomerate porturi de containere \u00een 2026\">port<\/a> servicii. Mii de rute \u00een c\u00e2teva momente<\/li>\n<\/ul>\n<p><strong>Proiecte maritime \u0219i m\u0103rfuri specializate<\/strong><\/p>\n<ul>\n<li>Break Bulk, RoRo, Out of Gauge &amp; Reefer service<\/li>\n<li>Transportul la nivel na\u021bional de m\u0103rfuri supradimensionate, \u00eenc\u0103rc\u0103turi cu autoriza\u021bie \u0219i containere<\/li>\n<li>\u00cenc\u0103rcare, \u00eempachetare \u0219i contrav\u00e2ntuire<\/li>\n<li>Tarife competitive prin intermediul re\u021belei noastre extinse de transportatori oceanici \u0219i aerieni, depozite, companii de camionaj \u0219i macara<\/li>\n<li>Avioane charter Split\/Full Air Charters \u0219i transporturi OAG<\/li>\n<\/ul>\n<p><strong>Transport aerian<\/strong><\/p>\n<ul>\n<li>Contracte cu peste 100 de companii aeriene<\/li>\n<li>Pickup<\/li>\n<li>Depozitare<\/li>\n<li>Servicii de etichetare \u0219i documentare<\/li>\n<li>Urm\u0103rirea comenzilor de achizi\u021bie<\/li>\n<\/ul>\n<h2>Profilul companiei Shipco Transport<\/h2>\n<p>Shipco Transport Inc. este o filial\u0103 a Scan Group A\/S, Copenhaga \u0219i a \u00eenceput s\u0103 opereze \u00een septembrie 1988 \u00een <a href=\"https:\/\/moverdb.com\/ro\/se-muta-in-nc\/\">Ora\u0219ul New York<\/a>. Este un lider <a href=\"https:\/\/moverdb.com\/ro\/expeditor-de-marfuri\/\">NVOCC<\/a>. Scopul s\u0103u ini\u021bial a fost de a primi m\u0103rfuri FCL din Asia. \u00cen prezent, compania se concentreaz\u0103 \u00een principal pe consolidarea LCL.<\/p>\n<p>\u00cen prezent, Shipco are peste 75 de birouri \u00een 30 de \u021b\u0103ri din \u00eentreaga lume \u0219i are peste 2.200 de angaja\u021bi. Shipco ofer\u0103 clien\u021bilor s\u0103i servicii de transport maritim LCL \u0219i FCL \u0219i de transport aerian.<\/p>\n<p>Shipco Transport are urm\u0103toarele acredit\u0103ri \u0219i afilieri: -<\/p>\n<ul>\n<li><a href=\"https:\/\/moverdb.com\/ro\/sunt\/\" target=\"_blank\" rel=\"noopener\">Asocia\u021bia Interna\u021bional\u0103 a Transportatorilor<\/a> (<a href=\"https:\/\/moverdb.com\/ro\/iam\/\" data-internallinksmanager029f6b8e52c=\"23\" title=\"Explica\u021bii despre Asocia\u021bia Interna\u021bional\u0103 a Transportatorilor (IAM)\">IAM<\/a>)<\/li>\n<li>Grup de scanare<\/li>\n<li>Alian\u021ba Mondial\u0103 (WWA)<\/li>\n<li>Grupul Air Cargo<\/li>\n<\/ul>\n<h2>Opinii Shipco Transport<\/h2>\n<p><strong>Pozitiv:<\/strong><\/p>\n<ul>\n<li><em>\"Trimiteam tot ce aveam de la San Diego la <a href=\"https:\/\/moverdb.com\/ro\/moving-companies\/moving-companies-honduras\/\" data-internallinksmanager029f6b8e52c=\"233\" title=\"2 Cele mai bune companii de mutare interna\u021bional\u0103 \u00een Honduras\">Honduras<\/a>, Shipco a fost grozav.\" <\/em>Madison K via <a href=\"https:\/\/www.yelp.co.uk\/biz\/shipco-transport-long-beach?hrid=hfrOGEwsoHzhivf1ODT9DQ&#038;utm_campaign=www_review_share_popup&#038;utm_medium=copy_link&#038;utm_source=(direct)\" target=\"_blank\" rel=\"noopener\">Yelp<\/a>.\n<li><em>\"Un serviciu foarte bun. Nicio problem\u0103.\"<\/em> - Dawn C via <a href=\"https:\/\/www.tryfleet.com\/freight-forwarder-profile\/shipco-transport-inc\" target=\"_blank\" rel=\"noopener\">Flota<\/a><\/li>\n<\/ul>\n<p><strong>Negativ:<\/strong><\/p>\n<ul>\n<li><em>\"Cea mai proast\u0103 companie cu care am avut de-a face vreodat\u0103. Mi-au \u021binut transportul timp de 2 s\u0103pt\u0103m\u00e2ni, de\u0219i au fost pl\u0103ti\u021bi integral \u0219i nu au vrut s\u0103 elibereze transportul.\" <\/em>Houman M prin <a href=\"https:\/\/www.yelp.co.uk\/biz\/shipco-transport-long-beach?hrid=0lZOxg3aNnePXUGvOv7fxw&#038;utm_campaign=www_review_share_popup&#038;utm_medium=copy_link&#038;utm_source=(direct)\" target=\"_blank\" rel=\"noopener\">Yelp<\/a><\/li>\n<\/ul>\n<div itemprop=\"review\" itemscope itemtype=\"http:\/\/schema.org\/Review\">\n<span itemprop=\"author\" itemscope=\"\" itemtype=\"http:\/\/schema.org\/Organization\"><span itemprop=\"name\">MoverDB.com<\/span><\/span> Revizuirea online a site-ului pentru <span itemprop=\"itemreviewed\" itemscope=\"\" itemtype=\"http:\/\/schema.org\/Brand\"><span itemprop=\"name\">Shipco Transport<\/span><\/span>:<\/p>\n<ol>\n<li> Detalii de contact clare pe site-ul web (inclusiv num\u0103rul de telefon): <strong>Da<\/strong><\/li>\n<li> U\u0219or de ob\u021binut <a href=\"https:\/\/moverdb.com\/ro\/citate\/\">citate interna\u021bionale \u00een mi\u0219care<\/a>? (Formular de solicitare a unui deviz online): <strong>Da<\/strong><\/li>\n<li> Informa\u021bii clare pe site-ul web: <strong>Da,<\/strong> site-ul web prezint\u0103 toate serviciile lor de transport \u0219i de expediere.<\/li>\n<li> Apartenen\u021ba la organiza\u021bii interna\u021bionale recunoscute \u00een domeniul mut\u0103rii: <strong>Da<\/strong>, (a se vedea mai sus)<\/li>\n<li> Lista de clien\u021bi \u0219i\/sau m\u0103rturii ale clien\u021bilor anteriori. <strong>Nu,<\/strong> nu pe site-ul lor, dar \u00een general au recenzii pozitive.<\/li>\n<\/ol>\n<div itemprop=\"reviewRating\" itemscope itemtype=\"http:\/\/schema.org\/Rating\"><meta itemprop=\"worstRating\" content = \"0\" \/><meta itemprop=\"bestRating\" content=\"5\" \/><meta itemprop=\"ratingValue\" content=\"4\"><\/div>\n<p><strong>Scor general: 4\/5<\/strong><br \/>\n<strong>Data revizuirii:<\/strong> <span itemprop=\"datePublished\" content=\"2017-02-01\">01\/02\/2017<\/span>\n<\/div>\n<p>Citi\u021bi mai multe despre <a href=\"https:\/\/moverdb.com\/ro\/moving-companies\/\">companii interna\u021bionale de mutare<\/a>, <a href=\"https:\/\/moverdb.com\/ro\/companii-de-transport-maritim\/\">companii de transport maritim de containere<\/a> \u0219i a noastr\u0103 <a href=\"https:\/\/moverdb.com\/ro\/comentarii\/\">procesul de revizuire<\/a>.<\/p>\n<p><strong>Site web:<\/strong> <a href=\"https:\/\/www.shipco.com\/\" target=\"_blank\" rel=\"noopener\">https:\/\/www.shipco.com\/<\/a><\/p>","protected":false},"excerpt":{"rendered":"<p>Shipco Transport offers ocean and air freight services to professional household goods movers and relocation companies, not individuals. Its services are listed below, together with a company profile and reviews. International Movement of Household Goods International container shipping Through professional household goods movers Through professional relocation companies LCL FCL Airfreight Collection from packer&#8217;s warehouse available [&hellip;]<\/p>\n","protected":false},"author":1,"featured_media":0,"parent":0,"menu_order":0,"comment_status":"closed","ping_status":"closed","template":"","meta":{"_genesis_hide_title":false,"_genesis_hide_breadcrumbs":false,"_genesis_hide_singular_image":false,"_genesis_hide_footer_widgets":false,"_genesis_custom_body_class":"","_genesis_custom_post_class":"","_genesis_layout":"","footnotes":""},"class_list":{"0":"post-1528","1":"page","2":"type-page","3":"status-publish","5":"entry"},"_links":{"self":[{"href":"https:\/\/moverdb.com\/ro\/wp-json\/wp\/v2\/pages\/1528","targetHints":{"allow":["GET"]}}],"collection":[{"href":"https:\/\/moverdb.com\/ro\/wp-json\/wp\/v2\/pages"}],"about":[{"href":"https:\/\/moverdb.com\/ro\/wp-json\/wp\/v2\/types\/page"}],"author":[{"embeddable":true,"href":"https:\/\/moverdb.com\/ro\/wp-json\/wp\/v2\/users\/1"}],"replies":[{"embeddable":true,"href":"https:\/\/moverdb.com\/ro\/wp-json\/wp\/v2\/comments?post=1528"}],"version-history":[{"count":7,"href":"https:\/\/moverdb.com\/ro\/wp-json\/wp\/v2\/pages\/1528\/revisions"}],"predecessor-version":[{"id":6237,"href":"https:\/\/moverdb.com\/ro\/wp-json\/wp\/v2\/pages\/1528\/revisions\/6237"}],"wp:attachment":[{"href":"https:\/\/moverdb.com\/ro\/wp-json\/wp\/v2\/media?parent=1528"}],"curies":[{"name":"wp","href":"https:\/\/api.w.org\/{rel}","templated":true}]}}