{"id":14478,"date":"2023-11-08T15:57:24","date_gmt":"2023-11-08T15:57:24","guid":{"rendered":"https:\/\/moverdb.com\/freight-forwarder\/freight-forwarding-uk\/farnborough-freight-forwarder\/"},"modified":"2026-01-08T14:51:33","modified_gmt":"2026-01-08T14:51:33","slug":"farnborough-freight-forwarder","status":"publish","type":"page","link":"https:\/\/moverdb.com\/ro\/freight-forwarder\/freight-forwarding-uk\/farnborough-freight-forwarder\/","title":{"rendered":"1 Cele mai bune firme de transport de marf\u0103 din Farnborough (2024)"},"content":{"rendered":"<p>Mai jos ne uit\u0103m la 1 <em>\"cel mai bun\"<\/em> Societ\u0103\u021bile de transport din Farnborough din 2.<\/p>\n<p>Pentru a afla mai multe despre modul \u00een care i-am ales pe cei mai buni, v\u0103 rug\u0103m s\u0103 consulta\u021bi sec\u021biunea \u00centreb\u0103ri frecvente de la final.<\/p>\n<p><em>V\u0103 rug\u0103m s\u0103 re\u021bine\u021bi c\u0103 urm\u0103toarele liste nu sunt prezentate \u00eentr-o anumit\u0103 ordine \u0219i c\u0103 nu facem recomand\u0103ri pentru nicio companie anume.<\/em><\/p>\n<h2>SEKO Logistics | Transport de m\u0103rfuri, Farnborough<\/h2>\n<p><img decoding=\"async\" src=\"https:\/\/moverdb.com\/wp-content\/uploads\/AF1QipMQWmQ-MjH9o5F0O6eZLZLBAfNEcfuScaODFYNzw430-h240-k-no.png\" alt='SEKO Logistics | Transport de m\u0103rfuri, Farnborough' class=\"aligncenter\"><\/p>\n<p><strong>Descriere din partea \u00eentreprinderii: <\/strong>SEKO logistics ofer\u0103 solu\u021bii pentru lan\u021bul de aprovizionare unei game largi de clien\u021bi la nivel global.<\/p>\n<p> Suntem mae\u0219tri \u00een tot ceea ce \u00eenseamn\u0103 logistic\u0103, cu un accent deosebit pe comer\u021bul electronic \u0219i pe solu\u021biile de livrare specializate, asigur\u00e2nd excelen\u021ba serviciilor pentru clien\u021bi, de fiecare dat\u0103.<\/p>\n<p><strong>Servicii suplimentare:<\/strong><\/p>\n<p>Nu este listat<\/p>\n<p><strong>Adres\u0103:<\/strong> Rooms 1052, 1st Floor, Building A2 Cody Technology Park, Ively Rd, Farnborough GU14 0LX<\/p>\n<p><a href=\"https:\/\/www.sekologistics.com\/uk\/locations\/europe\/united-kingdom\/seko-logistics-farnborough-ltd-uk\/1628\/?utm_source=GMBListing&#038;utm_medium=organic&#038;utm_campaign=farnborough&#038;vdr=md\" target=\"_new\" rel=\"noopener\">SEKO Logistics | Site web Freight Forwarding, Farnborough<\/a><\/p>\n<p><strong>Scor de revizuire: <\/strong>5<br \/> <strong>Num\u0103rul de recenzii:<\/strong> 3<br \/><a href=\"https:\/\/www.google.co.uk\/maps?cid=14115672554628250830&#038;hl=en&#038;gl=GB\" target=\"_new\" rel=\"noopener\">Citi\u021bi recenzii<\/a><\/p>\n<h2>Cum am ales cele mai bune companii de transport de marf\u0103 din Farnborough<\/h2>\n<p>Am pornit de la un set de date de 2 companii de transport de marf\u0103 din Farnborough pe care le-am putut g\u0103si prin Google Maps \u0219i le-am redus la cea mai bun\u0103 1.<\/p>\n<p>Pentru a face acest lucru, am eliminat orice companie care:<\/p>\n<ul>\n<li> Nu avea un site web<\/li>\n<li> Nu a avut comentarii<\/li>\n<li> A avut un scor mediu de recenzii sub 2.0<\/li>\n<\/ul>\n<p>\u00cen acest moment, dac\u0103 aveam 17 sau mai pu\u021bini expeditori, \u00eei enumeram pe to\u021bi.<\/p>\n<p>Pentru ora\u0219ele \u00een care am r\u0103mas cu mai mult de 17 expeditori, am f\u0103cut revizuiri suplimentare, fie prin cre\u0219terea scorului de recenzii necesar (de exemplu, de la un minim de 2,0 la 4,0) \u0219i\/sau prin cre\u0219terea num\u0103rului minim de recenzii necesare (de exemplu, de la cel pu\u021bin 1 recenzie la cel pu\u021bin 10).<\/p>\n<p>Re\u021bine\u021bi c\u0103 am utilizat doar datele de revizuire de la Google Maps \u0219i nu \u0219i de la alte site-uri web ter\u021be.<\/p>\n<p>Mai multe ora\u0219e:<\/p>\n<p><a href=\"https:\/\/moverdb.com\/ro\/expeditor-de-marfuri\/freight-forwarding-uk\/worcester-freight-forwarder\/\">Worcester Freight Forwarder<\/a><br \/><a href=\"https:\/\/moverdb.com\/ro\/expeditor-de-marfuri\/freight-forwarding-uk\/ruislip-freight-forwarder\/\">Ruislip Freight Forwarder<\/a><br \/><a href=\"https:\/\/moverdb.com\/ro\/expeditor-de-marfuri\/freight-forwarding-uk\/wythenshawe-freight-forwarder\/\">Wythenshawe Expeditor de m\u0103rfuri<\/a><br \/><a href=\"https:\/\/moverdb.com\/ro\/expeditor-de-marfuri\/freight-forwarding-uk\/barnsley-freight-forwarder\/\">Barnsley Freight Forwarder<\/a><br \/><a href=\"https:\/\/moverdb.com\/ro\/expeditor-de-marfuri\/freight-forwarding-uk\/yeovil-freight-forwarder\/\">Yeovil Expeditor de m\u0103rfuri<\/a><\/p>","protected":false},"excerpt":{"rendered":"<p>Below we look at the 1 &#8220;best&#8221; Freight Forwarding companies in Farnborough out of 2. To learn more about how we chose the best please consult our FAQ section at the end. Please not the following listings are in no particular order and we are not making any recommendations for any particular company. SEKO Logistics [&hellip;]<\/p>\n","protected":false},"author":1,"featured_media":0,"parent":13427,"menu_order":0,"comment_status":"open","ping_status":"open","template":"","meta":{"_genesis_hide_title":false,"_genesis_hide_breadcrumbs":false,"_genesis_hide_singular_image":false,"_genesis_hide_footer_widgets":false,"_genesis_custom_body_class":"","_genesis_custom_post_class":"","_genesis_layout":"","footnotes":""},"class_list":{"0":"post-14478","1":"page","2":"type-page","3":"status-publish","5":"entry"},"_links":{"self":[{"href":"https:\/\/moverdb.com\/ro\/wp-json\/wp\/v2\/pages\/14478","targetHints":{"allow":["GET"]}}],"collection":[{"href":"https:\/\/moverdb.com\/ro\/wp-json\/wp\/v2\/pages"}],"about":[{"href":"https:\/\/moverdb.com\/ro\/wp-json\/wp\/v2\/types\/page"}],"author":[{"embeddable":true,"href":"https:\/\/moverdb.com\/ro\/wp-json\/wp\/v2\/users\/1"}],"replies":[{"embeddable":true,"href":"https:\/\/moverdb.com\/ro\/wp-json\/wp\/v2\/comments?post=14478"}],"version-history":[{"count":1,"href":"https:\/\/moverdb.com\/ro\/wp-json\/wp\/v2\/pages\/14478\/revisions"}],"predecessor-version":[{"id":15577,"href":"https:\/\/moverdb.com\/ro\/wp-json\/wp\/v2\/pages\/14478\/revisions\/15577"}],"up":[{"embeddable":true,"href":"https:\/\/moverdb.com\/ro\/wp-json\/wp\/v2\/pages\/13427"}],"wp:attachment":[{"href":"https:\/\/moverdb.com\/ro\/wp-json\/wp\/v2\/media?parent=14478"}],"curies":[{"name":"wp","href":"https:\/\/api.w.org\/{rel}","templated":true}]}}