{"id":14274,"date":"2023-11-08T15:55:37","date_gmt":"2023-11-08T15:55:37","guid":{"rendered":"https:\/\/moverdb.com\/freight-forwarder\/freight-forwarding-uk\/lutterworth-freight-forwarder\/"},"modified":"2026-01-08T14:52:03","modified_gmt":"2026-01-08T14:52:03","slug":"lutterworth-freight-forwarder","status":"publish","type":"page","link":"https:\/\/moverdb.com\/ro\/freight-forwarder\/freight-forwarding-uk\/lutterworth-freight-forwarder\/","title":{"rendered":"1 Cele mai bune firme de transport de marf\u0103 din Lutterworth (2024)"},"content":{"rendered":"<p>Mai jos ne uit\u0103m la 1 <em>\"cel mai bun\"<\/em> Companiile de transport din Lutterworth din 2.<\/p>\n<p>Pentru a afla mai multe despre modul \u00een care i-am ales pe cei mai buni, v\u0103 rug\u0103m s\u0103 consulta\u021bi sec\u021biunea \u00centreb\u0103ri frecvente de la final.<\/p>\n<p><em>V\u0103 rug\u0103m s\u0103 re\u021bine\u021bi c\u0103 urm\u0103toarele liste nu sunt prezentate \u00eentr-o anumit\u0103 ordine \u0219i c\u0103 nu facem recomand\u0103ri pentru nicio companie anume.<\/em><\/p>\n<h2>BSM Global Logistics Limited<\/h2>\n<p><img decoding=\"async\" src=\"https:\/\/moverdb.com\/wp-content\/uploads\/AF1QipOCfsnh6ZxvP9deGpJ9mHwbSaGCx2ALsAip9O_9w408-h306-k-no.jpg\" alt='BSM Global Logistics Limited' class=\"aligncenter\"><\/p>\n<p><strong>Descriere din partea \u00eentreprinderii: <\/strong>BSM Global Logistics Limited este o companie de logistic\u0103 cu sediul \u00een Midlands &amp; Leicestershire, <a href=\"https:\/\/moverdb.com\/ro\/moving-to-the-uk\/\" data-internallinksmanager029f6b8e52c=\"93\" title=\"V\u0103 muta\u021bi \u00een Regatul Unit? 2026 Costurile vie\u021bii \u0219i sfaturi de relocare\">Regatul Unit<\/a>.<\/p>\n<p> Serviciile noastre se refer\u0103 la logistic\u0103, distribu\u021bie de depozite \u0219i expediere de m\u0103rfuri \u00een \u00eentreaga lume.<\/p>\n<p>Scopul nostru este de a colecta \u00een termen de 30-90 de minute de la rezervare, cu livrare disponibil\u0103 oriunde \u00een Regatul Unit.<\/p>\n<p>Oferim servicii de curierat \u00een aceea\u0219i zi, a doua zi, peste noapte \u0219i \u00een 48(+) de ore, adaptate la nevoile afacerii dumneavoastr\u0103.<\/p>\n<p> Flotele noastre ruleaz\u0103 de la furgonete mici, furgonete medii, camioane cu ro\u021bi lungi, de dimensiuni luton \u0219i 7.<\/p>\n<p>5t mansarde.<\/p>\n<p>\u0218oferi Tracked &amp; POD disponibil imediat<\/p>\n<p>Suna\u021bi la <a href=\"https:\/\/moverdb.com\/ro\/moving-to-the-united-states\/\" data-internallinksmanager029f6b8e52c=\"94\" title=\"V\u0103 muta\u021bi \u00een Statele Unite? 2026 Costurile vie\u021bii \u0219i sfaturi de relocare\">Noi<\/a> Acum ** 02475122304 **<\/p>\n<p><strong>Servicii suplimentare:<\/strong><\/p>\n<p>Nu este listat<\/p>\n<p><strong>Adres\u0103:<\/strong> Unitatea 3, Clarke Commercial Properties, Bilton Wy., Lutterworth LE17 4HJ<\/p>\n<p><a href=\"https:\/\/www.bsm-global.com\/\" target=\"_new\" rel=\"noopener\">Site-ul BSM Global Logistics Limited<\/a><\/p>\n<p><strong>Scor de revizuire: <\/strong>4<br \/> <strong>Num\u0103rul de recenzii:<\/strong> 4<br \/><a href=\"https:\/\/www.google.co.uk\/maps?cid=10195010699382953874&#038;hl=en&#038;gl=GB\" target=\"_new\" rel=\"noopener\">Citi\u021bi recenzii<\/a><\/p>\n<h2>Cum am ales cele mai bune companii de transport de marf\u0103 Lutterworth<\/h2>\n<p>Am \u00eenceput cu un set de date de 2 companii de transport de marf\u0103 Lutterworth pe care le-am putut g\u0103si prin Google Maps \u0219i le-am redus la cea mai bun\u0103 1.<\/p>\n<p>Pentru a face acest lucru, am eliminat orice companie care:<\/p>\n<ul>\n<li> Nu avea un site web<\/li>\n<li> Nu a avut comentarii<\/li>\n<li> A avut un scor mediu de recenzii sub 2.0<\/li>\n<\/ul>\n<p>\u00cen acest moment, dac\u0103 aveam 17 sau mai pu\u021bini expeditori, \u00eei enumeram pe to\u021bi.<\/p>\n<p>Pentru ora\u0219ele \u00een care am r\u0103mas cu mai mult de 17 expeditori, am f\u0103cut revizuiri suplimentare, fie prin cre\u0219terea scorului de recenzii necesar (de exemplu, de la un minim de 2,0 la 4,0) \u0219i\/sau prin cre\u0219terea num\u0103rului minim de recenzii necesare (de exemplu, de la cel pu\u021bin 1 recenzie la cel pu\u021bin 10).<\/p>\n<p>Re\u021bine\u021bi c\u0103 am utilizat doar datele de revizuire de la Google Maps \u0219i nu \u0219i de la alte site-uri web ter\u021be.<\/p>\n<p>Mai multe ora\u0219e:<\/p>\n<p><a href=\"https:\/\/moverdb.com\/ro\/expeditor-de-marfuri\/freight-forwarding-uk\/stallingborough-freight-forwarder\/\">Stallingborough Expeditor de m\u0103rfuri<\/a><br \/><a href=\"https:\/\/moverdb.com\/ro\/expeditor-de-marfuri\/freight-forwarding-uk\/macclesfield-freight-forwarder\/\">Macclesfield Freight Forwarder<\/a><br \/><a href=\"https:\/\/moverdb.com\/ro\/expeditor-de-marfuri\/freight-forwarding-uk\/halifax-freight-forwarder\/\">Halifax Freight Forwarder<\/a><br \/><a href=\"https:\/\/moverdb.com\/ro\/expeditor-de-marfuri\/freight-forwarding-uk\/maidenhead-freight-forwarder\/\">Maidenhead Freight Forwarder<\/a><br \/><a href=\"https:\/\/moverdb.com\/ro\/expeditor-de-marfuri\/freight-forwarding-uk\/stonehouse-freight-forwarder\/\">Stonehouse Freight Forwarder<\/a><\/p>","protected":false},"excerpt":{"rendered":"<p>Below we look at the 1 &#8220;best&#8221; Freight Forwarding companies in Lutterworth out of 2. To learn more about how we chose the best please consult our FAQ section at the end. Please not the following listings are in no particular order and we are not making any recommendations for any particular company. BSM Global [&hellip;]<\/p>\n","protected":false},"author":1,"featured_media":0,"parent":13427,"menu_order":0,"comment_status":"open","ping_status":"open","template":"","meta":{"_genesis_hide_title":false,"_genesis_hide_breadcrumbs":false,"_genesis_hide_singular_image":false,"_genesis_hide_footer_widgets":false,"_genesis_custom_body_class":"","_genesis_custom_post_class":"","_genesis_layout":"","footnotes":""},"class_list":{"0":"post-14274","1":"page","2":"type-page","3":"status-publish","5":"entry"},"_links":{"self":[{"href":"https:\/\/moverdb.com\/ro\/wp-json\/wp\/v2\/pages\/14274","targetHints":{"allow":["GET"]}}],"collection":[{"href":"https:\/\/moverdb.com\/ro\/wp-json\/wp\/v2\/pages"}],"about":[{"href":"https:\/\/moverdb.com\/ro\/wp-json\/wp\/v2\/types\/page"}],"author":[{"embeddable":true,"href":"https:\/\/moverdb.com\/ro\/wp-json\/wp\/v2\/users\/1"}],"replies":[{"embeddable":true,"href":"https:\/\/moverdb.com\/ro\/wp-json\/wp\/v2\/comments?post=14274"}],"version-history":[{"count":1,"href":"https:\/\/moverdb.com\/ro\/wp-json\/wp\/v2\/pages\/14274\/revisions"}],"predecessor-version":[{"id":15604,"href":"https:\/\/moverdb.com\/ro\/wp-json\/wp\/v2\/pages\/14274\/revisions\/15604"}],"up":[{"embeddable":true,"href":"https:\/\/moverdb.com\/ro\/wp-json\/wp\/v2\/pages\/13427"}],"wp:attachment":[{"href":"https:\/\/moverdb.com\/ro\/wp-json\/wp\/v2\/media?parent=14274"}],"curies":[{"name":"wp","href":"https:\/\/api.w.org\/{rel}","templated":true}]}}