{"id":14266,"date":"2023-11-08T15:55:37","date_gmt":"2023-11-08T15:55:37","guid":{"rendered":"https:\/\/moverdb.com\/freight-forwarder\/freight-forwarding-uk\/ludlow-freight-forwarder\/"},"modified":"2026-01-08T14:52:02","modified_gmt":"2026-01-08T14:52:02","slug":"ludlow-freight-forwarder","status":"publish","type":"page","link":"https:\/\/moverdb.com\/ro\/freight-forwarder\/freight-forwarding-uk\/ludlow-freight-forwarder\/","title":{"rendered":"1 Cele mai bune companii de transport de marf\u0103 din Ludlow (2024)"},"content":{"rendered":"<p>Mai jos ne uit\u0103m la 1 <em>\"cel mai bun\"<\/em> Companiile de transport marf\u0103 din Ludlow din 1.<\/p>\n<p>Pentru a afla mai multe despre modul \u00een care i-am ales pe cei mai buni, v\u0103 rug\u0103m s\u0103 consulta\u021bi sec\u021biunea \u00centreb\u0103ri frecvente de la final.<\/p>\n<p><em>V\u0103 rug\u0103m s\u0103 re\u021bine\u021bi c\u0103 urm\u0103toarele liste nu sunt prezentate \u00eentr-o anumit\u0103 ordine \u0219i c\u0103 nu facem recomand\u0103ri pentru nicio companie anume.<\/em><\/p>\n<h2>Holland &amp; Stockford Ltd<\/h2>\n<p><img decoding=\"async\" src=\"https:\/\/moverdb.com\/wp-content\/uploads\/AF1QipMM62ITFScyuGEv4X48Ny0uRb_q-gcbhUgIp_TXw408-h271-k-no.jpg\" alt='Holland &amp; Stockford Ltd' class=\"aligncenter\"><\/p>\n<p><strong>Descriere din partea \u00eentreprinderii: <\/strong>TRANSPORT RUTIER DE MARF\u0102<br \/>\nToate destina\u021biile sunt acoperite de toate tipurile de vehicule \u0219i echipamente; putem furniza \u00eenc\u0103rc\u0103turi complete, \u00eenc\u0103rc\u0103turi consolidate sau camionete expres.<\/p>\n<p> dac\u0103 ave\u021bi nevoie de servicii suplimentare pentru transporturile dumneavoastr\u0103, de exemplu, lifturi de coad\u0103, ADR dedicat, specifica\u021bi doar<\/p>\n<p>Oferim, de asemenea, un serviciu dedicat de remorcare non-stop, din u\u0219\u0103 \u00een u\u0219\u0103, at\u00e2t pe rutele de import, c\u00e2t \u0219i pe cele de export.<\/p>\n<p> Acestea sunt disponibile 24 de ore pe zi pentru a v\u0103 asigura respectarea termenelor limit\u0103.<\/p>\n<p>Se pot efectua transporturi \u00een afara ecartamentului \u00een toat\u0103 Europa.<\/p>\n<p> Aceasta include permisele de drum \u0219i de pod \u0219i escorte de poli\u021bie, dac\u0103 este necesar.<\/p>\n<p> Noi organiz\u0103m acest serviciu de la solicitarea ini\u021bial\u0103 p\u00e2n\u0103 la livrarea final\u0103, ob\u021bin\u00e2nd toate autoriza\u021biile legale necesare \u0219i asigur\u00e2ndu-ne c\u0103 traseul ales va fi compatibil cu lungimea, l\u0103\u021bimea \u0219i \u00een\u0103l\u021bimea \u00eenc\u0103rc\u0103turii.<\/p>\n<p><strong>Servicii suplimentare:<\/strong><\/p>\n<p>Nu este listat<\/p>\n<p><strong>Adres\u0103:<\/strong> Orleton Rd, Ludlow SY8 1XF<\/p>\n<p><a href=\"https:\/\/hollandandstockfordltd.co.uk\/\" target=\"_new\" rel=\"noopener\">Site-ul Holland &amp; Stockford Ltd<\/a><\/p>\n<p><strong>Scor de revizuire: <\/strong>3.7<br \/> <strong>Num\u0103rul de recenzii:<\/strong> 3<br \/><a href=\"https:\/\/www.google.co.uk\/maps?cid=10598703875824514720&#038;hl=en&#038;gl=GB\" target=\"_new\" rel=\"noopener\">Citi\u021bi recenzii<\/a><\/p>\n<h2>Cum am ales cele mai bune companii de transport de marf\u0103 din Ludlow<\/h2>\n<p>Am \u00eenceput cu un set de date de 1 companii de transport de marf\u0103 din Ludlow pe care le-am putut g\u0103si prin Google Maps \u0219i le-am redus la cele mai bune 1.<\/p>\n<p>Pentru a face acest lucru, am eliminat orice companie care:<\/p>\n<ul>\n<li> Nu avea un site web<\/li>\n<li> Nu a avut comentarii<\/li>\n<li> A avut un scor mediu de recenzii sub 2.0<\/li>\n<\/ul>\n<p>\u00cen acest moment, dac\u0103 aveam 17 sau mai pu\u021bini expeditori, \u00eei enumeram pe to\u021bi.<\/p>\n<p>Pentru ora\u0219ele \u00een care am r\u0103mas cu mai mult de 17 expeditori, am f\u0103cut revizuiri suplimentare, fie prin cre\u0219terea scorului de recenzii necesar (de exemplu, de la un minim de 2,0 la 4,0) \u0219i\/sau prin cre\u0219terea num\u0103rului minim de recenzii necesare (de exemplu, de la cel pu\u021bin 1 recenzie la cel pu\u021bin 10).<\/p>\n<p>Re\u021bine\u021bi c\u0103 am utilizat doar datele de revizuire de la Google Maps \u0219i nu \u0219i de la alte site-uri web ter\u021be.<\/p>\n<p>Mai multe ora\u0219e:<\/p>\n<p><a href=\"https:\/\/moverdb.com\/ro\/expeditor-de-marfuri\/freight-forwarding-uk\/skipton-freight-forwarder\/\">Skipton Freight Forwarder<\/a><br \/><a href=\"https:\/\/moverdb.com\/ro\/expeditor-de-marfuri\/freight-forwarding-uk\/corby-freight-forwarder\/\">Corby Freight Forwarder<\/a><br \/><a href=\"https:\/\/moverdb.com\/ro\/expeditor-de-marfuri\/freight-forwarding-uk\/batley-freight-forwarder\/\">Batley Freight Forwarder<\/a><br \/><a href=\"https:\/\/moverdb.com\/ro\/expeditor-de-marfuri\/freight-forwarding-uk\/lutterworth-freight-forwarder\/\">Lutterworth Expeditor de m\u0103rfuri<\/a><br \/><a href=\"https:\/\/moverdb.com\/ro\/expeditor-de-marfuri\/freight-forwarding-uk\/stallingborough-freight-forwarder\/\">Stallingborough Expeditor de m\u0103rfuri<\/a><\/p>","protected":false},"excerpt":{"rendered":"<p>Below we look at the 1 &#8220;best&#8221; Freight Forwarding companies in Ludlow out of 1. To learn more about how we chose the best please consult our FAQ section at the end. Please not the following listings are in no particular order and we are not making any recommendations for any particular company. Holland &#038; [&hellip;]<\/p>\n","protected":false},"author":1,"featured_media":0,"parent":13427,"menu_order":0,"comment_status":"open","ping_status":"open","template":"","meta":{"_genesis_hide_title":false,"_genesis_hide_breadcrumbs":false,"_genesis_hide_singular_image":false,"_genesis_hide_footer_widgets":false,"_genesis_custom_body_class":"","_genesis_custom_post_class":"","_genesis_layout":"","footnotes":""},"class_list":{"0":"post-14266","1":"page","2":"type-page","3":"status-publish","5":"entry"},"_links":{"self":[{"href":"https:\/\/moverdb.com\/ro\/wp-json\/wp\/v2\/pages\/14266","targetHints":{"allow":["GET"]}}],"collection":[{"href":"https:\/\/moverdb.com\/ro\/wp-json\/wp\/v2\/pages"}],"about":[{"href":"https:\/\/moverdb.com\/ro\/wp-json\/wp\/v2\/types\/page"}],"author":[{"embeddable":true,"href":"https:\/\/moverdb.com\/ro\/wp-json\/wp\/v2\/users\/1"}],"replies":[{"embeddable":true,"href":"https:\/\/moverdb.com\/ro\/wp-json\/wp\/v2\/comments?post=14266"}],"version-history":[{"count":1,"href":"https:\/\/moverdb.com\/ro\/wp-json\/wp\/v2\/pages\/14266\/revisions"}],"predecessor-version":[{"id":15603,"href":"https:\/\/moverdb.com\/ro\/wp-json\/wp\/v2\/pages\/14266\/revisions\/15603"}],"up":[{"embeddable":true,"href":"https:\/\/moverdb.com\/ro\/wp-json\/wp\/v2\/pages\/13427"}],"wp:attachment":[{"href":"https:\/\/moverdb.com\/ro\/wp-json\/wp\/v2\/media?parent=14266"}],"curies":[{"name":"wp","href":"https:\/\/api.w.org\/{rel}","templated":true}]}}