{"id":14224,"date":"2023-11-08T15:55:21","date_gmt":"2023-11-08T15:55:21","guid":{"rendered":"https:\/\/moverdb.com\/freight-forwarder\/freight-forwarding-uk\/st-albans-freight-forwarder\/"},"modified":"2026-01-08T14:54:45","modified_gmt":"2026-01-08T14:54:45","slug":"st-albans-freight-forwarder","status":"publish","type":"page","link":"https:\/\/moverdb.com\/ro\/freight-forwarder\/freight-forwarding-uk\/st-albans-freight-forwarder\/","title":{"rendered":"1 Cele mai bune companii de transport de marf\u0103 din St Albans (2024)"},"content":{"rendered":"<p>Mai jos ne uit\u0103m la 1 <em>\"cel mai bun\"<\/em> Companiile de transport marf\u0103 din St Albans din 1.<\/p>\n<p>Pentru a afla mai multe despre modul \u00een care i-am ales pe cei mai buni, v\u0103 rug\u0103m s\u0103 consulta\u021bi sec\u021biunea \u00centreb\u0103ri frecvente de la final.<\/p>\n<p><em>V\u0103 rug\u0103m s\u0103 re\u021bine\u021bi c\u0103 urm\u0103toarele liste nu sunt prezentate \u00eentr-o anumit\u0103 ordine \u0219i c\u0103 nu facem recomand\u0103ri pentru nicio companie anume.<\/em><\/p>\n<h2>Fastnet Forwarding St Albans<\/h2>\n<p><img decoding=\"async\" src=\"https:\/\/moverdb.com\/wp-content\/uploads\/thumbnailpanoidn7ZDd6ClewJhvCSm6p8GZwcb_clientsearch.gws-prod.gpsw408h240yaw169.jpg\" alt='Fastnet Forwarding St Albans' class=\"aligncenter\"><\/p>\n<p><strong>Descriere din partea \u00eentreprinderii: <\/strong>Fastnet \u0219i-a \u00eenceput activitatea la \u00eenceputul anilor '80 cu scopul specific de a oferi un serviciu de expediere a m\u0103rfurilor la nivel mondial pentru <a href=\"https:\/\/moverdb.com\/ro\/moving-to-the-uk\/\" data-internallinksmanager029f6b8e52c=\"93\" title=\"V\u0103 muta\u021bi \u00een Regatul Unit? 2026 Costurile vie\u021bii \u0219i sfaturi de relocare\">MAREA BRITANIE<\/a> produc\u0103tori, exportatori \u0219i importatori care au solicitat un serviciu eficient din punct de vedere al costurilor, \u00eempreun\u0103 cu un grad ridicat de aten\u021bie personal\u0103.<\/p>\n<p>\u00cen prezent, Fastnet dispune de o re\u021bea global\u0103 de agen\u021bi care furnizeaz\u0103 informa\u021bii actualizate despre vam\u0103 \u0219i transporturi locale, permi\u021b\u00e2nd furnizarea de servicii door to door \u00een \u00eentreaga lume, pe cale aerian\u0103, rutier\u0103 sau maritim\u0103.<\/p>\n<p>Cu o echip\u0103 instruit\u0103 \u0219i entuziast\u0103 care lucreaz\u0103 \u00een conformitate cu un sistem de calitate, combinat\u0103 cu sprijinul financiar al companiei-mam\u0103 Star Cargo Plc, Fastnet este \u00een m\u0103sur\u0103 s\u0103 v\u0103 ofere nivelul de profesionalism \u0219i angajament pe care \u00eel solicita\u021bi.<\/p>\n<p><strong>Servicii suplimentare:<\/strong><\/p>\n<p>Nu este listat<\/p>\n<p><strong>Adres\u0103:<\/strong> Star Cargo House 1 Parkway, St Albans AL3 6PA<\/p>\n<p><a href=\"http:\/\/www.fastnetforwarding.co.uk\/\" target=\"_new\" rel=\"noopener\">Site web Fastnet Forwarding St Albans<\/a><\/p>\n<p><strong>Scor de revizuire: <\/strong>5<br \/> <strong>Num\u0103rul de recenzii:<\/strong> 1<br \/><a href=\"https:\/\/www.google.co.uk\/maps?cid=8497715128628719507&#038;hl=en&#038;gl=GB\" target=\"_new\" rel=\"noopener\">Citi\u021bi recenzii<\/a><\/p>\n<h2>Cum am ales cele mai bune companii de transport de marf\u0103 din St Albans<\/h2>\n<p>Am \u00eenceput cu un set de date de 1 companii de transport de marf\u0103 din St Albans pe care le-am putut g\u0103si prin Google Maps \u0219i le-am redus la cele mai bune 1.<\/p>\n<p>Pentru a face acest lucru, am eliminat orice companie care:<\/p>\n<ul>\n<li> Nu avea un site web<\/li>\n<li> Nu a avut comentarii<\/li>\n<li> A avut un scor mediu de recenzii sub 2.0<\/li>\n<\/ul>\n<p>\u00cen acest moment, dac\u0103 aveam 17 sau mai pu\u021bini expeditori, \u00eei enumeram pe to\u021bi.<\/p>\n<p>Pentru ora\u0219ele \u00een care am r\u0103mas cu mai mult de 17 expeditori, am f\u0103cut revizuiri suplimentare, fie prin cre\u0219terea scorului de recenzii necesar (de exemplu, de la un minim de 2,0 la 4,0) \u0219i\/sau prin cre\u0219terea num\u0103rului minim de recenzii necesare (de exemplu, de la cel pu\u021bin 1 recenzie la cel pu\u021bin 10).<\/p>\n<p>Re\u021bine\u021bi c\u0103 am utilizat doar datele de revizuire de la Google Maps \u0219i nu \u0219i de la alte site-uri web ter\u021be.<\/p>\n<p>Mai multe ora\u0219e:<\/p>\n<p><a href=\"https:\/\/moverdb.com\/ro\/expeditor-de-marfuri\/freight-forwarding-uk\/leighton-buzzard-freight-forwarder\/\">Leighton Buzzard Freight Forwarder<\/a><br \/><a href=\"https:\/\/moverdb.com\/ro\/expeditor-de-marfuri\/freight-forwarding-uk\/stoke-on-trent-freight-forwarder\/\">Stoke-on-Trent Expeditor de m\u0103rfuri<\/a><br \/><a href=\"https:\/\/moverdb.com\/ro\/expeditor-de-marfuri\/freight-forwarding-uk\/lewes-freight-forwarder\/\">Lewes Freight Forwarder<\/a><br \/><a href=\"https:\/\/moverdb.com\/ro\/expeditor-de-marfuri\/freight-forwarding-uk\/swadlincote-freight-forwarder\/\">Swadlincote Expeditor de m\u0103rfuri<\/a><br \/><a href=\"https:\/\/moverdb.com\/ro\/expeditor-de-marfuri\/freight-forwarding-uk\/coggeshall,-essex-freight-forwarder\/\">Coggeshall, Essex Expeditor de m\u0103rfuri<\/a><\/p>","protected":false},"excerpt":{"rendered":"<p>Below we look at the 1 &#8220;best&#8221; Freight Forwarding companies in St Albans out of 1. To learn more about how we chose the best please consult our FAQ section at the end. Please not the following listings are in no particular order and we are not making any recommendations for any particular company. Fastnet [&hellip;]<\/p>\n","protected":false},"author":1,"featured_media":0,"parent":13427,"menu_order":0,"comment_status":"open","ping_status":"open","template":"","meta":{"_genesis_hide_title":false,"_genesis_hide_breadcrumbs":false,"_genesis_hide_singular_image":false,"_genesis_hide_footer_widgets":false,"_genesis_custom_body_class":"","_genesis_custom_post_class":"","_genesis_layout":"","footnotes":""},"class_list":{"0":"post-14224","1":"page","2":"type-page","3":"status-publish","5":"entry"},"_links":{"self":[{"href":"https:\/\/moverdb.com\/ro\/wp-json\/wp\/v2\/pages\/14224","targetHints":{"allow":["GET"]}}],"collection":[{"href":"https:\/\/moverdb.com\/ro\/wp-json\/wp\/v2\/pages"}],"about":[{"href":"https:\/\/moverdb.com\/ro\/wp-json\/wp\/v2\/types\/page"}],"author":[{"embeddable":true,"href":"https:\/\/moverdb.com\/ro\/wp-json\/wp\/v2\/users\/1"}],"replies":[{"embeddable":true,"href":"https:\/\/moverdb.com\/ro\/wp-json\/wp\/v2\/comments?post=14224"}],"version-history":[{"count":1,"href":"https:\/\/moverdb.com\/ro\/wp-json\/wp\/v2\/pages\/14224\/revisions"}],"predecessor-version":[{"id":15641,"href":"https:\/\/moverdb.com\/ro\/wp-json\/wp\/v2\/pages\/14224\/revisions\/15641"}],"up":[{"embeddable":true,"href":"https:\/\/moverdb.com\/ro\/wp-json\/wp\/v2\/pages\/13427"}],"wp:attachment":[{"href":"https:\/\/moverdb.com\/ro\/wp-json\/wp\/v2\/media?parent=14224"}],"curies":[{"name":"wp","href":"https:\/\/api.w.org\/{rel}","templated":true}]}}