{"id":14193,"date":"2023-11-08T15:55:01","date_gmt":"2023-11-08T15:55:01","guid":{"rendered":"https:\/\/moverdb.com\/freight-forwarder\/freight-forwarding-uk\/cheshire-freight-forwarder\/"},"modified":"2026-01-08T14:51:07","modified_gmt":"2026-01-08T14:51:07","slug":"cheshire-freight-forwarder","status":"publish","type":"page","link":"https:\/\/moverdb.com\/ro\/freight-forwarder\/freight-forwarding-uk\/cheshire-freight-forwarder\/","title":{"rendered":"1 Cele mai bune companii de transport de marf\u0103 din Cheshire (2024)"},"content":{"rendered":"<p>Mai jos ne uit\u0103m la 1 <em>\"cel mai bun\"<\/em> Companiile de transport marf\u0103 din Cheshire din 1.<\/p>\n<p>Pentru a afla mai multe despre modul \u00een care i-am ales pe cei mai buni, v\u0103 rug\u0103m s\u0103 consulta\u021bi sec\u021biunea \u00centreb\u0103ri frecvente de la final.<\/p>\n<p><em>V\u0103 rug\u0103m s\u0103 re\u021bine\u021bi c\u0103 urm\u0103toarele liste nu sunt prezentate \u00eentr-o anumit\u0103 ordine \u0219i c\u0103 nu facem recomand\u0103ri pentru nicio companie anume.<\/em><\/p>\n<h2>Asap Cargo<\/h2>\n<p><img decoding=\"async\" src=\"https:\/\/moverdb.com\/wp-content\/uploads\/thumbnailpanoidg4zBR8Pi87oQ0WYK-D3_Rwcb_clientsearch.gws-prod.gpsw408h240yaw80.jpg\" alt='Asap Cargo' class=\"aligncenter\"><\/p>\n<p><strong>Descriere din partea \u00eentreprinderii: <\/strong>Niciuna furnizat\u0103<\/p>\n<p><strong>Servicii suplimentare:<\/strong><\/p>\n<p>Nu este listat<\/p>\n<p><strong>Adres\u0103:<\/strong> Aston Ln N, Preston Brook, Cheshire WA7 3GE<\/p>\n<p><a href=\"http:\/\/www.asapcargo.co.uk\/\" target=\"_new\" rel=\"noopener\">Site-ul Asap Cargo<\/a><\/p>\n<p><strong>Scor de revizuire: <\/strong>5<br \/> <strong>Num\u0103rul de recenzii:<\/strong> 2<br \/><a href=\"https:\/\/www.google.co.uk\/maps?cid=5994261238194013802&#038;hl=en&#038;gl=GB\" target=\"_new\" rel=\"noopener\">Citi\u021bi recenzii<\/a><\/p>\n<h2>Cum am ales cele mai bune companii de transport de marf\u0103 din Cheshire<\/h2>\n<p>Am \u00eenceput cu un set de date de 1 companii de transport de marf\u0103 din Cheshire pe care le-am putut g\u0103si prin Google Maps \u0219i le-am redus la cele mai bune 1.<\/p>\n<p>Pentru a face acest lucru, am eliminat orice companie care:<\/p>\n<ul>\n<li> Nu avea un site web<\/li>\n<li> Nu a avut comentarii<\/li>\n<li> A avut un scor mediu de recenzii sub 2.0<\/li>\n<\/ul>\n<p>\u00cen acest moment, dac\u0103 aveam 17 sau mai pu\u021bini expeditori, \u00eei enumeram pe to\u021bi.<\/p>\n<p>Pentru ora\u0219ele \u00een care am r\u0103mas cu mai mult de 17 expeditori, am f\u0103cut revizuiri suplimentare, fie prin cre\u0219terea scorului de recenzii necesar (de exemplu, de la un minim de 2,0 la 4,0) \u0219i\/sau prin cre\u0219terea num\u0103rului minim de recenzii necesare (de exemplu, de la cel pu\u021bin 1 recenzie la cel pu\u021bin 10).<\/p>\n<p>Re\u021bine\u021bi c\u0103 am utilizat doar datele de revizuire de la Google Maps \u0219i nu \u0219i de la alte site-uri web ter\u021be.<\/p>\n<p>Mai multe ora\u0219e:<\/p>\n<p><a href=\"https:\/\/moverdb.com\/ro\/expeditor-de-marfuri\/freight-forwarding-uk\/billericay-freight-forwarder\/\">Billericay Freight Forwarder<\/a><br \/><a href=\"https:\/\/moverdb.com\/ro\/expeditor-de-marfuri\/freight-forwarding-uk\/bromsgrove-freight-forwarder\/\">Bromsgrove Freight Forwarder<\/a><br \/><a href=\"https:\/\/moverdb.com\/ro\/expeditor-de-marfuri\/freight-forwarding-uk\/kelso-freight-forwarder\/\">Kelso Freight Forwarder<\/a><br \/><a href=\"https:\/\/moverdb.com\/ro\/expeditor-de-marfuri\/freight-forwarding-uk\/stansted-freight-forwarder\/\">Stansted Freight Forwarder<\/a><br \/><a href=\"https:\/\/moverdb.com\/ro\/expeditor-de-marfuri\/freight-forwarding-uk\/king%26\/#039;s-lynn-freight-forwarder\/\">King's Lynn Expeditor de m\u0103rfuri<\/a><\/p>","protected":false},"excerpt":{"rendered":"<p>Below we look at the 1 &#8220;best&#8221; Freight Forwarding companies in Cheshire out of 1. To learn more about how we chose the best please consult our FAQ section at the end. Please not the following listings are in no particular order and we are not making any recommendations for any particular company. Asap Cargo [&hellip;]<\/p>\n","protected":false},"author":1,"featured_media":0,"parent":13427,"menu_order":0,"comment_status":"open","ping_status":"open","template":"","meta":{"_genesis_hide_title":false,"_genesis_hide_breadcrumbs":false,"_genesis_hide_singular_image":false,"_genesis_hide_footer_widgets":false,"_genesis_custom_body_class":"","_genesis_custom_post_class":"","_genesis_layout":"","footnotes":""},"class_list":{"0":"post-14193","1":"page","2":"type-page","3":"status-publish","5":"entry"},"_links":{"self":[{"href":"https:\/\/moverdb.com\/ro\/wp-json\/wp\/v2\/pages\/14193","targetHints":{"allow":["GET"]}}],"collection":[{"href":"https:\/\/moverdb.com\/ro\/wp-json\/wp\/v2\/pages"}],"about":[{"href":"https:\/\/moverdb.com\/ro\/wp-json\/wp\/v2\/types\/page"}],"author":[{"embeddable":true,"href":"https:\/\/moverdb.com\/ro\/wp-json\/wp\/v2\/users\/1"}],"replies":[{"embeddable":true,"href":"https:\/\/moverdb.com\/ro\/wp-json\/wp\/v2\/comments?post=14193"}],"version-history":[{"count":1,"href":"https:\/\/moverdb.com\/ro\/wp-json\/wp\/v2\/pages\/14193\/revisions"}],"predecessor-version":[{"id":15551,"href":"https:\/\/moverdb.com\/ro\/wp-json\/wp\/v2\/pages\/14193\/revisions\/15551"}],"up":[{"embeddable":true,"href":"https:\/\/moverdb.com\/ro\/wp-json\/wp\/v2\/pages\/13427"}],"wp:attachment":[{"href":"https:\/\/moverdb.com\/ro\/wp-json\/wp\/v2\/media?parent=14193"}],"curies":[{"name":"wp","href":"https:\/\/api.w.org\/{rel}","templated":true}]}}