{"id":14168,"date":"2023-11-08T15:55:01","date_gmt":"2023-11-08T15:55:01","guid":{"rendered":"https:\/\/moverdb.com\/freight-forwarder\/freight-forwarding-uk\/runcorn-freight-forwarder\/"},"modified":"2026-01-08T14:58:28","modified_gmt":"2026-01-08T14:58:28","slug":"runcorn-freight-forwarder","status":"publish","type":"page","link":"https:\/\/moverdb.com\/ro\/freight-forwarder\/freight-forwarding-uk\/runcorn-freight-forwarder\/","title":{"rendered":"2 Cele mai bune companii de transport de marf\u0103 din Runcorn (2024)"},"content":{"rendered":"<p>Mai jos ne uit\u0103m la cele 2 <em>\"cel mai bun\"<\/em> Companiile de transport din Runcorn din 2.<\/p>\n<p>Pentru a afla mai multe despre modul \u00een care i-am ales pe cei mai buni, v\u0103 rug\u0103m s\u0103 consulta\u021bi sec\u021biunea \u00centreb\u0103ri frecvente de la final.<\/p>\n<p><em>V\u0103 rug\u0103m s\u0103 re\u021bine\u021bi c\u0103 urm\u0103toarele liste nu sunt prezentate \u00eentr-o anumit\u0103 ordine \u0219i c\u0103 nu facem recomand\u0103ri pentru nicio companie anume.<\/em><\/p>\n<h2>Maltacourt Ltd<\/h2>\n<p><img decoding=\"async\" src=\"https:\/\/moverdb.com\/wp-content\/uploads\/AF1QipNwLw1ucsSegmiMM1IV0FoX_N7FfFwKNLnngOyQw491-h240-k-no.jpg\" alt='Maltacourt Ltd' class=\"aligncenter\"><\/p>\n<p><strong>Descriere din partea \u00eentreprinderii: <\/strong>Maltacourt sunt un <a href=\"https:\/\/moverdb.com\/ro\/container-shipping\/\" data-internallinksmanager029f6b8e52c=\"3\" title=\"Graficul ratelor de transport maritim interna\u021bional de containere: Aprilie 2026\">transport maritim interna\u021bional<\/a> \u0219i agent de expedi\u021bie, specializat \u00een transportul aerian, maritim, import-export \u0219i rutier.<\/p>\n<p> Din prezentul lor <a href=\"https:\/\/moverdb.com\/ro\/moving-to-the-uk\/\" data-internallinksmanager029f6b8e52c=\"93\" title=\"V\u0103 muta\u021bi \u00een Regatul Unit? 2026 Costurile vie\u021bii \u0219i sfaturi de relocare\">MAREA BRITANIE<\/a> \u0219i loca\u021bii interna\u021bionale, combin\u0103 o abordare unic\u0103 a oamenilor, proceselor \u0219i tehnologiei pentru a oferi un nivel de \u00een\u021belegere f\u0103r\u0103 precedent a diverselor afaceri ale clien\u021bilor lor, permi\u021b\u00e2ndu-le astfel s\u0103 construiasc\u0103 rela\u021bii pe termen lung bazate pe \u00eencredere, calitatea serviciilor \u0219i valoare.<\/p>\n<p><strong>Servicii suplimentare:<\/strong><\/p>\n<p>Broker vamal<\/p>\n<p><strong>Adres\u0103:<\/strong> The Heath Business &amp; Technical Park, Runcorn WA7 4QX<\/p>\n<p><a href=\"http:\/\/www.maltacourt.com\/\" target=\"_new\" rel=\"noopener\">Site-ul Maltacourt Ltd<\/a><\/p>\n<p><strong>Scor de revizuire: <\/strong>4<br \/> <strong>Num\u0103rul de recenzii:<\/strong> 4<br \/><a href=\"https:\/\/www.google.co.uk\/maps?cid=17055878549425519914&#038;hl=en&#038;gl=GB\" target=\"_new\" rel=\"noopener\">Citi\u021bi recenzii<\/a><\/p>\n<h2>Newbreed Freight Ltd<\/h2>\n<p><img decoding=\"async\" src=\"https:\/\/moverdb.com\/wp-content\/uploads\/thumbnailpanoiddHCDYKZy-Yym38zoiJifjwcb_clientsearch.gws-prod.gpsw408h240yaw216.jpg\" alt='Newbreed Freight Ltd' class=\"aligncenter\"><\/p>\n<p><strong>Descriere din partea \u00eentreprinderii: <\/strong>Niciuna furnizat\u0103<\/p>\n<p><strong>Servicii suplimentare:<\/strong><\/p>\n<p>Companie de livrare<\/p>\n<p><strong>Adres\u0103:<\/strong> Monks Way, 10 Abbots Park, Preston Brook, Cheshire, Runcorn WA7 3GH<\/p>\n<p><a href=\"http:\/\/www.newbreed.co.uk\/\" target=\"_new\" rel=\"noopener\">Site-ul Newbreed Freight Ltd<\/a><\/p>\n<p><strong>Scor de revizuire: <\/strong>5<br \/> <strong>Num\u0103rul de recenzii:<\/strong> 1<br \/><a href=\"https:\/\/www.google.co.uk\/maps?cid=16772994532082885998&#038;hl=en&#038;gl=GB\" target=\"_new\" rel=\"noopener\">Citi\u021bi recenzii<\/a><\/p>\n<h2>Cum am ales cele mai bune companii de transport de marf\u0103 din Runcorn<\/h2>\n<p>Am \u00eenceput cu un set de date de 2 companii de transport de marf\u0103 din Runcorn pe care le-am putut g\u0103si prin Google Maps \u0219i le-am redus la cele mai bune 2.<\/p>\n<p>Pentru a face acest lucru, am eliminat orice companie care:<\/p>\n<ul>\n<li> Nu avea un site web<\/li>\n<li> Nu a avut comentarii<\/li>\n<li> A avut un scor mediu de recenzii sub 2.0<\/li>\n<\/ul>\n<p>\u00cen acest moment, dac\u0103 aveam 17 sau mai pu\u021bini expeditori, \u00eei enumeram pe to\u021bi.<\/p>\n<p>Pentru ora\u0219ele \u00een care am r\u0103mas cu mai mult de 17 expeditori, am f\u0103cut revizuiri suplimentare, fie prin cre\u0219terea scorului de recenzii necesar (de exemplu, de la un minim de 2,0 la 4,0) \u0219i\/sau prin cre\u0219terea num\u0103rului minim de recenzii necesare (de exemplu, de la cel pu\u021bin 1 recenzie la cel pu\u021bin 10).<\/p>\n<p>Re\u021bine\u021bi c\u0103 am utilizat doar datele de revizuire de la Google Maps \u0219i nu \u0219i de la alte site-uri web ter\u021be.<\/p>\n<p>Mai multe ora\u0219e:<\/p>\n<p><a href=\"https:\/\/moverdb.com\/ro\/expeditor-de-marfuri\/freight-forwarding-uk\/manningtree-freight-forwarder\/\">Manningtree Freight Forwarder<\/a><br \/><a href=\"https:\/\/moverdb.com\/ro\/expeditor-de-marfuri\/freight-forwarding-uk\/sale-freight-forwarder\/\">V\u00e2nzarea Freight Forwarder<\/a><br \/><a href=\"https:\/\/moverdb.com\/ro\/expeditor-de-marfuri\/freight-forwarding-uk\/salford-freight-forwarder\/\">Salford Freight Forwarder<\/a><br \/><a href=\"https:\/\/moverdb.com\/ro\/expeditor-de-marfuri\/freight-forwarding-uk\/lichfield-freight-forwarder\/\">Lichfield Freight Forwarder<\/a><br \/><a href=\"https:\/\/moverdb.com\/ro\/expeditor-de-marfuri\/freight-forwarding-uk\/castlederg-freight-forwarder\/\">Castlederg Freight Forwarder<\/a><\/p>","protected":false},"excerpt":{"rendered":"<p>Below we look at the 2 &#8220;best&#8221; Freight Forwarding companies in Runcorn out of 2. To learn more about how we chose the best please consult our FAQ section at the end. Please not the following listings are in no particular order and we are not making any recommendations for any particular company. Maltacourt Ltd [&hellip;]<\/p>\n","protected":false},"author":1,"featured_media":0,"parent":13427,"menu_order":0,"comment_status":"open","ping_status":"open","template":"","meta":{"_genesis_hide_title":false,"_genesis_hide_breadcrumbs":false,"_genesis_hide_singular_image":false,"_genesis_hide_footer_widgets":false,"_genesis_custom_body_class":"","_genesis_custom_post_class":"","_genesis_layout":"","footnotes":""},"class_list":{"0":"post-14168","1":"page","2":"type-page","3":"status-publish","5":"entry"},"_links":{"self":[{"href":"https:\/\/moverdb.com\/ro\/wp-json\/wp\/v2\/pages\/14168","targetHints":{"allow":["GET"]}}],"collection":[{"href":"https:\/\/moverdb.com\/ro\/wp-json\/wp\/v2\/pages"}],"about":[{"href":"https:\/\/moverdb.com\/ro\/wp-json\/wp\/v2\/types\/page"}],"author":[{"embeddable":true,"href":"https:\/\/moverdb.com\/ro\/wp-json\/wp\/v2\/users\/1"}],"replies":[{"embeddable":true,"href":"https:\/\/moverdb.com\/ro\/wp-json\/wp\/v2\/comments?post=14168"}],"version-history":[{"count":1,"href":"https:\/\/moverdb.com\/ro\/wp-json\/wp\/v2\/pages\/14168\/revisions"}],"predecessor-version":[{"id":15742,"href":"https:\/\/moverdb.com\/ro\/wp-json\/wp\/v2\/pages\/14168\/revisions\/15742"}],"up":[{"embeddable":true,"href":"https:\/\/moverdb.com\/ro\/wp-json\/wp\/v2\/pages\/13427"}],"wp:attachment":[{"href":"https:\/\/moverdb.com\/ro\/wp-json\/wp\/v2\/media?parent=14168"}],"curies":[{"name":"wp","href":"https:\/\/api.w.org\/{rel}","templated":true}]}}