{"id":14139,"date":"2023-11-08T15:54:40","date_gmt":"2023-11-08T15:54:40","guid":{"rendered":"https:\/\/moverdb.com\/freight-forwarder\/freight-forwarding-uk\/loughborough-freight-forwarder\/"},"modified":"2026-01-08T14:58:08","modified_gmt":"2026-01-08T14:58:08","slug":"loughborough-freight-forwarder","status":"publish","type":"page","link":"https:\/\/moverdb.com\/ro\/freight-forwarder\/freight-forwarding-uk\/loughborough-freight-forwarder\/","title":{"rendered":"2 Cele mai bune firme de transport de marf\u0103 din Loughborough (2024)"},"content":{"rendered":"<p>Mai jos ne uit\u0103m la cele 2 <em>\"cel mai bun\"<\/em> Companiile de transport din Loughborough din 3.<\/p>\n<p>Pentru a afla mai multe despre modul \u00een care i-am ales pe cei mai buni, v\u0103 rug\u0103m s\u0103 consulta\u021bi sec\u021biunea \u00centreb\u0103ri frecvente de la final.<\/p>\n<p><em>V\u0103 rug\u0103m s\u0103 re\u021bine\u021bi c\u0103 urm\u0103toarele liste nu sunt prezentate \u00eentr-o anumit\u0103 ordine \u0219i c\u0103 nu facem recomand\u0103ri pentru nicio companie anume.<\/em><\/p>\n<h2>Orbital Direct Ltd<\/h2>\n<p><img decoding=\"async\" src=\"https:\/\/moverdb.com\/wp-content\/uploads\/AF1QipOv7AzGL603FEjagNwo5bbMC5M_2qmbF5UrHVsw408-h270-k-no.jpg\" alt='Orbital Direct Ltd' class=\"aligncenter\"><\/p>\n<p><strong>Descriere din partea \u00eentreprinderii: <\/strong>Niciuna furnizat\u0103<\/p>\n<p><strong>Servicii suplimentare:<\/strong><\/p>\n<p>Serviciul de curierat<\/p>\n<p>Companie de livrare<\/p>\n<p><strong>Adres\u0103:<\/strong> North Rd, Loughborough LE11 1LE<\/p>\n<p><a href=\"http:\/\/www.orbital-direct.com\/\" target=\"_new\" rel=\"noopener\">Site-ul Orbital Direct Ltd<\/a><\/p>\n<p><strong>Scor de revizuire: <\/strong>4.6<br \/> <strong>Num\u0103rul de recenzii:<\/strong> 8<br \/><a href=\"https:\/\/www.google.co.uk\/maps?cid=11430576735657838734&#038;hl=en&#038;gl=GB\" target=\"_new\" rel=\"noopener\">Citi\u021bi recenzii<\/a><\/p>\n<h2>J P A Freight Ltd<\/h2>\n<p><img decoding=\"async\" src=\"https:\/\/moverdb.com\/wp-content\/uploads\/AF1QipMOMC_xqfh1xkVrt6byUDMOa6lekOeGNkODQmY7w408-h306-k-no.jpg\" alt='J P A Freight Ltd' class=\"aligncenter\"><\/p>\n<p><strong>Descriere din partea \u00eentreprinderii: <\/strong>JPA Freight Ltd ofer\u0103 servicii de livrare \u00een toat\u0103 Europa, din orice \u021bar\u0103 \u00een orice \u021bar\u0103, \u00een toate direc\u021biile posibile.<\/p>\n<p> Pute\u021bi suna la <a href=\"https:\/\/moverdb.com\/ro\/moving-to-the-united-states\/\" data-internallinksmanager029f6b8e52c=\"94\" title=\"V\u0103 muta\u021bi \u00een Statele Unite? 2026 Costurile vie\u021bii \u0219i sfaturi de relocare\">us<\/a> 24\/7 pentru lucr\u0103ri urgente.<\/p>\n<p> De asemenea, putem asigura v\u0103muirea \u00een <a href=\"https:\/\/moverdb.com\/ro\/moving-to-the-uk\/\" data-internallinksmanager029f6b8e52c=\"93\" title=\"V\u0103 muta\u021bi \u00een Regatul Unit? 2026 Costurile vie\u021bii \u0219i sfaturi de relocare\">MAREA BRITANIE<\/a> \u0219i \u00een UE.<\/p>\n<p> Suntem bucuro\u0219i s\u0103 v\u0103 oferim o ofert\u0103 pentru orice tip de transport \/ mut\u0103ri de care ave\u021bi nevoie.<\/p>\n<p><strong>Servicii suplimentare:<\/strong><\/p>\n<p>Serviciul de curierat<\/p>\n<p>Broker vamal<\/p>\n<p>Companie de import-export<\/p>\n<p><a href=\"https:\/\/moverdb.com\/ro\/international-removals\/\" data-internallinksmanager029f6b8e52c=\"27\" title=\"36 Cele mai bune companii de mut\u0103ri interna\u021bionale din Marea Britanie\">Companie de mut\u0103ri<\/a><\/p>\n<p>Serviciul de transport frigorific<\/p>\n<p>Companie de livrare<\/p>\n<p>Serviciul de transport<\/p>\n<p><strong>Adres\u0103:<\/strong> 93 Burder St, Loughborough LE11 1JJ<\/p>\n<p><a href=\"https:\/\/www.freight-forwarder.uk\/\" target=\"_new\" rel=\"noopener\">Site-ul J P A Freight Ltd<\/a><\/p>\n<p><strong>Scor de revizuire: <\/strong>4.2<br \/> <strong>Num\u0103rul de recenzii:<\/strong> 5<br \/><a href=\"https:\/\/www.google.co.uk\/maps?cid=10859077469393633564&#038;hl=en&#038;gl=GB\" target=\"_new\" rel=\"noopener\">Citi\u021bi recenzii<\/a><\/p>\n<h2>Cum am ales cele mai bune companii de transport de marf\u0103 din Loughborough<\/h2>\n<p>Am \u00eenceput cu un set de date de 3 companii de transport de marf\u0103 din Loughborough pe care le-am putut g\u0103si prin Google Maps \u0219i le-am redus la cele mai bune 2.<\/p>\n<p>Pentru a face acest lucru, am eliminat orice companie care:<\/p>\n<ul>\n<li> Nu avea un site web<\/li>\n<li> Nu a avut comentarii<\/li>\n<li> A avut un scor mediu de recenzii sub 2.0<\/li>\n<\/ul>\n<p>\u00cen acest moment, dac\u0103 aveam 17 sau mai pu\u021bini expeditori, \u00eei enumeram pe to\u021bi.<\/p>\n<p>Pentru ora\u0219ele \u00een care am r\u0103mas cu mai mult de 17 expeditori, am f\u0103cut revizuiri suplimentare, fie prin cre\u0219terea scorului de recenzii necesar (de exemplu, de la un minim de 2,0 la 4,0) \u0219i\/sau prin cre\u0219terea num\u0103rului minim de recenzii necesare (de exemplu, de la cel pu\u021bin 1 recenzie la cel pu\u021bin 10).<\/p>\n<p>Re\u021bine\u021bi c\u0103 am utilizat doar datele de revizuire de la Google Maps \u0219i nu \u0219i de la alte site-uri web ter\u021be.<\/p>\n<p>Mai multe ora\u0219e:<\/p>\n<p><a href=\"https:\/\/moverdb.com\/ro\/expeditor-de-marfuri\/freight-forwarding-uk\/ashby-de-la-zouch-freight-forwarder\/\">Ashby-de-la-Zouch Expeditor de m\u0103rfuri<\/a><br \/><a href=\"https:\/\/moverdb.com\/ro\/expeditor-de-marfuri\/freight-forwarding-uk\/rochdale-freight-forwarder\/\">Rochdale Freight Forwarder<\/a><br \/><a href=\"https:\/\/moverdb.com\/ro\/expeditor-de-marfuri\/freight-forwarding-uk\/waltham-abbey-freight-forwarder\/\">Waltham Abbey Expeditor de m\u0103rfuri<\/a><br \/><a href=\"https:\/\/moverdb.com\/ro\/expeditor-de-marfuri\/freight-forwarding-uk\/rochester-freight-forwarder\/\">Rochester Freight Forwarder<\/a><br \/><a href=\"https:\/\/moverdb.com\/ro\/expeditor-de-marfuri\/freight-forwarding-uk\/watford-freight-forwarder\/\">Watford Freight Forwarder<\/a><\/p>","protected":false},"excerpt":{"rendered":"<p>Below we look at the 2 &#8220;best&#8221; Freight Forwarding companies in Loughborough out of 3. To learn more about how we chose the best please consult our FAQ section at the end. Please not the following listings are in no particular order and we are not making any recommendations for any particular company. Orbital Direct [&hellip;]<\/p>\n","protected":false},"author":1,"featured_media":0,"parent":13427,"menu_order":0,"comment_status":"open","ping_status":"open","template":"","meta":{"_genesis_hide_title":false,"_genesis_hide_breadcrumbs":false,"_genesis_hide_singular_image":false,"_genesis_hide_footer_widgets":false,"_genesis_custom_body_class":"","_genesis_custom_post_class":"","_genesis_layout":"","footnotes":""},"class_list":{"0":"post-14139","1":"page","2":"type-page","3":"status-publish","5":"entry"},"_links":{"self":[{"href":"https:\/\/moverdb.com\/ro\/wp-json\/wp\/v2\/pages\/14139","targetHints":{"allow":["GET"]}}],"collection":[{"href":"https:\/\/moverdb.com\/ro\/wp-json\/wp\/v2\/pages"}],"about":[{"href":"https:\/\/moverdb.com\/ro\/wp-json\/wp\/v2\/types\/page"}],"author":[{"embeddable":true,"href":"https:\/\/moverdb.com\/ro\/wp-json\/wp\/v2\/users\/1"}],"replies":[{"embeddable":true,"href":"https:\/\/moverdb.com\/ro\/wp-json\/wp\/v2\/comments?post=14139"}],"version-history":[{"count":1,"href":"https:\/\/moverdb.com\/ro\/wp-json\/wp\/v2\/pages\/14139\/revisions"}],"predecessor-version":[{"id":15726,"href":"https:\/\/moverdb.com\/ro\/wp-json\/wp\/v2\/pages\/14139\/revisions\/15726"}],"up":[{"embeddable":true,"href":"https:\/\/moverdb.com\/ro\/wp-json\/wp\/v2\/pages\/13427"}],"wp:attachment":[{"href":"https:\/\/moverdb.com\/ro\/wp-json\/wp\/v2\/media?parent=14139"}],"curies":[{"name":"wp","href":"https:\/\/api.w.org\/{rel}","templated":true}]}}