{"id":14130,"date":"2023-11-08T15:54:40","date_gmt":"2023-11-08T15:54:40","guid":{"rendered":"https:\/\/moverdb.com\/freight-forwarder\/freight-forwarding-uk\/sutton-coldfield-freight-forwarder\/"},"modified":"2026-01-08T14:58:38","modified_gmt":"2026-01-08T14:58:38","slug":"sutton-coldfield-freight-forwarder","status":"publish","type":"page","link":"https:\/\/moverdb.com\/ro\/freight-forwarder\/freight-forwarding-uk\/sutton-coldfield-freight-forwarder\/","title":{"rendered":"2 Cele mai bune companii de transport de marf\u0103 din Sutton Coldfield (2024)"},"content":{"rendered":"<p>Mai jos ne uit\u0103m la cele 2 <em>\"cel mai bun\"<\/em> Societ\u0103\u021bi de transport marf\u0103 din Sutton Coldfield din 2.<\/p>\n<p>Pentru a afla mai multe despre modul \u00een care i-am ales pe cei mai buni, v\u0103 rug\u0103m s\u0103 consulta\u021bi sec\u021biunea \u00centreb\u0103ri frecvente de la final.<\/p>\n<p><em>V\u0103 rug\u0103m s\u0103 re\u021bine\u021bi c\u0103 urm\u0103toarele liste nu sunt prezentate \u00eentr-o anumit\u0103 ordine \u0219i c\u0103 nu facem recomand\u0103ri pentru nicio companie anume.<\/em><\/p>\n<h2>Millennium Cargo<\/h2>\n<p><img decoding=\"async\" src=\"https:\/\/moverdb.com\/wp-content\/uploads\/AF1QipM-TOuaUfNEBqnaW03iJDspzmIcy-DGSttswkzzw408-h421-k-no.png\" alt='Millennium Cargo' class=\"aligncenter\"><\/p>\n<p><strong>Descriere din partea \u00eentreprinderii: <\/strong>Millennium Cargo este o companie de expediere de marf\u0103 din Birmingam care ofer\u0103 o varietate de servicii, inclusiv exporturi, importuri, transporturi feroviare, rutiere, aeriene, maritime, consolidare, depozitare \u0219i distribu\u021bie, am ajutat la mutarea \u00eenc\u0103rc\u0103turii, bunurilor \u0219i posesiunilor \u00een toate cele patru col\u021buri ale globului.<\/p>\n<p>Noi sus\u021binem <a href=\"https:\/\/moverdb.com\/ro\/moving-to-the-uk\/\" data-internallinksmanager029f6b8e52c=\"93\" title=\"V\u0103 muta\u021bi \u00een Regatul Unit? 2026 Costurile vie\u021bii \u0219i sfaturi de relocare\">MAREA BRITANIE<\/a> Fabrican\u021bii \u0219i industria export\u0103 m\u0103rfuri \u00een condi\u021bii de siguran\u021b\u0103 \u0219i eficien\u021b\u0103.<\/p>\n<p><strong>Servicii suplimentare:<\/strong><\/p>\n<p>Nu este listat<\/p>\n<p><strong>Adres\u0103:<\/strong> CFS BUSINESS PARK, SECOND FLOOR, Coleshill Rd, Sutton Coldfield B75 7FS<\/p>\n<p><a href=\"http:\/\/www.millenniumcargo.com\/\" target=\"_new\" rel=\"noopener\">Site-ul Millennium Cargo<\/a><\/p>\n<p><strong>Scor de revizuire: <\/strong>4.8<br \/> <strong>Num\u0103rul de recenzii:<\/strong> 26<br \/><a href=\"https:\/\/www.google.co.uk\/maps?cid=9787022230686234502&#038;hl=en&#038;gl=GB\" target=\"_new\" rel=\"noopener\">Citi\u021bi recenzii<\/a><\/p>\n<h2>Fracht (UK) Limited<\/h2>\n<p><img decoding=\"async\" src=\"https:\/\/moverdb.com\/wp-content\/uploads\/thumbnailpanoidS-IpkST6OxSgFbFEYCE7cgcb_clientsearch.gws-prod.gpsw408h240yaw192.jpg\" alt='Fracht (UK) Limited' class=\"aligncenter\"><\/p>\n<p><strong>Descriere din partea \u00eentreprinderii: <\/strong>Niciuna furnizat\u0103<\/p>\n<p><strong>Servicii suplimentare:<\/strong><\/p>\n<p>Nu este listat<\/p>\n<p><strong>Adres\u0103:<\/strong> Bridge House, 17a Maybrook Rd, The Royal Town of Sutton Coldfield, <a href=\"\" data-internallinksmanager029f6b8e52c=\"34\" title=\"Birmingham\">Birmingham<\/a>, Sutton Coldfield B76 1AL<\/p>\n<p><a href=\"https:\/\/fracht.co.uk\/\" target=\"_new\" rel=\"noopener\">Site-ul Fracht (UK) Limited<\/a><\/p>\n<p><strong>Scor de revizuire: <\/strong>5<br \/> <strong>Num\u0103rul de recenzii:<\/strong> 1<br \/><a href=\"https:\/\/www.google.co.uk\/maps?cid=6766148688247574048&#038;hl=en&#038;gl=GB\" target=\"_new\" rel=\"noopener\">Citi\u021bi recenzii<\/a><\/p>\n<h2>Cum am ales cele mai bune companii de transport de marf\u0103 din Sutton Coldfield<\/h2>\n<p>Am \u00eenceput cu un set de date de 2 companii de transport de marf\u0103 din Sutton Coldfield pe care le-am putut g\u0103si prin Google Maps \u0219i le-am redus la cele mai bune 2.<\/p>\n<p>Pentru a face acest lucru, am eliminat orice companie care:<\/p>\n<ul>\n<li> Nu avea un site web<\/li>\n<li> Nu a avut comentarii<\/li>\n<li> A avut un scor mediu de recenzii sub 2.0<\/li>\n<\/ul>\n<p>\u00cen acest moment, dac\u0103 aveam 17 sau mai pu\u021bini expeditori, \u00eei enumeram pe to\u021bi.<\/p>\n<p>Pentru ora\u0219ele \u00een care am r\u0103mas cu mai mult de 17 expeditori, am f\u0103cut revizuiri suplimentare, fie prin cre\u0219terea scorului de recenzii necesar (de exemplu, de la un minim de 2,0 la 4,0) \u0219i\/sau prin cre\u0219terea num\u0103rului minim de recenzii necesare (de exemplu, de la cel pu\u021bin 1 recenzie la cel pu\u021bin 10).<\/p>\n<p>Re\u021bine\u021bi c\u0103 am utilizat doar datele de revizuire de la Google Maps \u0219i nu \u0219i de la alte site-uri web ter\u021be.<\/p>\n<p>Mai multe ora\u0219e:<\/p>\n<p><a href=\"https:\/\/moverdb.com\/ro\/expeditor-de-marfuri\/freight-forwarding-uk\/redditch-freight-forwarder\/\">Redditch Freight Forwarder<\/a><br \/><a href=\"https:\/\/moverdb.com\/ro\/expeditor-de-marfuri\/freight-forwarding-uk\/greenhithe-freight-forwarder\/\">Greenhithe Freight Forwarder<\/a><br \/><a href=\"https:\/\/moverdb.com\/ro\/expeditor-de-marfuri\/freight-forwarding-uk\/loughborough-freight-forwarder\/\">Loughborough Expeditor de m\u0103rfuri<\/a><br \/><a href=\"https:\/\/moverdb.com\/ro\/expeditor-de-marfuri\/freight-forwarding-uk\/ashby-de-la-zouch-freight-forwarder\/\">Ashby-de-la-Zouch Expeditor de m\u0103rfuri<\/a><br \/><a href=\"https:\/\/moverdb.com\/ro\/expeditor-de-marfuri\/freight-forwarding-uk\/rochdale-freight-forwarder\/\">Rochdale Freight Forwarder<\/a><\/p>","protected":false},"excerpt":{"rendered":"<p>Below we look at the 2 &#8220;best&#8221; Freight Forwarding companies in Sutton Coldfield out of 2. To learn more about how we chose the best please consult our FAQ section at the end. Please not the following listings are in no particular order and we are not making any recommendations for any particular company. Millennium [&hellip;]<\/p>\n","protected":false},"author":1,"featured_media":0,"parent":13427,"menu_order":0,"comment_status":"open","ping_status":"open","template":"","meta":{"_genesis_hide_title":false,"_genesis_hide_breadcrumbs":false,"_genesis_hide_singular_image":false,"_genesis_hide_footer_widgets":false,"_genesis_custom_body_class":"","_genesis_custom_post_class":"","_genesis_layout":"","footnotes":""},"class_list":{"0":"post-14130","1":"page","2":"type-page","3":"status-publish","5":"entry"},"_links":{"self":[{"href":"https:\/\/moverdb.com\/ro\/wp-json\/wp\/v2\/pages\/14130","targetHints":{"allow":["GET"]}}],"collection":[{"href":"https:\/\/moverdb.com\/ro\/wp-json\/wp\/v2\/pages"}],"about":[{"href":"https:\/\/moverdb.com\/ro\/wp-json\/wp\/v2\/types\/page"}],"author":[{"embeddable":true,"href":"https:\/\/moverdb.com\/ro\/wp-json\/wp\/v2\/users\/1"}],"replies":[{"embeddable":true,"href":"https:\/\/moverdb.com\/ro\/wp-json\/wp\/v2\/comments?post=14130"}],"version-history":[{"count":1,"href":"https:\/\/moverdb.com\/ro\/wp-json\/wp\/v2\/pages\/14130\/revisions"}],"predecessor-version":[{"id":15751,"href":"https:\/\/moverdb.com\/ro\/wp-json\/wp\/v2\/pages\/14130\/revisions\/15751"}],"up":[{"embeddable":true,"href":"https:\/\/moverdb.com\/ro\/wp-json\/wp\/v2\/pages\/13427"}],"wp:attachment":[{"href":"https:\/\/moverdb.com\/ro\/wp-json\/wp\/v2\/media?parent=14130"}],"curies":[{"name":"wp","href":"https:\/\/api.w.org\/{rel}","templated":true}]}}