{"id":14118,"date":"2023-11-08T15:54:40","date_gmt":"2023-11-08T15:54:40","guid":{"rendered":"https:\/\/moverdb.com\/freight-forwarder\/freight-forwarding-uk\/bordon-freight-forwarder\/"},"modified":"2026-01-08T14:55:55","modified_gmt":"2026-01-08T14:55:55","slug":"bordon-freight-forwarder","status":"publish","type":"page","link":"https:\/\/moverdb.com\/ro\/freight-forwarder\/freight-forwarding-uk\/bordon-freight-forwarder\/","title":{"rendered":"2 Cele mai bune companii de transport de marf\u0103 din Bordon (2024)"},"content":{"rendered":"<p>Mai jos ne uit\u0103m la cele 2 <em>\"cel mai bun\"<\/em> Societ\u0103\u021bi de transport din Bordon din 2.<\/p>\n<p>Pentru a afla mai multe despre modul \u00een care i-am ales pe cei mai buni, v\u0103 rug\u0103m s\u0103 consulta\u021bi sec\u021biunea \u00centreb\u0103ri frecvente de la final.<\/p>\n<p><em>V\u0103 rug\u0103m s\u0103 re\u021bine\u021bi c\u0103 urm\u0103toarele liste nu sunt prezentate \u00eentr-o anumit\u0103 ordine \u0219i c\u0103 nu facem recomand\u0103ri pentru nicio companie anume.<\/em><\/p>\n<h2>Mike Watson Transport<\/h2>\n<p><img decoding=\"async\" src=\"https:\/\/moverdb.com\/wp-content\/uploads\/thumbnailpanoidmUoZfDIiGix8Yk4yJZ35dgcb_clientsearch.gws-prod.gpsw408h240yaw319.jpg\" alt='Mike Watson Transport' class=\"aligncenter\"><\/p>\n<p><strong>Descriere din partea \u00eentreprinderii: <\/strong>Niciuna furnizat\u0103<\/p>\n<p><strong>Servicii suplimentare:<\/strong><\/p>\n<p>Nu este listat<\/p>\n<p><strong>Adres\u0103:<\/strong> 47 Woolmer Way, Bordon GU35 9QE<\/p>\n<p><a href=\"http:\/\/www.mikewatsontransport.com\/\" target=\"_new\" rel=\"noopener\">Site-ul Mike Watson Transport<\/a><\/p>\n<p><strong>Scor de revizuire: <\/strong>4.2<br \/> <strong>Num\u0103rul de recenzii:<\/strong> 10<br \/><a href=\"https:\/\/www.google.co.uk\/maps?cid=11950456683839450167&#038;hl=en&#038;gl=GB\" target=\"_new\" rel=\"noopener\">Citi\u021bi recenzii<\/a><\/p>\n<h2>Servicii de expediere silen\u021bioas\u0103 pe calea aerului \u0219i pe mare<\/h2>\n<p><img decoding=\"async\" src=\"https:\/\/moverdb.com\/wp-content\/uploads\/AF1QipMzYn4wSEFsnipntS9CWikFknHJkvtmhzh5xpt_w408-h306-k-no.jpg\" alt='Servicii de expediere silen\u021bioas\u0103 pe calea aerului \u0219i pe mare' class=\"aligncenter\"><\/p>\n<p><strong>Descriere din partea \u00eentreprinderii: <\/strong>Furnizori de servicii logistice.<\/p>\n<p>Curierat\/Aer\/Mare\/Road \u00cen toat\u0103 lumea<\/p>\n<p><strong>Servicii suplimentare:<\/strong><\/p>\n<p>Serviciul de logistic\u0103<\/p>\n<p>Ma\u0219ini de ambalare<\/p>\n<p>Teren de joac\u0103<\/p>\n<p>Industria echipamentelor de transport maritim<\/p>\n<p>Serviciul de expediere<\/p>\n<p><strong>Adres\u0103:<\/strong> Unitatea 9F Oakhanger Farm, Bordon GU35 9JA<\/p>\n<p><a href=\"http:\/\/www.silentairandsea.com\/\" target=\"_new\" rel=\"noopener\">Site-ul Silent Air and Sea Forwarding Services<\/a><\/p>\n<p><strong>Scor de revizuire: <\/strong>5<br \/> <strong>Num\u0103rul de recenzii:<\/strong> 2<br \/><a href=\"https:\/\/www.google.co.uk\/maps?cid=10699139299725913844&#038;hl=en&#038;gl=GB\" target=\"_new\" rel=\"noopener\">Citi\u021bi recenzii<\/a><\/p>\n<h2>Cum am ales cele mai bune companii de transport de marf\u0103 din Bordon<\/h2>\n<p>Am \u00eenceput cu un set de date de 2 companii de transport de marf\u0103 din Bordon pe care le-am putut g\u0103si prin Google Maps \u0219i le-am redus la cele mai bune 2.<\/p>\n<p>Pentru a face acest lucru, am eliminat orice companie care:<\/p>\n<ul>\n<li> Nu avea un site web<\/li>\n<li> Nu a avut comentarii<\/li>\n<li> A avut un scor mediu de recenzii sub 2.0<\/li>\n<\/ul>\n<p>\u00cen acest moment, dac\u0103 aveam 17 sau mai pu\u021bini expeditori, \u00eei enumeram pe to\u021bi.<\/p>\n<p>Pentru ora\u0219ele \u00een care am r\u0103mas cu mai mult de 17 expeditori, am f\u0103cut revizuiri suplimentare, fie prin cre\u0219terea scorului de recenzii necesar (de exemplu, de la un minim de 2,0 la 4,0) \u0219i\/sau prin cre\u0219terea num\u0103rului minim de recenzii necesare (de exemplu, de la cel pu\u021bin 1 recenzie la cel pu\u021bin 10).<\/p>\n<p>Re\u021bine\u021bi c\u0103 am utilizat doar datele de revizuire de la Google Maps \u0219i nu \u0219i de la alte site-uri web ter\u021be.<\/p>\n<p>Mai multe ora\u0219e:<\/p>\n<p><a href=\"https:\/\/moverdb.com\/ro\/expeditor-de-marfuri\/freight-forwarding-uk\/pudsey-freight-forwarder\/\">Pudsey Freight Forwarder<\/a><br \/><a href=\"https:\/\/moverdb.com\/ro\/expeditor-de-marfuri\/freight-forwarding-uk\/horley-freight-forwarder\/\">Horley Freight Forwarder<\/a><br \/><a href=\"https:\/\/moverdb.com\/ro\/expeditor-de-marfuri\/freight-forwarding-uk\/enfield-freight-forwarder\/\">Enfield Freight Forwarder<\/a><br \/><a href=\"https:\/\/moverdb.com\/ro\/expeditor-de-marfuri\/freight-forwarding-uk\/sutton-coldfield-freight-forwarder\/\">Sutton Coldfield Freight Forwarder<\/a><br \/><a href=\"https:\/\/moverdb.com\/ro\/expeditor-de-marfuri\/freight-forwarding-uk\/redditch-freight-forwarder\/\">Redditch Freight Forwarder<\/a><\/p>","protected":false},"excerpt":{"rendered":"<p>Below we look at the 2 &#8220;best&#8221; Freight Forwarding companies in Bordon out of 2. To learn more about how we chose the best please consult our FAQ section at the end. Please not the following listings are in no particular order and we are not making any recommendations for any particular company. Mike Watson [&hellip;]<\/p>\n","protected":false},"author":1,"featured_media":0,"parent":13427,"menu_order":0,"comment_status":"open","ping_status":"open","template":"","meta":{"_genesis_hide_title":false,"_genesis_hide_breadcrumbs":false,"_genesis_hide_singular_image":false,"_genesis_hide_footer_widgets":false,"_genesis_custom_body_class":"","_genesis_custom_post_class":"","_genesis_layout":"","footnotes":""},"class_list":{"0":"post-14118","1":"page","2":"type-page","3":"status-publish","5":"entry"},"_links":{"self":[{"href":"https:\/\/moverdb.com\/ro\/wp-json\/wp\/v2\/pages\/14118","targetHints":{"allow":["GET"]}}],"collection":[{"href":"https:\/\/moverdb.com\/ro\/wp-json\/wp\/v2\/pages"}],"about":[{"href":"https:\/\/moverdb.com\/ro\/wp-json\/wp\/v2\/types\/page"}],"author":[{"embeddable":true,"href":"https:\/\/moverdb.com\/ro\/wp-json\/wp\/v2\/users\/1"}],"replies":[{"embeddable":true,"href":"https:\/\/moverdb.com\/ro\/wp-json\/wp\/v2\/comments?post=14118"}],"version-history":[{"count":1,"href":"https:\/\/moverdb.com\/ro\/wp-json\/wp\/v2\/pages\/14118\/revisions"}],"predecessor-version":[{"id":15705,"href":"https:\/\/moverdb.com\/ro\/wp-json\/wp\/v2\/pages\/14118\/revisions\/15705"}],"up":[{"embeddable":true,"href":"https:\/\/moverdb.com\/ro\/wp-json\/wp\/v2\/pages\/13427"}],"wp:attachment":[{"href":"https:\/\/moverdb.com\/ro\/wp-json\/wp\/v2\/media?parent=14118"}],"curies":[{"name":"wp","href":"https:\/\/api.w.org\/{rel}","templated":true}]}}