{"id":14107,"date":"2023-11-08T15:54:40","date_gmt":"2023-11-08T15:54:40","guid":{"rendered":"https:\/\/moverdb.com\/freight-forwarder\/freight-forwarding-uk\/burntwood-freight-forwarder\/"},"modified":"2026-05-15T14:58:16","modified_gmt":"2026-05-15T14:58:16","slug":"burntwood-freight-forwarder","status":"publish","type":"page","link":"https:\/\/moverdb.com\/ro\/freight-forwarder\/freight-forwarding-uk\/burntwood-freight-forwarder\/","title":{"rendered":"2 Cele mai bune companii de transport de marf\u0103 din Burntwood (2024)"},"content":{"rendered":"<p>Mai jos ne uit\u0103m la cele 2 <em>\"cel mai bun\"<\/em> Companiile de transport marf\u0103 din Burntwood din 3.<\/p>\n<p>Pentru a afla mai multe despre modul \u00een care i-am ales pe cei mai buni, v\u0103 rug\u0103m s\u0103 consulta\u021bi sec\u021biunea \u00centreb\u0103ri frecvente de la final.<\/p>\n<p><em>V\u0103 rug\u0103m s\u0103 re\u021bine\u021bi c\u0103 urm\u0103toarele liste nu sunt prezentate \u00eentr-o anumit\u0103 ordine \u0219i c\u0103 nu facem recomand\u0103ri pentru nicio companie anume.<\/em><\/p>\n<h2>Espace Europe Freight Forwarders<\/h2>\n<p><img decoding=\"async\" src=\"https:\/\/moverdb.com\/wp-content\/uploads\/AF1QipPpgB30xdOP3akbAjFx7dwqzfHkVsoV07XVd7Xmw446-h240-k-no.jpg\" alt='Espace Europe Freight Forwarders' class=\"aligncenter\"><\/p>\n<p><strong>Descriere din partea \u00eentreprinderii: <\/strong>Espace este o companie premiat\u0103, specializat\u0103 \u00een transportul de marf\u0103, de\u021binut\u0103 de angaja\u021bi, cu o re\u021bea bine dezvoltat\u0103. <a href=\"https:\/\/moverdb.com\/ro\/moving-to-the-uk\/\" data-internallinksmanager029f6b8e52c=\"93\" title=\"V\u0103 muta\u021bi \u00een Regatul Unit? 2026 Costurile vie\u021bii \u0219i sfaturi de relocare\">MAREA BRITANIE<\/a>, re\u021bea european\u0103 \u0219i mondial\u0103.<\/p>\n<p> Prin intermediul serviciilor noastre de urgen\u021b\u0103 Express, rutiere, aeriene \u0219i maritime de v\u00e2rf, oferim clien\u021bilor no\u0219tri solu\u021bii de lan\u021b de aprovizionare orientate spre valoare, concentr\u00e2ndu-ne at\u00e2t pe pre\u021b, c\u00e2t \u0219i pe nivelul serviciilor.<\/p>\n<p> Echipa noastr\u0103 de operatori de transport de marf\u0103 califica\u021bi, care lucreaz\u0103 de mult timp, este dedicat\u0103 cerin\u021belor clien\u021bilor no\u0219tri.<\/p>\n<p> Suntem at\u00e2t de dedica\u021bi \u00eenc\u00e2t suntem SINGURA companie de transport de marf\u0103 care ofer\u0103 o garan\u021bie de returnare a banilor pentru transportul standard.<\/p>\n<p> Espace este o companie de succes, o companie de expedi\u021bie respectat\u0103 \u0219i fidel\u0103 valorilor sale.<\/p>\n<p><strong>Servicii suplimentare:<\/strong><\/p>\n<p>Serviciul de curierat<\/p>\n<p>Companie de livrare<\/p>\n<p>Serviciul de transport<\/p>\n<p><strong>Adres\u0103:<\/strong> 5, Newlands Court, Attwood Rd, Burntwood WS7 3GF<\/p>\n<p><a href=\"https:\/\/www.espaceglobalfreight.com\/\" target=\"_new\" rel=\"noopener\">Site-ul Espace Europe Freight Forwarders<\/a><\/p>\n<p><strong>Scor de revizuire: <\/strong>4.9<br \/> <strong>Num\u0103rul de recenzii:<\/strong> 34<br \/><a href=\"https:\/\/www.google.co.uk\/maps?cid=10863475497294295640&#038;hl=en&#038;gl=GB\" target=\"_new\" rel=\"noopener\">Citi\u021bi recenzii<\/a><\/p>\n<h2>World Cargo Logistics Limited<\/h2>\n<p><img decoding=\"async\" src=\"https:\/\/moverdb.com\/wp-content\/uploads\/thumbnailpanoidqzNItEmnCV8WvtqPVgNLYAcb_clientsearch.gws-prod.gpsw408h240yaw20.jpg\" alt='World Cargo Logistics Limited' class=\"aligncenter\"><\/p>\n<p><strong>Descriere din partea \u00eentreprinderii: <\/strong>World Cargo Logistics este o companie privat\u0103 britanic\u0103 care furnizeaz\u0103 servicii de transport de marf\u0103 \u00een \u00eentreaga lume din anul 2000.<\/p>\n<p>Cu 8 birouri la nivel na\u021bional, suntem unul dintre cei mai importan\u021bi transportatori de m\u0103rfuri din Marea Britanie, dar oferim totu\u0219i un serviciu foarte personal.<\/p>\n<p><strong>Servicii suplimentare:<\/strong><\/p>\n<p>Companie de livrare<\/p>\n<p><strong>Adres\u0103:<\/strong> Spear House, Cobbett Rd, Chase Terrace, Burntwood WS7 3GL<\/p>\n<p><a href=\"http:\/\/worldcargologistics.co.uk\/\" target=\"_new\" rel=\"noopener\">Site-ul World Cargo Logistics Limited<\/a><\/p>\n<p><strong>Scor de revizuire: <\/strong>5<br \/> <strong>Num\u0103rul de recenzii:<\/strong> 2<br \/><a href=\"https:\/\/www.google.co.uk\/maps?cid=14132311081089606715&#038;hl=en&#038;gl=GB\" target=\"_new\" rel=\"noopener\">Citi\u021bi recenzii<\/a><\/p>\n<h2>Cum am ales cele mai bune companii de transport de marf\u0103 din Burntwood<\/h2>\n<p>Am \u00eenceput cu un set de date de 3 companii de transport de marf\u0103 din Burntwood pe care le-am putut g\u0103si prin Google Maps \u0219i le-am redus la cele mai bune 2.<\/p>\n<p>Pentru a face acest lucru, am eliminat orice companie care:<\/p>\n<ul>\n<li> Nu avea un site web<\/li>\n<li> Nu a avut comentarii<\/li>\n<li> A avut un scor mediu de recenzii sub 2.0<\/li>\n<\/ul>\n<p>\u00cen acest moment, dac\u0103 aveam 17 sau mai pu\u021bini expeditori, \u00eei enumeram pe to\u021bi.<\/p>\n<p>Pentru ora\u0219ele \u00een care am r\u0103mas cu mai mult de 17 expeditori, am f\u0103cut revizuiri suplimentare, fie prin cre\u0219terea scorului de recenzii necesar (de exemplu, de la un minim de 2,0 la 4,0) \u0219i\/sau prin cre\u0219terea num\u0103rului minim de recenzii necesare (de exemplu, de la cel pu\u021bin 1 recenzie la cel pu\u021bin 10).<\/p>\n<p>Re\u021bine\u021bi c\u0103 am utilizat doar datele de revizuire de la Google Maps \u0219i nu \u0219i de la alte site-uri web ter\u021be.<\/p>\n<p>Mai multe ora\u0219e:<\/p>\n<p><a href=\"https:\/\/moverdb.com\/ro\/expeditor-de-marfuri\/freight-forwarding-uk\/prescot-freight-forwarder\/\">Prescot Freight Forwarder<\/a><br \/><a href=\"https:\/\/moverdb.com\/ro\/expeditor-de-marfuri\/freight-forwarding-uk\/bury-saint-edmunds-freight-forwarder\/\">Bury Saint Edmunds Expeditor de m\u0103rfuri<\/a><br \/><a href=\"https:\/\/moverdb.com\/ro\/expeditor-de-marfuri\/freight-forwarding-uk\/denny-freight-forwarder\/\">Denny Freight Forwarder<\/a><br \/><a href=\"https:\/\/moverdb.com\/ro\/expeditor-de-marfuri\/freight-forwarding-uk\/bordon-freight-forwarder\/\">Bordon Freight Forwarder<\/a><br \/><a href=\"https:\/\/moverdb.com\/ro\/expeditor-de-marfuri\/freight-forwarding-uk\/pudsey-freight-forwarder\/\">Pudsey Freight Forwarder<\/a><\/p>","protected":false},"excerpt":{"rendered":"<p>Below we look at the 2 &#8220;best&#8221; Freight Forwarding companies in Burntwood out of 3. To learn more about how we chose the best please consult our FAQ section at the end. Please not the following listings are in no particular order and we are not making any recommendations for any particular company. Espace Europe [&hellip;]<\/p>\n","protected":false},"author":1,"featured_media":0,"parent":13427,"menu_order":0,"comment_status":"open","ping_status":"open","template":"","meta":{"_genesis_hide_title":false,"_genesis_hide_breadcrumbs":false,"_genesis_hide_singular_image":false,"_genesis_hide_footer_widgets":false,"_genesis_custom_body_class":"","_genesis_custom_post_class":"","_genesis_layout":"","footnotes":""},"class_list":{"0":"post-14107","1":"page","2":"type-page","3":"status-publish","5":"entry"},"_links":{"self":[{"href":"https:\/\/moverdb.com\/ro\/wp-json\/wp\/v2\/pages\/14107","targetHints":{"allow":["GET"]}}],"collection":[{"href":"https:\/\/moverdb.com\/ro\/wp-json\/wp\/v2\/pages"}],"about":[{"href":"https:\/\/moverdb.com\/ro\/wp-json\/wp\/v2\/types\/page"}],"author":[{"embeddable":true,"href":"https:\/\/moverdb.com\/ro\/wp-json\/wp\/v2\/users\/1"}],"replies":[{"embeddable":true,"href":"https:\/\/moverdb.com\/ro\/wp-json\/wp\/v2\/comments?post=14107"}],"version-history":[{"count":1,"href":"https:\/\/moverdb.com\/ro\/wp-json\/wp\/v2\/pages\/14107\/revisions"}],"predecessor-version":[{"id":15707,"href":"https:\/\/moverdb.com\/ro\/wp-json\/wp\/v2\/pages\/14107\/revisions\/15707"}],"up":[{"embeddable":true,"href":"https:\/\/moverdb.com\/ro\/wp-json\/wp\/v2\/pages\/13427"}],"wp:attachment":[{"href":"https:\/\/moverdb.com\/ro\/wp-json\/wp\/v2\/media?parent=14107"}],"curies":[{"name":"wp","href":"https:\/\/api.w.org\/{rel}","templated":true}]}}