{"id":14046,"date":"2023-11-08T15:54:18","date_gmt":"2023-11-08T15:54:18","guid":{"rendered":"https:\/\/moverdb.com\/freight-forwarder\/freight-forwarding-uk\/hockley-freight-forwarder\/"},"modified":"2026-01-08T14:56:10","modified_gmt":"2026-01-08T14:56:10","slug":"hockley-freight-forwarder","status":"publish","type":"page","link":"https:\/\/moverdb.com\/ro\/freight-forwarder\/freight-forwarding-uk\/hockley-freight-forwarder\/","title":{"rendered":"2 Cele mai bune companii de transport de marf\u0103 din Hockley (2024)"},"content":{"rendered":"<p>Mai jos ne uit\u0103m la cele 2 <em>\"cel mai bun\"<\/em> Societ\u0103\u021bi de transport marf\u0103 din Hockley din 2.<\/p>\n<p>Pentru a afla mai multe despre modul \u00een care i-am ales pe cei mai buni, v\u0103 rug\u0103m s\u0103 consulta\u021bi sec\u021biunea \u00centreb\u0103ri frecvente de la final.<\/p>\n<p><em>V\u0103 rug\u0103m s\u0103 re\u021bine\u021bi c\u0103 urm\u0103toarele liste nu sunt prezentate \u00eentr-o anumit\u0103 ordine \u0219i c\u0103 nu facem recomand\u0103ri pentru nicio companie anume.<\/em><\/p>\n<h2>RJS Shipping Ltd<\/h2>\n<p><img decoding=\"async\" src=\"https:\/\/moverdb.com\/wp-content\/uploads\/AF1QipMi5UsDM0iopamtQA_oDrTN3sIzJtxxsTP9rw60w1280-h240-k-no.jpg\" alt='RJS Shipping Ltd' class=\"aligncenter\"><\/p>\n<p><strong>Descriere din partea \u00eentreprinderii: <\/strong>Cu sediul \u00een <a href=\"https:\/\/moverdb.com\/ro\/moving-to-the-uk\/\" data-internallinksmanager029f6b8e52c=\"93\" title=\"V\u0103 muta\u021bi \u00een Regatul Unit? 2026 Costurile vie\u021bii \u0219i sfaturi de relocare\">MAREA BRITANIE<\/a>, RJS Shipping Ltd. este o companie profesionist\u0103 de expediere a m\u0103rfurilor, care ofer\u0103 transport de m\u0103rfuri \u00een \u00eentreaga lume, specializat\u0103 \u00een rulote, rulote \u0219i vehicule.<\/p>\n<p>Utiliz\u00e2nd 15 ani de experien\u021b\u0103 \u00een industria logistic\u0103, RJS Shipping a construit rela\u021bii de \u00eencredere de lung\u0103 durat\u0103, at\u00e2t cu liniile de transport maritim c\u00e2t \u0219i cu furnizorii cheie din industrie, permi\u021b\u00e2nd astfel <a href=\"https:\/\/moverdb.com\/ro\/moving-to-the-united-states\/\" data-internallinksmanager029f6b8e52c=\"94\" title=\"V\u0103 muta\u021bi \u00een Statele Unite? 2026 Costurile vie\u021bii \u0219i sfaturi de relocare\">us<\/a> pentru a negocia cele mai bune tarife posibile pentru importul sau exportul lotului dumneavoastr\u0103.<\/p>\n<p> Cuno\u0219tin\u021bele noastre vaste ne permit s\u0103 le oferim clien\u021bilor no\u0219tri \u00eendrum\u0103ri \u0219i sfaturi nepre\u021buite \u00eenainte de transportul de m\u0103rfuri.<\/p>\n<p>Fie c\u0103 este vorba de un transport unic sau de un contract pe termen lung pentru transporturi regulate, RJS Shipping Ltd v\u0103 ofer\u0103 un serviciu profesional \u0219i personal.<\/p>\n<p><strong>Servicii suplimentare:<\/strong><\/p>\n<p>Companie de import-export<\/p>\n<p>Serviciul de logistic\u0103<\/p>\n<p>Companie de livrare<\/p>\n<p>Serviciul de expediere<\/p>\n<p>Exportator de vehicule<\/p>\n<p><strong>Adres\u0103:<\/strong> 3 The Hylands, Hockley SS5 4PP<\/p>\n<p><a href=\"https:\/\/www.rjsshipping.com\/\" target=\"_new\" rel=\"noopener\">RJS Shipping Ltd site web<\/a><\/p>\n<p><strong>Scor de revizuire: <\/strong>5<br \/> <strong>Num\u0103rul de recenzii:<\/strong> 5<br \/><a href=\"https:\/\/www.google.co.uk\/maps?cid=3454828561771062453&#038;hl=en&#038;gl=GB\" target=\"_new\" rel=\"noopener\">Citi\u021bi recenzii<\/a><\/p>\n<h2>FLH Transport SRL<\/h2>\n<p><img decoding=\"async\" src=\"https:\/\/moverdb.com\/wp-content\/uploads\/thumbnailpanoidpJcqrOsZqbwLRTqSCc6fbwcb_clientsearch.gws-prod.gpsw408h240yaw335.jpg\" alt='FLH Transport SRL' class=\"aligncenter\"><\/p>\n<p><strong>Descriere din partea \u00eentreprinderii: <\/strong>Serviciul de expediere a m\u0103rfurilor la nivel na\u021bional<\/p>\n<p><strong>Servicii suplimentare:<\/strong><\/p>\n<p>Serviciul de curierat<\/p>\n<p><strong>Adres\u0103:<\/strong> 2 Belvedere Ave, Hockley SS5 4UL<\/p>\n<p><a href=\"http:\/\/www.flhtransport.com\/\" target=\"_new\" rel=\"noopener\">Site-ul FLH Transport Ltd<\/a><\/p>\n<p><strong>Scor de revizuire: <\/strong>5<br \/> <strong>Num\u0103rul de recenzii:<\/strong> 2<br \/><a href=\"https:\/\/www.google.co.uk\/maps?cid=4157664211208922319&#038;hl=en&#038;gl=GB\" target=\"_new\" rel=\"noopener\">Citi\u021bi recenzii<\/a><\/p>\n<h2>Cum am ales cele mai bune companii de transport de marf\u0103 din Hockley<\/h2>\n<p>Am \u00eenceput cu un set de date de 2 companii de transport de marf\u0103 din Hockley pe care le-am putut g\u0103si prin Google Maps \u0219i le-am redus la cele mai bune 2.<\/p>\n<p>Pentru a face acest lucru, am eliminat orice companie care:<\/p>\n<ul>\n<li> Nu avea un site web<\/li>\n<li> Nu a avut comentarii<\/li>\n<li> A avut un scor mediu de recenzii sub 2.0<\/li>\n<\/ul>\n<p>\u00cen acest moment, dac\u0103 aveam 17 sau mai pu\u021bini expeditori, \u00eei enumeram pe to\u021bi.<\/p>\n<p>Pentru ora\u0219ele \u00een care am r\u0103mas cu mai mult de 17 expeditori, am f\u0103cut revizuiri suplimentare, fie prin cre\u0219terea scorului de recenzii necesar (de exemplu, de la un minim de 2,0 la 4,0) \u0219i\/sau prin cre\u0219terea num\u0103rului minim de recenzii necesare (de exemplu, de la cel pu\u021bin 1 recenzie la cel pu\u021bin 10).<\/p>\n<p>Re\u021bine\u021bi c\u0103 am utilizat doar datele de revizuire de la Google Maps \u0219i nu \u0219i de la alte site-uri web ter\u021be.<\/p>\n<p>Mai multe ora\u0219e:<\/p>\n<p><a href=\"https:\/\/moverdb.com\/ro\/expeditor-de-marfuri\/freight-forwarding-uk\/fareham-freight-forwarder\/\">Fareham Freight Forwarder<\/a><br \/><a href=\"https:\/\/moverdb.com\/ro\/expeditor-de-marfuri\/freight-forwarding-uk\/normanton-freight-forwarder\/\">Normanton Freight Forwarder<\/a><br \/><a href=\"https:\/\/moverdb.com\/ro\/expeditor-de-marfuri\/freight-forwarding-uk\/solihull-freight-forwarder\/\">Solihull Freight Forwarder<\/a><br \/><a href=\"https:\/\/moverdb.com\/ro\/expeditor-de-marfuri\/freight-forwarding-uk\/cleckheaton-freight-forwarder\/\">Cleckheaton Expeditor de m\u0103rfuri<\/a><br \/><a href=\"https:\/\/moverdb.com\/ro\/expeditor-de-marfuri\/freight-forwarding-uk\/stanford-le-hope-freight-forwarder\/\">Stanford-le-Hope Expeditor de m\u0103rfuri<\/a><\/p>","protected":false},"excerpt":{"rendered":"<p>Below we look at the 2 &#8220;best&#8221; Freight Forwarding companies in Hockley out of 2. To learn more about how we chose the best please consult our FAQ section at the end. Please not the following listings are in no particular order and we are not making any recommendations for any particular company. RJS Shipping [&hellip;]<\/p>\n","protected":false},"author":1,"featured_media":0,"parent":13427,"menu_order":0,"comment_status":"open","ping_status":"open","template":"","meta":{"_genesis_hide_title":false,"_genesis_hide_breadcrumbs":false,"_genesis_hide_singular_image":false,"_genesis_hide_footer_widgets":false,"_genesis_custom_body_class":"","_genesis_custom_post_class":"","_genesis_layout":"","footnotes":""},"class_list":{"0":"post-14046","1":"page","2":"type-page","3":"status-publish","5":"entry"},"_links":{"self":[{"href":"https:\/\/moverdb.com\/ro\/wp-json\/wp\/v2\/pages\/14046","targetHints":{"allow":["GET"]}}],"collection":[{"href":"https:\/\/moverdb.com\/ro\/wp-json\/wp\/v2\/pages"}],"about":[{"href":"https:\/\/moverdb.com\/ro\/wp-json\/wp\/v2\/types\/page"}],"author":[{"embeddable":true,"href":"https:\/\/moverdb.com\/ro\/wp-json\/wp\/v2\/users\/1"}],"replies":[{"embeddable":true,"href":"https:\/\/moverdb.com\/ro\/wp-json\/wp\/v2\/comments?post=14046"}],"version-history":[{"count":1,"href":"https:\/\/moverdb.com\/ro\/wp-json\/wp\/v2\/pages\/14046\/revisions"}],"predecessor-version":[{"id":15720,"href":"https:\/\/moverdb.com\/ro\/wp-json\/wp\/v2\/pages\/14046\/revisions\/15720"}],"up":[{"embeddable":true,"href":"https:\/\/moverdb.com\/ro\/wp-json\/wp\/v2\/pages\/13427"}],"wp:attachment":[{"href":"https:\/\/moverdb.com\/ro\/wp-json\/wp\/v2\/media?parent=14046"}],"curies":[{"name":"wp","href":"https:\/\/api.w.org\/{rel}","templated":true}]}}