{"id":14026,"date":"2023-11-08T15:53:54","date_gmt":"2023-11-08T15:53:54","guid":{"rendered":"https:\/\/moverdb.com\/freight-forwarder\/freight-forwarding-uk\/wisbech-freight-forwarder\/"},"modified":"2026-01-08T14:58:45","modified_gmt":"2026-01-08T14:58:45","slug":"wisbech-freight-forwarder","status":"publish","type":"page","link":"https:\/\/moverdb.com\/ro\/freight-forwarder\/freight-forwarding-uk\/wisbech-freight-forwarder\/","title":{"rendered":"2 Cele mai bune companii de transport de marf\u0103 din Wisbech (2024)"},"content":{"rendered":"<p>Mai jos ne uit\u0103m la cele 2 <em>\"cel mai bun\"<\/em> Societ\u0103\u021bile de transport din Wisbech din 3.<\/p>\n<p>Pentru a afla mai multe despre modul \u00een care i-am ales pe cei mai buni, v\u0103 rug\u0103m s\u0103 consulta\u021bi sec\u021biunea \u00centreb\u0103ri frecvente de la final.<\/p>\n<p><em>V\u0103 rug\u0103m s\u0103 re\u021bine\u021bi c\u0103 urm\u0103toarele liste nu sunt prezentate \u00eentr-o anumit\u0103 ordine \u0219i c\u0103 nu facem recomand\u0103ri pentru nicio companie anume.<\/em><\/p>\n<h2>Port Of Wisbech Ltd<\/h2>\n<p><img decoding=\"async\" src=\"https:\/\/moverdb.com\/wp-content\/uploads\/AF1QipPOoiMw80OHFihI_SpoxOmhKZo5WGYmoFGFI1CFw408-h544-k-no.jpg\" alt='Port Of Wisbech Ltd' class=\"aligncenter\"><\/p>\n<p><strong>Descriere din partea \u00eentreprinderii: <\/strong>Niciuna furnizat\u0103<\/p>\n<p><strong>Servicii suplimentare:<\/strong><\/p>\n<p><a href=\"https:\/\/moverdb.com\/ro\/top-49-container-ports\/\" data-internallinksmanager029f6b8e52c=\"80\" title=\"Top 49 cele mai mari \u0219i mai aglomerate porturi de containere \u00een 2026\">Port<\/a><\/p>\n<p>Companie de livrare<\/p>\n<p><strong>Adres\u0103:<\/strong> Nene Parade, Wisbech PE13 3BB<\/p>\n<p><a href=\"http:\/\/www.portofwisbech.co.uk\/\" target=\"_new\" rel=\"noopener\">Site-ul Port Of Wisbech Ltd<\/a><\/p>\n<p><strong>Scor de revizuire: <\/strong>4.2<br \/> <strong>Num\u0103rul de recenzii:<\/strong> 78<br \/><a href=\"https:\/\/www.google.co.uk\/maps?cid=8561414560230707035&#038;hl=en&#038;gl=GB\" target=\"_new\" rel=\"noopener\">Citi\u021bi recenzii<\/a><\/p>\n<h2>Woolner Freight Ltd<\/h2>\n<p><img decoding=\"async\" src=\"https:\/\/moverdb.com\/wp-content\/uploads\/AF1QipMNK0_pPK7C4gV8YVmW-9h4VTfVJ9mLf3CnwOimw426-h240-k-no.jpg\" alt='Woolner Freight Ltd' class=\"aligncenter\"><\/p>\n<p><strong>Descriere din partea \u00eentreprinderii: <\/strong>Aici, la Woolner Freight, suntem o companie de distribu\u021bie de pale\u021bi condus\u0103 de o familie cu valori excelente de servicii pentru clien\u021bi.<\/p>\n<p> Suntem speciali\u0219ti \u00een furnizarea de op\u021biuni de livrare locale, na\u021bionale \u0219i interna\u021bionale.<\/p>\n<p> Timpul \u00eenseamn\u0103 bani, iar noi v\u0103 putem salva pe am\u00e2ndoi!<\/p>\n<p><strong>Servicii suplimentare:<\/strong><\/p>\n<p>Serviciul de distribu\u021bie<\/p>\n<p>Serviciul de transport<\/p>\n<p><strong>Adres\u0103:<\/strong> The New Barn, 195 Smeeth Rd, Marshland St James, Wisbech PE14 8JB<\/p>\n<p><a href=\"https:\/\/woolnerfreight.co.uk\/\" target=\"_new\" rel=\"noopener\">Site-ul Woolner Freight Ltd<\/a><\/p>\n<p><strong>Scor de revizuire: <\/strong>4.2<br \/> <strong>Num\u0103rul de recenzii:<\/strong> 12<br \/><a href=\"https:\/\/www.google.co.uk\/maps?cid=10985679123709776891&#038;hl=en&#038;gl=GB\" target=\"_new\" rel=\"noopener\">Citi\u021bi recenzii<\/a><\/p>\n<h2>Cum am ales cele mai bune companii de transport de marf\u0103 Wisbech<\/h2>\n<p>Am \u00eenceput cu un set de date de 3 companii de transport de marf\u0103 din Wisbech pe care le-am putut g\u0103si prin Google Maps \u0219i le-am redus la cele mai bune 2.<\/p>\n<p>Pentru a face acest lucru, am eliminat orice companie care:<\/p>\n<ul>\n<li> Nu avea un site web<\/li>\n<li> Nu a avut comentarii<\/li>\n<li> A avut un scor mediu de recenzii sub 2.0<\/li>\n<\/ul>\n<p>\u00cen acest moment, dac\u0103 aveam 17 sau mai pu\u021bini expeditori, \u00eei enumeram pe to\u021bi.<\/p>\n<p>Pentru ora\u0219ele \u00een care am r\u0103mas cu mai mult de 17 expeditori, am f\u0103cut revizuiri suplimentare, fie prin cre\u0219terea scorului de recenzii necesar (de exemplu, de la un minim de 2,0 la 4,0) \u0219i\/sau prin cre\u0219terea num\u0103rului minim de recenzii necesare (de exemplu, de la cel pu\u021bin 1 recenzie la cel pu\u021bin 10).<\/p>\n<p>Re\u021bine\u021bi c\u0103 am utilizat doar datele de revizuire de la Google Maps \u0219i nu \u0219i de la alte site-uri web ter\u021be.<\/p>\n<p>Mai multe ora\u0219e:<\/p>\n<p><a href=\"https:\/\/moverdb.com\/ro\/expeditor-de-marfuri\/freight-forwarding-uk\/east-cowes-freight-forwarder\/\">East Cowes Expeditor de m\u0103rfuri<\/a><br \/><a href=\"https:\/\/moverdb.com\/ro\/expeditor-de-marfuri\/freight-forwarding-uk\/bury-freight-forwarder\/\">Bury Freight Forwarder<\/a><br \/><a href=\"https:\/\/moverdb.com\/ro\/expeditor-de-marfuri\/freight-forwarding-uk\/newcastle-upon-tyne-freight-forwarder\/\">Newcastle upon Tyne Expeditor de m\u0103rfuri<\/a><br \/><a href=\"https:\/\/moverdb.com\/ro\/expeditor-de-marfuri\/freight-forwarding-uk\/great-yarmouth-freight-forwarder\/\">Great Yarmouth Freight Forwarder<\/a><br \/><a href=\"https:\/\/moverdb.com\/ro\/expeditor-de-marfuri\/freight-forwarding-uk\/newport-freight-forwarder\/\">Newport Freight Forwarder<\/a><\/p>","protected":false},"excerpt":{"rendered":"<p>Below we look at the 2 &#8220;best&#8221; Freight Forwarding companies in Wisbech out of 3. To learn more about how we chose the best please consult our FAQ section at the end. Please not the following listings are in no particular order and we are not making any recommendations for any particular company. Port Of [&hellip;]<\/p>\n","protected":false},"author":1,"featured_media":0,"parent":13427,"menu_order":0,"comment_status":"open","ping_status":"open","template":"","meta":{"_genesis_hide_title":false,"_genesis_hide_breadcrumbs":false,"_genesis_hide_singular_image":false,"_genesis_hide_footer_widgets":false,"_genesis_custom_body_class":"","_genesis_custom_post_class":"","_genesis_layout":"","footnotes":""},"class_list":{"0":"post-14026","1":"page","2":"type-page","3":"status-publish","5":"entry"},"_links":{"self":[{"href":"https:\/\/moverdb.com\/ro\/wp-json\/wp\/v2\/pages\/14026","targetHints":{"allow":["GET"]}}],"collection":[{"href":"https:\/\/moverdb.com\/ro\/wp-json\/wp\/v2\/pages"}],"about":[{"href":"https:\/\/moverdb.com\/ro\/wp-json\/wp\/v2\/types\/page"}],"author":[{"embeddable":true,"href":"https:\/\/moverdb.com\/ro\/wp-json\/wp\/v2\/users\/1"}],"replies":[{"embeddable":true,"href":"https:\/\/moverdb.com\/ro\/wp-json\/wp\/v2\/comments?post=14026"}],"version-history":[{"count":1,"href":"https:\/\/moverdb.com\/ro\/wp-json\/wp\/v2\/pages\/14026\/revisions"}],"predecessor-version":[{"id":15758,"href":"https:\/\/moverdb.com\/ro\/wp-json\/wp\/v2\/pages\/14026\/revisions\/15758"}],"up":[{"embeddable":true,"href":"https:\/\/moverdb.com\/ro\/wp-json\/wp\/v2\/pages\/13427"}],"wp:attachment":[{"href":"https:\/\/moverdb.com\/ro\/wp-json\/wp\/v2\/media?parent=14026"}],"curies":[{"name":"wp","href":"https:\/\/api.w.org\/{rel}","templated":true}]}}