{"id":14016,"date":"2023-11-08T15:53:54","date_gmt":"2023-11-08T15:53:54","guid":{"rendered":"https:\/\/moverdb.com\/freight-forwarder\/freight-forwarding-uk\/skelmersdale-freight-forwarder\/"},"modified":"2026-01-08T14:58:32","modified_gmt":"2026-01-08T14:58:32","slug":"skelmersdale-freight-forwarder","status":"publish","type":"page","link":"https:\/\/moverdb.com\/ro\/freight-forwarder\/freight-forwarding-uk\/skelmersdale-freight-forwarder\/","title":{"rendered":"2 Cele mai bune companii de transport de marf\u0103 din Skelmersdale (2024)"},"content":{"rendered":"<p>Mai jos ne uit\u0103m la cele 2 <em>\"cel mai bun\"<\/em> Companii de transport marf\u0103 din Skelmersdale din 2.<\/p>\n<p>Pentru a afla mai multe despre modul \u00een care i-am ales pe cei mai buni, v\u0103 rug\u0103m s\u0103 consulta\u021bi sec\u021biunea \u00centreb\u0103ri frecvente de la final.<\/p>\n<p><em>V\u0103 rug\u0103m s\u0103 re\u021bine\u021bi c\u0103 urm\u0103toarele liste nu sunt prezentate \u00eentr-o anumit\u0103 ordine \u0219i c\u0103 nu facem recomand\u0103ri pentru nicio companie anume.<\/em><\/p>\n<h2>UKI EXPRESS TRANSPORT LTD<\/h2>\n<p><img decoding=\"async\" src=\"https:\/\/moverdb.com\/wp-content\/uploads\/AF1QipPWY8t8P2kBnqz5wmB_CQ201bXI5ljNxIIJM6Rzw408-h271-k-no.jpg\" alt='UKI EXPRESS TRANSPORT LTD' class=\"aligncenter\"><\/p>\n<p><strong>Descriere din partea \u00eentreprinderii: <\/strong>Niciuna furnizat\u0103<\/p>\n<p><strong>Servicii suplimentare:<\/strong><\/p>\n<p>Nu este listat<\/p>\n<p><strong>Adres\u0103:<\/strong> M58 Distribution Centre, Gillibrands Rd, Skelmersdale WN8 9TB<\/p>\n<p><a href=\"http:\/\/www.ukiexpress.com\/\" target=\"_new\" rel=\"noopener\">Site-ul UKI EXPRESS TRANSPORT LTD<\/a><\/p>\n<p><strong>Scor de revizuire: <\/strong>3.4<br \/> <strong>Num\u0103rul de recenzii:<\/strong> 54<br \/><a href=\"https:\/\/www.google.co.uk\/maps?cid=10877584415216437073&#038;hl=en&#038;gl=GB\" target=\"_new\" rel=\"noopener\">Citi\u021bi recenzii<\/a><\/p>\n<h2>Hemisphere Freight Services Ltd (HFS) Sucursala Liverpool<\/h2>\n<p><img decoding=\"async\" src=\"https:\/\/moverdb.com\/wp-content\/uploads\/AF1QipOVPbkeq702JVZ-rp57aKAxSfl-hS4M8n8tnYNXw408-h272-k-no.jpg\" alt='Hemisphere Freight Services Ltd (HFS) Sucursala Liverpool' class=\"aligncenter\"><\/p>\n<p><strong>Descriere din partea \u00eentreprinderii: <\/strong>Facilitatea noastr\u0103 de depozitare din Skelmersdale este situat\u0103 strategic pentru m\u0103rfurile containerizate sau necontainerizate care pleac\u0103 sau sosesc \u00een <a href=\"\" data-internallinksmanager029f6b8e52c=\"49\" title=\"Liverpool\">Liverpool<\/a> <a href=\"https:\/\/moverdb.com\/ro\/top-49-container-ports\/\" data-internallinksmanager029f6b8e52c=\"80\" title=\"Top 49 cele mai mari \u0219i mai aglomerate porturi de containere \u00een 2026\">Port<\/a> \u0219i terminalul de containere \u00een ape ad\u00e2nci Liverpool2 (L2).<\/p>\n<p> Pe l\u00e2ng\u0103 cross-docking, depozitarea \u0219i distribu\u021bia de pale\u021bi, putem oferi, de asemenea, servicii de preluare \u0219i ambalare \u0219i servicii cu valoare ad\u0103ugat\u0103 (VAS) de la sediul nostru din Skelmersdale.<\/p>\n<p>Oferim o gam\u0103 larg\u0103 de servicii logistice \u0219i de transport de marf\u0103, inclusiv, dar f\u0103r\u0103 a ne limita la transport rutier, transport aerian, transport maritim \u0219i logistic\u0103, logistic\u0103 de proiect, v\u0103muire, transport de containere, management total al logisticii, logistic\u0103 auto, transport de m\u0103rfuri periculoase, logistic\u0103 de comer\u021b electronic, transport de energie, transport farmaceutic, logistic\u0103 de materiale reciclabile, \u00eenc\u0103rc\u0103turi anormale \u0219i multe altele.<\/p>\n<p><strong>Servicii suplimentare:<\/strong><\/p>\n<p>Depozit vamal<\/p>\n<p>Serviciul de logistic\u0103<\/p>\n<p>Depozit<\/p>\n<p><strong>Adres\u0103:<\/strong> 5 Paxton Pl, Skelmersdale WN8 9QH<\/p>\n<p><a href=\"https:\/\/www.hemisphere-freight.com\/contact\/liverpool\/?utm_source=Google&#038;utm_medium=Organic&#038;utm_campaign=Google%20My%20Business\" target=\"_new\" rel=\"noopener\">Site-ul Hemisphere Freight Services Ltd (HFS) Liverpool Branch<\/a><\/p>\n<p><strong>Scor de revizuire: <\/strong>4.8<br \/> <strong>Num\u0103rul de recenzii:<\/strong> 9<br \/><a href=\"https:\/\/www.google.co.uk\/maps?cid=14914104947181205588&#038;hl=en&#038;gl=GB\" target=\"_new\" rel=\"noopener\">Citi\u021bi recenzii<\/a><\/p>\n<h2>Cum am ales cele mai bune companii de transport de marf\u0103 din Skelmersdale<\/h2>\n<p>Am \u00eenceput cu un set de date de 2 companii de transport de marf\u0103 din Skelmersdale pe care le-am putut g\u0103si prin Google Maps \u0219i le-am redus la cele mai bune 2.<\/p>\n<p>Pentru a face acest lucru, am eliminat orice companie care:<\/p>\n<ul>\n<li> Nu avea un site web<\/li>\n<li> Nu a avut comentarii<\/li>\n<li> A avut un scor mediu de recenzii sub 2.0<\/li>\n<\/ul>\n<p>\u00cen acest moment, dac\u0103 aveam 17 sau mai pu\u021bini expeditori, \u00eei enumeram pe to\u021bi.<\/p>\n<p>Pentru ora\u0219ele \u00een care am r\u0103mas cu mai mult de 17 expeditori, am f\u0103cut revizuiri suplimentare, fie prin cre\u0219terea scorului de recenzii necesar (de exemplu, de la un minim de 2,0 la 4,0) \u0219i\/sau prin cre\u0219terea num\u0103rului minim de recenzii necesare (de exemplu, de la cel pu\u021bin 1 recenzie la cel pu\u021bin 10).<\/p>\n<p>Re\u021bine\u021bi c\u0103 am utilizat doar datele de revizuire de la Google Maps \u0219i nu \u0219i de la alte site-uri web ter\u021be.<\/p>\n<p>Mai multe ora\u0219e:<\/p>\n<p><a href=\"https:\/\/moverdb.com\/ro\/expeditor-de-marfuri\/freight-forwarding-uk\/walsall-freight-forwarder\/\">Walsall Freight Forwarder<\/a><br \/><a href=\"https:\/\/moverdb.com\/ro\/expeditor-de-marfuri\/freight-forwarding-uk\/stockton-on-tees-freight-forwarder\/\">Stockton-on-Tees Expeditor de m\u0103rfuri<\/a><br \/><a href=\"https:\/\/moverdb.com\/ro\/expeditor-de-marfuri\/freight-forwarding-uk\/middlesex-freight-forwarder\/\">Middlesex Freight Forwarder<\/a><br \/><a href=\"https:\/\/moverdb.com\/ro\/expeditor-de-marfuri\/freight-forwarding-uk\/wisbech-freight-forwarder\/\">Wisbech Freight Forwarder<\/a><br \/><a href=\"https:\/\/moverdb.com\/ro\/expeditor-de-marfuri\/freight-forwarding-uk\/east-cowes-freight-forwarder\/\">East Cowes Expeditor de m\u0103rfuri<\/a><\/p>","protected":false},"excerpt":{"rendered":"<p>Below we look at the 2 &#8220;best&#8221; Freight Forwarding companies in Skelmersdale out of 2. To learn more about how we chose the best please consult our FAQ section at the end. Please not the following listings are in no particular order and we are not making any recommendations for any particular company. UKI EXPRESS [&hellip;]<\/p>\n","protected":false},"author":1,"featured_media":0,"parent":13427,"menu_order":0,"comment_status":"open","ping_status":"open","template":"","meta":{"_genesis_hide_title":false,"_genesis_hide_breadcrumbs":false,"_genesis_hide_singular_image":false,"_genesis_hide_footer_widgets":false,"_genesis_custom_body_class":"","_genesis_custom_post_class":"","_genesis_layout":"","footnotes":""},"class_list":{"0":"post-14016","1":"page","2":"type-page","3":"status-publish","5":"entry"},"_links":{"self":[{"href":"https:\/\/moverdb.com\/ro\/wp-json\/wp\/v2\/pages\/14016","targetHints":{"allow":["GET"]}}],"collection":[{"href":"https:\/\/moverdb.com\/ro\/wp-json\/wp\/v2\/pages"}],"about":[{"href":"https:\/\/moverdb.com\/ro\/wp-json\/wp\/v2\/types\/page"}],"author":[{"embeddable":true,"href":"https:\/\/moverdb.com\/ro\/wp-json\/wp\/v2\/users\/1"}],"replies":[{"embeddable":true,"href":"https:\/\/moverdb.com\/ro\/wp-json\/wp\/v2\/comments?post=14016"}],"version-history":[{"count":1,"href":"https:\/\/moverdb.com\/ro\/wp-json\/wp\/v2\/pages\/14016\/revisions"}],"predecessor-version":[{"id":15746,"href":"https:\/\/moverdb.com\/ro\/wp-json\/wp\/v2\/pages\/14016\/revisions\/15746"}],"up":[{"embeddable":true,"href":"https:\/\/moverdb.com\/ro\/wp-json\/wp\/v2\/pages\/13427"}],"wp:attachment":[{"href":"https:\/\/moverdb.com\/ro\/wp-json\/wp\/v2\/media?parent=14016"}],"curies":[{"name":"wp","href":"https:\/\/api.w.org\/{rel}","templated":true}]}}