{"id":13969,"date":"2023-11-08T15:53:54","date_gmt":"2023-11-08T15:53:54","guid":{"rendered":"https:\/\/moverdb.com\/freight-forwarder\/freight-forwarding-uk\/iver-freight-forwarder\/"},"modified":"2026-01-08T13:17:35","modified_gmt":"2026-01-08T13:17:35","slug":"iver-freight-forwarder","status":"publish","type":"page","link":"https:\/\/moverdb.com\/ro\/freight-forwarder\/freight-forwarding-uk\/iver-freight-forwarder\/","title":{"rendered":"3 Cele mai bune companii de transport de marf\u0103 din Iver (2024)"},"content":{"rendered":"<p>Mai jos ne uit\u0103m la cele 3 <em>\"cel mai bun\"<\/em> Companiile de transport din Iver din 7.<\/p>\n<p>Pentru a afla mai multe despre modul \u00een care i-am ales pe cei mai buni, v\u0103 rug\u0103m s\u0103 consulta\u021bi sec\u021biunea \u00centreb\u0103ri frecvente de la final.<\/p>\n<p><em>V\u0103 rug\u0103m s\u0103 re\u021bine\u021bi c\u0103 urm\u0103toarele liste nu sunt prezentate \u00eentr-o anumit\u0103 ordine \u0219i c\u0103 nu facem recomand\u0103ri pentru nicio companie anume.<\/em><\/p>\n<div id=\"ez-toc-container\" class=\"ez-toc-v2_0_82_2 ez-toc-wrap-left counter-hierarchy ez-toc-counter ez-toc-transparent ez-toc-container-direction\">\n<div class=\"ez-toc-title-container\">\n<p class=\"ez-toc-title\" style=\"cursor:inherit\">Sec\u021biuni<\/p>\n<span class=\"ez-toc-title-toggle\"><a href=\"#\" class=\"ez-toc-pull-right ez-toc-btn ez-toc-btn-xs ez-toc-btn-default ez-toc-toggle\" aria-label=\"Comuta\u021bi tabelul de con\u021binut\"><span class=\"ez-toc-js-icon-con\"><span class=\"\"><span class=\"eztoc-hide\" style=\"display:none;\">Toggle<\/span><span class=\"ez-toc-icon-toggle-span\"><svg style=\"fill: #999;color:#999\" xmlns=\"http:\/\/www.w3.org\/2000\/svg\" class=\"list-377408\" width=\"20px\" height=\"20px\" viewbox=\"0 0 24 24\" fill=\"none\"><path d=\"M6 6H4v2h2V6zm14 0H8v2h12V6zM4 11h2v2H4v-2zm16 0H8v2h12v-2zM4 16h2v2H4v-2zm16 0H8v2h12v-2z\" fill=\"currentColor\"><\/path><\/svg><svg style=\"fill: #999;color:#999\" class=\"arrow-unsorted-368013\" xmlns=\"http:\/\/www.w3.org\/2000\/svg\" width=\"10px\" height=\"10px\" viewbox=\"0 0 24 24\" version=\"1.2\" baseprofile=\"tiny\"><path d=\"M18.2 9.3l-6.2-6.3-6.2 6.3c-.2.2-.3.4-.3.7s.1.5.3.7c.2.2.4.3.7.3h11c.3 0 .5-.1.7-.3.2-.2.3-.5.3-.7s-.1-.5-.3-.7zM5.8 14.7l6.2 6.3 6.2-6.3c.2-.2.3-.5.3-.7s-.1-.5-.3-.7c-.2-.2-.4-.3-.7-.3h-11c-.3 0-.5.1-.7.3-.2.2-.3.5-.3.7s.1.5.3.7z\"\/><\/svg><\/span><\/span><\/span><\/a><\/span><\/div>\n<nav><ul class='ez-toc-list ez-toc-list-level-1 eztoc-toggle-hide-by-default' ><li class='ez-toc-page-1 ez-toc-heading-level-2'><a class=\"ez-toc-link ez-toc-heading-1\" href=\"https:\/\/moverdb.com\/ro\/freight-forwarder\/freight-forwarding-uk\/iver-freight-forwarder\/#Clarity_Cargo_Limited\" >Clarity Cargo Limited<\/a><\/li><li class='ez-toc-page-1 ez-toc-heading-level-2'><a class=\"ez-toc-link ez-toc-heading-2\" href=\"https:\/\/moverdb.com\/ro\/freight-forwarder\/freight-forwarding-uk\/iver-freight-forwarder\/#Telenet_Global_Logistics\" >Telenet Global Logistics<\/a><\/li><li class='ez-toc-page-1 ez-toc-heading-level-2'><a class=\"ez-toc-link ez-toc-heading-3\" href=\"https:\/\/moverdb.com\/ro\/freight-forwarder\/freight-forwarding-uk\/iver-freight-forwarder\/#Rhodes_Freight_Services_Ltd\" >Rhodes Freight Services Ltd<\/a><\/li><li class='ez-toc-page-1 ez-toc-heading-level-2'><a class=\"ez-toc-link ez-toc-heading-4\" href=\"https:\/\/moverdb.com\/ro\/freight-forwarder\/freight-forwarding-uk\/iver-freight-forwarder\/#How_we_picked_the_best_Iver_Freight_Forwarding_Companies\" >Cum am ales cele mai bune companii de transport de marf\u0103 din Iver<\/a><\/li><\/ul><\/nav><\/div>\n<h2><span class=\"ez-toc-section\" id=\"Clarity_Cargo_Limited\"><\/span>Clarity Cargo Limited<span class=\"ez-toc-section-end\"><\/span><\/h2>\n<p><img decoding=\"async\" src=\"https:\/\/moverdb.com\/wp-content\/uploads\/AF1QipP0oec1jy_H0NUSuZWNhSBk7JlRXh_oWLGNdgDew408-h290-k-no.jpg\" alt='Clarity Cargo Limited' class=\"aligncenter\"><\/p>\n<p><strong>Descriere din partea \u00eentreprinderii: <\/strong>Clarity Cargo Limited este o companie Daily <a href=\"https:\/\/moverdb.com\/ro\/moving-to-ireland\/\" data-internallinksmanager029f6b8e52c=\"320\" title=\"V\u0103 muta\u021bi \u00een Irlanda? 2026 Costurile vie\u021bii \u0219i sfaturi de relocare\">Irlanda<\/a> \u0219i European Express Pallet Transport Service din Londra.<\/p>\n<p> Serviciul nostru logistic ofer\u0103 livr\u0103ri \u00een Irlanda \u00een 24 de ore.<\/p>\n<p> Cu ajutorul sistemului inteligent de urm\u0103rire a vehiculelor noastre \u0219i al echipamentelor de ultim\u0103 genera\u021bie, asigur\u0103m livr\u0103ri Express sigure \u0219i programate \u00een multe \u021b\u0103ri europene.<\/p>\n<p> Clarity Cargo v\u0103 ofer\u0103 cea mai bun\u0103 op\u021biune pentru a asigura servicii optime pentru baza dumneavoastr\u0103 de clien\u021bi.<\/p>\n<p> Beneficia\u021bi de serviciile noastre interne complete de v\u0103muire \u0219i de livr\u0103rile expres de pale\u021bi c\u0103tre Irlanda de Sud \u0219i Europa.<\/p>\n<p> Cre\u0219te\u021bi-v\u0103 v\u00e2nz\u0103rile pe pia\u021ba extins\u0103 din Irlanda cu ajutorul distribu\u021biei noastre rapide, convenabile \u0219i accesibile de pale\u021bi expres.<\/p>\n<p> Fiecare transport este monitorizat prin sistemul de urm\u0103rire Clarity, asigur\u00e2nd o mi\u0219care dinamic\u0103 \u00een numele dumneavoastr\u0103.<\/p>\n<p><strong>Servicii suplimentare:<\/strong><\/p>\n<p>Companie de livrare<\/p>\n<p>Serviciul de transport<\/p>\n<p><strong>Adres\u0103:<\/strong> Unitatea 2a, 2b The Ridgeway, Iver SL0 9JQ<\/p>\n<p><a href=\"https:\/\/www.claritycargo.com\/\" target=\"_new\" rel=\"noopener\">Site web Clarity Cargo Limited<\/a><\/p>\n<p><strong>Scor de revizuire: <\/strong>5<br \/> <strong>Num\u0103rul de recenzii:<\/strong> 38<br \/><a href=\"https:\/\/www.google.co.uk\/maps?cid=10874642115702949340&#038;hl=en&#038;gl=GB\" target=\"_new\" rel=\"noopener\">Citi\u021bi recenzii<\/a><\/p>\n<h2><span class=\"ez-toc-section\" id=\"Telenet_Global_Logistics\"><\/span>Telenet Global Logistics<span class=\"ez-toc-section-end\"><\/span><\/h2>\n<p><img decoding=\"async\" src=\"https:\/\/moverdb.com\/wp-content\/uploads\/AF1QipP01RnwujXm0lb4sGEMlj-Z0U8VyKPrXUu2x8Yw408-h306-k-no.jpg\" alt='Telenet Global Logistics' class=\"aligncenter\"><\/p>\n<p><strong>Descriere din partea \u00eentreprinderii: <\/strong>Niciuna furnizat\u0103<\/p>\n<p><strong>Servicii suplimentare:<\/strong><\/p>\n<p>Serviciul de logistic\u0103<\/p>\n<p><strong>Adres\u0103:<\/strong> 3B Ridgeway, Iver SL0 9JQ<\/p>\n<p><a href=\"https:\/\/www.telenetlogistics.com\/\" target=\"_new\" rel=\"noopener\">Site-ul Telenet Global Logistics<\/a><\/p>\n<p><strong>Scor de revizuire: <\/strong>4.6<br \/> <strong>Num\u0103rul de recenzii:<\/strong> 11<br \/><a href=\"https:\/\/www.google.co.uk\/maps?cid=11765667240663478835&#038;hl=en&#038;gl=GB\" target=\"_new\" rel=\"noopener\">Citi\u021bi recenzii<\/a><\/p>\n<h2><span class=\"ez-toc-section\" id=\"Rhodes_Freight_Services_Ltd\"><\/span>Rhodes Freight Services Ltd<span class=\"ez-toc-section-end\"><\/span><\/h2>\n<p><img decoding=\"async\" src=\"https:\/\/moverdb.com\/wp-content\/uploads\/AF1QipMm9i5CRGZADeaNZzwze_5aBudBPSQnsvLjIlzYw408-h272-k-no.jpg\" alt='Rhodes Freight Services Ltd' class=\"aligncenter\"><\/p>\n<p><strong>Descriere din partea \u00eentreprinderii: <\/strong>Rhodes Freight Services LTD ofer\u0103 servicii de transport cu temperatur\u0103 controlat\u0103 \u00een <a href=\"https:\/\/moverdb.com\/ro\/moving-to-the-uk\/\" data-internallinksmanager029f6b8e52c=\"93\" title=\"V\u0103 muta\u021bi \u00een Regatul Unit? 2026 Costurile vie\u021bii \u0219i sfaturi de relocare\">MAREA BRITANIE<\/a> &amp; Europa din 1992.<\/p>\n<p>Suntem o afacere de familie cu valori \u0219i standarde de baz\u0103 excelente.<\/p>\n<p>Construit de la \u00eenceputuri umile, cu mult\u0103 munc\u0103 \u0219i onestitate.<\/p>\n<p> \u00centotdeauna a fost vorba de clien\u021bii no\u0219tri \u0219i de modul \u00een care putem u\u0219ura orice povar\u0103 pentru ei \u0219i pentru clien\u021bii lor prin furnizarea celui mai bun serviciu de transport de marf\u0103 cu temperatur\u0103 controlat\u0103 din Marea Britanie.<\/p>\n<p>Func\u021bion\u0103m 24 de ore pe zi, 7 zile pe s\u0103pt\u0103m\u00e2n\u0103.<\/p>\n<p> Cele mai populare servicii ale noastre sunt:<\/p>\n<p>Transport dedicat<br \/>\nTransport aerian de m\u0103rfuri perisabile \u00een Marea Britanie \u0219i Europa<br \/>\nDepozitare \u0219i depozitare<br \/>\nDistribu\u021bie cu temperatur\u0103 controlat\u0103 UK<br \/>\nTransportul aeroportuar \u00een Europa<br \/>\nTransportul aerian de m\u0103rfuri \u00een Europa \u0219i Marea Britanie<br \/>\nDepozitare cu temperatur\u0103 controlat\u0103<br \/>\nGrafice, Citate Rapoarte<\/p>\n<p><strong>Servicii suplimentare:<\/strong><\/p>\n<p>Nu este listat<\/p>\n<p><strong>Adres\u0103:<\/strong> 3c, Ridgeway Distribution Centre, Ridgeway, Iver SL0 9JQ<\/p>\n<p><a href=\"http:\/\/www.rhodesfreightservices.co.uk\/\" target=\"_new\" rel=\"noopener\">Site-ul web al Rhodes Freight Services Ltd<\/a><\/p>\n<p><strong>Scor de revizuire: <\/strong>4.5<br \/> <strong>Num\u0103rul de recenzii:<\/strong> 21<br \/><a href=\"https:\/\/www.google.co.uk\/maps?cid=13537297874661650619&#038;hl=en&#038;gl=GB\" target=\"_new\" rel=\"noopener\">Citi\u021bi recenzii<\/a><\/p>\n<h2><span class=\"ez-toc-section\" id=\"How_we_picked_the_best_Iver_Freight_Forwarding_Companies\"><\/span>Cum am ales cele mai bune companii de transport de marf\u0103 din Iver<span class=\"ez-toc-section-end\"><\/span><\/h2>\n<p>Am \u00eenceput cu un set de date de 7 companii de transport de marf\u0103 din Iver pe care le-am putut g\u0103si prin Google Maps \u0219i le-am redus la cele mai bune 3.<\/p>\n<p>Pentru a face acest lucru, am eliminat orice companie care:<\/p>\n<ul>\n<li> Nu avea un site web<\/li>\n<li> Nu a avut comentarii<\/li>\n<li> A avut un scor mediu de recenzii sub 2.0<\/li>\n<\/ul>\n<p>\u00cen acest moment, dac\u0103 aveam 17 sau mai pu\u021bini expeditori, \u00eei enumeram pe to\u021bi.<\/p>\n<p>Pentru ora\u0219ele \u00een care am r\u0103mas cu mai mult de 17 expeditori, am f\u0103cut revizuiri suplimentare, fie prin cre\u0219terea scorului de recenzii necesar (de exemplu, de la un minim de 2,0 la 4,0) \u0219i\/sau prin cre\u0219terea num\u0103rului minim de recenzii necesare (de exemplu, de la cel pu\u021bin 1 recenzie la cel pu\u021bin 10).<\/p>\n<p>Re\u021bine\u021bi c\u0103 am utilizat doar datele de revizuire de la Google Maps \u0219i nu \u0219i de la alte site-uri web ter\u021be.<\/p>\n<p>Mai multe ora\u0219e:<\/p>\n<p><a href=\"https:\/\/moverdb.com\/ro\/expeditor-de-marfuri\/freight-forwarding-uk\/nuneaton-freight-forwarder\/\">Nuneaton Freight Forwarder<\/a><br \/><a href=\"https:\/\/moverdb.com\/ro\/expeditor-de-marfuri\/freight-forwarding-uk\/belvedere-freight-forwarder\/\">Belvedere Freight Forwarder<\/a><br \/><a href=\"https:\/\/moverdb.com\/ro\/expeditor-de-marfuri\/freight-forwarding-uk\/portsmouth-freight-forwarder\/\">Portsmouth Freight Forwarder<\/a><br \/><a href=\"https:\/\/moverdb.com\/ro\/expeditor-de-marfuri\/freight-forwarding-uk\/dagenham-freight-forwarder\/\">Dagenham Freight Forwarder<\/a><br \/><a href=\"https:\/\/moverdb.com\/ro\/expeditor-de-marfuri\/freight-forwarding-uk\/renfrew-freight-forwarder\/\">Renfrew Freight Forwarder<\/a><\/p>","protected":false},"excerpt":{"rendered":"<p>Below we look at the 3 &#8220;best&#8221; Freight Forwarding companies in Iver out of 7. To learn more about how we chose the best please consult our FAQ section at the end. Please not the following listings are in no particular order and we are not making any recommendations for any particular company. Clarity Cargo [&hellip;]<\/p>\n","protected":false},"author":1,"featured_media":0,"parent":13427,"menu_order":0,"comment_status":"open","ping_status":"open","template":"","meta":{"_genesis_hide_title":false,"_genesis_hide_breadcrumbs":false,"_genesis_hide_singular_image":false,"_genesis_hide_footer_widgets":false,"_genesis_custom_body_class":"","_genesis_custom_post_class":"","_genesis_layout":"","footnotes":""},"class_list":{"0":"post-13969","1":"page","2":"type-page","3":"status-publish","5":"entry"},"_links":{"self":[{"href":"https:\/\/moverdb.com\/ro\/wp-json\/wp\/v2\/pages\/13969","targetHints":{"allow":["GET"]}}],"collection":[{"href":"https:\/\/moverdb.com\/ro\/wp-json\/wp\/v2\/pages"}],"about":[{"href":"https:\/\/moverdb.com\/ro\/wp-json\/wp\/v2\/types\/page"}],"author":[{"embeddable":true,"href":"https:\/\/moverdb.com\/ro\/wp-json\/wp\/v2\/users\/1"}],"replies":[{"embeddable":true,"href":"https:\/\/moverdb.com\/ro\/wp-json\/wp\/v2\/comments?post=13969"}],"version-history":[{"count":1,"href":"https:\/\/moverdb.com\/ro\/wp-json\/wp\/v2\/pages\/13969\/revisions"}],"predecessor-version":[{"id":15769,"href":"https:\/\/moverdb.com\/ro\/wp-json\/wp\/v2\/pages\/13969\/revisions\/15769"}],"up":[{"embeddable":true,"href":"https:\/\/moverdb.com\/ro\/wp-json\/wp\/v2\/pages\/13427"}],"wp:attachment":[{"href":"https:\/\/moverdb.com\/ro\/wp-json\/wp\/v2\/media?parent=13969"}],"curies":[{"name":"wp","href":"https:\/\/api.w.org\/{rel}","templated":true}]}}