{"id":13953,"date":"2023-11-08T15:53:26","date_gmt":"2023-11-08T15:53:26","guid":{"rendered":"https:\/\/moverdb.com\/freight-forwarder\/freight-forwarding-uk\/ilford-freight-forwarder\/"},"modified":"2026-01-08T13:17:34","modified_gmt":"2026-01-08T13:17:34","slug":"ilford-freight-forwarder","status":"publish","type":"page","link":"https:\/\/moverdb.com\/ro\/freight-forwarder\/freight-forwarding-uk\/ilford-freight-forwarder\/","title":{"rendered":"3 Cele mai bune companii de transport de marf\u0103 din Ilford (2024)"},"content":{"rendered":"<p>Mai jos ne uit\u0103m la cele 3 <em>\"cel mai bun\"<\/em> Companiile de transport marf\u0103 din Ilford din 5.<\/p>\n<p>Pentru a afla mai multe despre modul \u00een care i-am ales pe cei mai buni, v\u0103 rug\u0103m s\u0103 consulta\u021bi sec\u021biunea \u00centreb\u0103ri frecvente de la final.<\/p>\n<p><em>V\u0103 rug\u0103m s\u0103 re\u021bine\u021bi c\u0103 urm\u0103toarele liste nu sunt prezentate \u00eentr-o anumit\u0103 ordine \u0219i c\u0103 nu facem recomand\u0103ri pentru nicio companie anume.<\/em><\/p>\n<div id=\"ez-toc-container\" class=\"ez-toc-v2_0_82_2 ez-toc-wrap-left counter-hierarchy ez-toc-counter ez-toc-transparent ez-toc-container-direction\">\n<div class=\"ez-toc-title-container\">\n<p class=\"ez-toc-title\" style=\"cursor:inherit\">Sec\u021biuni<\/p>\n<span class=\"ez-toc-title-toggle\"><a href=\"#\" class=\"ez-toc-pull-right ez-toc-btn ez-toc-btn-xs ez-toc-btn-default ez-toc-toggle\" aria-label=\"Comuta\u021bi tabelul de con\u021binut\"><span class=\"ez-toc-js-icon-con\"><span class=\"\"><span class=\"eztoc-hide\" style=\"display:none;\">Toggle<\/span><span class=\"ez-toc-icon-toggle-span\"><svg style=\"fill: #999;color:#999\" xmlns=\"http:\/\/www.w3.org\/2000\/svg\" class=\"list-377408\" width=\"20px\" height=\"20px\" viewbox=\"0 0 24 24\" fill=\"none\"><path d=\"M6 6H4v2h2V6zm14 0H8v2h12V6zM4 11h2v2H4v-2zm16 0H8v2h12v-2zM4 16h2v2H4v-2zm16 0H8v2h12v-2z\" fill=\"currentColor\"><\/path><\/svg><svg style=\"fill: #999;color:#999\" class=\"arrow-unsorted-368013\" xmlns=\"http:\/\/www.w3.org\/2000\/svg\" width=\"10px\" height=\"10px\" viewbox=\"0 0 24 24\" version=\"1.2\" baseprofile=\"tiny\"><path d=\"M18.2 9.3l-6.2-6.3-6.2 6.3c-.2.2-.3.4-.3.7s.1.5.3.7c.2.2.4.3.7.3h11c.3 0 .5-.1.7-.3.2-.2.3-.5.3-.7s-.1-.5-.3-.7zM5.8 14.7l6.2 6.3 6.2-6.3c.2-.2.3-.5.3-.7s-.1-.5-.3-.7c-.2-.2-.4-.3-.7-.3h-11c-.3 0-.5.1-.7.3-.2.2-.3.5-.3.7s.1.5.3.7z\"\/><\/svg><\/span><\/span><\/span><\/a><\/span><\/div>\n<nav><ul class='ez-toc-list ez-toc-list-level-1 eztoc-toggle-hide-by-default' ><li class='ez-toc-page-1 ez-toc-heading-level-2'><a class=\"ez-toc-link ez-toc-heading-1\" href=\"https:\/\/moverdb.com\/ro\/freight-forwarder\/freight-forwarding-uk\/ilford-freight-forwarder\/#GbXpress_cargo\" >GbXpress cargo<\/a><\/li><li class='ez-toc-page-1 ez-toc-heading-level-2'><a class=\"ez-toc-link ez-toc-heading-2\" href=\"https:\/\/moverdb.com\/ro\/freight-forwarder\/freight-forwarding-uk\/ilford-freight-forwarder\/#Luna_Shipping_Ltd\" >Luna Shipping Ltd<\/a><\/li><li class='ez-toc-page-1 ez-toc-heading-level-2'><a class=\"ez-toc-link ez-toc-heading-3\" href=\"https:\/\/moverdb.com\/ro\/freight-forwarder\/freight-forwarding-uk\/ilford-freight-forwarder\/#ALAMRY_GLOBAL_CARGO_LTD\" >ALAMRY GLOBAL CARGO LTD<\/a><\/li><li class='ez-toc-page-1 ez-toc-heading-level-2'><a class=\"ez-toc-link ez-toc-heading-4\" href=\"https:\/\/moverdb.com\/ro\/freight-forwarder\/freight-forwarding-uk\/ilford-freight-forwarder\/#How_we_picked_the_best_Ilford_Freight_Forwarding_Companies\" >Cum am ales cele mai bune companii de transport de marf\u0103 din Ilford<\/a><\/li><\/ul><\/nav><\/div>\n<h2><span class=\"ez-toc-section\" id=\"GbXpress_cargo\"><\/span>GbXpress cargo<span class=\"ez-toc-section-end\"><\/span><\/h2>\n<p><img decoding=\"async\" src=\"https:\/\/moverdb.com\/wp-content\/uploads\/thumbnailpanoidlay4WTXqxapmWL6nmtVrGwcb_clientsearch.gws-prod.gpsw408h240yaw303.jpg\" alt='GbXpress cargo' class=\"aligncenter\"><\/p>\n<p><strong>Descriere din partea \u00eentreprinderii: <\/strong>Servicii de transport de marf\u0103 din u\u0219\u0103 \u00een u\u0219\u0103 c\u0103tre orice loc din <a href=\"https:\/\/moverdb.com\/ro\/moving-companies\/moving-companies-nigeria\/\" data-internallinksmanager029f6b8e52c=\"280\" title=\"10 Cele mai bune companii interna\u021bionale de mutare din Nigeria\">Nigeria<\/a>.<\/p>\n<p> Livr\u0103m articolele dvs. pe calea aerului (2-5 zile lucr\u0103toare) sau pe cale maritim\u0103 (4-6 s\u0103pt\u0103m\u00e2ni).<\/p>\n<p>.<\/p>\n<p>.<\/p>\n<p>.<\/p>\n<p>.<\/p>\n<p>.<\/p>\n<p>.<\/p>\n<p>.<\/p>\n<p>.<\/p>\n<p>.<\/p>\n<p>.<\/p>\n<p>U\u0219or de f\u0103cut livrarea.<\/p>\n<p>.<\/p>\n<p>.<\/p>\n<p>.<\/p>\n<p><strong>Servicii suplimentare:<\/strong><\/p>\n<p>Nu este listat<\/p>\n<p><strong>Adres\u0103:<\/strong> Gable House, Suit A, 1 Balfour Rd, Ilford IG1 4HP<\/p>\n<p><a href=\"http:\/\/www.gbxpresscargo.com\/\" target=\"_new\" rel=\"noopener\">Site-ul web al GbXpress cargo<\/a><\/p>\n<p><strong>Scor de revizuire: <\/strong>5<br \/> <strong>Num\u0103rul de recenzii:<\/strong> 1<br \/><a href=\"https:\/\/www.google.co.uk\/maps?cid=11552310791923458047&#038;hl=en&#038;gl=GB\" target=\"_new\" rel=\"noopener\">Citi\u021bi recenzii<\/a><\/p>\n<h2><span class=\"ez-toc-section\" id=\"Luna_Shipping_Ltd\"><\/span>Luna Shipping Ltd<span class=\"ez-toc-section-end\"><\/span><\/h2>\n<p><img decoding=\"async\" src=\"https:\/\/moverdb.com\/wp-content\/uploads\/AF1QipN1tGVMR1n9Sd4ESvosJJ_j9mVW3ytQp1v_B0h5w408-h270-k-no.png\" alt='Luna Shipping Ltd' class=\"aligncenter\"><\/p>\n<p><strong>Descriere din partea \u00eentreprinderii: <\/strong>*\u00cenfiin\u021bat\u0103 \u00een 1998.<\/p>\n<p> Expedierea a fost facilitat\u0103.<\/p>\n<p>*Nu vom fi \u00eentrecu\u021bi la pre\u021b pentru nicio destina\u021bie african\u0103.<\/p>\n<p>*Specialist \u00een <a href=\"https:\/\/moverdb.com\/ro\/car-transport-shipping\/\" data-internallinksmanager029f6b8e52c=\"2\" title=\"2026 Transport auto interna\u021bional \u0219i oferte de transport maritim de vehicule\">transportul vehiculelor<\/a> pentru to\u021bi africanii <a href=\"https:\/\/moverdb.com\/ro\/top-49-container-ports\/\" data-internallinksmanager029f6b8e52c=\"80\" title=\"Top 49 cele mai mari \u0219i mai aglomerate porturi de containere \u00een 2026\">porturi<\/a>.<\/p>\n<p>*Personal experimentat dedicat nevoilor dvs. de transport maritim.<\/p>\n<p>* Ne m\u00e2ndrim cu serviciul clien\u021bi, ne pas\u0103.<\/p>\n<p>*Pentru toate nevoile dumneavoastr\u0103 de transport maritim sau aerian.<\/p>\n<p>*Autoturisme, 4\u00d74, furgonete, autobuze, camioane, remorci, instala\u021bii \u0219i utilaje.<\/p>\n<p>*Containere, bunuri comerciale, efecte personale \u0219i multe altele.<\/p>\n<p><strong>Servicii suplimentare:<\/strong><\/p>\n<p>Serviciul de logistic\u0103<\/p>\n<p>Serviciul de expediere<\/p>\n<p><strong>Adres\u0103:<\/strong> Radiant House, 28-30 Fowler Rd, Ilford IG6 3UT<\/p>\n<p><a href=\"http:\/\/www.lunashipping.co.uk\/\" target=\"_new\" rel=\"noopener\">Luna Shipping Ltd site-ul web<\/a><\/p>\n<p><strong>Scor de revizuire: <\/strong>3.6<br \/> <strong>Num\u0103rul de recenzii:<\/strong> 40<br \/><a href=\"https:\/\/www.google.co.uk\/maps?cid=2079283469815795647&#038;hl=en&#038;gl=GB\" target=\"_new\" rel=\"noopener\">Citi\u021bi recenzii<\/a><\/p>\n<h2><span class=\"ez-toc-section\" id=\"ALAMRY_GLOBAL_CARGO_LTD\"><\/span>ALAMRY GLOBAL CARGO LTD<span class=\"ez-toc-section-end\"><\/span><\/h2>\n<p><img decoding=\"async\" src=\"https:\/\/moverdb.com\/wp-content\/uploads\/AF1QipNFYMSustZs1zggAp0Z9TLrBYCSJq5FdTHiCaYiw480-h240-k-no.jpg\" alt='ALAMRY GLOBAL CARGO LTD' class=\"aligncenter\"><\/p>\n<p><strong>Descriere din partea \u00eentreprinderii: <\/strong>TRANSPORT<\/p>\n<p><strong>Servicii suplimentare:<\/strong><\/p>\n<p>Nu este listat<\/p>\n<p><strong>Adres\u0103:<\/strong> 352 B Ilford Ln, Ilford IG1 2LX<\/p>\n<p><a href=\"https:\/\/alamry-global-cargo-ltd.business.site\/\" target=\"_new\" rel=\"noopener\">Site-ul ALAMRY GLOBAL CARGO LTD<\/a><\/p>\n<p><strong>Scor de revizuire: <\/strong>4.6<br \/> <strong>Num\u0103rul de recenzii:<\/strong> 14<br \/><a href=\"https:\/\/www.google.co.uk\/maps?cid=12899428785034655965&#038;hl=en&#038;gl=GB\" target=\"_new\" rel=\"noopener\">Citi\u021bi recenzii<\/a><\/p>\n<h2><span class=\"ez-toc-section\" id=\"How_we_picked_the_best_Ilford_Freight_Forwarding_Companies\"><\/span>Cum am ales cele mai bune companii de transport de marf\u0103 din Ilford<span class=\"ez-toc-section-end\"><\/span><\/h2>\n<p>Am \u00eenceput cu un set de date de 5 companii de transport de marf\u0103 din Ilford pe care le-am putut g\u0103si prin Google Maps \u0219i le-am redus la cele mai bune 3.<\/p>\n<p>Pentru a face acest lucru, am eliminat orice companie care:<\/p>\n<ul>\n<li> Nu avea un site web<\/li>\n<li> Nu a avut comentarii<\/li>\n<li> A avut un scor mediu de recenzii sub 2.0<\/li>\n<\/ul>\n<p>\u00cen acest moment, dac\u0103 aveam 17 sau mai pu\u021bini expeditori, \u00eei enumeram pe to\u021bi.<\/p>\n<p>Pentru ora\u0219ele \u00een care am r\u0103mas cu mai mult de 17 expeditori, am f\u0103cut revizuiri suplimentare, fie prin cre\u0219terea scorului de recenzii necesar (de exemplu, de la un minim de 2,0 la 4,0) \u0219i\/sau prin cre\u0219terea num\u0103rului minim de recenzii necesare (de exemplu, de la cel pu\u021bin 1 recenzie la cel pu\u021bin 10).<\/p>\n<p>Re\u021bine\u021bi c\u0103 am utilizat doar datele de revizuire de la Google Maps \u0219i nu \u0219i de la alte site-uri web ter\u021be.<\/p>\n<p>Mai multe ora\u0219e:<\/p>\n<p><a href=\"https:\/\/moverdb.com\/ro\/expeditor-de-marfuri\/freight-forwarding-uk\/stockport-freight-forwarder\/\">Stockport Freight Forwarder<\/a><br \/><a href=\"https:\/\/moverdb.com\/ro\/expeditor-de-marfuri\/freight-forwarding-uk\/colchester-freight-forwarder\/\">Colchester Freight Forwarder<\/a><br \/><a href=\"https:\/\/moverdb.com\/ro\/expeditor-de-marfuri\/freight-forwarding-uk\/northampton-freight-forwarder\/\">Northampton Freight Forwarder<\/a><br \/><a href=\"https:\/\/moverdb.com\/ro\/expeditor-de-marfuri\/freight-forwarding-uk\/iver-freight-forwarder\/\">Iver Freight Forwarder<\/a><br \/><a href=\"https:\/\/moverdb.com\/ro\/expeditor-de-marfuri\/freight-forwarding-uk\/nuneaton-freight-forwarder\/\">Nuneaton Freight Forwarder<\/a><\/p>","protected":false},"excerpt":{"rendered":"<p>Below we look at the 3 &#8220;best&#8221; Freight Forwarding companies in Ilford out of 5. To learn more about how we chose the best please consult our FAQ section at the end. Please not the following listings are in no particular order and we are not making any recommendations for any particular company. GbXpress cargo [&hellip;]<\/p>\n","protected":false},"author":1,"featured_media":0,"parent":13427,"menu_order":0,"comment_status":"open","ping_status":"open","template":"","meta":{"_genesis_hide_title":false,"_genesis_hide_breadcrumbs":false,"_genesis_hide_singular_image":false,"_genesis_hide_footer_widgets":false,"_genesis_custom_body_class":"","_genesis_custom_post_class":"","_genesis_layout":"","footnotes":""},"class_list":{"0":"post-13953","1":"page","2":"type-page","3":"status-publish","5":"entry"},"_links":{"self":[{"href":"https:\/\/moverdb.com\/ro\/wp-json\/wp\/v2\/pages\/13953","targetHints":{"allow":["GET"]}}],"collection":[{"href":"https:\/\/moverdb.com\/ro\/wp-json\/wp\/v2\/pages"}],"about":[{"href":"https:\/\/moverdb.com\/ro\/wp-json\/wp\/v2\/types\/page"}],"author":[{"embeddable":true,"href":"https:\/\/moverdb.com\/ro\/wp-json\/wp\/v2\/users\/1"}],"replies":[{"embeddable":true,"href":"https:\/\/moverdb.com\/ro\/wp-json\/wp\/v2\/comments?post=13953"}],"version-history":[{"count":1,"href":"https:\/\/moverdb.com\/ro\/wp-json\/wp\/v2\/pages\/13953\/revisions"}],"predecessor-version":[{"id":15768,"href":"https:\/\/moverdb.com\/ro\/wp-json\/wp\/v2\/pages\/13953\/revisions\/15768"}],"up":[{"embeddable":true,"href":"https:\/\/moverdb.com\/ro\/wp-json\/wp\/v2\/pages\/13427"}],"wp:attachment":[{"href":"https:\/\/moverdb.com\/ro\/wp-json\/wp\/v2\/media?parent=13953"}],"curies":[{"name":"wp","href":"https:\/\/api.w.org\/{rel}","templated":true}]}}