{"id":13897,"date":"2023-11-08T15:53:26","date_gmt":"2023-11-08T15:53:26","guid":{"rendered":"https:\/\/moverdb.com\/freight-forwarder\/freight-forwarding-uk\/rotherham-freight-forwarder\/"},"modified":"2026-01-08T13:17:56","modified_gmt":"2026-01-08T13:17:56","slug":"rotherham-freight-forwarder","status":"publish","type":"page","link":"https:\/\/moverdb.com\/ro\/freight-forwarder\/freight-forwarding-uk\/rotherham-freight-forwarder\/","title":{"rendered":"4 Cele mai bune firme de transport de marf\u0103 din Rotherham (2024)"},"content":{"rendered":"<p>Mai jos ne uit\u0103m la cele 4 <em>\"cel mai bun\"<\/em> Companiile de transport marf\u0103 din Rotherham din 10.<\/p>\n<p>Pentru a afla mai multe despre modul \u00een care i-am ales pe cei mai buni, v\u0103 rug\u0103m s\u0103 consulta\u021bi sec\u021biunea \u00centreb\u0103ri frecvente de la final.<\/p>\n<p><em>V\u0103 rug\u0103m s\u0103 re\u021bine\u021bi c\u0103 urm\u0103toarele liste nu sunt prezentate \u00eentr-o anumit\u0103 ordine \u0219i c\u0103 nu facem recomand\u0103ri pentru nicio companie anume.<\/em><\/p>\n<div id=\"ez-toc-container\" class=\"ez-toc-v2_0_82_2 ez-toc-wrap-left counter-hierarchy ez-toc-counter ez-toc-transparent ez-toc-container-direction\">\n<div class=\"ez-toc-title-container\">\n<p class=\"ez-toc-title\" style=\"cursor:inherit\">Sec\u021biuni<\/p>\n<span class=\"ez-toc-title-toggle\"><a href=\"#\" class=\"ez-toc-pull-right ez-toc-btn ez-toc-btn-xs ez-toc-btn-default ez-toc-toggle\" aria-label=\"Comuta\u021bi tabelul de con\u021binut\"><span class=\"ez-toc-js-icon-con\"><span class=\"\"><span class=\"eztoc-hide\" style=\"display:none;\">Toggle<\/span><span class=\"ez-toc-icon-toggle-span\"><svg style=\"fill: #999;color:#999\" xmlns=\"http:\/\/www.w3.org\/2000\/svg\" class=\"list-377408\" width=\"20px\" height=\"20px\" viewbox=\"0 0 24 24\" fill=\"none\"><path d=\"M6 6H4v2h2V6zm14 0H8v2h12V6zM4 11h2v2H4v-2zm16 0H8v2h12v-2zM4 16h2v2H4v-2zm16 0H8v2h12v-2z\" fill=\"currentColor\"><\/path><\/svg><svg style=\"fill: #999;color:#999\" class=\"arrow-unsorted-368013\" xmlns=\"http:\/\/www.w3.org\/2000\/svg\" width=\"10px\" height=\"10px\" viewbox=\"0 0 24 24\" version=\"1.2\" baseprofile=\"tiny\"><path d=\"M18.2 9.3l-6.2-6.3-6.2 6.3c-.2.2-.3.4-.3.7s.1.5.3.7c.2.2.4.3.7.3h11c.3 0 .5-.1.7-.3.2-.2.3-.5.3-.7s-.1-.5-.3-.7zM5.8 14.7l6.2 6.3 6.2-6.3c.2-.2.3-.5.3-.7s-.1-.5-.3-.7c-.2-.2-.4-.3-.7-.3h-11c-.3 0-.5.1-.7.3-.2.2-.3.5-.3.7s.1.5.3.7z\"\/><\/svg><\/span><\/span><\/span><\/a><\/span><\/div>\n<nav><ul class='ez-toc-list ez-toc-list-level-1 eztoc-toggle-hide-by-default' ><li class='ez-toc-page-1 ez-toc-heading-level-2'><a class=\"ez-toc-link ez-toc-heading-1\" href=\"https:\/\/moverdb.com\/ro\/freight-forwarder\/freight-forwarding-uk\/rotherham-freight-forwarder\/#Narvia_Direct_LTD\" >Narvia Direct LTD<\/a><\/li><li class='ez-toc-page-1 ez-toc-heading-level-2'><a class=\"ez-toc-link ez-toc-heading-2\" href=\"https:\/\/moverdb.com\/ro\/freight-forwarder\/freight-forwarding-uk\/rotherham-freight-forwarder\/#S_H_S_Freight_Services_Ltd\" >S H S Freight Services Ltd<\/a><\/li><li class='ez-toc-page-1 ez-toc-heading-level-2'><a class=\"ez-toc-link ez-toc-heading-3\" href=\"https:\/\/moverdb.com\/ro\/freight-forwarder\/freight-forwarding-uk\/rotherham-freight-forwarder\/#Anglo_World_Cargo_Ltd\" >Anglo World Cargo Ltd<\/a><\/li><li class='ez-toc-page-1 ez-toc-heading-level-2'><a class=\"ez-toc-link ez-toc-heading-4\" href=\"https:\/\/moverdb.com\/ro\/freight-forwarder\/freight-forwarding-uk\/rotherham-freight-forwarder\/#Trans_Global_Freight_Management_Ltd\" >Trans Global Freight Management Ltd<\/a><\/li><li class='ez-toc-page-1 ez-toc-heading-level-2'><a class=\"ez-toc-link ez-toc-heading-5\" href=\"https:\/\/moverdb.com\/ro\/freight-forwarder\/freight-forwarding-uk\/rotherham-freight-forwarder\/#How_we_picked_the_best_Rotherham_Freight_Forwarding_Companies\" >Cum am ales cele mai bune companii de transport de marf\u0103 din Rotherham<\/a><\/li><\/ul><\/nav><\/div>\n<h2><span class=\"ez-toc-section\" id=\"Narvia_Direct_LTD\"><\/span>Narvia Direct LTD<span class=\"ez-toc-section-end\"><\/span><\/h2>\n<p><img decoding=\"async\" src=\"https:\/\/moverdb.com\/wp-content\/uploads\/AF1QipMOJYWGQ6ykB_2Gcyj3vGMnAv-KfQ8y8rN9yhh6w408-h408-k-no.jpg\" alt='Narvia Direct LTD' class=\"aligncenter\"><\/p>\n<p><strong>Descriere din partea \u00eentreprinderii: <\/strong>Servicii logistice Servicii de transport de marf\u0103 Fowarding<\/p>\n<p><strong>Servicii suplimentare:<\/strong><\/p>\n<p>Nu este listat<\/p>\n<p><strong>Adres\u0103:<\/strong> The Wesley Centre, 10A Blyth Rd, Maltby, Rotherham S66 8JD<\/p>\n<p><a href=\"https:\/\/www.narviadirect.com\/\" target=\"_new\" rel=\"noopener\">Site-ul Narvia Direct LTD<\/a><\/p>\n<p><strong>Scor de revizuire: <\/strong>3.1<br \/> <strong>Num\u0103rul de recenzii:<\/strong> 7<br \/><a href=\"https:\/\/www.google.co.uk\/maps?cid=3391225722826085453&#038;hl=en&#038;gl=GB\" target=\"_new\" rel=\"noopener\">Citi\u021bi recenzii<\/a><\/p>\n<h2><span class=\"ez-toc-section\" id=\"S_H_S_Freight_Services_Ltd\"><\/span>S H S Freight Services Ltd<span class=\"ez-toc-section-end\"><\/span><\/h2>\n<p><img decoding=\"async\" src=\"\" alt=\"S H S Freight Services Ltd\" class=\"aligncenter\"><\/p>\n<p><strong>Descriere din partea \u00eentreprinderii: <\/strong>Niciuna furnizat\u0103<\/p>\n<p><strong>Servicii suplimentare:<\/strong><\/p>\n<p>Nu este listat<\/p>\n<p><strong>Adres\u0103:<\/strong> Riverside Development, Chesterton Rd, Eastwood Trading Estate, Rotherham S65 1SU<\/p>\n<p><a href=\"http:\/\/www.shsfreight.co.uk\/\" target=\"_new\" rel=\"noopener\">Site-ul S H S Freight Services Ltd<\/a><\/p>\n<p><strong>Scor de revizuire: <\/strong>4.2<br \/> <strong>Num\u0103rul de recenzii:<\/strong> 11<br \/><a href=\"https:\/\/www.google.co.uk\/maps?cid=10751472698269822694&#038;hl=en&#038;gl=GB\" target=\"_new\" rel=\"noopener\">Citi\u021bi recenzii<\/a><\/p>\n<h2><span class=\"ez-toc-section\" id=\"Anglo_World_Cargo_Ltd\"><\/span>Anglo World Cargo Ltd<span class=\"ez-toc-section-end\"><\/span><\/h2>\n<p><img decoding=\"async\" src=\"https:\/\/moverdb.com\/wp-content\/uploads\/thumbnailpanoidi4PJDZI_vPf1UWrk1U8PwQcb_clientsearch.gws-prod.gpsw408h240yaw77.jpg\" alt='Anglo World Cargo Ltd' class=\"aligncenter\"><\/p>\n<p><strong>Descriere din partea \u00eentreprinderii: <\/strong>Niciuna furnizat\u0103<\/p>\n<p><strong>Servicii suplimentare:<\/strong><\/p>\n<p>Nu este listat<\/p>\n<p><strong>Adres\u0103:<\/strong> Aspen Court Centurion Business Park, Bessemer Way, Rotherham S60 1FB<\/p>\n<p><a href=\"https:\/\/anglointernationalexpress.com\/about\" target=\"_new\" rel=\"noopener\">Site-ul Anglo World Cargo Ltd<\/a><\/p>\n<p><strong>Scor de revizuire: <\/strong>5<br \/> <strong>Num\u0103rul de recenzii:<\/strong> 5<br \/><a href=\"https:\/\/www.google.co.uk\/maps?cid=18248991684040793068&#038;hl=en&#038;gl=GB\" target=\"_new\" rel=\"noopener\">Citi\u021bi recenzii<\/a><\/p>\n<h2><span class=\"ez-toc-section\" id=\"Trans_Global_Freight_Management_Ltd\"><\/span>Trans Global Freight Management Ltd<span class=\"ez-toc-section-end\"><\/span><\/h2>\n<p><img decoding=\"async\" src=\"https:\/\/moverdb.com\/wp-content\/uploads\/AF1QipPhDACOPs6oilNb0reidO_NhtELwqJKrMkfuhRWw408-h306-k-no.jpg\" alt='Trans Global Freight Management Ltd' class=\"aligncenter\"><\/p>\n<p><strong>Descriere din partea \u00eentreprinderii: <\/strong>Niciuna furnizat\u0103<\/p>\n<p><strong>Servicii suplimentare:<\/strong><\/p>\n<p>Nu este listat<\/p>\n<p><strong>Adres\u0103:<\/strong> Unitatea 1 Lowton Way, Hellaby, Bramley, Rotherham S66 8RY<\/p>\n<p><a href=\"https:\/\/www.trans-global.com\/\" target=\"_new\" rel=\"noopener\">Site-ul Trans Global Freight Management Ltd<\/a><\/p>\n<p><strong>Scor de revizuire: <\/strong>3.9<br \/> <strong>Num\u0103rul de recenzii:<\/strong> 22<br \/><a href=\"https:\/\/www.google.co.uk\/maps?cid=17276628111296121500&#038;hl=en&#038;gl=GB\" target=\"_new\" rel=\"noopener\">Citi\u021bi recenzii<\/a><\/p>\n<h2><span class=\"ez-toc-section\" id=\"How_we_picked_the_best_Rotherham_Freight_Forwarding_Companies\"><\/span>Cum am ales cele mai bune companii de transport de marf\u0103 din Rotherham<span class=\"ez-toc-section-end\"><\/span><\/h2>\n<p>Am \u00eenceput cu un set de date de 10 companii de transport de marf\u0103 din Rotherham pe care le-am putut g\u0103si prin Google Maps \u0219i le-am redus la cele mai bune 4.<\/p>\n<p>Pentru a face acest lucru, am eliminat orice companie care:<\/p>\n<ul>\n<li> Nu avea un site web<\/li>\n<li> Nu a avut comentarii<\/li>\n<li> A avut un scor mediu de recenzii sub 2.0<\/li>\n<\/ul>\n<p>\u00cen acest moment, dac\u0103 aveam 17 sau mai pu\u021bini expeditori, \u00eei enumeram pe to\u021bi.<\/p>\n<p>Pentru ora\u0219ele \u00een care am r\u0103mas cu mai mult de 17 expeditori, am f\u0103cut revizuiri suplimentare, fie prin cre\u0219terea scorului de recenzii necesar (de exemplu, de la un minim de 2,0 la 4,0) \u0219i\/sau prin cre\u0219terea num\u0103rului minim de recenzii necesare (de exemplu, de la cel pu\u021bin 1 recenzie la cel pu\u021bin 10).<\/p>\n<p>Re\u021bine\u021bi c\u0103 am utilizat doar datele de revizuire de la Google Maps \u0219i nu \u0219i de la alte site-uri web ter\u021be.<\/p>\n<p>Mai multe ora\u0219e:<\/p>\n<p><a href=\"https:\/\/moverdb.com\/ro\/expeditor-de-marfuri\/freight-forwarding-uk\/crawley-freight-forwarder\/\">Crawley Freight Forwarder<\/a><br \/><a href=\"https:\/\/moverdb.com\/ro\/expeditor-de-marfuri\/freight-forwarding-uk\/warrington-freight-forwarder\/\">Warrington Freight Forwarder<\/a><br \/><a href=\"https:\/\/moverdb.com\/ro\/expeditor-de-marfuri\/freight-forwarding-uk\/grimsby-freight-forwarder\/\">Grimsby Freight Forwarder<\/a><br \/><a href=\"https:\/\/moverdb.com\/ro\/expeditor-de-marfuri\/freight-forwarding-uk\/cardiff-freight-forwarder\/\">Cardiff Freight Forwarder<\/a><br \/><a href=\"https:\/\/moverdb.com\/ro\/expeditor-de-marfuri\/freight-forwarding-uk\/luton-freight-forwarder\/\">Luton Freight Forwarder<\/a><\/p>","protected":false},"excerpt":{"rendered":"<p>Below we look at the 4 &#8220;best&#8221; Freight Forwarding companies in Rotherham out of 10. To learn more about how we chose the best please consult our FAQ section at the end. Please not the following listings are in no particular order and we are not making any recommendations for any particular company. Narvia Direct [&hellip;]<\/p>\n","protected":false},"author":1,"featured_media":0,"parent":13427,"menu_order":0,"comment_status":"open","ping_status":"open","template":"","meta":{"_genesis_hide_title":false,"_genesis_hide_breadcrumbs":false,"_genesis_hide_singular_image":false,"_genesis_hide_footer_widgets":false,"_genesis_custom_body_class":"","_genesis_custom_post_class":"","_genesis_layout":"","footnotes":""},"class_list":{"0":"post-13897","1":"page","2":"type-page","3":"status-publish","5":"entry"},"_links":{"self":[{"href":"https:\/\/moverdb.com\/ro\/wp-json\/wp\/v2\/pages\/13897","targetHints":{"allow":["GET"]}}],"collection":[{"href":"https:\/\/moverdb.com\/ro\/wp-json\/wp\/v2\/pages"}],"about":[{"href":"https:\/\/moverdb.com\/ro\/wp-json\/wp\/v2\/types\/page"}],"author":[{"embeddable":true,"href":"https:\/\/moverdb.com\/ro\/wp-json\/wp\/v2\/users\/1"}],"replies":[{"embeddable":true,"href":"https:\/\/moverdb.com\/ro\/wp-json\/wp\/v2\/comments?post=13897"}],"version-history":[{"count":1,"href":"https:\/\/moverdb.com\/ro\/wp-json\/wp\/v2\/pages\/13897\/revisions"}],"predecessor-version":[{"id":15788,"href":"https:\/\/moverdb.com\/ro\/wp-json\/wp\/v2\/pages\/13897\/revisions\/15788"}],"up":[{"embeddable":true,"href":"https:\/\/moverdb.com\/ro\/wp-json\/wp\/v2\/pages\/13427"}],"wp:attachment":[{"href":"https:\/\/moverdb.com\/ro\/wp-json\/wp\/v2\/media?parent=13897"}],"curies":[{"name":"wp","href":"https:\/\/api.w.org\/{rel}","templated":true}]}}