{"id":13877,"date":"2023-11-08T15:52:42","date_gmt":"2023-11-08T15:52:42","guid":{"rendered":"https:\/\/moverdb.com\/freight-forwarder\/freight-forwarding-uk\/rainham-freight-forwarder\/"},"modified":"2026-05-15T14:59:43","modified_gmt":"2026-05-15T14:59:43","slug":"rainham-freight-forwarder","status":"publish","type":"page","link":"https:\/\/moverdb.com\/ro\/freight-forwarder\/freight-forwarding-uk\/rainham-freight-forwarder\/","title":{"rendered":"5 Cele mai bune firme de transport de marf\u0103 din Rainham (2024)"},"content":{"rendered":"<p>Mai jos ne uit\u0103m la cele 5 <em>\"cel mai bun\"<\/em> Societ\u0103\u021bi de transport marf\u0103 din Rainham din 12.<\/p>\n<p>Pentru a afla mai multe despre modul \u00een care i-am ales pe cei mai buni, v\u0103 rug\u0103m s\u0103 consulta\u021bi sec\u021biunea \u00centreb\u0103ri frecvente de la final.<\/p>\n<p><em>V\u0103 rug\u0103m s\u0103 re\u021bine\u021bi c\u0103 urm\u0103toarele liste nu sunt prezentate \u00eentr-o anumit\u0103 ordine \u0219i c\u0103 nu facem recomand\u0103ri pentru nicio companie anume.<\/em><\/p>\n<div id=\"ez-toc-container\" class=\"ez-toc-v2_0_83 ez-toc-wrap-left counter-hierarchy ez-toc-counter ez-toc-transparent ez-toc-container-direction\">\n<div class=\"ez-toc-title-container\">\n<p class=\"ez-toc-title\" style=\"cursor:inherit\">Sec\u021biuni<\/p>\n<span class=\"ez-toc-title-toggle\"><a href=\"#\" class=\"ez-toc-pull-right ez-toc-btn ez-toc-btn-xs ez-toc-btn-default ez-toc-toggle\" aria-label=\"Comuta\u021bi tabelul de con\u021binut\"><span class=\"ez-toc-js-icon-con\"><span class=\"\"><span class=\"eztoc-hide\" style=\"display:none;\">Toggle<\/span><span class=\"ez-toc-icon-toggle-span\"><svg style=\"fill: #999;color:#999\" xmlns=\"http:\/\/www.w3.org\/2000\/svg\" class=\"list-377408\" width=\"20px\" height=\"20px\" viewbox=\"0 0 24 24\" fill=\"none\"><path d=\"M6 6H4v2h2V6zm14 0H8v2h12V6zM4 11h2v2H4v-2zm16 0H8v2h12v-2zM4 16h2v2H4v-2zm16 0H8v2h12v-2z\" fill=\"currentColor\"><\/path><\/svg><svg style=\"fill: #999;color:#999\" class=\"arrow-unsorted-368013\" xmlns=\"http:\/\/www.w3.org\/2000\/svg\" width=\"10px\" height=\"10px\" viewbox=\"0 0 24 24\" version=\"1.2\" baseprofile=\"tiny\"><path d=\"M18.2 9.3l-6.2-6.3-6.2 6.3c-.2.2-.3.4-.3.7s.1.5.3.7c.2.2.4.3.7.3h11c.3 0 .5-.1.7-.3.2-.2.3-.5.3-.7s-.1-.5-.3-.7zM5.8 14.7l6.2 6.3 6.2-6.3c.2-.2.3-.5.3-.7s-.1-.5-.3-.7c-.2-.2-.4-.3-.7-.3h-11c-.3 0-.5.1-.7.3-.2.2-.3.5-.3.7s.1.5.3.7z\"\/><\/svg><\/span><\/span><\/span><\/a><\/span><\/div>\n<nav><ul class='ez-toc-list ez-toc-list-level-1 eztoc-toggle-hide-by-default' ><li class='ez-toc-page-1 ez-toc-heading-level-2'><a class=\"ez-toc-link ez-toc-heading-1\" href=\"https:\/\/moverdb.com\/ro\/freight-forwarder\/freight-forwarding-uk\/rainham-freight-forwarder\/#Mds_Cargo_Freight_Services\" >Mds Cargo Freight Services<\/a><\/li><li class='ez-toc-page-1 ez-toc-heading-level-2'><a class=\"ez-toc-link ez-toc-heading-2\" href=\"https:\/\/moverdb.com\/ro\/freight-forwarder\/freight-forwarding-uk\/rainham-freight-forwarder\/#Tanganyika_Export_Services_Ltd\" >Tanganyika Export Services Ltd<\/a><\/li><li class='ez-toc-page-1 ez-toc-heading-level-2'><a class=\"ez-toc-link ez-toc-heading-3\" href=\"https:\/\/moverdb.com\/ro\/freight-forwarder\/freight-forwarding-uk\/rainham-freight-forwarder\/#Delamode_Anglia\" >Delamode Anglia<\/a><\/li><li class='ez-toc-page-1 ez-toc-heading-level-2'><a class=\"ez-toc-link ez-toc-heading-4\" href=\"https:\/\/moverdb.com\/ro\/freight-forwarder\/freight-forwarding-uk\/rainham-freight-forwarder\/#Maximum_Logistics_ltd\" >Maximum Logistics ltd<\/a><\/li><li class='ez-toc-page-1 ez-toc-heading-level-2'><a class=\"ez-toc-link ez-toc-heading-5\" href=\"https:\/\/moverdb.com\/ro\/freight-forwarder\/freight-forwarding-uk\/rainham-freight-forwarder\/#Eagle_Cargo_Services_Ltd\" >Eagle Cargo Services Ltd<\/a><\/li><li class='ez-toc-page-1 ez-toc-heading-level-2'><a class=\"ez-toc-link ez-toc-heading-6\" href=\"https:\/\/moverdb.com\/ro\/freight-forwarder\/freight-forwarding-uk\/rainham-freight-forwarder\/#How_we_picked_the_best_Rainham_Freight_Forwarding_Companies\" >Cum am ales cele mai bune companii de transport de marf\u0103 din Rainham<\/a><\/li><\/ul><\/nav><\/div>\n<h2><span class=\"ez-toc-section\" id=\"Mds_Cargo_Freight_Services\"><\/span>Mds Cargo Freight Services<span class=\"ez-toc-section-end\"><\/span><\/h2>\n<p><img decoding=\"async\" src=\"https:\/\/moverdb.com\/wp-content\/uploads\/AF1QipNam006StLwo-uvfi2m6TlnqsgKrbZvBdoSX3P1w408-h544-k-no.jpg\" alt='Mds Cargo Freight Services' class=\"aligncenter\"><\/p>\n<p><strong>Descriere din partea \u00eentreprinderii: <\/strong>MDS Cargo este un serviciu de expediere de m\u0103rfuri pentru <a href=\"https:\/\/moverdb.com\/ro\/moving-companies\/moving-companies-nigeria\/\" data-internallinksmanager029f6b8e52c=\"280\" title=\"10 Cele mai bune companii interna\u021bionale de mutare din Nigeria\">Nigeria<\/a> , <a href=\"https:\/\/moverdb.com\/ro\/moving-companies\/moving-companies-ghana\/\" data-internallinksmanager029f6b8e52c=\"228\" title=\"2 Cele mai bune companii de mutare interna\u021bional\u0103 \u00een Ghana\">Ghana<\/a> \u0219i \u00een alte \u021b\u0103ri africane.<\/p>\n<p> Suntem specializa\u021bi \u00een importul \u0219i exportul de m\u0103rfuri din <a href=\"https:\/\/moverdb.com\/ro\/moving-to-the-uk\/\" data-internallinksmanager029f6b8e52c=\"93\" title=\"V\u0103 muta\u021bi \u00een Regatul Unit? 2026 Costurile vie\u021bii \u0219i sfaturi de relocare\">MAREA BRITANIE<\/a> , UE c\u0103tre \u021b\u0103rile din Africa de Vest.<\/p>\n<p> V\u0103 putem ajuta cu urm\u0103toarele servicii;<br \/>\n1.<\/p>\n<p> Importul \u0219i exportul de bunuri din Marea Britanie UE \u00een Nigeria \u0219i Ghana prin transport aerian \u0219i maritim.<\/p>\n<p> Transportul nostru maritim navigheaz\u0103 o dat\u0103 pe lun\u0103, iar transportul aerian pleac\u0103 \u00een fiecare vineri.<\/p>\n<p>2.<\/p>\n<p> Primirea \u0219i consolidarea m\u0103rfurilor pentru clien\u021bi.<\/p>\n<p> Putem stoca bunuri pentru clien\u021bi gratuit pentru p\u00e2n\u0103 la 20 de zile p\u00e2n\u0103 la expediere.<\/p>\n<p>3.<\/p>\n<p> Oferim, de asemenea, servicii de achizi\u021bie \u0219i expediere pentru \u00eentreprinderi mici \u0219i mari, vine ca un pachet.<br \/>\n4.<\/p>\n<p> Oferim spa\u021biu de depozitare \u0219i tot felul de materiale de ambalare pentru o expediere sigur\u0103.<\/p>\n<p>Vizita\u021bi <a href=\"https:\/\/moverdb.com\/ro\/moving-to-the-united-states\/\" data-internallinksmanager029f6b8e52c=\"94\" title=\"V\u0103 muta\u021bi \u00een Statele Unite? 2026 Costurile vie\u021bii \u0219i sfaturi de relocare\">us<\/a> la Rainham | Orsett | Basildon<\/p>\n<p><strong>Servicii suplimentare:<\/strong><\/p>\n<p>Nu este listat<\/p>\n<p><strong>Adres\u0103:<\/strong> MDS Cargo LCS LTD, 5 Lamson Rd, Rainham RM13 9YY<\/p>\n<p><a href=\"http:\/\/www.mdscargo.com\/\" target=\"_new\" rel=\"noopener\">Site-ul web al Mds Cargo Freight Services<\/a><\/p>\n<p><strong>Scor de revizuire: <\/strong>4.4<br \/> <strong>Num\u0103rul de recenzii:<\/strong> 19<br \/><a href=\"https:\/\/www.google.co.uk\/maps?cid=2770966211954205573&#038;hl=en&#038;gl=GB\" target=\"_new\" rel=\"noopener\">Citi\u021bi recenzii<\/a><\/p>\n<h2><span class=\"ez-toc-section\" id=\"Tanganyika_Export_Services_Ltd\"><\/span>Tanganyika Export Services Ltd<span class=\"ez-toc-section-end\"><\/span><\/h2>\n<p><img decoding=\"async\" src=\"https:\/\/moverdb.com\/wp-content\/uploads\/AF1QipOm7c1hAKSxC8qPip7BUkVOR5Ez0OBt3ImrhLtTw408-h725-k-no.jpg\" alt='Tanganyika Export Services Ltd' class=\"aligncenter\"><\/p>\n<p><strong>Descriere din partea \u00eentreprinderii: <\/strong>Niciuna furnizat\u0103<\/p>\n<p><strong>Servicii suplimentare:<\/strong><\/p>\n<p>Instala\u021bie de depozitare<\/p>\n<p><strong>Adres\u0103:<\/strong> unitatea 11, Noak Industrial Estate, New Rd, Rainham RM13 9EB<\/p>\n<p><a href=\"http:\/\/www.tanganyikaexport.com\/\" target=\"_new\" rel=\"noopener\">Site-ul Tanganyika Export Services Ltd<\/a><\/p>\n<p><strong>Scor de revizuire: <\/strong>3.8<br \/> <strong>Num\u0103rul de recenzii:<\/strong> 14<br \/><a href=\"https:\/\/www.google.co.uk\/maps?cid=13320201533691965430&#038;hl=en&#038;gl=GB\" target=\"_new\" rel=\"noopener\">Citi\u021bi recenzii<\/a><\/p>\n<h2><span class=\"ez-toc-section\" id=\"Delamode_Anglia\"><\/span>Delamode Anglia<span class=\"ez-toc-section-end\"><\/span><\/h2>\n<p><img decoding=\"async\" src=\"\" alt=\"Delamode Anglia\" class=\"aligncenter\"><\/p>\n<p><strong>Descriere din partea \u00eentreprinderii: <\/strong>Delamode Anglia, parte a grupului Xpediator Plc, este specialistul dumneavoastr\u0103 \u00een gestionarea transportului de marf\u0103.<\/p>\n<p>Indiferent de solu\u021bia de servicii pentru lan\u021bul de aprovizionare de care are nevoie afacerea dvs., ve\u021bi primi un nivel ridicat de calitate \u0219i de know-how \u00een domeniu, sus\u021binut de un suport pentru clien\u021bi de neegalat.<\/p>\n<p><strong>Servicii suplimentare:<\/strong><\/p>\n<p>Nu este listat<\/p>\n<p><strong>Adres\u0103:<\/strong> The Anglia Centre, Fairview Industrial Park, Blackwater Cl, Rainham RM13 8UA<\/p>\n<p><a href=\"http:\/\/www.delamode-anglia.com\/\" target=\"_new\" rel=\"noopener\">Site-ul Delamode Anglia<\/a><\/p>\n<p><strong>Scor de revizuire: <\/strong>2.3<br \/> <strong>Num\u0103rul de recenzii:<\/strong> 3<br \/><a href=\"https:\/\/www.google.co.uk\/maps?cid=17233713952928852100&#038;hl=en&#038;gl=GB\" target=\"_new\" rel=\"noopener\">Citi\u021bi recenzii<\/a><\/p>\n<h2><span class=\"ez-toc-section\" id=\"Maximum_Logistics_ltd\"><\/span>Maximum Logistics ltd<span class=\"ez-toc-section-end\"><\/span><\/h2>\n<p><img decoding=\"async\" src=\"https:\/\/moverdb.com\/wp-content\/uploads\/thumbnailpanoidUmRBfZFKQpmy4eWqKhQMZQcb_clientsearch.gws-prod.gpsw408h240yaw37.jpg\" alt='Maximum Logistics ltd' class=\"aligncenter\"><\/p>\n<p><strong>Descriere din partea \u00eentreprinderii: <\/strong>Niciuna furnizat\u0103<\/p>\n<p><strong>Servicii suplimentare:<\/strong><\/p>\n<p>Serviciul de distribu\u021bie<\/p>\n<p>Serviciul de logistic\u0103<\/p>\n<p><strong>Adres\u0103:<\/strong> Unitatea 4 Salamons Way, Rainham RM13 9UL<\/p>\n<p><a href=\"https:\/\/www.facebook.com\/pages\/Maximum-Logistics\/271878739664967?fref=ts\" target=\"_new\" rel=\"noopener\">Site-ul Maximum Logistics ltd<\/a><\/p>\n<p><strong>Scor de revizuire: <\/strong>3.2<br \/> <strong>Num\u0103rul de recenzii:<\/strong> 23<br \/><a href=\"https:\/\/www.google.co.uk\/maps?cid=7463031270613870319&#038;hl=en&#038;gl=GB\" target=\"_new\" rel=\"noopener\">Citi\u021bi recenzii<\/a><\/p>\n<h2><span class=\"ez-toc-section\" id=\"Eagle_Cargo_Services_Ltd\"><\/span>Eagle Cargo Services Ltd<span class=\"ez-toc-section-end\"><\/span><\/h2>\n<p><img decoding=\"async\" src=\"https:\/\/moverdb.com\/wp-content\/uploads\/AF1QipP_IKmjeYjnx5i7JUCbND_D89KNdXkrDJyVt0Esw408-h271-k-no.jpg\" alt='Eagle Cargo Services Ltd' class=\"aligncenter\"><\/p>\n<p><strong>Descriere din partea \u00eentreprinderii: <\/strong>Niciuna furnizat\u0103<\/p>\n<p><strong>Servicii suplimentare:<\/strong><\/p>\n<p>Nu este listat<\/p>\n<p><strong>Adres\u0103:<\/strong> 3B Lamson Rd, Rainham RM13 9YY<\/p>\n<p><a href=\"http:\/\/www.eaglecargoservices.com\/\" target=\"_new\" rel=\"noopener\">Site-ul Eagle Cargo Services Ltd<\/a><\/p>\n<p><strong>Scor de revizuire: <\/strong>4.8<br \/> <strong>Num\u0103rul de recenzii:<\/strong> 54<br \/><a href=\"https:\/\/www.google.co.uk\/maps?cid=7344038607440430613&#038;hl=en&#038;gl=GB\" target=\"_new\" rel=\"noopener\">Citi\u021bi recenzii<\/a><\/p>\n<h2><span class=\"ez-toc-section\" id=\"How_we_picked_the_best_Rainham_Freight_Forwarding_Companies\"><\/span>Cum am ales cele mai bune companii de transport de marf\u0103 din Rainham<span class=\"ez-toc-section-end\"><\/span><\/h2>\n<p>Am \u00eenceput cu un set de date de 12 companii de transport de marf\u0103 din Rainham pe care le-am putut g\u0103si prin Google Maps \u0219i le-am redus la cele mai bune 5.<\/p>\n<p>Pentru a face acest lucru, am eliminat orice companie care:<\/p>\n<ul>\n<li> Nu avea un site web<\/li>\n<li> Nu a avut comentarii<\/li>\n<li> A avut un scor mediu de recenzii sub 2.0<\/li>\n<\/ul>\n<p>\u00cen acest moment, dac\u0103 aveam 17 sau mai pu\u021bini expeditori, \u00eei enumeram pe to\u021bi.<\/p>\n<p>Pentru ora\u0219ele \u00een care am r\u0103mas cu mai mult de 17 expeditori, am f\u0103cut revizuiri suplimentare, fie prin cre\u0219terea scorului de recenzii necesar (de exemplu, de la un minim de 2,0 la 4,0) \u0219i\/sau prin cre\u0219terea num\u0103rului minim de recenzii necesare (de exemplu, de la cel pu\u021bin 1 recenzie la cel pu\u021bin 10).<\/p>\n<p>Re\u021bine\u021bi c\u0103 am utilizat doar datele de revizuire de la Google Maps \u0219i nu \u0219i de la alte site-uri web ter\u021be.<\/p>\n<p>Mai multe ora\u0219e:<\/p>\n<p><a href=\"https:\/\/moverdb.com\/ro\/expeditor-de-marfuri\/freight-forwarding-uk\/gravesend-freight-forwarder\/\">Gravesend Freight Forwarder<\/a><br \/><a href=\"https:\/\/moverdb.com\/ro\/expeditor-de-marfuri\/freight-forwarding-uk\/harrow-freight-forwarder\/\">Harrow Freight Forwarder<\/a><br \/><a href=\"https:\/\/moverdb.com\/ro\/expeditor-de-marfuri\/freight-forwarding-uk\/nottingham-freight-forwarder\/\">Nottingham Freight Forwarder<\/a><br \/><a href=\"https:\/\/moverdb.com\/ro\/expeditor-de-marfuri\/freight-forwarding-uk\/rotherham-freight-forwarder\/\">Rotherham Freight Forwarder<\/a><br \/><a href=\"https:\/\/moverdb.com\/ro\/expeditor-de-marfuri\/freight-forwarding-uk\/crawley-freight-forwarder\/\">Crawley Freight Forwarder<\/a><\/p>","protected":false},"excerpt":{"rendered":"<p>Below we look at the 5 &#8220;best&#8221; Freight Forwarding companies in Rainham out of 12. To learn more about how we chose the best please consult our FAQ section at the end. Please not the following listings are in no particular order and we are not making any recommendations for any particular company. Mds Cargo [&hellip;]<\/p>\n","protected":false},"author":1,"featured_media":0,"parent":13427,"menu_order":0,"comment_status":"open","ping_status":"open","template":"","meta":{"_genesis_hide_title":false,"_genesis_hide_breadcrumbs":false,"_genesis_hide_singular_image":false,"_genesis_hide_footer_widgets":false,"_genesis_custom_body_class":"","_genesis_custom_post_class":"","_genesis_layout":"","footnotes":""},"class_list":{"0":"post-13877","1":"page","2":"type-page","3":"status-publish","5":"entry"},"_links":{"self":[{"href":"https:\/\/moverdb.com\/ro\/wp-json\/wp\/v2\/pages\/13877","targetHints":{"allow":["GET"]}}],"collection":[{"href":"https:\/\/moverdb.com\/ro\/wp-json\/wp\/v2\/pages"}],"about":[{"href":"https:\/\/moverdb.com\/ro\/wp-json\/wp\/v2\/types\/page"}],"author":[{"embeddable":true,"href":"https:\/\/moverdb.com\/ro\/wp-json\/wp\/v2\/users\/1"}],"replies":[{"embeddable":true,"href":"https:\/\/moverdb.com\/ro\/wp-json\/wp\/v2\/comments?post=13877"}],"version-history":[{"count":1,"href":"https:\/\/moverdb.com\/ro\/wp-json\/wp\/v2\/pages\/13877\/revisions"}],"predecessor-version":[{"id":15792,"href":"https:\/\/moverdb.com\/ro\/wp-json\/wp\/v2\/pages\/13877\/revisions\/15792"}],"up":[{"embeddable":true,"href":"https:\/\/moverdb.com\/ro\/wp-json\/wp\/v2\/pages\/13427"}],"wp:attachment":[{"href":"https:\/\/moverdb.com\/ro\/wp-json\/wp\/v2\/media?parent=13877"}],"curies":[{"name":"wp","href":"https:\/\/api.w.org\/{rel}","templated":true}]}}