{"id":13829,"date":"2023-11-08T15:52:42","date_gmt":"2023-11-08T15:52:42","guid":{"rendered":"https:\/\/moverdb.com\/freight-forwarder\/freight-forwarding-uk\/hull-freight-forwarder\/"},"modified":"2026-01-08T13:18:08","modified_gmt":"2026-01-08T13:18:08","slug":"hull-freight-forwarder","status":"publish","type":"page","link":"https:\/\/moverdb.com\/ro\/freight-forwarder\/freight-forwarding-uk\/hull-freight-forwarder\/","title":{"rendered":"7 Cele mai bune companii de transport de marf\u0103 din Hull (2024)"},"content":{"rendered":"<p>Mai jos ne uit\u0103m la cele 7 <em>\"cel mai bun\"<\/em> Societ\u0103\u021bi de transport marf\u0103 din Hull din 18.<\/p>\n<p>Pentru a afla mai multe despre modul \u00een care i-am ales pe cei mai buni, v\u0103 rug\u0103m s\u0103 consulta\u021bi sec\u021biunea \u00centreb\u0103ri frecvente de la final.<\/p>\n<p><em>V\u0103 rug\u0103m s\u0103 re\u021bine\u021bi c\u0103 urm\u0103toarele liste nu sunt prezentate \u00eentr-o anumit\u0103 ordine \u0219i c\u0103 nu facem recomand\u0103ri pentru nicio companie anume.<\/em><\/p>\n<div id=\"ez-toc-container\" class=\"ez-toc-v2_0_82_2 ez-toc-wrap-left counter-hierarchy ez-toc-counter ez-toc-transparent ez-toc-container-direction\">\n<div class=\"ez-toc-title-container\">\n<p class=\"ez-toc-title\" style=\"cursor:inherit\">Sec\u021biuni<\/p>\n<span class=\"ez-toc-title-toggle\"><a href=\"#\" class=\"ez-toc-pull-right ez-toc-btn ez-toc-btn-xs ez-toc-btn-default ez-toc-toggle\" aria-label=\"Comuta\u021bi tabelul de con\u021binut\"><span class=\"ez-toc-js-icon-con\"><span class=\"\"><span class=\"eztoc-hide\" style=\"display:none;\">Toggle<\/span><span class=\"ez-toc-icon-toggle-span\"><svg style=\"fill: #999;color:#999\" xmlns=\"http:\/\/www.w3.org\/2000\/svg\" class=\"list-377408\" width=\"20px\" height=\"20px\" viewbox=\"0 0 24 24\" fill=\"none\"><path d=\"M6 6H4v2h2V6zm14 0H8v2h12V6zM4 11h2v2H4v-2zm16 0H8v2h12v-2zM4 16h2v2H4v-2zm16 0H8v2h12v-2z\" fill=\"currentColor\"><\/path><\/svg><svg style=\"fill: #999;color:#999\" class=\"arrow-unsorted-368013\" xmlns=\"http:\/\/www.w3.org\/2000\/svg\" width=\"10px\" height=\"10px\" viewbox=\"0 0 24 24\" version=\"1.2\" baseprofile=\"tiny\"><path d=\"M18.2 9.3l-6.2-6.3-6.2 6.3c-.2.2-.3.4-.3.7s.1.5.3.7c.2.2.4.3.7.3h11c.3 0 .5-.1.7-.3.2-.2.3-.5.3-.7s-.1-.5-.3-.7zM5.8 14.7l6.2 6.3 6.2-6.3c.2-.2.3-.5.3-.7s-.1-.5-.3-.7c-.2-.2-.4-.3-.7-.3h-11c-.3 0-.5.1-.7.3-.2.2-.3.5-.3.7s.1.5.3.7z\"\/><\/svg><\/span><\/span><\/span><\/a><\/span><\/div>\n<nav><ul class='ez-toc-list ez-toc-list-level-1 eztoc-toggle-hide-by-default' ><li class='ez-toc-page-1 ez-toc-heading-level-2'><a class=\"ez-toc-link ez-toc-heading-1\" href=\"https:\/\/moverdb.com\/ro\/freight-forwarder\/freight-forwarding-uk\/hull-freight-forwarder\/#Pinefleet_Ltd\" >Pinefleet Ltd<\/a><\/li><li class='ez-toc-page-1 ez-toc-heading-level-2'><a class=\"ez-toc-link ez-toc-heading-2\" href=\"https:\/\/moverdb.com\/ro\/freight-forwarder\/freight-forwarding-uk\/hull-freight-forwarder\/#AP_Shipping_Ltd_Storage\" >A.P. Shipping Ltd &amp; Storage<\/a><\/li><li class='ez-toc-page-1 ez-toc-heading-level-2'><a class=\"ez-toc-link ez-toc-heading-3\" href=\"https:\/\/moverdb.com\/ro\/freight-forwarder\/freight-forwarding-uk\/hull-freight-forwarder\/#Abnormal_Load_Services_ALS\" >Servicii de \u00eenc\u0103rcare anormal\u0103 ALS<\/a><\/li><li class='ez-toc-page-1 ez-toc-heading-level-2'><a class=\"ez-toc-link ez-toc-heading-4\" href=\"https:\/\/moverdb.com\/ro\/freight-forwarder\/freight-forwarding-uk\/hull-freight-forwarder\/#Thor_Shipping_Transport\" >Thor Shipping &amp; Transport<\/a><\/li><li class='ez-toc-page-1 ez-toc-heading-level-2'><a class=\"ez-toc-link ez-toc-heading-5\" href=\"https:\/\/moverdb.com\/ro\/freight-forwarder\/freight-forwarding-uk\/hull-freight-forwarder\/#Inter_Ship_UK\" >Inter Ship UK<\/a><\/li><li class='ez-toc-page-1 ez-toc-heading-level-2'><a class=\"ez-toc-link ez-toc-heading-6\" href=\"https:\/\/moverdb.com\/ro\/freight-forwarder\/freight-forwarding-uk\/hull-freight-forwarder\/#Seaway_Logistics_Limited\" >Seaway Logistics Limited<\/a><\/li><li class='ez-toc-page-1 ez-toc-heading-level-2'><a class=\"ez-toc-link ez-toc-heading-7\" href=\"https:\/\/moverdb.com\/ro\/freight-forwarder\/freight-forwarding-uk\/hull-freight-forwarder\/#Paragon_International_Freight_Services_Ltd\" >Paragon International Freight Services Ltd<\/a><\/li><li class='ez-toc-page-1 ez-toc-heading-level-2'><a class=\"ez-toc-link ez-toc-heading-8\" href=\"https:\/\/moverdb.com\/ro\/freight-forwarder\/freight-forwarding-uk\/hull-freight-forwarder\/#How_we_picked_the_best_Hull_Freight_Forwarding_Companies\" >Cum am ales cele mai bune companii de transport de marf\u0103 din Hull<\/a><\/li><\/ul><\/nav><\/div>\n<h2><span class=\"ez-toc-section\" id=\"Pinefleet_Ltd\"><\/span>Pinefleet Ltd<span class=\"ez-toc-section-end\"><\/span><\/h2>\n<p><img decoding=\"async\" src=\"https:\/\/moverdb.com\/wp-content\/uploads\/AF1QipPNvVZ89qrIiWVSeihXg7EugxqntGbtybpp7INew408-h271-k-no.jpg\" alt='Pinefleet Ltd' class=\"aligncenter\"><\/p>\n<p><strong>Descriere din partea \u00eentreprinderii: <\/strong>Niciuna furnizat\u0103<\/p>\n<p><strong>Servicii suplimentare:<\/strong><\/p>\n<p>Biroul corporativ<\/p>\n<p><strong>Adres\u0103:<\/strong> Holderness House, Staithes Rd, Hedon, Hull HU12 8DX<\/p>\n<p><a href=\"http:\/\/www.fetar-uk.com\/\" target=\"_new\" rel=\"noopener\">Site-ul Pinefleet Ltd<\/a><\/p>\n<p><strong>Scor de revizuire: <\/strong>4.5<br \/> <strong>Num\u0103rul de recenzii:<\/strong> 2<br \/><a href=\"https:\/\/www.google.co.uk\/maps?cid=11149792833792192058&#038;hl=en&#038;gl=GB\" target=\"_new\" rel=\"noopener\">Citi\u021bi recenzii<\/a><\/p>\n<h2><span class=\"ez-toc-section\" id=\"AP_Shipping_Ltd_Storage\"><\/span>A.P. Shipping Ltd &amp; Storage<span class=\"ez-toc-section-end\"><\/span><\/h2>\n<p><img decoding=\"async\" src=\"https:\/\/moverdb.com\/wp-content\/uploads\/AF1QipOevd0GLqEf3wPDYhzIpleSMElA8-em1-iIkyOkw427-h240-k-no.png\" alt='A.P. Shipping Ltd &amp; Storage' class=\"aligncenter\"><\/p>\n<p><strong>Descriere din partea \u00eentreprinderii: <\/strong>A.<\/p>\n<p>P.<\/p>\n<p> Transport maritim Ltd<\/p>\n<p><strong>Servicii suplimentare:<\/strong><\/p>\n<p>Serviciul de cur\u0103\u021bare cu jet de aer<\/p>\n<p>Companie de import-export<\/p>\n<p>Ma\u0219ini de ambalare<\/p>\n<p>Industria echipamentelor de transport maritim<\/p>\n<p>Serviciul de expediere<\/p>\n<p>Instala\u021bie de depozitare<\/p>\n<p><a href=\"https:\/\/moverdb.com\/ro\/car-transport-shipping\/\" data-internallinksmanager029f6b8e52c=\"2\" title=\"2026 Transport auto interna\u021bional \u0219i oferte de transport maritim de vehicule\">Transportul vehiculelor<\/a> agent<\/p>\n<p>Depozit<\/p>\n<p><strong>Adres\u0103:<\/strong> Intrarea Via, 65 <a href=\"\" data-internallinksmanager029f6b8e52c=\"59\" title=\"Oxford\">Oxford<\/a> St, Cumberland St, Hull HU2 0QP<\/p>\n<p><a href=\"http:\/\/www.apshipping.co.uk\/\" target=\"_new\" rel=\"noopener\">Site-ul A.P. Shipping Ltd &amp; Storage<\/a><\/p>\n<p><strong>Scor de revizuire: <\/strong>4.7<br \/> <strong>Num\u0103rul de recenzii:<\/strong> 12<br \/><a href=\"https:\/\/www.google.co.uk\/maps?cid=3936770470747246071&#038;hl=en&#038;gl=GB\" target=\"_new\" rel=\"noopener\">Citi\u021bi recenzii<\/a><\/p>\n<h2><span class=\"ez-toc-section\" id=\"Abnormal_Load_Services_ALS\"><\/span>Servicii de \u00eenc\u0103rcare anormal\u0103 ALS<span class=\"ez-toc-section-end\"><\/span><\/h2>\n<p><img decoding=\"async\" src=\"https:\/\/moverdb.com\/wp-content\/uploads\/AF1QipOrIQvu_okJ1q607_7B8aoOhn9l-sjyJnAAdUQcw408-h408-k-no.jpg\" alt='Servicii de \u00eenc\u0103rcare anormal\u0103 ALS' class=\"aligncenter\"><\/p>\n<p><strong>Descriere din partea \u00eentreprinderii: <\/strong>Specialist global \u00een \u00eenc\u0103rc\u0103turi anormale, break bulk, transporturi grele \u0219i \u00eenc\u0103rc\u0103turi supradimensionate, cu o experien\u021b\u0103 de peste 40 de ani, care ofer\u0103 solu\u021bii rutiere, barje, maritime, charter, containere, feroviare \u0219i aeriene pentru \u00eenc\u0103rc\u0103turi lungi, late, \u00eenalte \u0219i grele.<\/p>\n<p><strong>Servicii suplimentare:<\/strong><\/p>\n<p>Departamentul vamal<\/p>\n<p>Serviciul de logistic\u0103<\/p>\n<p><strong>Adres\u0103:<\/strong> Cl\u0103direa 3, Eltherington Business Park, 1305 Hedon Rd, Hull HU9 5QD<\/p>\n<p><a href=\"https:\/\/www.abnormal-loads.com\/?utm_source=GMBlisting&#038;utm_medium=Organic&#038;utm_id=GMBlisting\" target=\"_new\" rel=\"noopener\">Site-ul web ALS al serviciilor de \u00eenc\u0103rcare anormal\u0103<\/a><\/p>\n<p><strong>Scor de revizuire: <\/strong>4.3<br \/> <strong>Num\u0103rul de recenzii:<\/strong> 4<br \/><a href=\"https:\/\/www.google.co.uk\/maps?cid=4935055821599174190&#038;hl=en&#038;gl=GB\" target=\"_new\" rel=\"noopener\">Citi\u021bi recenzii<\/a><\/p>\n<h2><span class=\"ez-toc-section\" id=\"Thor_Shipping_Transport\"><\/span>Thor Shipping &amp; Transport<span class=\"ez-toc-section-end\"><\/span><\/h2>\n<p><img decoding=\"async\" src=\"https:\/\/moverdb.com\/wp-content\/uploads\/AF1QipP4GXch8TbFgSUziaGMA6P0jpnAMXPbgR0hADhww426-h240-k-no.jpg\" alt='Thor Shipping &amp; Transport' class=\"aligncenter\"><\/p>\n<p><strong>Descriere din partea \u00eentreprinderii: <\/strong>Niciuna furnizat\u0103<\/p>\n<p><strong>Servicii suplimentare:<\/strong><\/p>\n<p>Companie de livrare<\/p>\n<p><strong>Adres\u0103:<\/strong> King George Dock, Hedon Rd, Hull HU9 5PR<\/p>\n<p><a href=\"https:\/\/www.tmalogistics.nl\/index.php\/en\/\" target=\"_new\" rel=\"noopener\">Site-ul Thor Shipping &amp; Transport<\/a><\/p>\n<p><strong>Scor de revizuire: <\/strong>4<br \/> <strong>Num\u0103rul de recenzii:<\/strong> 23<br \/><a href=\"https:\/\/www.google.co.uk\/maps?cid=9363494299506132644&#038;hl=en&#038;gl=GB\" target=\"_new\" rel=\"noopener\">Citi\u021bi recenzii<\/a><\/p>\n<h2><span class=\"ez-toc-section\" id=\"Inter_Ship_UK\"><\/span>Inter Ship UK<span class=\"ez-toc-section-end\"><\/span><\/h2>\n<p><img decoding=\"async\" src=\"https:\/\/moverdb.com\/wp-content\/uploads\/thumbnailpanoid0Wv1FwBdZ_QeWHAgQawtFQcb_clientsearch.gws-prod.gpsw408h240yaw69.jpg\" alt='Inter Ship UK' class=\"aligncenter\"><\/p>\n<p><strong>Descriere din partea \u00eentreprinderii: <\/strong>Niciuna furnizat\u0103<\/p>\n<p><strong>Servicii suplimentare:<\/strong><\/p>\n<p>Companie de livrare<\/p>\n<p><strong>Adres\u0103:<\/strong> 32 Scale Ln, Hull HU1 1LF<\/p>\n<p><a href=\"https:\/\/www.intership.co.uk\/\" target=\"_new\" rel=\"noopener\">Site-ul Inter Ship UK<\/a><\/p>\n<p><strong>Scor de revizuire: <\/strong>3<br \/> <strong>Num\u0103rul de recenzii:<\/strong> 1<br \/><a href=\"https:\/\/www.google.co.uk\/maps?cid=2803499733587565677&#038;hl=en&#038;gl=GB\" target=\"_new\" rel=\"noopener\">Citi\u021bi recenzii<\/a><\/p>\n<h2><span class=\"ez-toc-section\" id=\"Seaway_Logistics_Limited\"><\/span>Seaway Logistics Limited<span class=\"ez-toc-section-end\"><\/span><\/h2>\n<p><img decoding=\"async\" src=\"https:\/\/moverdb.com\/wp-content\/uploads\/thumbnailpanoidw324HUoh1shcPnh05gwVmwcb_clientsearch.gws-prod.gpsw408h240yaw236.jpg\" alt='Seaway Logistics Limited' class=\"aligncenter\"><\/p>\n<p><strong>Descriere din partea \u00eentreprinderii: <\/strong>Seaway Logistics este o companie de transport maritim \u0219i de expediere a m\u0103rfurilor cu sediul \u00een Hull.<\/p>\n<p> Oferim o gam\u0103 complet\u0103 de servicii de export \u0219i de agen\u021bie de la <a href=\"https:\/\/moverdb.com\/ro\/moving-to-the-uk\/\" data-internallinksmanager029f6b8e52c=\"93\" title=\"V\u0103 muta\u021bi \u00een Regatul Unit? 2026 Costurile vie\u021bii \u0219i sfaturi de relocare\">MAREA BRITANIE<\/a>.<\/p>\n<p><strong>Servicii suplimentare:<\/strong><\/p>\n<p>Nu este listat<\/p>\n<p><strong>Adres\u0103:<\/strong> Neptune House, Neptune St, Hull HU3 2BT<\/p>\n<p><a href=\"https:\/\/seawaylogistics.co.uk\/\" target=\"_new\" rel=\"noopener\">Site-ul Seaway Logistics Limited<\/a><\/p>\n<p><strong>Scor de revizuire: <\/strong>4<br \/> <strong>Num\u0103rul de recenzii:<\/strong> 1<br \/><a href=\"https:\/\/www.google.co.uk\/maps?cid=2975629287823220562&#038;hl=en&#038;gl=GB\" target=\"_new\" rel=\"noopener\">Citi\u021bi recenzii<\/a><\/p>\n<h2><span class=\"ez-toc-section\" id=\"Paragon_International_Freight_Services_Ltd\"><\/span>Paragon International Freight Services Ltd<span class=\"ez-toc-section-end\"><\/span><\/h2>\n<p><img decoding=\"async\" src=\"https:\/\/moverdb.com\/wp-content\/uploads\/thumbnailpanoidhR6pajHi5UlcEo7Uf3lR8Acb_clientsearch.gws-prod.gpsw408h240yaw272.jpg\" alt='Paragon International Freight Services Ltd' class=\"aligncenter\"><\/p>\n<p><strong>Descriere din partea \u00eentreprinderii: <\/strong>Niciuna furnizat\u0103<\/p>\n<p><strong>Servicii suplimentare:<\/strong><\/p>\n<p>Nu este listat<\/p>\n<p><strong>Adres\u0103:<\/strong> 113, 266 Wincolmlee, Hull HU2 0PZ<\/p>\n<p><a href=\"http:\/\/www.paragonint.com\/\" target=\"_new\" rel=\"noopener\">Site-ul Paragon International Freight Services Ltd<\/a><\/p>\n<p><strong>Scor de revizuire: <\/strong>5<br \/> <strong>Num\u0103rul de recenzii:<\/strong> 2<br \/><a href=\"https:\/\/www.google.co.uk\/maps?cid=7547268869255913182&#038;hl=en&#038;gl=GB\" target=\"_new\" rel=\"noopener\">Citi\u021bi recenzii<\/a><\/p>\n<h2><span class=\"ez-toc-section\" id=\"How_we_picked_the_best_Hull_Freight_Forwarding_Companies\"><\/span>Cum am ales cele mai bune companii de transport de marf\u0103 din Hull<span class=\"ez-toc-section-end\"><\/span><\/h2>\n<p>Am pornit de la un set de date de 18 companii de transport de marf\u0103 din Hull pe care le-am g\u0103sit prin Google Maps \u0219i le-am redus la cele mai bune 7.<\/p>\n<p>Pentru a face acest lucru, am eliminat orice companie care:<\/p>\n<ul>\n<li> Nu avea un site web<\/li>\n<li> Nu a avut comentarii<\/li>\n<li> A avut un scor mediu de recenzii sub 2.0<\/li>\n<\/ul>\n<p>\u00cen acest moment, dac\u0103 aveam 17 sau mai pu\u021bini expeditori, \u00eei enumeram pe to\u021bi.<\/p>\n<p>Pentru ora\u0219ele \u00een care am r\u0103mas cu mai mult de 17 expeditori, am f\u0103cut revizuiri suplimentare, fie prin cre\u0219terea scorului de recenzii necesar (de exemplu, de la un minim de 2,0 la 4,0) \u0219i\/sau prin cre\u0219terea num\u0103rului minim de recenzii necesare (de exemplu, de la cel pu\u021bin 1 recenzie la cel pu\u021bin 10).<\/p>\n<p>Re\u021bine\u021bi c\u0103 am utilizat doar datele de revizuire de la Google Maps \u0219i nu \u0219i de la alte site-uri web ter\u021be.<\/p>\n<p>Mai multe ora\u0219e:<\/p>\n<p><a href=\"https:\/\/moverdb.com\/ro\/expeditor-de-marfuri\/freight-forwarding-uk\/witham-freight-forwarder\/\">Witham Freight Forwarder<\/a><br \/><a href=\"https:\/\/moverdb.com\/ro\/expeditor-de-marfuri\/freight-forwarding-uk\/paisley-freight-forwarder\/\">Paisley Freight Forwarder<\/a><br \/><a href=\"https:\/\/moverdb.com\/ro\/expeditor-de-marfuri\/freight-forwarding-uk\/tamworth-freight-forwarder\/\">Tamworth Freight Forwarder<\/a><br \/><a href=\"https:\/\/moverdb.com\/ro\/expeditor-de-marfuri\/freight-forwarding-uk\/exeter-freight-forwarder\/\">Exeter Freight Forwarder<\/a><br \/><a href=\"https:\/\/moverdb.com\/ro\/expeditor-de-marfuri\/freight-forwarding-uk\/tilbury-freight-forwarder\/\">Tilbury Freight Forwarder<\/a><\/p>","protected":false},"excerpt":{"rendered":"<p>Below we look at the 7 &#8220;best&#8221; Freight Forwarding companies in Hull out of 18. To learn more about how we chose the best please consult our FAQ section at the end. Please not the following listings are in no particular order and we are not making any recommendations for any particular company. Pinefleet Ltd [&hellip;]<\/p>\n","protected":false},"author":1,"featured_media":0,"parent":13427,"menu_order":0,"comment_status":"open","ping_status":"open","template":"","meta":{"_genesis_hide_title":false,"_genesis_hide_breadcrumbs":false,"_genesis_hide_singular_image":false,"_genesis_hide_footer_widgets":false,"_genesis_custom_body_class":"","_genesis_custom_post_class":"","_genesis_layout":"","footnotes":""},"class_list":{"0":"post-13829","1":"page","2":"type-page","3":"status-publish","5":"entry"},"_links":{"self":[{"href":"https:\/\/moverdb.com\/ro\/wp-json\/wp\/v2\/pages\/13829","targetHints":{"allow":["GET"]}}],"collection":[{"href":"https:\/\/moverdb.com\/ro\/wp-json\/wp\/v2\/pages"}],"about":[{"href":"https:\/\/moverdb.com\/ro\/wp-json\/wp\/v2\/types\/page"}],"author":[{"embeddable":true,"href":"https:\/\/moverdb.com\/ro\/wp-json\/wp\/v2\/users\/1"}],"replies":[{"embeddable":true,"href":"https:\/\/moverdb.com\/ro\/wp-json\/wp\/v2\/comments?post=13829"}],"version-history":[{"count":1,"href":"https:\/\/moverdb.com\/ro\/wp-json\/wp\/v2\/pages\/13829\/revisions"}],"predecessor-version":[{"id":15799,"href":"https:\/\/moverdb.com\/ro\/wp-json\/wp\/v2\/pages\/13829\/revisions\/15799"}],"up":[{"embeddable":true,"href":"https:\/\/moverdb.com\/ro\/wp-json\/wp\/v2\/pages\/13427"}],"wp:attachment":[{"href":"https:\/\/moverdb.com\/ro\/wp-json\/wp\/v2\/media?parent=13829"}],"curies":[{"name":"wp","href":"https:\/\/api.w.org\/{rel}","templated":true}]}}