{"id":13805,"date":"2023-11-08T15:52:42","date_gmt":"2023-11-08T15:52:42","guid":{"rendered":"https:\/\/moverdb.com\/freight-forwarder\/freight-forwarding-uk\/dartford-freight-forwarder\/"},"modified":"2026-01-08T13:18:12","modified_gmt":"2026-01-08T13:18:12","slug":"dartford-freight-forwarder","status":"publish","type":"page","link":"https:\/\/moverdb.com\/ro\/freight-forwarder\/freight-forwarding-uk\/dartford-freight-forwarder\/","title":{"rendered":"8 Cele mai bune companii de transport de marf\u0103 din Dartford (2024)"},"content":{"rendered":"<p>Mai jos ne uit\u0103m la cele 8 <em>\"cel mai bun\"<\/em> Companii de transport marf\u0103 din Dartford din 14.<\/p>\n<p>Pentru a afla mai multe despre modul \u00een care i-am ales pe cei mai buni, v\u0103 rug\u0103m s\u0103 consulta\u021bi sec\u021biunea \u00centreb\u0103ri frecvente de la final.<\/p>\n<p><em>V\u0103 rug\u0103m s\u0103 re\u021bine\u021bi c\u0103 urm\u0103toarele liste nu sunt prezentate \u00eentr-o anumit\u0103 ordine \u0219i c\u0103 nu facem recomand\u0103ri pentru nicio companie anume.<\/em><\/p>\n<div id=\"ez-toc-container\" class=\"ez-toc-v2_0_82_2 ez-toc-wrap-left counter-hierarchy ez-toc-counter ez-toc-transparent ez-toc-container-direction\">\n<div class=\"ez-toc-title-container\">\n<p class=\"ez-toc-title\" style=\"cursor:inherit\">Sec\u021biuni<\/p>\n<span class=\"ez-toc-title-toggle\"><a href=\"#\" class=\"ez-toc-pull-right ez-toc-btn ez-toc-btn-xs ez-toc-btn-default ez-toc-toggle\" aria-label=\"Comuta\u021bi tabelul de con\u021binut\"><span class=\"ez-toc-js-icon-con\"><span class=\"\"><span class=\"eztoc-hide\" style=\"display:none;\">Toggle<\/span><span class=\"ez-toc-icon-toggle-span\"><svg style=\"fill: #999;color:#999\" xmlns=\"http:\/\/www.w3.org\/2000\/svg\" class=\"list-377408\" width=\"20px\" height=\"20px\" viewbox=\"0 0 24 24\" fill=\"none\"><path d=\"M6 6H4v2h2V6zm14 0H8v2h12V6zM4 11h2v2H4v-2zm16 0H8v2h12v-2zM4 16h2v2H4v-2zm16 0H8v2h12v-2z\" fill=\"currentColor\"><\/path><\/svg><svg style=\"fill: #999;color:#999\" class=\"arrow-unsorted-368013\" xmlns=\"http:\/\/www.w3.org\/2000\/svg\" width=\"10px\" height=\"10px\" viewbox=\"0 0 24 24\" version=\"1.2\" baseprofile=\"tiny\"><path d=\"M18.2 9.3l-6.2-6.3-6.2 6.3c-.2.2-.3.4-.3.7s.1.5.3.7c.2.2.4.3.7.3h11c.3 0 .5-.1.7-.3.2-.2.3-.5.3-.7s-.1-.5-.3-.7zM5.8 14.7l6.2 6.3 6.2-6.3c.2-.2.3-.5.3-.7s-.1-.5-.3-.7c-.2-.2-.4-.3-.7-.3h-11c-.3 0-.5.1-.7.3-.2.2-.3.5-.3.7s.1.5.3.7z\"\/><\/svg><\/span><\/span><\/span><\/a><\/span><\/div>\n<nav><ul class='ez-toc-list ez-toc-list-level-1 eztoc-toggle-hide-by-default' ><li class='ez-toc-page-1 ez-toc-heading-level-2'><a class=\"ez-toc-link ez-toc-heading-1\" href=\"https:\/\/moverdb.com\/ro\/freight-forwarder\/freight-forwarding-uk\/dartford-freight-forwarder\/#Pentagon_Freight_Services_Ltd\" >Pentagon Freight Services Ltd<\/a><\/li><li class='ez-toc-page-1 ez-toc-heading-level-2'><a class=\"ez-toc-link ez-toc-heading-2\" href=\"https:\/\/moverdb.com\/ro\/freight-forwarder\/freight-forwarding-uk\/dartford-freight-forwarder\/#Direct_Link_Express_Deliveries_Ltd\" >Direct Link Express Deliveries Ltd<\/a><\/li><li class='ez-toc-page-1 ez-toc-heading-level-2'><a class=\"ez-toc-link ez-toc-heading-3\" href=\"https:\/\/moverdb.com\/ro\/freight-forwarder\/freight-forwarding-uk\/dartford-freight-forwarder\/#M_and_M_Global_Forwarding_Limited\" >M \u0219i M Global Forwarding Limited<\/a><\/li><li class='ez-toc-page-1 ez-toc-heading-level-2'><a class=\"ez-toc-link ez-toc-heading-4\" href=\"https:\/\/moverdb.com\/ro\/freight-forwarder\/freight-forwarding-uk\/dartford-freight-forwarder\/#Dachser_Ltd_Customs_Office\" >Dachser Ltd (Birou vamal)<\/a><\/li><li class='ez-toc-page-1 ez-toc-heading-level-2'><a class=\"ez-toc-link ez-toc-heading-5\" href=\"https:\/\/moverdb.com\/ro\/freight-forwarder\/freight-forwarding-uk\/dartford-freight-forwarder\/#Kerry_Logistics_UK_Limited\" >Kerry Logistics (UK) Limited<\/a><\/li><li class='ez-toc-page-1 ez-toc-heading-level-2'><a class=\"ez-toc-link ez-toc-heading-6\" href=\"https:\/\/moverdb.com\/ro\/freight-forwarder\/freight-forwarding-uk\/dartford-freight-forwarder\/#Sovereign_Logistics\" >Logistic\u0103 suveran\u0103<\/a><\/li><li class='ez-toc-page-1 ez-toc-heading-level-2'><a class=\"ez-toc-link ez-toc-heading-7\" href=\"https:\/\/moverdb.com\/ro\/freight-forwarder\/freight-forwarding-uk\/dartford-freight-forwarder\/#Davies_Turner_Co_Ltd\" >Davies Turner &amp; Co Ltd<\/a><\/li><li class='ez-toc-page-1 ez-toc-heading-level-2'><a class=\"ez-toc-link ez-toc-heading-8\" href=\"https:\/\/moverdb.com\/ro\/freight-forwarder\/freight-forwarding-uk\/dartford-freight-forwarder\/#Solstor_UK\" >Solstor UK<\/a><\/li><li class='ez-toc-page-1 ez-toc-heading-level-2'><a class=\"ez-toc-link ez-toc-heading-9\" href=\"https:\/\/moverdb.com\/ro\/freight-forwarder\/freight-forwarding-uk\/dartford-freight-forwarder\/#How_we_picked_the_best_Dartford_Freight_Forwarding_Companies\" >Cum am ales cele mai bune companii de transport de marf\u0103 din Dartford<\/a><\/li><\/ul><\/nav><\/div>\n<h2><span class=\"ez-toc-section\" id=\"Pentagon_Freight_Services_Ltd\"><\/span>Pentagon Freight Services Ltd<span class=\"ez-toc-section-end\"><\/span><\/h2>\n<p><img decoding=\"async\" src=\"https:\/\/moverdb.com\/wp-content\/uploads\/AF1QipNfUFW6yJdi_uQDqqGZeg9ANadLKTa_WCuluaZkw432-h240-k-no.jpg\" alt='Pentagon Freight Services Ltd' class=\"aligncenter\"><\/p>\n<p><strong>Descriere din partea \u00eentreprinderii: <\/strong>Timp de aproape 50 de ani, am lucrat al\u0103turi de industriile critice pe care le deservim, oferind cele mai bune servicii de expediere \u0219i logistic\u0103.<\/p>\n<p> Scopul nostru este simplu - vrem s\u0103 oferim siguran\u021b\u0103 pentru o lume care nu se opre\u0219te niciodat\u0103.<\/p>\n<p><strong>Servicii suplimentare:<\/strong><\/p>\n<p>Nu este listat<\/p>\n<p><strong>Adres\u0103:<\/strong> East, 32-33 Clipper Blvd, Dartford DA2 6QB<\/p>\n<p><a href=\"https:\/\/www.pentagonfreight.com\/\" target=\"_new\" rel=\"noopener\">Site-ul Pentagon Freight Services Ltd<\/a><\/p>\n<p><strong>Scor de revizuire: <\/strong>4.9<br \/> <strong>Num\u0103rul de recenzii:<\/strong> 10<br \/><a href=\"https:\/\/www.google.co.uk\/maps?cid=6157951301640685169&#038;hl=en&#038;gl=GB\" target=\"_new\" rel=\"noopener\">Citi\u021bi recenzii<\/a><\/p>\n<h2><span class=\"ez-toc-section\" id=\"Direct_Link_Express_Deliveries_Ltd\"><\/span>Direct Link Express Deliveries Ltd<span class=\"ez-toc-section-end\"><\/span><\/h2>\n<p><img decoding=\"async\" src=\"https:\/\/moverdb.com\/wp-content\/uploads\/thumbnailpanoidVOC9zEc6INdiQiJfYDbp2gcb_clientsearch.gws-prod.gpsw408h240yaw348.jpg\" alt='Direct Link Express Deliveries Ltd' class=\"aligncenter\"><\/p>\n<p><strong>Descriere din partea \u00eentreprinderii: <\/strong>Niciuna furnizat\u0103<\/p>\n<p><strong>Servicii suplimentare:<\/strong><\/p>\n<p>Serviciul de curierat<\/p>\n<p>Serviciul de mut\u0103ri<\/p>\n<p><strong>Adres\u0103:<\/strong> London House Business Centre, Thames Rd, Dartford DA1 4SL<\/p>\n<p><a href=\"http:\/\/www.directlink.co.uk\/\" target=\"_new\" rel=\"noopener\">Site-ul Direct Link Express Deliveries Ltd<\/a><\/p>\n<p><strong>Scor de revizuire: <\/strong>3.7<br \/> <strong>Num\u0103rul de recenzii:<\/strong> 6<br \/><a href=\"https:\/\/www.google.co.uk\/maps?cid=4455250918263132633&#038;hl=en&#038;gl=GB\" target=\"_new\" rel=\"noopener\">Citi\u021bi recenzii<\/a><\/p>\n<h2><span class=\"ez-toc-section\" id=\"M_and_M_Global_Forwarding_Limited\"><\/span>M \u0219i M Global Forwarding Limited<span class=\"ez-toc-section-end\"><\/span><\/h2>\n<p><img decoding=\"async\" src=\"https:\/\/moverdb.com\/wp-content\/uploads\/thumbnailpanoidJiLYm7ajfY2Ji-TPuJsEqwcb_clientsearch.gws-prod.gpsw408h240yaw315.jpg\" alt='M \u0219i M Global Forwarding Limited' class=\"aligncenter\"><\/p>\n<p><strong>Descriere din partea \u00eentreprinderii: <\/strong><a href=\"https:\/\/moverdb.com\/ro\/freight-forwarder\/\" data-internallinksmanager029f6b8e52c=\"17\" title=\"Freight Forwarder &amp; NVOCC Ghidul interna\u021bional de costuri \u0219i companii\">Expeditor de m\u0103rfuri<\/a> cu sediul \u00een Dartford, Kent.<\/p>\n<p> Serviciile includ importuri, exporturi, v\u0103muire &amp; <a href=\"https:\/\/moverdb.com\/ro\/car-transport-shipping\/\" data-internallinksmanager029f6b8e52c=\"2\" title=\"2026 Transport auto interna\u021bional \u0219i oferte de transport maritim de vehicule\">Transportul vehiculelor<\/a><\/p>\n<p><strong>Servicii suplimentare:<\/strong><\/p>\n<p>Nu este listat<\/p>\n<p><strong>Adres\u0103:<\/strong> 1, Invicta Park, Sandpit Rd, Dartford DA1 5BU<\/p>\n<p><a href=\"http:\/\/www.mandmglobal.co.uk\/\" target=\"_new\" rel=\"noopener\">Site-ul web al M \u0219i M Global Forwarding Limited<\/a><\/p>\n<p><strong>Scor de revizuire: <\/strong>5<br \/> <strong>Num\u0103rul de recenzii:<\/strong> 2<br \/><a href=\"https:\/\/www.google.co.uk\/maps?cid=11324990825917211091&#038;hl=en&#038;gl=GB\" target=\"_new\" rel=\"noopener\">Citi\u021bi recenzii<\/a><\/p>\n<h2><span class=\"ez-toc-section\" id=\"Dachser_Ltd_Customs_Office\"><\/span>Dachser Ltd (Birou vamal)<span class=\"ez-toc-section-end\"><\/span><\/h2>\n<p><img decoding=\"async\" src=\"https:\/\/moverdb.com\/wp-content\/uploads\/AF1QipNl1LHqslf46goz3hqm0J3SPycOvnbpXBlawdM8w640-h240-k-no.jpg\" alt='Dachser Ltd (Birou vamal)' class=\"aligncenter\"><\/p>\n<p><strong>Descriere din partea \u00eentreprinderii: <\/strong>Niciuna furnizat\u0103<\/p>\n<p><strong>Servicii suplimentare:<\/strong><\/p>\n<p>Nu este listat<\/p>\n<p><strong>Adres\u0103:<\/strong> Unnamed Road, Dartford DA2 6QP<\/p>\n<p><a href=\"http:\/\/www.dachser.com\/\" target=\"_new\" rel=\"noopener\">Site web al Dachser Ltd (Biroul Vamal)<\/a><\/p>\n<p><strong>Scor de revizuire: <\/strong>3<br \/> <strong>Num\u0103rul de recenzii:<\/strong> 4<br \/><a href=\"https:\/\/www.google.co.uk\/maps?cid=12105749977575430784&#038;hl=en&#038;gl=GB\" target=\"_new\" rel=\"noopener\">Citi\u021bi recenzii<\/a><\/p>\n<h2><span class=\"ez-toc-section\" id=\"Kerry_Logistics_UK_Limited\"><\/span>Kerry Logistics (UK) Limited<span class=\"ez-toc-section-end\"><\/span><\/h2>\n<p><img decoding=\"async\" src=\"https:\/\/moverdb.com\/wp-content\/uploads\/thumbnailpanoidj82dgNIMfM6o1GuLL0jXrwcb_clientsearch.gws-prod.gpsw408h240yaw209.jpg\" alt='Kerry Logistics (UK) Limited' class=\"aligncenter\"><\/p>\n<p><strong>Descriere din partea \u00eentreprinderii: <\/strong>Niciuna furnizat\u0103<\/p>\n<p><strong>Servicii suplimentare:<\/strong><\/p>\n<p>Serviciul de logistic\u0103<\/p>\n<p>Companie de livrare<\/p>\n<p>Serviciul de expediere<\/p>\n<p>Depozit<\/p>\n<p><strong>Adres\u0103:<\/strong> Crossways Cargo Centre, 61 Galleon Blvd, Dartford DA2 6QE<\/p>\n<p><a href=\"https:\/\/www.kerrylogistics.com\/en\/network\/europe\/uk\/\" target=\"_new\" rel=\"noopener\">Kerry Logistics (UK) Limited website<\/a><\/p>\n<p><strong>Scor de revizuire: <\/strong>4<br \/> <strong>Num\u0103rul de recenzii:<\/strong> 3<br \/><a href=\"https:\/\/www.google.co.uk\/maps?cid=12993064075247924035&#038;hl=en&#038;gl=GB\" target=\"_new\" rel=\"noopener\">Citi\u021bi recenzii<\/a><\/p>\n<h2><span class=\"ez-toc-section\" id=\"Sovereign_Logistics\"><\/span>Logistic\u0103 suveran\u0103<span class=\"ez-toc-section-end\"><\/span><\/h2>\n<p><img decoding=\"async\" src=\"https:\/\/moverdb.com\/wp-content\/uploads\/thumbnailpanoidiwc0cTi2KXDU3X5DyMEvYQcb_clientsearch.gws-prod.gpsw408h240yaw134.jpg\" alt='Logistic\u0103 suveran\u0103' class=\"aligncenter\"><\/p>\n<p><strong>Descriere din partea \u00eentreprinderii: <\/strong>Niciuna furnizat\u0103<\/p>\n<p><strong>Servicii suplimentare:<\/strong><\/p>\n<p>Serviciul de livrare<\/p>\n<p>Serviciul de logistic\u0103<\/p>\n<p><strong>Adres\u0103:<\/strong> GlaxoSmithKline, 1 Central Rd, Dartford DA1 5BG<\/p>\n<p><a href=\"http:\/\/sovereignlogisticsltd.co.uk\/\" target=\"_new\" rel=\"noopener\">Site-ul Sovereign Logistics<\/a><\/p>\n<p><strong>Scor de revizuire: <\/strong>5<br \/> <strong>Num\u0103rul de recenzii:<\/strong> 1<br \/><a href=\"https:\/\/www.google.co.uk\/maps?cid=4725312178939241728&#038;hl=en&#038;gl=GB\" target=\"_new\" rel=\"noopener\">Citi\u021bi recenzii<\/a><\/p>\n<h2><span class=\"ez-toc-section\" id=\"Davies_Turner_Co_Ltd\"><\/span>Davies Turner &amp; Co Ltd<span class=\"ez-toc-section-end\"><\/span><\/h2>\n<p><img decoding=\"async\" src=\"https:\/\/moverdb.com\/wp-content\/uploads\/AF1QipMbvWwpm0d9zu_9Me6UzcOU5Bvi4BVHzUZpPqgsw408-h306-k-no.jpg\" alt='Davies Turner &amp; Co Ltd' class=\"aligncenter\"><\/p>\n<p><strong>Descriere din partea \u00eentreprinderii: <\/strong>Niciuna furnizat\u0103<\/p>\n<p><strong>Servicii suplimentare:<\/strong><\/p>\n<p>Companie de livrare<\/p>\n<p><strong>Adres\u0103:<\/strong> Clipper Blvd W, Dartford DA2 6QJ<\/p>\n<p><a href=\"https:\/\/www.daviesturner.com\/\" target=\"_new\" rel=\"noopener\">Site-ul web al Davies Turner &amp; Co Ltd<\/a><\/p>\n<p><strong>Scor de revizuire: <\/strong>3.7<br \/> <strong>Num\u0103rul de recenzii:<\/strong> 267<br \/><a href=\"https:\/\/www.google.co.uk\/maps?cid=9513850580015448857&#038;hl=en&#038;gl=GB\" target=\"_new\" rel=\"noopener\">Citi\u021bi recenzii<\/a><\/p>\n<h2><span class=\"ez-toc-section\" id=\"Solstor_UK\"><\/span>Solstor UK<span class=\"ez-toc-section-end\"><\/span><\/h2>\n<p><img decoding=\"async\" src=\"https:\/\/moverdb.com\/wp-content\/uploads\/AF1QipO7It5-uciqIUqeKN5wiY3h8RCpyzfI-YwpWAeaw900-h240-k-no.jpg\" alt='Solstor UK' class=\"aligncenter\"><\/p>\n<p><strong>Descriere din partea \u00eentreprinderii: <\/strong>Servicii de transport \u00een toat\u0103 \u021bara <a href=\"https:\/\/moverdb.com\/ro\/moving-to-the-uk\/\" data-internallinksmanager029f6b8e52c=\"93\" title=\"V\u0103 muta\u021bi \u00een Regatul Unit? 2026 Costurile vie\u021bii \u0219i sfaturi de relocare\">MAREA BRITANIE<\/a> \u0219i Europa<\/p>\n<p><strong>Servicii suplimentare:<\/strong><\/p>\n<p>Serviciul de distribu\u021bie<\/p>\n<p>Serviciul de logistic\u0103<\/p>\n<p>Serviciul de transport frigorific<\/p>\n<p>Serviciul de transport<\/p>\n<p>Companie de camioane<\/p>\n<p><strong>Adres\u0103:<\/strong> Thames House, Thames Rd, Dartford DA1 4QP<\/p>\n<p><a href=\"https:\/\/www.solstor.com\/\" target=\"_new\" rel=\"noopener\">Site-ul Solstor UK<\/a><\/p>\n<p><strong>Scor de revizuire: <\/strong>4.3<br \/> <strong>Num\u0103rul de recenzii:<\/strong> 85<br \/><a href=\"https:\/\/www.google.co.uk\/maps?cid=15098990223386987897&#038;hl=en&#038;gl=GB\" target=\"_new\" rel=\"noopener\">Citi\u021bi recenzii<\/a><\/p>\n<h2><span class=\"ez-toc-section\" id=\"How_we_picked_the_best_Dartford_Freight_Forwarding_Companies\"><\/span>Cum am ales cele mai bune companii de transport de marf\u0103 din Dartford<span class=\"ez-toc-section-end\"><\/span><\/h2>\n<p>Am pornit de la un set de date de 14 companii de transport de marf\u0103 din Dartford pe care le-am putut g\u0103si prin Google Maps \u0219i le-am redus la cele mai bune 8.<\/p>\n<p>Pentru a face acest lucru, am eliminat orice companie care:<\/p>\n<ul>\n<li> Nu avea un site web<\/li>\n<li> Nu a avut comentarii<\/li>\n<li> A avut un scor mediu de recenzii sub 2.0<\/li>\n<\/ul>\n<p>\u00cen acest moment, dac\u0103 aveam 17 sau mai pu\u021bini expeditori, \u00eei enumeram pe to\u021bi.<\/p>\n<p>Pentru ora\u0219ele \u00een care am r\u0103mas cu mai mult de 17 expeditori, am f\u0103cut revizuiri suplimentare, fie prin cre\u0219terea scorului de recenzii necesar (de exemplu, de la un minim de 2,0 la 4,0) \u0219i\/sau prin cre\u0219terea num\u0103rului minim de recenzii necesare (de exemplu, de la cel pu\u021bin 1 recenzie la cel pu\u021bin 10).<\/p>\n<p>Re\u021bine\u021bi c\u0103 am utilizat doar datele de revizuire de la Google Maps \u0219i nu \u0219i de la alte site-uri web ter\u021be.<\/p>\n<p>Mai multe ora\u0219e:<\/p>\n<p><a href=\"https:\/\/moverdb.com\/ro\/expeditor-de-marfuri\/freight-forwarding-uk\/grays-freight-forwarder\/\">Grays Freight Forwarder<\/a><br \/><a href=\"https:\/\/moverdb.com\/ro\/expeditor-de-marfuri\/freight-forwarding-uk\/sunbury-on-thames-freight-forwarder\/\">Sunbury-on-Thames Expeditor de m\u0103rfuri<\/a><br \/><a href=\"https:\/\/moverdb.com\/ro\/expeditor-de-marfuri\/freight-forwarding-uk\/hull-freight-forwarder\/\">Hull Freight Forwarder<\/a><br \/><a href=\"https:\/\/moverdb.com\/ro\/expeditor-de-marfuri\/freight-forwarding-uk\/witham-freight-forwarder\/\">Witham Freight Forwarder<\/a><br \/><a href=\"https:\/\/moverdb.com\/ro\/expeditor-de-marfuri\/freight-forwarding-uk\/paisley-freight-forwarder\/\">Paisley Freight Forwarder<\/a><\/p>","protected":false},"excerpt":{"rendered":"<p>Below we look at the 8 &#8220;best&#8221; Freight Forwarding companies in Dartford out of 14. To learn more about how we chose the best please consult our FAQ section at the end. Please not the following listings are in no particular order and we are not making any recommendations for any particular company. Pentagon Freight [&hellip;]<\/p>\n","protected":false},"author":1,"featured_media":0,"parent":13427,"menu_order":0,"comment_status":"open","ping_status":"open","template":"","meta":{"_genesis_hide_title":false,"_genesis_hide_breadcrumbs":false,"_genesis_hide_singular_image":false,"_genesis_hide_footer_widgets":false,"_genesis_custom_body_class":"","_genesis_custom_post_class":"","_genesis_layout":"","footnotes":""},"class_list":{"0":"post-13805","1":"page","2":"type-page","3":"status-publish","5":"entry"},"_links":{"self":[{"href":"https:\/\/moverdb.com\/ro\/wp-json\/wp\/v2\/pages\/13805","targetHints":{"allow":["GET"]}}],"collection":[{"href":"https:\/\/moverdb.com\/ro\/wp-json\/wp\/v2\/pages"}],"about":[{"href":"https:\/\/moverdb.com\/ro\/wp-json\/wp\/v2\/types\/page"}],"author":[{"embeddable":true,"href":"https:\/\/moverdb.com\/ro\/wp-json\/wp\/v2\/users\/1"}],"replies":[{"embeddable":true,"href":"https:\/\/moverdb.com\/ro\/wp-json\/wp\/v2\/comments?post=13805"}],"version-history":[{"count":1,"href":"https:\/\/moverdb.com\/ro\/wp-json\/wp\/v2\/pages\/13805\/revisions"}],"predecessor-version":[{"id":15802,"href":"https:\/\/moverdb.com\/ro\/wp-json\/wp\/v2\/pages\/13805\/revisions\/15802"}],"up":[{"embeddable":true,"href":"https:\/\/moverdb.com\/ro\/wp-json\/wp\/v2\/pages\/13427"}],"wp:attachment":[{"href":"https:\/\/moverdb.com\/ro\/wp-json\/wp\/v2\/media?parent=13805"}],"curies":[{"name":"wp","href":"https:\/\/api.w.org\/{rel}","templated":true}]}}