{"id":13771,"date":"2023-11-08T15:52:42","date_gmt":"2023-11-08T15:52:42","guid":{"rendered":"https:\/\/moverdb.com\/freight-forwarder\/freight-forwarding-uk\/glasgow-freight-forwarder\/"},"modified":"2026-01-08T13:18:13","modified_gmt":"2026-01-08T13:18:13","slug":"glasgow-freight-forwarder","status":"publish","type":"page","link":"https:\/\/moverdb.com\/ro\/freight-forwarder\/freight-forwarding-uk\/glasgow-freight-forwarder\/","title":{"rendered":"8 Cele mai bune companii de transport de marf\u0103 din Glasgow (2024)"},"content":{"rendered":"<p>Mai jos ne uit\u0103m la cele 8 <em>\"cel mai bun\"<\/em> Societ\u0103\u021bi de transport de m\u0103rfuri \u00een <a href=\"\" data-internallinksmanager029f6b8e52c=\"46\" title=\"Glasgow\">Glasgow<\/a> din 27.<\/p>\n<p>Pentru a afla mai multe despre modul \u00een care i-am ales pe cei mai buni, v\u0103 rug\u0103m s\u0103 consulta\u021bi sec\u021biunea \u00centreb\u0103ri frecvente de la final.<\/p>\n<p><em>V\u0103 rug\u0103m s\u0103 re\u021bine\u021bi c\u0103 urm\u0103toarele liste nu sunt prezentate \u00eentr-o anumit\u0103 ordine \u0219i c\u0103 nu facem recomand\u0103ri pentru nicio companie anume.<\/em><\/p>\n<div id=\"ez-toc-container\" class=\"ez-toc-v2_0_82_2 ez-toc-wrap-left counter-hierarchy ez-toc-counter ez-toc-transparent ez-toc-container-direction\">\n<div class=\"ez-toc-title-container\">\n<p class=\"ez-toc-title\" style=\"cursor:inherit\">Sec\u021biuni<\/p>\n<span class=\"ez-toc-title-toggle\"><a href=\"#\" class=\"ez-toc-pull-right ez-toc-btn ez-toc-btn-xs ez-toc-btn-default ez-toc-toggle\" aria-label=\"Comuta\u021bi tabelul de con\u021binut\"><span class=\"ez-toc-js-icon-con\"><span class=\"\"><span class=\"eztoc-hide\" style=\"display:none;\">Toggle<\/span><span class=\"ez-toc-icon-toggle-span\"><svg style=\"fill: #999;color:#999\" xmlns=\"http:\/\/www.w3.org\/2000\/svg\" class=\"list-377408\" width=\"20px\" height=\"20px\" viewbox=\"0 0 24 24\" fill=\"none\"><path d=\"M6 6H4v2h2V6zm14 0H8v2h12V6zM4 11h2v2H4v-2zm16 0H8v2h12v-2zM4 16h2v2H4v-2zm16 0H8v2h12v-2z\" fill=\"currentColor\"><\/path><\/svg><svg style=\"fill: #999;color:#999\" class=\"arrow-unsorted-368013\" xmlns=\"http:\/\/www.w3.org\/2000\/svg\" width=\"10px\" height=\"10px\" viewbox=\"0 0 24 24\" version=\"1.2\" baseprofile=\"tiny\"><path d=\"M18.2 9.3l-6.2-6.3-6.2 6.3c-.2.2-.3.4-.3.7s.1.5.3.7c.2.2.4.3.7.3h11c.3 0 .5-.1.7-.3.2-.2.3-.5.3-.7s-.1-.5-.3-.7zM5.8 14.7l6.2 6.3 6.2-6.3c.2-.2.3-.5.3-.7s-.1-.5-.3-.7c-.2-.2-.4-.3-.7-.3h-11c-.3 0-.5.1-.7.3-.2.2-.3.5-.3.7s.1.5.3.7z\"\/><\/svg><\/span><\/span><\/span><\/a><\/span><\/div>\n<nav><ul class='ez-toc-list ez-toc-list-level-1 eztoc-toggle-hide-by-default' ><li class='ez-toc-page-1 ez-toc-heading-level-2'><a class=\"ez-toc-link ez-toc-heading-1\" href=\"https:\/\/moverdb.com\/ro\/freight-forwarder\/freight-forwarding-uk\/glasgow-freight-forwarder\/#DB_Schenker\" >DB Schenker<\/a><\/li><li class='ez-toc-page-1 ez-toc-heading-level-2'><a class=\"ez-toc-link ez-toc-heading-2\" href=\"https:\/\/moverdb.com\/ro\/freight-forwarder\/freight-forwarding-uk\/glasgow-freight-forwarder\/#Accentric_Freights_Services\" >Accentric Freights Services<\/a><\/li><li class='ez-toc-page-1 ez-toc-heading-level-2'><a class=\"ez-toc-link ez-toc-heading-3\" href=\"https:\/\/moverdb.com\/ro\/freight-forwarder\/freight-forwarding-uk\/glasgow-freight-forwarder\/#Galaxy_Transport\" >Galaxy Transport<\/a><\/li><li class='ez-toc-page-1 ez-toc-heading-level-2'><a class=\"ez-toc-link ez-toc-heading-4\" href=\"https:\/\/moverdb.com\/ro\/freight-forwarder\/freight-forwarding-uk\/glasgow-freight-forwarder\/#JSM_Logistics_LTD\" >JSM Logistics LTD<\/a><\/li><li class='ez-toc-page-1 ez-toc-heading-level-2'><a class=\"ez-toc-link ez-toc-heading-5\" href=\"https:\/\/moverdb.com\/ro\/freight-forwarder\/freight-forwarding-uk\/glasgow-freight-forwarder\/#Customs_Clearance_Agent_UK_AAA_Freight_Services_Ltd\" >Agent de v\u0103muire Marea Britanie AAA Freight Services Ltd<\/a><\/li><li class='ez-toc-page-1 ez-toc-heading-level-2'><a class=\"ez-toc-link ez-toc-heading-6\" href=\"https:\/\/moverdb.com\/ro\/freight-forwarder\/freight-forwarding-uk\/glasgow-freight-forwarder\/#Matrix_Transport_Services_Ltd\" >Servicii de transport Matrix SRL<\/a><\/li><li class='ez-toc-page-1 ez-toc-heading-level-2'><a class=\"ez-toc-link ez-toc-heading-7\" href=\"https:\/\/moverdb.com\/ro\/freight-forwarder\/freight-forwarding-uk\/glasgow-freight-forwarder\/#DHL\" >DHL<\/a><\/li><li class='ez-toc-page-1 ez-toc-heading-level-2'><a class=\"ez-toc-link ez-toc-heading-8\" href=\"https:\/\/moverdb.com\/ro\/freight-forwarder\/freight-forwarding-uk\/glasgow-freight-forwarder\/#Seabourne_Logistics_Glasgow\" >Seabourne Logistics Glasgow<\/a><\/li><li class='ez-toc-page-1 ez-toc-heading-level-2'><a class=\"ez-toc-link ez-toc-heading-9\" href=\"https:\/\/moverdb.com\/ro\/freight-forwarder\/freight-forwarding-uk\/glasgow-freight-forwarder\/#How_we_picked_the_best_Glasgow_Freight_Forwarding_Companies\" >Cum am ales cele mai bune companii de transport de marf\u0103 din Glasgow<\/a><\/li><\/ul><\/nav><\/div>\n<h2><span class=\"ez-toc-section\" id=\"DB_Schenker\"><\/span>DB Schenker<span class=\"ez-toc-section-end\"><\/span><\/h2>\n<p><img decoding=\"async\" src=\"https:\/\/moverdb.com\/wp-content\/uploads\/thumbnailpanoid-eEBmM7MppI0GGwkkHiVUwcb_clientsearch.gws-prod.gpsw408h240yaw287.jpg\" alt='DB Schenker' class=\"aligncenter\"><\/p>\n<p><strong>Descriere din partea \u00eentreprinderii: <\/strong>Niciuna furnizat\u0103<\/p>\n<p><strong>Servicii suplimentare:<\/strong><\/p>\n<p>Companie de camioane<\/p>\n<p><strong>Adres\u0103:<\/strong> 25 Colquhoun Ave, Hillington, Glasgow G52 4BN<\/p>\n<p><a href=\"http:\/\/www.dbschenker.com\/uk\" target=\"_new\" rel=\"noopener\">Site-ul DB Schenker<\/a><\/p>\n<p><strong>Scor de revizuire: <\/strong>5<br \/> <strong>Num\u0103rul de recenzii:<\/strong> 3<br \/><a href=\"https:\/\/www.google.co.uk\/maps?cid=16787027518432455449&#038;hl=en&#038;gl=GB\" target=\"_new\" rel=\"noopener\">Citi\u021bi recenzii<\/a><\/p>\n<h2><span class=\"ez-toc-section\" id=\"Accentric_Freights_Services\"><\/span>Accentric Freights Services<span class=\"ez-toc-section-end\"><\/span><\/h2>\n<p><img decoding=\"async\" src=\"https:\/\/moverdb.com\/wp-content\/uploads\/AF1QipPFj4KIMmS-GOL2qn80ShEYKUcVVrIFIQep8qlYw408-h306-k-no.jpg\" alt='Accentric Freights Services' class=\"aligncenter\"><\/p>\n<p><strong>Descriere din partea \u00eentreprinderii: <\/strong>Niciuna furnizat\u0103<\/p>\n<p><strong>Servicii suplimentare:<\/strong><\/p>\n<p>Nu este listat<\/p>\n<p><strong>Adres\u0103:<\/strong> 94 David St, Glasgow G40 2UH<\/p>\n<p><a href=\"https:\/\/accentricfreights.com\/\" target=\"_new\" rel=\"noopener\">Site-ul Accentric Freights Services<\/a><\/p>\n<p><strong>Scor de revizuire: <\/strong>4<br \/> <strong>Num\u0103rul de recenzii:<\/strong> 1<br \/><a href=\"https:\/\/www.google.co.uk\/maps?cid=5672521677482953891&#038;hl=en&#038;gl=GB\" target=\"_new\" rel=\"noopener\">Citi\u021bi recenzii<\/a><\/p>\n<h2><span class=\"ez-toc-section\" id=\"Galaxy_Transport\"><\/span>Galaxy Transport<span class=\"ez-toc-section-end\"><\/span><\/h2>\n<p><img decoding=\"async\" src=\"https:\/\/moverdb.com\/wp-content\/uploads\/AF1QipONXwkiZnepusc0mfLTQBaVU_o_iMjH6VFWHvbvw480-h240-k-no.png\" alt='Galaxy Transport' class=\"aligncenter\"><\/p>\n<p><strong>Descriere din partea \u00eentreprinderii: <\/strong>Companie de transport \u0219i de marf\u0103 cu sediul \u00een Sco\u021bia.<\/p>\n<p> Echipa noastr\u0103 lucreaz\u0103 \u00een domeniul transportului rutier de marf\u0103 de 30 de ani \u0219i colecteaz\u0103 \u0219i livreaz\u0103 \u00eenc\u0103rc\u0103turi de marf\u0103 pentru clien\u021bi din toat\u0103 \u021bara. <a href=\"https:\/\/moverdb.com\/ro\/moving-to-the-uk\/\" data-internallinksmanager029f6b8e52c=\"93\" title=\"V\u0103 muta\u021bi \u00een Regatul Unit? 2026 Costurile vie\u021bii \u0219i sfaturi de relocare\">MAREA BRITANIE<\/a> \u0219i nu numai<\/p>\n<p><strong>Servicii suplimentare:<\/strong><\/p>\n<p>Nu este listat<\/p>\n<p><strong>Adres\u0103:<\/strong> Unit, 2b Orbital Ct, East Kilbride, Glasgow G74 5PH<\/p>\n<p><a href=\"http:\/\/www.galaxytransport.co.uk\/\" target=\"_new\" rel=\"noopener\">Site-ul Galaxy Transport<\/a><\/p>\n<p><strong>Scor de revizuire: <\/strong>4.7<br \/> <strong>Num\u0103rul de recenzii:<\/strong> 15<br \/><a href=\"https:\/\/www.google.co.uk\/maps?cid=7690291507517147497&#038;hl=en&#038;gl=GB\" target=\"_new\" rel=\"noopener\">Citi\u021bi recenzii<\/a><\/p>\n<h2><span class=\"ez-toc-section\" id=\"JSM_Logistics_LTD\"><\/span>JSM Logistics LTD<span class=\"ez-toc-section-end\"><\/span><\/h2>\n<p><img decoding=\"async\" src=\"https:\/\/moverdb.com\/wp-content\/uploads\/AF1QipMSeWV0tOt2z4v7jbzfdajt24OGuGyHY5Kvn3b0w480-h240-k-no.png\" alt='JSM Logistics LTD' class=\"aligncenter\"><\/p>\n<p><strong>Descriere din partea \u00eentreprinderii: <\/strong>Aici, la JSM, furniz\u0103m servicii de expediere de marf\u0103 de calitate la pre\u021buri competitive.<\/p>\n<p> Oricare ar fi cerin\u021ba dvs. de \u00eenc\u0103rcare, v\u0103 rug\u0103m s\u0103 ne contacta\u021bi \u0219i v\u0103 vom asigura c\u0103 ve\u021bi ob\u021bine cele mai bune servicii posibile.<\/p>\n<p><strong>Servicii suplimentare:<\/strong><\/p>\n<p>Nu este listat<\/p>\n<p><strong>Adres\u0103:<\/strong> Unit C, Coalburn Rd, Bothwell, Glasgow G71 8DA<\/p>\n<p><a href=\"https:\/\/jsmglasgow.com\/\" target=\"_new\" rel=\"noopener\">Site-ul JSM Logistics LTD<\/a><\/p>\n<p><strong>Scor de revizuire: <\/strong>3<br \/> <strong>Num\u0103rul de recenzii:<\/strong> 2<br \/><a href=\"https:\/\/www.google.co.uk\/maps?cid=1596017489974594862&#038;hl=en&#038;gl=GB\" target=\"_new\" rel=\"noopener\">Citi\u021bi recenzii<\/a><\/p>\n<h2><span class=\"ez-toc-section\" id=\"Customs_Clearance_Agent_UK_AAA_Freight_Services_Ltd\"><\/span>Agent de v\u0103muire Marea Britanie AAA Freight Services Ltd<span class=\"ez-toc-section-end\"><\/span><\/h2>\n<p><img decoding=\"async\" src=\"https:\/\/moverdb.com\/wp-content\/uploads\/AF1QipMlCQ7NHcDkXxDBT1xyvqJ0iwZZRZuXt34YJQH9w408-h271-k-no.jpg\" alt='Agent de v\u0103muire Marea Britanie AAA Freight Services Ltd' class=\"aligncenter\"><\/p>\n<p><strong>Descriere din partea \u00eentreprinderii: <\/strong>24\/7 Agent oficial de v\u0103muire \u00een Marea Britanie, 10+ ani.<\/p>\n<p>Proceduri de import \u0219i export pentru \u00eenc\u0103rc\u0103tura dumneavoastr\u0103, gestionate la toate punctele importante din Marea Britanie <a href=\"https:\/\/moverdb.com\/ro\/top-49-container-ports\/\" data-internallinksmanager029f6b8e52c=\"80\" title=\"Top 49 cele mai mari \u0219i mai aglomerate porturi de containere \u00een 2026\">porturi<\/a>.<\/p>\n<p>Citat gratuit<br \/>\nTransporturi aeriene, maritime \u0219i rutiere de marf\u0103 Pale\u021bi, containere sau camioane de la 29\u00a3.<\/p>\n<p><strong>Servicii suplimentare:<\/strong><\/p>\n<p>Broker vamal<\/p>\n<p>Companie de livrare<\/p>\n<p>Serviciul de transport<\/p>\n<p><strong>Adres\u0103:<\/strong> Suite 2\/3, 48 W George St, Glasgow G2 1BP<\/p>\n<p><a href=\"https:\/\/customsclearance.business.site\/?utm_source=gmb&#038;utm_medium=referral\" target=\"_new\" rel=\"noopener\">Site-ul web al agentului de v\u0103muire din Marea Britanie AAA Freight Services Ltd<\/a><\/p>\n<p><strong>Scor de revizuire: <\/strong>4.7<br \/> <strong>Num\u0103rul de recenzii:<\/strong> 159<br \/><a href=\"https:\/\/www.google.co.uk\/maps?cid=3863162467023301009&#038;hl=en&#038;gl=GB\" target=\"_new\" rel=\"noopener\">Citi\u021bi recenzii<\/a><\/p>\n<h2><span class=\"ez-toc-section\" id=\"Matrix_Transport_Services_Ltd\"><\/span>Servicii de transport Matrix SRL<span class=\"ez-toc-section-end\"><\/span><\/h2>\n<p><img decoding=\"async\" src=\"https:\/\/moverdb.com\/wp-content\/uploads\/thumbnailpanoidp1K188GFI2qxoOzc2WWfxgcb_clientsearch.gws-prod.gpsw408h240yaw98.jpg\" alt='Servicii de transport Matrix SRL' class=\"aligncenter\"><\/p>\n<p><strong>Descriere din partea \u00eentreprinderii: <\/strong>Niciuna furnizat\u0103<\/p>\n<p><strong>Servicii suplimentare:<\/strong><\/p>\n<p>Nu este listat<\/p>\n<p><strong>Adres\u0103:<\/strong> Baltic Chambers, 50 Wellington St, Glasgow G2 6HJ<\/p>\n<p><a href=\"http:\/\/www.matrixtransport.co.uk\/\" target=\"_new\" rel=\"noopener\">Site web Matrix Transport Services Ltd<\/a><\/p>\n<p><strong>Scor de revizuire: <\/strong>5<br \/> <strong>Num\u0103rul de recenzii:<\/strong> 2<br \/><a href=\"https:\/\/www.google.co.uk\/maps?cid=9794949509380083414&#038;hl=en&#038;gl=GB\" target=\"_new\" rel=\"noopener\">Citi\u021bi recenzii<\/a><\/p>\n<h2><span class=\"ez-toc-section\" id=\"DHL\"><\/span>DHL<span class=\"ez-toc-section-end\"><\/span><\/h2>\n<p><img decoding=\"async\" src=\"https:\/\/moverdb.com\/wp-content\/uploads\/thumbnailpanoidAw6RXmW2QMfnEciN3MtPnwcb_clientsearch.gws-prod.gpsw408h240yaw266.jpg\" alt='DHL' class=\"aligncenter\"><\/p>\n<p><strong>Descriere din partea \u00eentreprinderii: <\/strong>Niciuna furnizat\u0103<\/p>\n<p><strong>Servicii suplimentare:<\/strong><\/p>\n<p>Depozit<\/p>\n<p><strong>Adres\u0103:<\/strong> Hurlawcrook Rd, East Kilbride, Glasgow G75 0ZZ<\/p>\n<p><a href=\"http:\/\/www.dhl.co.uk\/\" target=\"_new\" rel=\"noopener\">Site-ul web DHL<\/a><\/p>\n<p><strong>Scor de revizuire: <\/strong>3.7<br \/> <strong>Num\u0103rul de recenzii:<\/strong> 10<br \/><a href=\"https:\/\/www.google.co.uk\/maps?cid=2667478489477151152&#038;hl=en&#038;gl=GB\" target=\"_new\" rel=\"noopener\">Citi\u021bi recenzii<\/a><\/p>\n<h2><span class=\"ez-toc-section\" id=\"Seabourne_Logistics_Glasgow\"><\/span>Seabourne Logistics Glasgow<span class=\"ez-toc-section-end\"><\/span><\/h2>\n<p><img decoding=\"async\" src=\"https:\/\/moverdb.com\/wp-content\/uploads\/thumbnailpanoidAAIRTHEpOkAXE8_LrHU3TQcb_clientsearch.gws-prod.gpsw408h240yaw113.jpg\" alt='Seabourne Logistics Glasgow' class=\"aligncenter\"><\/p>\n<p><strong>Descriere din partea \u00eentreprinderii: <\/strong>Seabourne Logistics, un important operator logistic independent cu birouri \u00een Marea Britanie, Marea Britanie, Marea Britanie \u0219i Marea Britanie. <a href=\"https:\/\/moverdb.com\/ro\/moving-to-the-netherlands\/\" data-internallinksmanager029f6b8e52c=\"328\" title=\"V\u0103 muta\u021bi \u00een Olanda? 2026 Costurile vie\u021bii \u0219i sfaturi de relocare\">Olanda<\/a>, <a href=\"https:\/\/moverdb.com\/ro\/moving-to-france\/\" data-internallinksmanager029f6b8e52c=\"315\" title=\"V\u0103 muta\u021bi \u00een Fran\u021ba? 2026 Costurile vie\u021bii \u0219i sfaturi de relocare\">Fran\u021ba<\/a>, \u0219i <a href=\"https:\/\/moverdb.com\/ro\/moving-to-south-africa\/\" data-internallinksmanager029f6b8e52c=\"347\" title=\"V\u0103 muta\u021bi \u00een Africa de Sud? 2026 Costurile vie\u021bii \u0219i sfaturi de relocare\">Africa de Sud<\/a> oferind solu\u021bii globale holistice prin intermediul celor 6 divizii ale sale: Depozitare, E-Fulfilment, Servicii de curierat, Servicii de transport de marf\u0103, Solu\u021bii po\u0219tale \u0219i Servicii vamale.<\/p>\n<p> Ace\u0219tia sunt bine cunoscu\u021bi pentru abordarea lor personal\u0103 \u0219i practic\u0103 \u0219i \u0219i-au construit o reputa\u021bie excep\u021bional\u0103, \u00een care buna comunicare, flexibilitatea \u0219i angajamentul se afl\u0103 \u00een centrul activit\u0103\u021bii lor.<\/p>\n<p> Seabourne are experien\u021b\u0103 \u00een domenii de ni\u0219\u0103 \u0219i ofer\u0103 solu\u021bii extinse \u0219i personalizate de logistic\u0103 ter\u021b\u0103 parte (3PL).<\/p>\n<p><strong>Servicii suplimentare:<\/strong><\/p>\n<p>Serviciul de curierat<\/p>\n<p>Serviciul de logistic\u0103<\/p>\n<p><strong>Adres\u0103:<\/strong> Deanside Rd, Glasgow G52 4XB<\/p>\n<p><a href=\"https:\/\/uk.seabournelogistics.com\/\" target=\"_new\" rel=\"noopener\">Site-ul Seabourne Logistics Glasgow<\/a><\/p>\n<p><strong>Scor de revizuire: <\/strong>5<br \/> <strong>Num\u0103rul de recenzii:<\/strong> 2<br \/><a href=\"https:\/\/www.google.co.uk\/maps?cid=16458991865367399256&#038;hl=en&#038;gl=GB\" target=\"_new\" rel=\"noopener\">Citi\u021bi recenzii<\/a><\/p>\n<h2><span class=\"ez-toc-section\" id=\"How_we_picked_the_best_Glasgow_Freight_Forwarding_Companies\"><\/span>Cum am ales cele mai bune companii de transport de marf\u0103 din Glasgow<span class=\"ez-toc-section-end\"><\/span><\/h2>\n<p>Am pornit de la un set de date de 27 de companii de transport de marf\u0103 din Glasgow pe care le-am putut g\u0103si prin Google Maps \u0219i le-am redus la cele mai bune 8.<\/p>\n<p>Pentru a face acest lucru, am eliminat orice companie care:<\/p>\n<ul>\n<li> Nu avea un site web<\/li>\n<li> Nu a avut comentarii<\/li>\n<li> A avut un scor mediu de recenzii sub 2.0<\/li>\n<\/ul>\n<p>\u00cen acest moment, dac\u0103 aveam 17 sau mai pu\u021bini expeditori, \u00eei enumeram pe to\u021bi.<\/p>\n<p>Pentru ora\u0219ele \u00een care am r\u0103mas cu mai mult de 17 expeditori, am f\u0103cut revizuiri suplimentare, fie prin cre\u0219terea scorului de recenzii necesar (de exemplu, de la un minim de 2,0 la 4,0) \u0219i\/sau prin cre\u0219terea num\u0103rului minim de recenzii necesare (de exemplu, de la cel pu\u021bin 1 recenzie la cel pu\u021bin 10).<\/p>\n<p>Re\u021bine\u021bi c\u0103 am utilizat doar datele de revizuire de la Google Maps \u0219i nu \u0219i de la alte site-uri web ter\u021be.<\/p>\n<p>Mai multe ora\u0219e:<\/p>\n<p><a href=\"https:\/\/moverdb.com\/ro\/expeditor-de-marfuri\/freight-forwarding-uk\/barking-freight-forwarder\/\">Barking Freight Forwarder<\/a><br \/><a href=\"https:\/\/moverdb.com\/ro\/expeditor-de-marfuri\/freight-forwarding-uk\/staines-freight-forwarder\/\">Staines Freight Forwarder<\/a><br \/><a href=\"https:\/\/moverdb.com\/ro\/expeditor-de-marfuri\/freight-forwarding-uk\/leicester-freight-forwarder\/\">Leicester Freight Forwarder<\/a><br \/><a href=\"https:\/\/moverdb.com\/ro\/expeditor-de-marfuri\/freight-forwarding-uk\/dartford-freight-forwarder\/\">Dartford Freight Forwarder<\/a><br \/><a href=\"https:\/\/moverdb.com\/ro\/expeditor-de-marfuri\/freight-forwarding-uk\/grays-freight-forwarder\/\">Grays Freight Forwarder<\/a><\/p>","protected":false},"excerpt":{"rendered":"<p>Below we look at the 8 &#8220;best&#8221; Freight Forwarding companies in Glasgow out of 27. To learn more about how we chose the best please consult our FAQ section at the end. Please not the following listings are in no particular order and we are not making any recommendations for any particular company. DB Schenker [&hellip;]<\/p>\n","protected":false},"author":1,"featured_media":0,"parent":13427,"menu_order":0,"comment_status":"open","ping_status":"open","template":"","meta":{"_genesis_hide_title":false,"_genesis_hide_breadcrumbs":false,"_genesis_hide_singular_image":false,"_genesis_hide_footer_widgets":false,"_genesis_custom_body_class":"","_genesis_custom_post_class":"","_genesis_layout":"","footnotes":""},"class_list":{"0":"post-13771","1":"page","2":"type-page","3":"status-publish","5":"entry"},"_links":{"self":[{"href":"https:\/\/moverdb.com\/ro\/wp-json\/wp\/v2\/pages\/13771","targetHints":{"allow":["GET"]}}],"collection":[{"href":"https:\/\/moverdb.com\/ro\/wp-json\/wp\/v2\/pages"}],"about":[{"href":"https:\/\/moverdb.com\/ro\/wp-json\/wp\/v2\/types\/page"}],"author":[{"embeddable":true,"href":"https:\/\/moverdb.com\/ro\/wp-json\/wp\/v2\/users\/1"}],"replies":[{"embeddable":true,"href":"https:\/\/moverdb.com\/ro\/wp-json\/wp\/v2\/comments?post=13771"}],"version-history":[{"count":1,"href":"https:\/\/moverdb.com\/ro\/wp-json\/wp\/v2\/pages\/13771\/revisions"}],"predecessor-version":[{"id":15803,"href":"https:\/\/moverdb.com\/ro\/wp-json\/wp\/v2\/pages\/13771\/revisions\/15803"}],"up":[{"embeddable":true,"href":"https:\/\/moverdb.com\/ro\/wp-json\/wp\/v2\/pages\/13427"}],"wp:attachment":[{"href":"https:\/\/moverdb.com\/ro\/wp-json\/wp\/v2\/media?parent=13771"}],"curies":[{"name":"wp","href":"https:\/\/api.w.org\/{rel}","templated":true}]}}