{"id":13744,"date":"2023-11-08T15:52:42","date_gmt":"2023-11-08T15:52:42","guid":{"rendered":"https:\/\/moverdb.com\/freight-forwarder\/freight-forwarding-uk\/southall-freight-forwarder\/"},"modified":"2026-01-08T13:18:19","modified_gmt":"2026-01-08T13:18:19","slug":"southall-freight-forwarder","status":"publish","type":"page","link":"https:\/\/moverdb.com\/ro\/freight-forwarder\/freight-forwarding-uk\/southall-freight-forwarder\/","title":{"rendered":"9 Cele mai bune companii de transport de marf\u0103 din Southall (2024)"},"content":{"rendered":"<p>Mai jos ne uit\u0103m la cele 9 <em>\"cel mai bun\"<\/em> Societ\u0103\u021bi de transport marf\u0103 din Southall din 16.<\/p>\n<p>Pentru a afla mai multe despre modul \u00een care i-am ales pe cei mai buni, v\u0103 rug\u0103m s\u0103 consulta\u021bi sec\u021biunea \u00centreb\u0103ri frecvente de la final.<\/p>\n<p><em>V\u0103 rug\u0103m s\u0103 re\u021bine\u021bi c\u0103 urm\u0103toarele liste nu sunt prezentate \u00eentr-o anumit\u0103 ordine \u0219i c\u0103 nu facem recomand\u0103ri pentru nicio companie anume.<\/em><\/p>\n<div id=\"ez-toc-container\" class=\"ez-toc-v2_0_82_2 ez-toc-wrap-left counter-hierarchy ez-toc-counter ez-toc-transparent ez-toc-container-direction\">\n<div class=\"ez-toc-title-container\">\n<p class=\"ez-toc-title\" style=\"cursor:inherit\">Sec\u021biuni<\/p>\n<span class=\"ez-toc-title-toggle\"><a href=\"#\" class=\"ez-toc-pull-right ez-toc-btn ez-toc-btn-xs ez-toc-btn-default ez-toc-toggle\" aria-label=\"Comuta\u021bi tabelul de con\u021binut\"><span class=\"ez-toc-js-icon-con\"><span class=\"\"><span class=\"eztoc-hide\" style=\"display:none;\">Toggle<\/span><span class=\"ez-toc-icon-toggle-span\"><svg style=\"fill: #999;color:#999\" xmlns=\"http:\/\/www.w3.org\/2000\/svg\" class=\"list-377408\" width=\"20px\" height=\"20px\" viewbox=\"0 0 24 24\" fill=\"none\"><path d=\"M6 6H4v2h2V6zm14 0H8v2h12V6zM4 11h2v2H4v-2zm16 0H8v2h12v-2zM4 16h2v2H4v-2zm16 0H8v2h12v-2z\" fill=\"currentColor\"><\/path><\/svg><svg style=\"fill: #999;color:#999\" class=\"arrow-unsorted-368013\" xmlns=\"http:\/\/www.w3.org\/2000\/svg\" width=\"10px\" height=\"10px\" viewbox=\"0 0 24 24\" version=\"1.2\" baseprofile=\"tiny\"><path d=\"M18.2 9.3l-6.2-6.3-6.2 6.3c-.2.2-.3.4-.3.7s.1.5.3.7c.2.2.4.3.7.3h11c.3 0 .5-.1.7-.3.2-.2.3-.5.3-.7s-.1-.5-.3-.7zM5.8 14.7l6.2 6.3 6.2-6.3c.2-.2.3-.5.3-.7s-.1-.5-.3-.7c-.2-.2-.4-.3-.7-.3h-11c-.3 0-.5.1-.7.3-.2.2-.3.5-.3.7s.1.5.3.7z\"\/><\/svg><\/span><\/span><\/span><\/a><\/span><\/div>\n<nav><ul class='ez-toc-list ez-toc-list-level-1 eztoc-toggle-hide-by-default' ><li class='ez-toc-page-1 ez-toc-heading-level-2'><a class=\"ez-toc-link ez-toc-heading-1\" href=\"https:\/\/moverdb.com\/ro\/freight-forwarder\/freight-forwarding-uk\/southall-freight-forwarder\/#SMS_Dhaliwal_Transport_Ltd\" >SMS Dhaliwal Transport Ltd.<\/a><\/li><li class='ez-toc-page-1 ez-toc-heading-level-2'><a class=\"ez-toc-link ez-toc-heading-2\" href=\"https:\/\/moverdb.com\/ro\/freight-forwarder\/freight-forwarding-uk\/southall-freight-forwarder\/#TRIPLE_A_GLOBAL_CARGO_LOGISTICS_LTD\" >TRIPLE A GLOBAL CARGO LOGISTICS LTD<\/a><\/li><li class='ez-toc-page-1 ez-toc-heading-level-2'><a class=\"ez-toc-link ez-toc-heading-3\" href=\"https:\/\/moverdb.com\/ro\/freight-forwarder\/freight-forwarding-uk\/southall-freight-forwarder\/#Fast_Cargo_Ltd\" >Fast Cargo Ltd<\/a><\/li><li class='ez-toc-page-1 ez-toc-heading-level-2'><a class=\"ez-toc-link ez-toc-heading-4\" href=\"https:\/\/moverdb.com\/ro\/freight-forwarder\/freight-forwarding-uk\/southall-freight-forwarder\/#Hodan_Cargo_Ltd\" >Hodan Cargo Ltd<\/a><\/li><li class='ez-toc-page-1 ez-toc-heading-level-2'><a class=\"ez-toc-link ez-toc-heading-5\" href=\"https:\/\/moverdb.com\/ro\/freight-forwarder\/freight-forwarding-uk\/southall-freight-forwarder\/#Freight_Line_Services_LTD\" >Servicii de transport de marf\u0103 LTD<\/a><\/li><li class='ez-toc-page-1 ez-toc-heading-level-2'><a class=\"ez-toc-link ez-toc-heading-6\" href=\"https:\/\/moverdb.com\/ro\/freight-forwarder\/freight-forwarding-uk\/southall-freight-forwarder\/#Parcel_world_Limited\" >Parcel world Limited<\/a><\/li><li class='ez-toc-page-1 ez-toc-heading-level-2'><a class=\"ez-toc-link ez-toc-heading-7\" href=\"https:\/\/moverdb.com\/ro\/freight-forwarder\/freight-forwarding-uk\/southall-freight-forwarder\/#Fast_Cargo_Services_Ltd\" >Fast Cargo Services Ltd<\/a><\/li><li class='ez-toc-page-1 ez-toc-heading-level-2'><a class=\"ez-toc-link ez-toc-heading-8\" href=\"https:\/\/moverdb.com\/ro\/freight-forwarder\/freight-forwarding-uk\/southall-freight-forwarder\/#BLMG_LTD\" >BLMG LTD<\/a><\/li><li class='ez-toc-page-1 ez-toc-heading-level-2'><a class=\"ez-toc-link ez-toc-heading-9\" href=\"https:\/\/moverdb.com\/ro\/freight-forwarder\/freight-forwarding-uk\/southall-freight-forwarder\/#MDFreight\" >M.D.Freight<\/a><\/li><li class='ez-toc-page-1 ez-toc-heading-level-2'><a class=\"ez-toc-link ez-toc-heading-10\" href=\"https:\/\/moverdb.com\/ro\/freight-forwarder\/freight-forwarding-uk\/southall-freight-forwarder\/#How_we_picked_the_best_Southall_Freight_Forwarding_Companies\" >Cum am ales cele mai bune companii de transport de marf\u0103 din Southall<\/a><\/li><\/ul><\/nav><\/div>\n<h2><span class=\"ez-toc-section\" id=\"SMS_Dhaliwal_Transport_Ltd\"><\/span>SMS Dhaliwal Transport Ltd.<span class=\"ez-toc-section-end\"><\/span><\/h2>\n<p><img decoding=\"async\" src=\"https:\/\/moverdb.com\/wp-content\/uploads\/thumbnailpanoidU40fBLvrEQnowa1fPAaGmgcb_clientsearch.gws-prod.gpsw408h240yaw232.jpg\" alt='SMS Dhaliwal Transport Ltd.' class=\"aligncenter\"><\/p>\n<p><strong>Descriere din partea \u00eentreprinderii: <\/strong>SMS Dhaliwal Transport Ltd sunt unul dintre cei mai mari transportatori din <a href=\"https:\/\/moverdb.com\/ro\/moving-to-the-uk\/\" data-internallinksmanager029f6b8e52c=\"93\" title=\"V\u0103 muta\u021bi \u00een Regatul Unit? 2026 Costurile vie\u021bii \u0219i sfaturi de relocare\">Regatul Unit<\/a> \u0219i cu sediul central \u00een Southall.<\/p>\n<p> Fiind un transportator de m\u0103rfuri \u0219i <a href=\"https:\/\/moverdb.com\/ro\/freight-forwarder\/\" data-internallinksmanager029f6b8e52c=\"17\" title=\"Freight Forwarder &amp; NVOCC Ghidul interna\u021bional de costuri \u0219i companii\">Expeditor de m\u0103rfuri<\/a>, dispunem de vehicule comerciale, \u0219oferi de camion, transporturi grele, logistic\u0103 de transport \u0219i servicii de distribu\u021bie HGV.<\/p>\n<p> De\u021binem o reputa\u021bie de neegalat pentru siguran\u021b\u0103, fiabilitate \u0219i servicii pentru clien\u021bi \u00een \u00eentreaga industrie, ceea ce duce la <a href=\"https:\/\/moverdb.com\/ro\/moving-to-the-united-states\/\" data-internallinksmanager029f6b8e52c=\"94\" title=\"V\u0103 muta\u021bi \u00een Statele Unite? 2026 Costurile vie\u021bii \u0219i sfaturi de relocare\">us<\/a> fiind prima alegere pentru unele dintre cele mai mari companii de construc\u021bii, de \u00eenchiriere \u0219i de utilit\u0103\u021bi din \u021bar\u0103.<\/p>\n<p> De la simple mut\u0103ri unice la ascensoare complexe, \u00eenc\u0103rc\u0103turi supradimensionate \u0219i instala\u021bii de cl\u0103diri modulare, avem tot ce ne trebuie.<\/p>\n<p><strong>Servicii suplimentare:<\/strong><\/p>\n<p>Serviciul de logistic\u0103<\/p>\n<p>Companie de camioane<\/p>\n<p><strong>Adres\u0103:<\/strong> 67 Brent Rd, Southall UB2 5LA<\/p>\n<p><a href=\"http:\/\/smsdhaliwal.co.uk\/\" target=\"_new\" rel=\"noopener\">Site-ul SMS Dhaliwal Transport Ltd<\/a><\/p>\n<p><strong>Scor de revizuire: <\/strong>5<br \/> <strong>Num\u0103rul de recenzii:<\/strong> 2<br \/><a href=\"https:\/\/www.google.co.uk\/maps?cid=8101554762267100004&#038;hl=en&#038;gl=GB\" target=\"_new\" rel=\"noopener\">Citi\u021bi recenzii<\/a><\/p>\n<h2><span class=\"ez-toc-section\" id=\"TRIPLE_A_GLOBAL_CARGO_LOGISTICS_LTD\"><\/span>TRIPLE A GLOBAL CARGO LOGISTICS LTD<span class=\"ez-toc-section-end\"><\/span><\/h2>\n<p><img decoding=\"async\" src=\"https:\/\/moverdb.com\/wp-content\/uploads\/AF1QipPqs6Ojtm6XYwWGIDaI2L92G9zsRsAhwzVpf1sEw426-h240-k-no.jpg\" alt='TRIPLE A GLOBAL CARGO LOGISTICS LTD' class=\"aligncenter\"><\/p>\n<p><strong>Descriere din partea \u00eentreprinderii: <\/strong>Triple A Global Cargo Logistics este partenerul dvs. logistic preferat pentru transportul maritim din Marea Britanie c\u0103tre <a href=\"https:\/\/moverdb.com\/ro\/moving-companies\/moving-companies-kenya\/\" data-internallinksmanager029f6b8e52c=\"305\" title=\"4 Cele mai bune companii interna\u021bionale de mutare din Kenya\">Kenya<\/a>.<\/p>\n<p> Serviciile noastre includ transport maritim u\u0219\u0103-la-u\u0219\u0103, transport aerian \u0219i maritim expres. <a href=\"https:\/\/moverdb.com\/ro\/container-shipping\/\" data-internallinksmanager029f6b8e52c=\"3\" title=\"Graficul ratelor de transport maritim interna\u021bional de containere: Aprilie 2026\">transportul maritim \u00een containere<\/a>, v\u0103muire, aprovizionare cu echipamente \u0219i bunuri, asisten\u021b\u0103 pentru reziden\u021bii care se \u00eentorc \u0219i facilit\u0103\u021bi de depozitare.<\/p>\n<p> Cu tarife competitive \u0219i servicii excep\u021bionale pentru clien\u021bi, asigur\u0103m o livrare prompt\u0103 \u0219i eficient\u0103.<\/p>\n<p> Ne m\u00e2ndrim cu angajamentul nostru fa\u021b\u0103 de satisfac\u021bia clien\u021bilor, acord\u00e2nd prioritate comunic\u0103rii clare, serviciilor receptive \u0219i livr\u0103rii fiabile.<\/p>\n<p> Prin \u00een\u021belegerea nevoilor clien\u021bilor no\u0219tri \u0219i prin furnizarea de solu\u021bii de transport personalizate, ne propunem s\u0103 stabilim rela\u021bii pe termen lung \u0219i s\u0103 devenim un partener de \u00eencredere \u00een logistica m\u0103rfurilor.<\/p>\n<p> Contacta\u021bi-ne ast\u0103zi pentru mai multe informa\u021bii<\/p>\n<p><strong>Servicii suplimentare:<\/strong><\/p>\n<p>Serviciul de logistic\u0103<\/p>\n<p>Serviciul de expediere<\/p>\n<p><strong>Adres\u0103:<\/strong> UNIT Z01, 8A Canal Yard, Hayes Rd, Hounslow, Southall UB2 5NA<\/p>\n<p><a href=\"http:\/\/www.tripleafreight.co.uk\/\" target=\"_new\" rel=\"noopener\">Site-ul TRIPLE A GLOBAL CARGO LOGISTICS LTD<\/a><\/p>\n<p><strong>Scor de revizuire: <\/strong>5<br \/> <strong>Num\u0103rul de recenzii:<\/strong> 24<br \/><a href=\"https:\/\/www.google.co.uk\/maps?cid=6900515453734720060&#038;hl=en&#038;gl=GB\" target=\"_new\" rel=\"noopener\">Citi\u021bi recenzii<\/a><\/p>\n<h2><span class=\"ez-toc-section\" id=\"Fast_Cargo_Ltd\"><\/span>Fast Cargo Ltd<span class=\"ez-toc-section-end\"><\/span><\/h2>\n<p><img decoding=\"async\" src=\"https:\/\/moverdb.com\/wp-content\/uploads\/thumbnailpanoidZszgS4EG6t8soRqkqEr-AAcb_clientsearch.gws-prod.gpsw408h240yaw188.jpg\" alt='Fast Cargo Ltd' class=\"aligncenter\"><\/p>\n<p><strong>Descriere din partea \u00eentreprinderii: <\/strong>Niciuna furnizat\u0103<\/p>\n<p><strong>Servicii suplimentare:<\/strong><\/p>\n<p>Serviciul de curierat<\/p>\n<p>Serviciul de logistic\u0103<\/p>\n<p>Companie de livrare<\/p>\n<p><strong>Adres\u0103:<\/strong> Canalside Gardens, Southall UB2 5TJ<\/p>\n<p><a href=\"http:\/\/www.fastcargoservicesltd.com\/\" target=\"_new\" rel=\"noopener\">Site-ul Fast Cargo Ltd<\/a><\/p>\n<p><strong>Scor de revizuire: <\/strong>4<br \/> <strong>Num\u0103rul de recenzii:<\/strong> 6<br \/><a href=\"https:\/\/www.google.co.uk\/maps?cid=17136849923592829230&#038;hl=en&#038;gl=GB\" target=\"_new\" rel=\"noopener\">Citi\u021bi recenzii<\/a><\/p>\n<h2><span class=\"ez-toc-section\" id=\"Hodan_Cargo_Ltd\"><\/span>Hodan Cargo Ltd<span class=\"ez-toc-section-end\"><\/span><\/h2>\n<p><img decoding=\"async\" src=\"https:\/\/moverdb.com\/wp-content\/uploads\/thumbnailpanoidTeNPkID55nbJbTvzKjkcdAcb_clientsearch.gws-prod.gpsw408h240yaw18.jpg\" alt='Hodan Cargo Ltd' class=\"aligncenter\"><\/p>\n<p><strong>Descriere din partea \u00eentreprinderii: <\/strong>Hodan Cargo Ltd este expres <a href=\"https:\/\/moverdb.com\/ro\/shipping-companies\/\" data-internallinksmanager029f6b8e52c=\"4\" title=\"Top 10 Companii interna\u021bionale de transport maritim de containere\">companie de transport maritim<\/a> cu sediul \u00een Regatul Unit \u0219i birouri \u00een Kenya, Somalia, Somaliland, Uganda \u0219i Tanzania.<\/p>\n<p> Expedim colete din Europa c\u0103tre Africa de Est.<\/p>\n<p> clien\u021bii care doresc s\u0103 fac\u0103 cump\u0103r\u0103turi de pe Amazon, Ebay \u0219i toate site-urile\/marcile europene importante \u00ee\u0219i pot trimite coletul la depozitul nostru din Londra \u0219i \u00eel vor livra \u00een \u0219ase zile.<\/p>\n<p> facem transporturi aeriene \u0219i maritime.<\/p>\n<p> putem, de asemenea, s\u0103 facem cump\u0103r\u0103turi \u00een numele dumneavoastr\u0103 sau s\u0103 v\u0103 punem \u00een leg\u0103tur\u0103 cu to\u021bi furnizorii europeni, fie c\u0103 este vorba de cump\u0103r\u0103turi personale sau pentru afacerea dumneavoastr\u0103.<\/p>\n<p><strong>Servicii suplimentare:<\/strong><\/p>\n<p>Nu este listat<\/p>\n<p><strong>Adres\u0103:<\/strong> Unitatea Z01 C\/O Hodan Cargo 8a Canal Yard, Hayes Rd, Southall UB2 5NA<\/p>\n<p><a href=\"http:\/\/www.hodancargo.com\/\" target=\"_new\" rel=\"noopener\">Site web Hodan Cargo Ltd<\/a><\/p>\n<p><strong>Scor de revizuire: <\/strong>5<br \/> <strong>Num\u0103rul de recenzii:<\/strong> 2<br \/><a href=\"https:\/\/www.google.co.uk\/maps?cid=3990577677848957395&#038;hl=en&#038;gl=GB\" target=\"_new\" rel=\"noopener\">Citi\u021bi recenzii<\/a><\/p>\n<h2><span class=\"ez-toc-section\" id=\"Freight_Line_Services_LTD\"><\/span>Servicii de transport de marf\u0103 LTD<span class=\"ez-toc-section-end\"><\/span><\/h2>\n<p><img decoding=\"async\" src=\"https:\/\/moverdb.com\/wp-content\/uploads\/AF1QipPtN8oi0L7myggj51rZPfY_RliE50SrJZxHGxttw408-h272-k-no.jpg\" alt='Servicii de transport de marf\u0103 LTD' class=\"aligncenter\"><\/p>\n<p><strong>Descriere din partea \u00eentreprinderii: <\/strong>Niciuna furnizat\u0103<\/p>\n<p><strong>Servicii suplimentare:<\/strong><\/p>\n<p>Nu este listat<\/p>\n<p><strong>Adres\u0103:<\/strong> Unitatea 5H, Charles House, Bridge Rd, Southall UB2 4BD<\/p>\n<p><a href=\"http:\/\/www.freightlines.co.uk\/\" target=\"_new\" rel=\"noopener\">Site-ul Freight Line Services LTD<\/a><\/p>\n<p><strong>Scor de revizuire: <\/strong>5<br \/> <strong>Num\u0103rul de recenzii:<\/strong> 1<br \/><a href=\"https:\/\/www.google.co.uk\/maps?cid=14431999574836574694&#038;hl=en&#038;gl=GB\" target=\"_new\" rel=\"noopener\">Citi\u021bi recenzii<\/a><\/p>\n<h2><span class=\"ez-toc-section\" id=\"Parcel_world_Limited\"><\/span>Parcel world Limited<span class=\"ez-toc-section-end\"><\/span><\/h2>\n<p><img decoding=\"async\" src=\"https:\/\/moverdb.com\/wp-content\/uploads\/AF1QipNBfzF9GBP3u80QI97y7M4S-JpNWNKjc8I8UfQ_w426-h240-k-no.jpg\" alt='Parcel world Limited' class=\"aligncenter\"><\/p>\n<p><strong>Descriere din partea \u00eentreprinderii: <\/strong>Niciuna furnizat\u0103<\/p>\n<p><strong>Servicii suplimentare:<\/strong><\/p>\n<p>Nu este listat<\/p>\n<p><strong>Adres\u0103:<\/strong> Unitatea 18, Enterprise Centre, Bridge Rd, Southall UB2 4AE<\/p>\n<p><a href=\"http:\/\/www.parcelworldltd.co.uk\/\" target=\"_new\" rel=\"noopener\">Parcel world Limited website<\/a><\/p>\n<p><strong>Scor de revizuire: <\/strong>2.6<br \/> <strong>Num\u0103rul de recenzii:<\/strong> 10<br \/><a href=\"https:\/\/www.google.co.uk\/maps?cid=8578209696165819131&#038;hl=en&#038;gl=GB\" target=\"_new\" rel=\"noopener\">Citi\u021bi recenzii<\/a><\/p>\n<h2><span class=\"ez-toc-section\" id=\"Fast_Cargo_Services_Ltd\"><\/span>Fast Cargo Services Ltd<span class=\"ez-toc-section-end\"><\/span><\/h2>\n<p><img decoding=\"async\" src=\"https:\/\/moverdb.com\/wp-content\/uploads\/AF1QipPUuyrO2yFluTZac0IY5ETVH6ENmwvoPgJlAKF0w428-h240-k-no.png\" alt='Fast Cargo Services Ltd' class=\"aligncenter\"><\/p>\n<p><strong>Descriere din partea \u00eentreprinderii: <\/strong>Fast Cargo Services Ltd se m\u00e2ndre\u0219te cu faptul c\u0103 ofer\u0103 clien\u021bilor din Marea Britanie servicii de transport de marf\u0103 fiabile, flexibile \u0219i eficiente din punct de vedere al costurilor, care pot fi adaptate pentru a se potrivi nevoilor \u0219i cerin\u021belor lor individuale de transport.<\/p>\n<p>Serviciile noastre de transport de marf\u0103 sunt de neegalat \u0219i ofer\u0103 o modalitate fiabil\u0103 \u0219i flexibil\u0103 pentru ca o companie s\u0103 \u00ee\u0219i expedieze produsele \u00een Pakistan sau din Pakistan \u00een Regatul Unit.<\/p>\n<p><strong>Servicii suplimentare:<\/strong><\/p>\n<p>Serviciul de curierat<\/p>\n<p>Companie de livrare<\/p>\n<p><strong>Adres\u0103:<\/strong> 65A South Rd, Southall UB1 1SQ<\/p>\n<p><a href=\"http:\/\/www.fastcargoservicesltd.com\/\" target=\"_new\" rel=\"noopener\">Site-ul Fast Cargo Services Ltd<\/a><\/p>\n<p><strong>Scor de revizuire: <\/strong>4<br \/> <strong>Num\u0103rul de recenzii:<\/strong> 152<br \/><a href=\"https:\/\/www.google.co.uk\/maps?cid=2045029359146269528&#038;hl=en&#038;gl=GB\" target=\"_new\" rel=\"noopener\">Citi\u021bi recenzii<\/a><\/p>\n<h2><span class=\"ez-toc-section\" id=\"BLMG_LTD\"><\/span>BLMG LTD<span class=\"ez-toc-section-end\"><\/span><\/h2>\n<p><img decoding=\"async\" src=\"https:\/\/moverdb.com\/wp-content\/uploads\/AF1QipNWDhKFilLxFpXHGtOsB-aoc07oN3AXtmQoJsH4w408-h544-k-no.jpg\" alt='BLMG LTD' class=\"aligncenter\"><\/p>\n<p><strong>Descriere din partea \u00eentreprinderii: <\/strong>Niciuna furnizat\u0103<\/p>\n<p><strong>Servicii suplimentare:<\/strong><\/p>\n<p>Nu este listat<\/p>\n<p><strong>Adres\u0103:<\/strong> Old Manor Rd, Southall UB2 5JN<\/p>\n<p><a href=\"http:\/\/www.blmgltd.co.uk\/\" target=\"_new\" rel=\"noopener\">Site-ul BLMG LTD<\/a><\/p>\n<p><strong>Scor de revizuire: <\/strong>5<br \/> <strong>Num\u0103rul de recenzii:<\/strong> 7<br \/><a href=\"https:\/\/www.google.co.uk\/maps?cid=14646947985281151984&#038;hl=en&#038;gl=GB\" target=\"_new\" rel=\"noopener\">Citi\u021bi recenzii<\/a><\/p>\n<h2><span class=\"ez-toc-section\" id=\"MDFreight\"><\/span>M.D.Freight<span class=\"ez-toc-section-end\"><\/span><\/h2>\n<p><img decoding=\"async\" src=\"https:\/\/moverdb.com\/wp-content\/uploads\/thumbnailpanoidSm815cK3YwKcxQzm7DccBAcb_clientsearch.gws-prod.gpsw408h240yaw39.jpg\" alt='M.D.Freight' class=\"aligncenter\"><\/p>\n<p><strong>Descriere din partea \u00eentreprinderii: <\/strong>Niciuna furnizat\u0103<\/p>\n<p><strong>Servicii suplimentare:<\/strong><\/p>\n<p>Nu este listat<\/p>\n<p><strong>Adres\u0103:<\/strong> 4 Christopher Rd, Hounslow, Southall UB2 5YG<\/p>\n<p><a href=\"http:\/\/www.mdfreight.co.uk\/\" target=\"_new\" rel=\"noopener\">Site-ul M.D.Freight<\/a><\/p>\n<p><strong>Scor de revizuire: <\/strong>5<br \/> <strong>Num\u0103rul de recenzii:<\/strong> 1<br \/><a href=\"https:\/\/www.google.co.uk\/maps?cid=18131493015880467154&#038;hl=en&#038;gl=GB\" target=\"_new\" rel=\"noopener\">Citi\u021bi recenzii<\/a><\/p>\n<h2><span class=\"ez-toc-section\" id=\"How_we_picked_the_best_Southall_Freight_Forwarding_Companies\"><\/span>Cum am ales cele mai bune companii de transport de marf\u0103 din Southall<span class=\"ez-toc-section-end\"><\/span><\/h2>\n<p>Am \u00eenceput cu un set de date de 16 companii de transport de marf\u0103 din Southall pe care le-am putut g\u0103si prin Google Maps \u0219i le-am redus la cele mai bune 9.<\/p>\n<p>Pentru a face acest lucru, am eliminat orice companie care:<\/p>\n<ul>\n<li> Nu avea un site web<\/li>\n<li> Nu a avut comentarii<\/li>\n<li> A avut un scor mediu de recenzii sub 2.0<\/li>\n<\/ul>\n<p>\u00cen acest moment, dac\u0103 aveam 17 sau mai pu\u021bini expeditori, \u00eei enumeram pe to\u021bi.<\/p>\n<p>Pentru ora\u0219ele \u00een care am r\u0103mas cu mai mult de 17 expeditori, am f\u0103cut revizuiri suplimentare, fie prin cre\u0219terea scorului de recenzii necesar (de exemplu, de la un minim de 2,0 la 4,0) \u0219i\/sau prin cre\u0219terea num\u0103rului minim de recenzii necesare (de exemplu, de la cel pu\u021bin 1 recenzie la cel pu\u021bin 10).<\/p>\n<p>Re\u021bine\u021bi c\u0103 am utilizat doar datele de revizuire de la Google Maps \u0219i nu \u0219i de la alte site-uri web ter\u021be.<\/p>\n<p>Mai multe ora\u0219e:<\/p>\n<p><a href=\"https:\/\/moverdb.com\/ro\/expeditor-de-marfuri\/freight-forwarding-uk\/coventry-freight-forwarder\/\">Coventry Freight Forwarder<\/a><br \/><a href=\"https:\/\/moverdb.com\/ro\/expeditor-de-marfuri\/freight-forwarding-uk\/west-drayton-freight-forwarder\/\">West Drayton Expeditor de m\u0103rfuri<\/a><br \/><a href=\"https:\/\/moverdb.com\/ro\/expeditor-de-marfuri\/freight-forwarding-uk\/glasgow-freight-forwarder\/\">Glasgow Freight Forwarder<\/a><br \/><a href=\"https:\/\/moverdb.com\/ro\/expeditor-de-marfuri\/freight-forwarding-uk\/barking-freight-forwarder\/\">Barking Freight Forwarder<\/a><br \/><a href=\"https:\/\/moverdb.com\/ro\/expeditor-de-marfuri\/freight-forwarding-uk\/staines-freight-forwarder\/\">Staines Freight Forwarder<\/a><\/p>","protected":false},"excerpt":{"rendered":"<p>Below we look at the 9 &#8220;best&#8221; Freight Forwarding companies in Southall out of 16. To learn more about how we chose the best please consult our FAQ section at the end. Please not the following listings are in no particular order and we are not making any recommendations for any particular company. SMS Dhaliwal [&hellip;]<\/p>\n","protected":false},"author":1,"featured_media":0,"parent":13427,"menu_order":0,"comment_status":"open","ping_status":"open","template":"","meta":{"_genesis_hide_title":false,"_genesis_hide_breadcrumbs":false,"_genesis_hide_singular_image":false,"_genesis_hide_footer_widgets":false,"_genesis_custom_body_class":"","_genesis_custom_post_class":"","_genesis_layout":"","footnotes":""},"class_list":{"0":"post-13744","1":"page","2":"type-page","3":"status-publish","5":"entry"},"_links":{"self":[{"href":"https:\/\/moverdb.com\/ro\/wp-json\/wp\/v2\/pages\/13744","targetHints":{"allow":["GET"]}}],"collection":[{"href":"https:\/\/moverdb.com\/ro\/wp-json\/wp\/v2\/pages"}],"about":[{"href":"https:\/\/moverdb.com\/ro\/wp-json\/wp\/v2\/types\/page"}],"author":[{"embeddable":true,"href":"https:\/\/moverdb.com\/ro\/wp-json\/wp\/v2\/users\/1"}],"replies":[{"embeddable":true,"href":"https:\/\/moverdb.com\/ro\/wp-json\/wp\/v2\/comments?post=13744"}],"version-history":[{"count":1,"href":"https:\/\/moverdb.com\/ro\/wp-json\/wp\/v2\/pages\/13744\/revisions"}],"predecessor-version":[{"id":15809,"href":"https:\/\/moverdb.com\/ro\/wp-json\/wp\/v2\/pages\/13744\/revisions\/15809"}],"up":[{"embeddable":true,"href":"https:\/\/moverdb.com\/ro\/wp-json\/wp\/v2\/pages\/13427"}],"wp:attachment":[{"href":"https:\/\/moverdb.com\/ro\/wp-json\/wp\/v2\/media?parent=13744"}],"curies":[{"name":"wp","href":"https:\/\/api.w.org\/{rel}","templated":true}]}}