{"id":13701,"date":"2023-11-08T15:51:25","date_gmt":"2023-11-08T15:51:25","guid":{"rendered":"https:\/\/moverdb.com\/freight-forwarder\/freight-forwarding-uk\/belfast-freight-forwarder\/"},"modified":"2026-01-08T14:55:26","modified_gmt":"2026-01-08T14:55:26","slug":"belfast-freight-forwarder","status":"publish","type":"page","link":"https:\/\/moverdb.com\/ro\/freight-forwarder\/freight-forwarding-uk\/belfast-freight-forwarder\/","title":{"rendered":"11 Cele mai bune firme de transport de marf\u0103 din Belfast (2024)"},"content":{"rendered":"<p>Mai jos ne uit\u0103m la cele 11 <em>\"cel mai bun\"<\/em> Societ\u0103\u021bi de transport de m\u0103rfuri \u00een <a href=\"\" data-internallinksmanager029f6b8e52c=\"33\" title=\"Belfast\">Belfast<\/a> din 21.<\/p>\n<p>Pentru a afla mai multe despre modul \u00een care i-am ales pe cei mai buni, v\u0103 rug\u0103m s\u0103 consulta\u021bi sec\u021biunea \u00centreb\u0103ri frecvente de la final.<\/p>\n<p><em>V\u0103 rug\u0103m s\u0103 re\u021bine\u021bi c\u0103 urm\u0103toarele liste nu sunt prezentate \u00eentr-o anumit\u0103 ordine \u0219i c\u0103 nu facem recomand\u0103ri pentru nicio companie anume.<\/em><\/p>\n<div id=\"ez-toc-container\" class=\"ez-toc-v2_0_82_2 ez-toc-wrap-left counter-hierarchy ez-toc-counter ez-toc-transparent ez-toc-container-direction\">\n<div class=\"ez-toc-title-container\">\n<p class=\"ez-toc-title\" style=\"cursor:inherit\">Sec\u021biuni<\/p>\n<span class=\"ez-toc-title-toggle\"><a href=\"#\" class=\"ez-toc-pull-right ez-toc-btn ez-toc-btn-xs ez-toc-btn-default ez-toc-toggle\" aria-label=\"Comuta\u021bi tabelul de con\u021binut\"><span class=\"ez-toc-js-icon-con\"><span class=\"\"><span class=\"eztoc-hide\" style=\"display:none;\">Toggle<\/span><span class=\"ez-toc-icon-toggle-span\"><svg style=\"fill: #999;color:#999\" xmlns=\"http:\/\/www.w3.org\/2000\/svg\" class=\"list-377408\" width=\"20px\" height=\"20px\" viewbox=\"0 0 24 24\" fill=\"none\"><path d=\"M6 6H4v2h2V6zm14 0H8v2h12V6zM4 11h2v2H4v-2zm16 0H8v2h12v-2zM4 16h2v2H4v-2zm16 0H8v2h12v-2z\" fill=\"currentColor\"><\/path><\/svg><svg style=\"fill: #999;color:#999\" class=\"arrow-unsorted-368013\" xmlns=\"http:\/\/www.w3.org\/2000\/svg\" width=\"10px\" height=\"10px\" viewbox=\"0 0 24 24\" version=\"1.2\" baseprofile=\"tiny\"><path d=\"M18.2 9.3l-6.2-6.3-6.2 6.3c-.2.2-.3.4-.3.7s.1.5.3.7c.2.2.4.3.7.3h11c.3 0 .5-.1.7-.3.2-.2.3-.5.3-.7s-.1-.5-.3-.7zM5.8 14.7l6.2 6.3 6.2-6.3c.2-.2.3-.5.3-.7s-.1-.5-.3-.7c-.2-.2-.4-.3-.7-.3h-11c-.3 0-.5.1-.7.3-.2.2-.3.5-.3.7s.1.5.3.7z\"\/><\/svg><\/span><\/span><\/span><\/a><\/span><\/div>\n<nav><ul class='ez-toc-list ez-toc-list-level-1 eztoc-toggle-hide-by-default' ><li class='ez-toc-page-1 ez-toc-heading-level-2'><a class=\"ez-toc-link ez-toc-heading-1\" href=\"https:\/\/moverdb.com\/ro\/freight-forwarder\/freight-forwarding-uk\/belfast-freight-forwarder\/#TCB_Group_Ltd\" >TCB Group Ltd<\/a><\/li><li class='ez-toc-page-1 ez-toc-heading-level-2'><a class=\"ez-toc-link ez-toc-heading-2\" href=\"https:\/\/moverdb.com\/ro\/freight-forwarder\/freight-forwarding-uk\/belfast-freight-forwarder\/#Johnson_Stevens_NI\" >Johnson Stevens (NI)<\/a><\/li><li class='ez-toc-page-1 ez-toc-heading-level-2'><a class=\"ez-toc-link ez-toc-heading-3\" href=\"https:\/\/moverdb.com\/ro\/freight-forwarder\/freight-forwarding-uk\/belfast-freight-forwarder\/#Total_Cargo_Container_Depot\" >Total Cargo Container Depot<\/a><\/li><li class='ez-toc-page-1 ez-toc-heading-level-2'><a class=\"ez-toc-link ez-toc-heading-4\" href=\"https:\/\/moverdb.com\/ro\/freight-forwarder\/freight-forwarding-uk\/belfast-freight-forwarder\/#All_Cargo\" >Toate m\u0103rfurile<\/a><\/li><li class='ez-toc-page-1 ez-toc-heading-level-2'><a class=\"ez-toc-link ez-toc-heading-5\" href=\"https:\/\/moverdb.com\/ro\/freight-forwarder\/freight-forwarding-uk\/belfast-freight-forwarder\/#Cargo_Forwarding\" >Expediere de m\u0103rfuri<\/a><\/li><li class='ez-toc-page-1 ez-toc-heading-level-2'><a class=\"ez-toc-link ez-toc-heading-6\" href=\"https:\/\/moverdb.com\/ro\/freight-forwarder\/freight-forwarding-uk\/belfast-freight-forwarder\/#Kuehne_Nagel_Belfast\" >Kuehne + Nagel Belfast<\/a><\/li><li class='ez-toc-page-1 ez-toc-heading-level-2'><a class=\"ez-toc-link ez-toc-heading-7\" href=\"https:\/\/moverdb.com\/ro\/freight-forwarder\/freight-forwarding-uk\/belfast-freight-forwarder\/#Roadliner_International\" >Roadliner International<\/a><\/li><li class='ez-toc-page-1 ez-toc-heading-level-2'><a class=\"ez-toc-link ez-toc-heading-8\" href=\"https:\/\/moverdb.com\/ro\/freight-forwarder\/freight-forwarding-uk\/belfast-freight-forwarder\/#Swissport\" >Swissport<\/a><\/li><li class='ez-toc-page-1 ez-toc-heading-level-2'><a class=\"ez-toc-link ez-toc-heading-9\" href=\"https:\/\/moverdb.com\/ro\/freight-forwarder\/freight-forwarding-uk\/belfast-freight-forwarder\/#Swissport-2\" >Swissport<\/a><\/li><li class='ez-toc-page-1 ez-toc-heading-level-2'><a class=\"ez-toc-link ez-toc-heading-10\" href=\"https:\/\/moverdb.com\/ro\/freight-forwarder\/freight-forwarding-uk\/belfast-freight-forwarder\/#Jenkinson_Logistics\" >Jenkinson Logistics<\/a><\/li><li class='ez-toc-page-1 ez-toc-heading-level-2'><a class=\"ez-toc-link ez-toc-heading-11\" href=\"https:\/\/moverdb.com\/ro\/freight-forwarder\/freight-forwarding-uk\/belfast-freight-forwarder\/#Ceva_Freight_UK_Ltd\" >Ceva Freight UK Ltd<\/a><\/li><li class='ez-toc-page-1 ez-toc-heading-level-2'><a class=\"ez-toc-link ez-toc-heading-12\" href=\"https:\/\/moverdb.com\/ro\/freight-forwarder\/freight-forwarding-uk\/belfast-freight-forwarder\/#How_we_picked_the_best_Belfast_Freight_Forwarding_Companies\" >Cum am ales cele mai bune companii de transport de marf\u0103 din Belfast<\/a><\/li><\/ul><\/nav><\/div>\n<h2><span class=\"ez-toc-section\" id=\"TCB_Group_Ltd\"><\/span>TCB Group Ltd<span class=\"ez-toc-section-end\"><\/span><\/h2>\n<p><img decoding=\"async\" src=\"https:\/\/moverdb.com\/wp-content\/uploads\/AF1QipPlOhM3sy_5tWcywWrMM4cawJ8Fw9up3t68RIvpw408-h305-k-no.jpg\" alt='TCB Group Ltd' class=\"aligncenter\"><\/p>\n<p><strong>Descriere din partea \u00eentreprinderii: <\/strong>La TCB Group suntem specializa\u021bi \u00een lan\u021bul de aprovizionare \u0219i \u00een solu\u021bii de transport intermodal de marf\u0103.<\/p>\n<p> Prin intermediul unei echipe cu \u00eenalt\u0103 calificare \u0219i experien\u021b\u0103, la TCB Group colabor\u0103m pentru a rezolva probleme, a gestiona \u0219i a oferi rezultate pozitive pentru \u00eentreprinderi \u0219i organiza\u021bii din \u00eentreaga lume.<\/p>\n<p><strong>Servicii suplimentare:<\/strong><\/p>\n<p>Nu este listat<\/p>\n<p><strong>Adres\u0103:<\/strong> 14, Pilots View, Heron Rd, Belfast BT3 9LE<\/p>\n<p><a href=\"http:\/\/tcbgroup.com\/\" target=\"_new\" rel=\"noopener\">Site-ul TCB Group Ltd<\/a><\/p>\n<p><strong>Scor de revizuire: <\/strong>4.5<br \/> <strong>Num\u0103rul de recenzii:<\/strong> 2<br \/><a href=\"https:\/\/www.google.co.uk\/maps?cid=9803251466445250907&#038;hl=en&#038;gl=GB\" target=\"_new\" rel=\"noopener\">Citi\u021bi recenzii<\/a><\/p>\n<h2><span class=\"ez-toc-section\" id=\"Johnson_Stevens_NI\"><\/span>Johnson Stevens (NI)<span class=\"ez-toc-section-end\"><\/span><\/h2>\n<p><img decoding=\"async\" src=\"https:\/\/moverdb.com\/wp-content\/uploads\/thumbnailpanoid_stvvZ5pzE4wmIeKHDunrAcb_clientsearch.gws-prod.gpsw408h240yaw314.jpg\" alt='Johnson Stevens (NI)' class=\"aligncenter\"><\/p>\n<p><strong>Descriere din partea \u00eentreprinderii: <\/strong>Niciuna furnizat\u0103<\/p>\n<p><strong>Servicii suplimentare:<\/strong><\/p>\n<p>Serviciul de distribu\u021bie<\/p>\n<p>Companie de livrare<\/p>\n<p><strong>Adres\u0103:<\/strong> 7 W Bank Rd, Belfast BT3 9JL<\/p>\n<p><a href=\"http:\/\/www.johnsonstevens.co.uk\/\" target=\"_new\" rel=\"noopener\">Site web Johnson Stevens (NI)<\/a><\/p>\n<p><strong>Scor de revizuire: <\/strong>5<br \/> <strong>Num\u0103rul de recenzii:<\/strong> 1<br \/><a href=\"https:\/\/www.google.co.uk\/maps?cid=1218177584223176551&#038;hl=en&#038;gl=GB\" target=\"_new\" rel=\"noopener\">Citi\u021bi recenzii<\/a><\/p>\n<h2><span class=\"ez-toc-section\" id=\"Total_Cargo_Container_Depot\"><\/span>Total Cargo Container Depot<span class=\"ez-toc-section-end\"><\/span><\/h2>\n<p><img decoding=\"async\" src=\"https:\/\/moverdb.com\/wp-content\/uploads\/AF1QipMmAH06JGHUXT-dCmBqNWon8EzGeAeHZSMkLlvnw426-h240-k-no.jpg\" alt='Total Cargo Container Depot' class=\"aligncenter\"><\/p>\n<p><strong>Descriere din partea \u00eentreprinderii: <\/strong>Niciuna furnizat\u0103<\/p>\n<p><strong>Servicii suplimentare:<\/strong><\/p>\n<p>Nu este listat<\/p>\n<p><strong>Adres\u0103:<\/strong> 4 W Bank Rd, Belfast BT3 9BY<\/p>\n<p><a href=\"https:\/\/www.totalcargoservices.co.uk\/\" target=\"_new\" rel=\"noopener\">Site-ul Total Cargo Container Depot<\/a><\/p>\n<p><strong>Scor de revizuire: <\/strong>4.6<br \/> <strong>Num\u0103rul de recenzii:<\/strong> 10<br \/><a href=\"https:\/\/www.google.co.uk\/maps?cid=13553752146314056580&#038;hl=en&#038;gl=GB\" target=\"_new\" rel=\"noopener\">Citi\u021bi recenzii<\/a><\/p>\n<h2><span class=\"ez-toc-section\" id=\"All_Cargo\"><\/span>Toate m\u0103rfurile<span class=\"ez-toc-section-end\"><\/span><\/h2>\n<p><img decoding=\"async\" src=\"https:\/\/moverdb.com\/wp-content\/uploads\/thumbnailpanoidRLEuC01kkl9OoPMBpmtvOwcb_clientsearch.gws-prod.gpsw408h240yaw173.jpg\" alt='Toate m\u0103rfurile' class=\"aligncenter\"><\/p>\n<p><strong>Descriere din partea \u00eentreprinderii: <\/strong>Niciuna furnizat\u0103<\/p>\n<p><strong>Servicii suplimentare:<\/strong><\/p>\n<p>Nu este listat<\/p>\n<p><strong>Adres\u0103:<\/strong> Ilford Rd, Crossnacreevy, Belfast BT6 9SN<\/p>\n<p><a href=\"http:\/\/www.allcargouk.com\/\" target=\"_new\" rel=\"noopener\">Site-ul All Cargo<\/a><\/p>\n<p><strong>Scor de revizuire: <\/strong>5<br \/> <strong>Num\u0103rul de recenzii:<\/strong> 1<br \/><a href=\"https:\/\/www.google.co.uk\/maps?cid=14403747898268807637&#038;hl=en&#038;gl=GB\" target=\"_new\" rel=\"noopener\">Citi\u021bi recenzii<\/a><\/p>\n<h2><span class=\"ez-toc-section\" id=\"Cargo_Forwarding\"><\/span>Expediere de m\u0103rfuri<span class=\"ez-toc-section-end\"><\/span><\/h2>\n<p><img decoding=\"async\" src=\"https:\/\/moverdb.com\/wp-content\/uploads\/AF1QipOwRUchJgpjPDabYKoA1PNtsAYpiAbKdCeW1ip9w532-h240-k-no.jpg\" alt='Expediere de m\u0103rfuri' class=\"aligncenter\"><\/p>\n<p><strong>Descriere din partea \u00eentreprinderii: <\/strong>Niciuna furnizat\u0103<\/p>\n<p><strong>Servicii suplimentare:<\/strong><\/p>\n<p>Companie de livrare<\/p>\n<p><strong>Adres\u0103:<\/strong> 4 Edgewater Rd, Belfast BT3 9JQ<\/p>\n<p><a href=\"https:\/\/www.tr-logistics.com\/cargo-forwarding\/\" target=\"_new\" rel=\"noopener\">Site web Cargo Forwarding<\/a><\/p>\n<p><strong>Scor de revizuire: <\/strong>4.3<br \/> <strong>Num\u0103rul de recenzii:<\/strong> 18<br \/><a href=\"https:\/\/www.google.co.uk\/maps?cid=3348088672348428293&#038;hl=en&#038;gl=GB\" target=\"_new\" rel=\"noopener\">Citi\u021bi recenzii<\/a><\/p>\n<h2><span class=\"ez-toc-section\" id=\"Kuehne_Nagel_Belfast\"><\/span>Kuehne + Nagel Belfast<span class=\"ez-toc-section-end\"><\/span><\/h2>\n<p><img decoding=\"async\" src=\"https:\/\/moverdb.com\/wp-content\/uploads\/thumbnailpanoidLbFNWhZ9VRHO4pooZwMVtwcb_clientsearch.gws-prod.gpsw408h240yaw174.jpg\" alt='Kuehne + Nagel Belfast' class=\"aligncenter\"><\/p>\n<p><strong>Descriere din partea \u00eentreprinderii: <\/strong>Kuehne + Nagel Belfast, <a href=\"https:\/\/moverdb.com\/ro\/moving-to-the-uk\/\" data-internallinksmanager029f6b8e52c=\"93\" title=\"V\u0103 muta\u021bi \u00een Regatul Unit? 2026 Costurile vie\u021bii \u0219i sfaturi de relocare\">MAREA BRITANIE<\/a><\/p>\n<p><strong>Servicii suplimentare:<\/strong><\/p>\n<p>Nu este listat<\/p>\n<p><strong>Adres\u0103:<\/strong> 35 Dargan Rd, Belfast BT3 9LZ<\/p>\n<p><a href=\"https:\/\/uk.kuehne-nagel.com\/?utm_source=GMB&#038;utm_medium=GMB-UK&#038;utm_campaign=GMB-UK\" target=\"_new\" rel=\"noopener\">Site-ul Kuehne + Nagel Belfast<\/a><\/p>\n<p><strong>Scor de revizuire: <\/strong>5<br \/> <strong>Num\u0103rul de recenzii:<\/strong> 2<br \/><a href=\"https:\/\/www.google.co.uk\/maps?cid=11012247135486676731&#038;hl=en&#038;gl=GB\" target=\"_new\" rel=\"noopener\">Citi\u021bi recenzii<\/a><\/p>\n<h2><span class=\"ez-toc-section\" id=\"Roadliner_International\"><\/span>Roadliner International<span class=\"ez-toc-section-end\"><\/span><\/h2>\n<p><img decoding=\"async\" src=\"https:\/\/moverdb.com\/wp-content\/uploads\/AF1QipMpjRjW3Skzi_qA-zxKR8M6Nh2TLg3TPsWqZtidw408-h306-k-no.jpg\" alt='Roadliner International' class=\"aligncenter\"><\/p>\n<p><strong>Descriere din partea \u00eentreprinderii: <\/strong>Grupaj \u0219i \u00eenc\u0103rcare complet\u0103<br \/>\nSpeciali\u0219ti europeni \u00een transportul rutier \u0219i maritim<\/p>\n<p><strong>Servicii suplimentare:<\/strong><\/p>\n<p>Nu este listat<\/p>\n<p><strong>Adres\u0103:<\/strong> Unitatea 7, Graham Industrial Park, Dargan Cres, Belfast BT3 9LP<\/p>\n<p><a href=\"http:\/\/www.roadliner.com\/\" target=\"_new\" rel=\"noopener\">Site-ul Roadliner International<\/a><\/p>\n<p><strong>Scor de revizuire: <\/strong>4<br \/> <strong>Num\u0103rul de recenzii:<\/strong> 7<br \/><a href=\"https:\/\/www.google.co.uk\/maps?cid=11476083937151180241&#038;hl=en&#038;gl=GB\" target=\"_new\" rel=\"noopener\">Citi\u021bi recenzii<\/a><\/p>\n<h2><span class=\"ez-toc-section\" id=\"Swissport\"><\/span>Swissport<span class=\"ez-toc-section-end\"><\/span><\/h2>\n<p><img decoding=\"async\" src=\"\" alt=\"Swissport\" class=\"aligncenter\"><\/p>\n<p><strong>Descriere din partea \u00eentreprinderii: <\/strong>Niciuna furnizat\u0103<\/p>\n<p><strong>Servicii suplimentare:<\/strong><\/p>\n<p>Nu este listat<\/p>\n<p><strong>Adres\u0103:<\/strong> Airport Rd, Belfast BT29 4AB<\/p>\n<p><a href=\"http:\/\/www.swissport.com\/\" target=\"_new\" rel=\"noopener\">Site-ul Swissport<\/a><\/p>\n<p><strong>Scor de revizuire: <\/strong>2.6<br \/> <strong>Num\u0103rul de recenzii:<\/strong> 19<br \/><a href=\"https:\/\/www.google.co.uk\/maps?cid=14179955090858579378&#038;hl=en&#038;gl=GB\" target=\"_new\" rel=\"noopener\">Citi\u021bi recenzii<\/a><\/p>\n<h2><span class=\"ez-toc-section\" id=\"Swissport-2\"><\/span>Swissport<span class=\"ez-toc-section-end\"><\/span><\/h2>\n<p><img decoding=\"async\" src=\"\" alt=\"Swissport\" class=\"aligncenter\"><\/p>\n<p><strong>Descriere din partea \u00eentreprinderii: <\/strong>Niciuna furnizat\u0103<\/p>\n<p><strong>Servicii suplimentare:<\/strong><\/p>\n<p>Nu este listat<\/p>\n<p><strong>Adres\u0103:<\/strong> Aeroportul Belfast City, Sydenham By-Pass, Belfast BT3 9JH<\/p>\n<p><a href=\"https:\/\/www.swissport.com\/en\/network\/europe\/united-kingdom\/bhd\" target=\"_new\" rel=\"noopener\">Site-ul Swissport<\/a><\/p>\n<p><strong>Scor de revizuire: <\/strong>2.6<br \/> <strong>Num\u0103rul de recenzii:<\/strong> 5<br \/><a href=\"https:\/\/www.google.co.uk\/maps?cid=1934761779884560628&#038;hl=en&#038;gl=GB\" target=\"_new\" rel=\"noopener\">Citi\u021bi recenzii<\/a><\/p>\n<h2><span class=\"ez-toc-section\" id=\"Jenkinson_Logistics\"><\/span>Jenkinson Logistics<span class=\"ez-toc-section-end\"><\/span><\/h2>\n<p><img decoding=\"async\" src=\"https:\/\/moverdb.com\/wp-content\/uploads\/thumbnailpanoidpq7W0GF4c7ckp4xIgZnHDgcb_clientsearch.gws-prod.gpsw408h240yaw7.jpg\" alt='Jenkinson Logistics' class=\"aligncenter\"><\/p>\n<p><strong>Descriere din partea \u00eentreprinderii: <\/strong>Niciuna furnizat\u0103<\/p>\n<p><strong>Servicii suplimentare:<\/strong><\/p>\n<p>Serviciul de expediere<\/p>\n<p><strong>Adres\u0103:<\/strong> 5 Edgewater Rd, Belfast BT3 9JQ<\/p>\n<p><a href=\"http:\/\/www.jenkinson.ie\/\" target=\"_new\" rel=\"noopener\">Site web Jenkinson Logistics<\/a><\/p>\n<p><strong>Scor de revizuire: <\/strong>4.7<br \/> <strong>Num\u0103rul de recenzii:<\/strong> 3<br \/><a href=\"https:\/\/www.google.co.uk\/maps?cid=12084942811266835220&#038;hl=en&#038;gl=GB\" target=\"_new\" rel=\"noopener\">Citi\u021bi recenzii<\/a><\/p>\n<h2><span class=\"ez-toc-section\" id=\"Ceva_Freight_UK_Ltd\"><\/span>Ceva Freight UK Ltd<span class=\"ez-toc-section-end\"><\/span><\/h2>\n<p><img decoding=\"async\" src=\"https:\/\/moverdb.com\/wp-content\/uploads\/AF1QipOBSOs0Jww_x_1PW-BMbEhacNbQHQHKcet2c-qbw408-h306-k-no.jpg\" alt='Ceva Freight UK Ltd' class=\"aligncenter\"><\/p>\n<p><strong>Descriere din partea \u00eentreprinderii: <\/strong>CEVA Logistics furnizeaz\u0103 \u0219i opereaz\u0103 solu\u021bii de transport \u0219i de lan\u021b de aprovizionare.<\/p>\n<p> Ofer\u0103 o gam\u0103 larg\u0103 de servicii at\u00e2t \u00een domeniul logisticii contractuale, c\u00e2t \u0219i \u00een cel al managementului de marf\u0103, datorit\u0103 celor 78.000 de angaja\u021bi, care opereaz\u0103 peste 1.000 de unit\u0103\u021bi \u00een peste 160 de \u021b\u0103ri.<\/p>\n<p> Printre clien\u021bi se num\u0103r\u0103 companii din industria aerospa\u021bial\u0103, auto, bunuri de larg consum, farmaceutic\u0103, comer\u021b electronic, s\u0103n\u0103tate, transport de m\u0103rfuri, tehnologie \u0219i industrie.<\/p>\n<p> CEVA Logistics face parte din Grupul CMA CGM,<\/p>\n<p><strong>Servicii suplimentare:<\/strong><\/p>\n<p>Nu este listat<\/p>\n<p><strong>Adres\u0103:<\/strong> 1 W Bank Rd, Belfast BT3 9JL<\/p>\n<p><a href=\"http:\/\/www.cevalogistics.com\/\" target=\"_new\" rel=\"noopener\">Site-ul Ceva Freight UK Ltd<\/a><\/p>\n<p><strong>Scor de revizuire: <\/strong>5<br \/> <strong>Num\u0103rul de recenzii:<\/strong> 1<br \/><a href=\"https:\/\/www.google.co.uk\/maps?cid=4191008941252728169&#038;hl=en&#038;gl=GB\" target=\"_new\" rel=\"noopener\">Citi\u021bi recenzii<\/a><\/p>\n<h2><span class=\"ez-toc-section\" id=\"How_we_picked_the_best_Belfast_Freight_Forwarding_Companies\"><\/span>Cum am ales cele mai bune companii de transport de marf\u0103 din Belfast<span class=\"ez-toc-section-end\"><\/span><\/h2>\n<p>Am pornit de la un set de date de 21 de companii de transport de marf\u0103 din Belfast pe care le-am g\u0103sit prin Google Maps \u0219i le-am redus la cele mai bune 11.<\/p>\n<p>Pentru a face acest lucru, am eliminat orice companie care:<\/p>\n<ul>\n<li> Nu avea un site web<\/li>\n<li> Nu a avut comentarii<\/li>\n<li> A avut un scor mediu de recenzii sub 2.0<\/li>\n<\/ul>\n<p>\u00cen acest moment, dac\u0103 aveam 17 sau mai pu\u021bini expeditori, \u00eei enumeram pe to\u021bi.<\/p>\n<p>Pentru ora\u0219ele \u00een care am r\u0103mas cu mai mult de 17 expeditori, am f\u0103cut revizuiri suplimentare, fie prin cre\u0219terea scorului de recenzii necesar (de exemplu, de la un minim de 2,0 la 4,0) \u0219i\/sau prin cre\u0219terea num\u0103rului minim de recenzii necesare (de exemplu, de la cel pu\u021bin 1 recenzie la cel pu\u021bin 10).<\/p>\n<p>Re\u021bine\u021bi c\u0103 am utilizat doar datele de revizuire de la Google Maps \u0219i nu \u0219i de la alte site-uri web ter\u021be.<\/p>\n<p>Mai multe ora\u0219e:<\/p>\n<p><a href=\"https:\/\/moverdb.com\/ro\/expeditor-de-marfuri\/freight-forwarding-uk\/hayes-freight-forwarder\/\">Hayes Freight Forwarder<\/a><br \/><a href=\"https:\/\/moverdb.com\/ro\/expeditor-de-marfuri\/freight-forwarding-uk\/bradford-freight-forwarder\/\">Bradford Freight Forwarder<\/a><br \/><a href=\"https:\/\/moverdb.com\/ro\/expeditor-de-marfuri\/freight-forwarding-uk\/derby-freight-forwarder\/\">Derby Freight Forwarder<\/a><br \/><a href=\"https:\/\/moverdb.com\/ro\/expeditor-de-marfuri\/freight-forwarding-uk\/southall-freight-forwarder\/\">Southall Freight Forwarder<\/a><br \/><a href=\"https:\/\/moverdb.com\/ro\/expeditor-de-marfuri\/freight-forwarding-uk\/coventry-freight-forwarder\/\">Coventry Freight Forwarder<\/a><\/p>","protected":false},"excerpt":{"rendered":"<p>Below we look at the 11 &#8220;best&#8221; Freight Forwarding companies in Belfast out of 21. To learn more about how we chose the best please consult our FAQ section at the end. Please not the following listings are in no particular order and we are not making any recommendations for any particular company. TCB Group [&hellip;]<\/p>\n","protected":false},"author":1,"featured_media":0,"parent":13427,"menu_order":0,"comment_status":"open","ping_status":"open","template":"","meta":{"_genesis_hide_title":false,"_genesis_hide_breadcrumbs":false,"_genesis_hide_singular_image":false,"_genesis_hide_footer_widgets":false,"_genesis_custom_body_class":"","_genesis_custom_post_class":"","_genesis_layout":"","footnotes":""},"class_list":{"0":"post-13701","1":"page","2":"type-page","3":"status-publish","5":"entry"},"_links":{"self":[{"href":"https:\/\/moverdb.com\/ro\/wp-json\/wp\/v2\/pages\/13701","targetHints":{"allow":["GET"]}}],"collection":[{"href":"https:\/\/moverdb.com\/ro\/wp-json\/wp\/v2\/pages"}],"about":[{"href":"https:\/\/moverdb.com\/ro\/wp-json\/wp\/v2\/types\/page"}],"author":[{"embeddable":true,"href":"https:\/\/moverdb.com\/ro\/wp-json\/wp\/v2\/users\/1"}],"replies":[{"embeddable":true,"href":"https:\/\/moverdb.com\/ro\/wp-json\/wp\/v2\/comments?post=13701"}],"version-history":[{"count":1,"href":"https:\/\/moverdb.com\/ro\/wp-json\/wp\/v2\/pages\/13701\/revisions"}],"predecessor-version":[{"id":15680,"href":"https:\/\/moverdb.com\/ro\/wp-json\/wp\/v2\/pages\/13701\/revisions\/15680"}],"up":[{"embeddable":true,"href":"https:\/\/moverdb.com\/ro\/wp-json\/wp\/v2\/pages\/13427"}],"wp:attachment":[{"href":"https:\/\/moverdb.com\/ro\/wp-json\/wp\/v2\/media?parent=13701"}],"curies":[{"name":"wp","href":"https:\/\/api.w.org\/{rel}","templated":true}]}}